{"id":31361,"date":"2012-04-04T12:21:01","date_gmt":"2012-04-04T11:21:01","guid":{"rendered":"https:\/\/delvy.es\/condiciones-uso\/"},"modified":"2024-11-19T19:24:40","modified_gmt":"2024-11-19T18:24:40","slug":"condizioni-di-utilizzo","status":"publish","type":"page","link":"https:\/\/delvy.es\/it\/condizioni-di-utilizzo\/","title":{"rendered":"Condizioni di utilizzo"},"content":{"rendered":"\t\t<div data-elementor-type=\"wp-page\" data-elementor-id=\"31361\" class=\"elementor elementor-31361 elementor-444\" data-elementor-settings=\"{&quot;element_pack_global_tooltip_width&quot;:{&quot;unit&quot;:&quot;px&quot;,&quot;size&quot;:&quot;&quot;,&quot;sizes&quot;:[]},&quot;element_pack_global_tooltip_width_tablet&quot;:{&quot;unit&quot;:&quot;px&quot;,&quot;size&quot;:&quot;&quot;,&quot;sizes&quot;:[]},&quot;element_pack_global_tooltip_width_mobile&quot;:{&quot;unit&quot;:&quot;px&quot;,&quot;size&quot;:&quot;&quot;,&quot;sizes&quot;:[]},&quot;element_pack_global_tooltip_padding&quot;:{&quot;unit&quot;:&quot;px&quot;,&quot;top&quot;:&quot;&quot;,&quot;right&quot;:&quot;&quot;,&quot;bottom&quot;:&quot;&quot;,&quot;left&quot;:&quot;&quot;,&quot;isLinked&quot;:true},&quot;element_pack_global_tooltip_padding_tablet&quot;:{&quot;unit&quot;:&quot;px&quot;,&quot;top&quot;:&quot;&quot;,&quot;right&quot;:&quot;&quot;,&quot;bottom&quot;:&quot;&quot;,&quot;left&quot;:&quot;&quot;,&quot;isLinked&quot;:true},&quot;element_pack_global_tooltip_padding_mobile&quot;:{&quot;unit&quot;:&quot;px&quot;,&quot;top&quot;:&quot;&quot;,&quot;right&quot;:&quot;&quot;,&quot;bottom&quot;:&quot;&quot;,&quot;left&quot;:&quot;&quot;,&quot;isLinked&quot;:true},&quot;element_pack_global_tooltip_border_radius&quot;:{&quot;unit&quot;:&quot;px&quot;,&quot;top&quot;:&quot;&quot;,&quot;right&quot;:&quot;&quot;,&quot;bottom&quot;:&quot;&quot;,&quot;left&quot;:&quot;&quot;,&quot;isLinked&quot;:true},&quot;element_pack_global_tooltip_border_radius_tablet&quot;:{&quot;unit&quot;:&quot;px&quot;,&quot;top&quot;:&quot;&quot;,&quot;right&quot;:&quot;&quot;,&quot;bottom&quot;:&quot;&quot;,&quot;left&quot;:&quot;&quot;,&quot;isLinked&quot;:true},&quot;element_pack_global_tooltip_border_radius_mobile&quot;:{&quot;unit&quot;:&quot;px&quot;,&quot;top&quot;:&quot;&quot;,&quot;right&quot;:&quot;&quot;,&quot;bottom&quot;:&quot;&quot;,&quot;left&quot;:&quot;&quot;,&quot;isLinked&quot;:true}}\" data-elementor-post-type=\"page\">\n\t\t\t\t\t\t<section class=\"elementor-section elementor-top-section elementor-element elementor-element-2afe63d elementor-section-boxed elementor-section-height-default elementor-section-height-default\" data-id=\"2afe63d\" data-element_type=\"section\" data-e-type=\"section\">\n\t\t\t\t\t\t<div class=\"elementor-container elementor-column-gap-default\">\n\t\t\t\t\t<div class=\"elementor-column elementor-col-100 elementor-top-column elementor-element elementor-element-6bdeaaf1\" data-id=\"6bdeaaf1\" data-element_type=\"column\" data-e-type=\"column\">\n\t\t\t<div class=\"elementor-widget-wrap elementor-element-populated\">\n\t\t\t\t\t\t<div class=\"elementor-element elementor-element-1cbd91d6 elementor-widget elementor-widget-text-editor\" data-id=\"1cbd91d6\" data-element_type=\"widget\" data-e-type=\"widget\" data-widget_type=\"text-editor.default\">\n\t\t\t\t<div class=\"elementor-widget-container\">\n\t\t\t\t\t\t\t\t\t<p><strong>CONDIZIONI DI UTILIZZO DEL SITO WEB<\/strong><\/p><p>Le presenti condizioni generali di utilizzo e informazioni legali (di seguito Condizioni d&#8217;uso) regolano l&#8217;uso e l&#8217;accesso al sito web www.delvy.es (di seguito Sito web) di propriet\u00e0 di DELVY GLOBAL, S.L. (di seguito Delvy), nonch\u00e9 i contenuti e i servizi che il Sito web mette a disposizione dei suoi Utenti.<\/p><p>L&#8217;accesso e l&#8217;utilizzo di questo sito web implica la conoscenza e l&#8217;accettazione delle presenti Condizioni d&#8217;uso:<\/p><p>Informazioni generali<\/p><p>Ai sensi dell&#8217;articolo 10 della Legge 34\/2002, dell&#8217;11 luglio, sui servizi della societ\u00e0 dell&#8217;informazione e del commercio elettronico, si riportano di seguito i dati identificativi del titolare del presente sito web:<\/p><p>Delvy Global, S.L., con Numero di Identificazione Fiscale: B-65873473, iscritta al Registro delle Imprese di Barcellona: Volume 43362, Folio 31, Pagina 429044, 1\u00aa Iscrizione. Indirizzo: Paseo de Gracia, 50, 5\u00aa Planta, 08007, Barcellona. Telefono: + 34 935185385 e email info@delvy.es<\/p><p style=\"text-align: justify;\"><a href=\"mailto:info@delvy.es\">info@delvy.es<\/a><\/p><p><strong>Responsabilit\u00e0 dell&#8217;Utente<\/strong><\/p><p>L&#8217;Utente \u00e8 pienamente responsabile dell&#8217;accesso e del corretto utilizzo del Sito Web in conformit\u00e0 alla legislazione vigente, sia nazionale che internazionale, nonch\u00e9 ai principi di buona fede, moralit\u00e0, buon costume e ordine pubblico. In particolare, si impegna a rispettare diligentemente le presenti condizioni d&#8217;uso.<\/p><p>L&#8217;utente dovr\u00e0 astenersi dall&#8217;utilizzare i servizi e i contenuti del Sito per scopi illeciti o per effetti lesivi dei diritti e degli interessi di terzi, o che possano in qualsiasi modo danneggiare, rendere inutilizzabili, pregiudicare o deteriorare il Sito, i suoi contenuti e i suoi servizi. Allo stesso modo, \u00e8 vietato impedire il normale utilizzo o godimento del Sito da parte di altri Utenti.<\/p><p>Coloro che non rispettano questi obblighi saranno responsabili di qualsiasi danno che possano causare. Delvy non sar\u00e0 responsabile di alcuna conseguenza, danno o pregiudizio che possa derivare da tale accesso o utilizzo illecito da parte di terzi.<\/p><p><strong>Responsabilit\u00e0 di Delvy<\/strong><\/p><p>L&#8217;Utente \u00e8 responsabile di disporre dei servizi e delle attrezzature necessarie per navigare in Internet e accedere al Web. In caso di incidenti o difficolt\u00e0 di accesso a www.delvy.es, l&#8217;Utente pu\u00f2 informare Delvy via e-mail all&#8217;indirizzo info@delvy.es, che analizzer\u00e0 l&#8217;incidente e fornir\u00e0 all&#8217;Utente istruzioni su come risolverlo nel pi\u00f9 breve tempo possibile.<\/p><p>Delvy non sar\u00e0 responsabile in caso di interruzioni del servizio, errori di connessione, mancanza di disponibilit\u00e0 o carenze nel servizio di accesso a Internet, n\u00e9 per interruzioni nella rete Internet o per qualsiasi altra ragione al di fuori del controllo di Delvy.<\/p><p><strong>Collegamenti<\/strong><\/p><p>Delvy non si assume alcuna responsabilit\u00e0 per il contenuto dei link che consentono all&#8217;Utente, attraverso il Sito web, di accedere a funzionalit\u00e0 e servizi offerti da terzi, a condizione che non siano correlati allo stesso. Pertanto, Delvy non si assume alcuna responsabilit\u00e0 n\u00e9 per le informazioni in essi contenute n\u00e9 per gli effetti che possono derivare da tali informazioni. Se un Utente o un terzo dovessero ritenere che tali link possano essere contrari alla legge, al buon costume o all&#8217;ordine pubblico, dovranno informarci inviando un&#8217;e-mail a info@delvy.es.<\/p><p><strong>Aggiornamento e modifica del Sito<\/strong><\/p><p>Delvy si riserva il diritto di modificare i termini delle presenti Condizioni d&#8217;uso in qualsiasi momento e senza preavviso.<\/p><p>Delvy si riserva inoltre il diritto, in qualsiasi momento e senza preavviso, di aggiornare, modificare o eliminare le informazioni contenute nel sito web, la sua configurazione e presentazione e le condizioni di accesso, senza assumersi alcuna responsabilit\u00e0 in merito.<\/p><p><strong>Propriet\u00e0 intellettuale<\/strong><\/p><p>Delvy \u00e8 proprietaria o licenziataria di tutti i diritti di propriet\u00e0 intellettuale e industriale inclusi nel sito web, nonch\u00e9 dei contenuti accessibili attraverso di esso.<\/p><p>I diritti di propriet\u00e0 intellettuale del sito web, cos\u00ec come: i testi, le immagini, il design grafico, la struttura di navigazione, le informazioni e i contenuti in esso contenuti sono di propriet\u00e0 di Delvy, che ha il diritto esclusivo di sfruttarli in qualsiasi modo e, in particolare, i diritti di riproduzione, distribuzione, comunicazione pubblica e trasformazione, in conformit\u00e0 con la legislazione spagnola sui diritti di propriet\u00e0 intellettuale e industriale.<\/p><p>L&#8217;autorizzazione dell&#8217;Utente ad accedere al Sito web non implica alcuna rinuncia, trasferimento, licenza o cessione totale o parziale dei diritti di propriet\u00e0 intellettuale o industriale da parte di Delvy.<\/p><p><strong>Legislazione applicabile<\/strong><\/p><p>I presenti termini e condizioni d&#8217;uso sono disciplinati dalla legge spagnola, che sar\u00e0 applicabile in tutte le questioni non previste dai presenti termini e condizioni per quanto riguarda l&#8217;interpretazione, la validit\u00e0 e l&#8217;esecuzione.<\/p><p>In caso di controversie relative alle presenti condizioni d&#8217;uso, le parti si sottomettono, rinunciando espressamente a qualsiasi altra giurisdizione, alle Corti e ai Tribunali di Barcellona.<\/p>\t\t\t\t\t\t\t\t<\/div>\n\t\t\t\t<\/div>\n\t\t\t\t\t<\/div>\n\t\t<\/div>\n\t\t\t\t\t<\/div>\n\t\t<\/section>\n\t\t\t\t<\/div>\n\t\t","protected":false},"excerpt":{"rendered":"<p>CONDIZIONI DI UTILIZZO DEL SITO WEB Le presenti condizioni generali di utilizzo e informazioni legali (di seguito Condizioni d&#8217;uso) regolano l&#8217;uso e l&#8217;accesso al sito web www.delvy.es (di seguito Sito web) di propriet\u00e0 di DELVY GLOBAL, S.L. (di seguito Delvy), nonch\u00e9 i contenuti e i servizi che il Sito web mette a disposizione dei suoi [&hellip;]<\/p>\n","protected":false},"author":10553,"featured_media":0,"parent":0,"menu_order":97,"comment_status":"closed","ping_status":"closed","template":"elementor_header_footer","meta":{"_acf_changed":false,"rop_custom_images_group":[],"rop_custom_messages_group":[],"rop_publish_now":"initial","rop_publish_now_accounts":[],"rop_publish_now_history":[],"rop_publish_now_status":"pending","footnotes":""},"class_list":["post-31361","page","type-page","status-publish","hentry"],"acf":[],"yoast_head":"<!-- This site is optimized with the Yoast SEO Premium plugin v25.3.1 (Yoast SEO v27.3) - https:\/\/yoast.com\/product\/yoast-seo-premium-wordpress\/ -->\n<title>Condizioni di utilizzo - Delvy<\/title>\n<meta name=\"robots\" content=\"index, follow, max-snippet:-1, max-image-preview:large, max-video-preview:-1\" \/>\n<link rel=\"canonical\" href=\"https:\/\/delvy.es\/condiciones-uso\/\" \/>\n<meta property=\"og:locale\" content=\"it_IT\" \/>\n<meta property=\"og:type\" content=\"article\" \/>\n<meta property=\"og:title\" content=\"Condizioni di utilizzo\" \/>\n<meta property=\"og:description\" content=\"CONDIZIONI DI UTILIZZO DEL SITO WEB Le presenti condizioni generali di utilizzo e informazioni legali (di seguito Condizioni d&#8217;uso) regolano l&#8217;uso e l&#8217;accesso al sito web www.delvy.es (di seguito Sito web) di propriet\u00e0 di DELVY GLOBAL, S.L. (di seguito Delvy), nonch\u00e9 i contenuti e i servizi che il Sito web mette a disposizione dei suoi [&hellip;]\" \/>\n<meta property=\"og:url\" content=\"https:\/\/delvy.es\/condiciones-uso\/\" \/>\n<meta property=\"og:site_name\" content=\"Delvy\" \/>\n<meta property=\"article:publisher\" content=\"https:\/\/www.facebook.com\/delvyasesores\/\" \/>\n<meta property=\"article:modified_time\" content=\"2024-11-19T18:24:40+00:00\" \/>\n<meta name=\"twitter:card\" content=\"summary_large_image\" \/>\n<meta name=\"twitter:site\" content=\"@Delvy_Asesores\" \/>\n<meta name=\"twitter:label1\" content=\"Tempo di lettura stimato\" \/>\n\t<meta name=\"twitter:data1\" content=\"4 minuti\" \/>\n<script type=\"application\/ld+json\" class=\"yoast-schema-graph\">{\"@context\":\"https:\\\/\\\/schema.org\",\"@graph\":[{\"@type\":\"WebPage\",\"@id\":\"https:\\\/\\\/delvy.es\\\/condiciones-uso\\\/\",\"url\":\"https:\\\/\\\/delvy.es\\\/condiciones-uso\\\/\",\"name\":\"Condizioni di utilizzo - Delvy\",\"isPartOf\":{\"@id\":\"https:\\\/\\\/delvy.es\\\/#website\"},\"datePublished\":\"2012-04-04T11:21:01+00:00\",\"dateModified\":\"2024-11-19T18:24:40+00:00\",\"breadcrumb\":{\"@id\":\"https:\\\/\\\/delvy.es\\\/condiciones-uso\\\/#breadcrumb\"},\"inLanguage\":\"it-IT\",\"potentialAction\":[{\"@type\":\"ReadAction\",\"target\":[\"https:\\\/\\\/delvy.es\\\/condiciones-uso\\\/\"]}]},{\"@type\":\"BreadcrumbList\",\"@id\":\"https:\\\/\\\/delvy.es\\\/condiciones-uso\\\/#breadcrumb\",\"itemListElement\":[{\"@type\":\"ListItem\",\"position\":1,\"name\":\"Portada\",\"item\":\"https:\\\/\\\/delvy.es\\\/it\\\/\"},{\"@type\":\"ListItem\",\"position\":2,\"name\":\"Condizioni di utilizzo\"}]},{\"@type\":\"WebSite\",\"@id\":\"https:\\\/\\\/delvy.es\\\/#website\",\"url\":\"https:\\\/\\\/delvy.es\\\/\",\"name\":\"Delvy\",\"description\":\"Asesores Legales Delvy\",\"publisher\":{\"@id\":\"https:\\\/\\\/delvy.es\\\/#organization\"},\"potentialAction\":[{\"@type\":\"SearchAction\",\"target\":{\"@type\":\"EntryPoint\",\"urlTemplate\":\"https:\\\/\\\/delvy.es\\\/?s={search_term_string}\"},\"query-input\":{\"@type\":\"PropertyValueSpecification\",\"valueRequired\":true,\"valueName\":\"search_term_string\"}}],\"inLanguage\":\"it-IT\"},{\"@type\":\"Organization\",\"@id\":\"https:\\\/\\\/delvy.es\\\/#organization\",\"name\":\"Delvy\",\"url\":\"https:\\\/\\\/delvy.es\\\/\",\"logo\":{\"@type\":\"ImageObject\",\"inLanguage\":\"it-IT\",\"@id\":\"https:\\\/\\\/delvy.es\\\/#\\\/schema\\\/logo\\\/image\\\/\",\"url\":\"https:\\\/\\\/delvy.es\\\/wp-content\\\/uploads\\\/2023\\\/11\\\/cropped-favicon-5.png\",\"contentUrl\":\"https:\\\/\\\/delvy.es\\\/wp-content\\\/uploads\\\/2023\\\/11\\\/cropped-favicon-5.png\",\"width\":512,\"height\":512,\"caption\":\"Delvy\"},\"image\":{\"@id\":\"https:\\\/\\\/delvy.es\\\/#\\\/schema\\\/logo\\\/image\\\/\"},\"sameAs\":[\"https:\\\/\\\/www.facebook.com\\\/delvyasesores\\\/\",\"https:\\\/\\\/x.com\\\/Delvy_Asesores\"]}]}<\/script>\n<!-- \/ Yoast SEO Premium plugin. -->","yoast_head_json":{"title":"Condizioni di utilizzo - Delvy","robots":{"index":"index","follow":"follow","max-snippet":"max-snippet:-1","max-image-preview":"max-image-preview:large","max-video-preview":"max-video-preview:-1"},"canonical":"https:\/\/delvy.es\/condiciones-uso\/","og_locale":"it_IT","og_type":"article","og_title":"Condizioni di utilizzo","og_description":"CONDIZIONI DI UTILIZZO DEL SITO WEB Le presenti condizioni generali di utilizzo e informazioni legali (di seguito Condizioni d&#8217;uso) regolano l&#8217;uso e l&#8217;accesso al sito web www.delvy.es (di seguito Sito web) di propriet\u00e0 di DELVY GLOBAL, S.L. (di seguito Delvy), nonch\u00e9 i contenuti e i servizi che il Sito web mette a disposizione dei suoi [&hellip;]","og_url":"https:\/\/delvy.es\/condiciones-uso\/","og_site_name":"Delvy","article_publisher":"https:\/\/www.facebook.com\/delvyasesores\/","article_modified_time":"2024-11-19T18:24:40+00:00","twitter_card":"summary_large_image","twitter_site":"@Delvy_Asesores","twitter_misc":{"Tempo di lettura stimato":"4 minuti"},"schema":{"@context":"https:\/\/schema.org","@graph":[{"@type":"WebPage","@id":"https:\/\/delvy.es\/condiciones-uso\/","url":"https:\/\/delvy.es\/condiciones-uso\/","name":"Condizioni di utilizzo - Delvy","isPartOf":{"@id":"https:\/\/delvy.es\/#website"},"datePublished":"2012-04-04T11:21:01+00:00","dateModified":"2024-11-19T18:24:40+00:00","breadcrumb":{"@id":"https:\/\/delvy.es\/condiciones-uso\/#breadcrumb"},"inLanguage":"it-IT","potentialAction":[{"@type":"ReadAction","target":["https:\/\/delvy.es\/condiciones-uso\/"]}]},{"@type":"BreadcrumbList","@id":"https:\/\/delvy.es\/condiciones-uso\/#breadcrumb","itemListElement":[{"@type":"ListItem","position":1,"name":"Portada","item":"https:\/\/delvy.es\/it\/"},{"@type":"ListItem","position":2,"name":"Condizioni di utilizzo"}]},{"@type":"WebSite","@id":"https:\/\/delvy.es\/#website","url":"https:\/\/delvy.es\/","name":"Delvy","description":"Asesores Legales Delvy","publisher":{"@id":"https:\/\/delvy.es\/#organization"},"potentialAction":[{"@type":"SearchAction","target":{"@type":"EntryPoint","urlTemplate":"https:\/\/delvy.es\/?s={search_term_string}"},"query-input":{"@type":"PropertyValueSpecification","valueRequired":true,"valueName":"search_term_string"}}],"inLanguage":"it-IT"},{"@type":"Organization","@id":"https:\/\/delvy.es\/#organization","name":"Delvy","url":"https:\/\/delvy.es\/","logo":{"@type":"ImageObject","inLanguage":"it-IT","@id":"https:\/\/delvy.es\/#\/schema\/logo\/image\/","url":"https:\/\/delvy.es\/wp-content\/uploads\/2023\/11\/cropped-favicon-5.png","contentUrl":"https:\/\/delvy.es\/wp-content\/uploads\/2023\/11\/cropped-favicon-5.png","width":512,"height":512,"caption":"Delvy"},"image":{"@id":"https:\/\/delvy.es\/#\/schema\/logo\/image\/"},"sameAs":["https:\/\/www.facebook.com\/delvyasesores\/","https:\/\/x.com\/Delvy_Asesores"]}]}},"_links":{"self":[{"href":"https:\/\/delvy.es\/it\/wp-json\/wp\/v2\/pages\/31361","targetHints":{"allow":["GET"]}}],"collection":[{"href":"https:\/\/delvy.es\/it\/wp-json\/wp\/v2\/pages"}],"about":[{"href":"https:\/\/delvy.es\/it\/wp-json\/wp\/v2\/types\/page"}],"author":[{"embeddable":true,"href":"https:\/\/delvy.es\/it\/wp-json\/wp\/v2\/users\/10553"}],"replies":[{"embeddable":true,"href":"https:\/\/delvy.es\/it\/wp-json\/wp\/v2\/comments?post=31361"}],"version-history":[{"count":0,"href":"https:\/\/delvy.es\/it\/wp-json\/wp\/v2\/pages\/31361\/revisions"}],"wp:attachment":[{"href":"https:\/\/delvy.es\/it\/wp-json\/wp\/v2\/media?parent=31361"}],"curies":[{"name":"wp","href":"https:\/\/api.w.org\/{rel}","templated":true}]}}