{"id":31276,"date":"2012-04-04T12:18:09","date_gmt":"2012-04-04T11:18:09","guid":{"rendered":"https:\/\/delvy.es\/politica-privacidad\/"},"modified":"2025-02-07T12:17:50","modified_gmt":"2025-02-07T11:17:50","slug":"politica-sulla-privacy","status":"publish","type":"page","link":"https:\/\/delvy.es\/it\/politica-sulla-privacy\/","title":{"rendered":"Politica sulla privacy"},"content":{"rendered":"\t\t<div data-elementor-type=\"wp-page\" data-elementor-id=\"31276\" class=\"elementor elementor-31276 elementor-441\" data-elementor-settings=\"{&quot;element_pack_global_tooltip_width&quot;:{&quot;unit&quot;:&quot;px&quot;,&quot;size&quot;:&quot;&quot;,&quot;sizes&quot;:[]},&quot;element_pack_global_tooltip_width_tablet&quot;:{&quot;unit&quot;:&quot;px&quot;,&quot;size&quot;:&quot;&quot;,&quot;sizes&quot;:[]},&quot;element_pack_global_tooltip_width_mobile&quot;:{&quot;unit&quot;:&quot;px&quot;,&quot;size&quot;:&quot;&quot;,&quot;sizes&quot;:[]},&quot;element_pack_global_tooltip_padding&quot;:{&quot;unit&quot;:&quot;px&quot;,&quot;top&quot;:&quot;&quot;,&quot;right&quot;:&quot;&quot;,&quot;bottom&quot;:&quot;&quot;,&quot;left&quot;:&quot;&quot;,&quot;isLinked&quot;:true},&quot;element_pack_global_tooltip_padding_tablet&quot;:{&quot;unit&quot;:&quot;px&quot;,&quot;top&quot;:&quot;&quot;,&quot;right&quot;:&quot;&quot;,&quot;bottom&quot;:&quot;&quot;,&quot;left&quot;:&quot;&quot;,&quot;isLinked&quot;:true},&quot;element_pack_global_tooltip_padding_mobile&quot;:{&quot;unit&quot;:&quot;px&quot;,&quot;top&quot;:&quot;&quot;,&quot;right&quot;:&quot;&quot;,&quot;bottom&quot;:&quot;&quot;,&quot;left&quot;:&quot;&quot;,&quot;isLinked&quot;:true},&quot;element_pack_global_tooltip_border_radius&quot;:{&quot;unit&quot;:&quot;px&quot;,&quot;top&quot;:&quot;&quot;,&quot;right&quot;:&quot;&quot;,&quot;bottom&quot;:&quot;&quot;,&quot;left&quot;:&quot;&quot;,&quot;isLinked&quot;:true},&quot;element_pack_global_tooltip_border_radius_tablet&quot;:{&quot;unit&quot;:&quot;px&quot;,&quot;top&quot;:&quot;&quot;,&quot;right&quot;:&quot;&quot;,&quot;bottom&quot;:&quot;&quot;,&quot;left&quot;:&quot;&quot;,&quot;isLinked&quot;:true},&quot;element_pack_global_tooltip_border_radius_mobile&quot;:{&quot;unit&quot;:&quot;px&quot;,&quot;top&quot;:&quot;&quot;,&quot;right&quot;:&quot;&quot;,&quot;bottom&quot;:&quot;&quot;,&quot;left&quot;:&quot;&quot;,&quot;isLinked&quot;:true}}\" data-elementor-post-type=\"page\">\n\t\t\t\t\t\t<section class=\"elementor-section elementor-top-section elementor-element elementor-element-14e64bee elementor-section-boxed elementor-section-height-default elementor-section-height-default\" data-id=\"14e64bee\" data-element_type=\"section\" data-e-type=\"section\">\n\t\t\t\t\t\t<div class=\"elementor-container elementor-column-gap-default\">\n\t\t\t\t\t<div class=\"elementor-column elementor-col-100 elementor-top-column elementor-element elementor-element-1638ae00\" data-id=\"1638ae00\" data-element_type=\"column\" data-e-type=\"column\">\n\t\t\t<div class=\"elementor-widget-wrap elementor-element-populated\">\n\t\t\t\t\t\t<div class=\"elementor-element elementor-element-533586cf elementor-widget elementor-widget-text-editor\" data-id=\"533586cf\" data-element_type=\"widget\" data-e-type=\"widget\" data-widget_type=\"text-editor.default\">\n\t\t\t\t<div class=\"elementor-widget-container\">\n\t\t\t\t\t\t\t\t\t<h1>POLITICA SULLA PRIVACY DEL SITO WEB<\/h1><p><span style=\"font-weight: 400;\">La riservatezza e la sicurezza sono valori fondamentali per DELVY GLOBAL, S.L. e, di conseguenza, ci impegniamo a garantire in ogni momento la privacy dell&#8217;utente e a non raccogliere informazioni non necessarie. Di seguito, vi forniamo tutte le informazioni inerenti alla nostra Politica sulla Privacy e ai Dati Personali che raccogliamo sull\u2019utente, spiegandovi:<\/span><\/p><ul><li style=\"font-weight: 400;\" aria-level=\"1\"><span style=\"font-weight: 400;\">Chi \u00e8 responsabile del trattamento dei vostri dati<\/span><\/li><li style=\"font-weight: 400;\" aria-level=\"1\"><span style=\"font-weight: 400;\">Per quali scopi raccogliamo i dati che vi richiediamo<\/span><\/li><li style=\"font-weight: 400;\" aria-level=\"1\"><span style=\"font-weight: 400;\">Qual \u00e8 la legittimit\u00e0 del trattamento<\/span><\/li><li style=\"font-weight: 400;\" aria-level=\"1\"><span style=\"font-weight: 400;\">Per quanto tempo li conserviamo<\/span><\/li><li style=\"font-weight: 400;\" aria-level=\"1\"><span style=\"font-weight: 400;\">A quali destinatari saranno comunicati i vostri dati<\/span><\/li><li style=\"font-weight: 400;\" aria-level=\"1\">Quali sono i vostri diritti<\/li><\/ul><p>\u00a0<\/p><p><strong>1. TITOLARE DEL TRATTAMENTO<\/strong><\/p><p>DELVY GLOBAL, S.L.<\/p><p>B-65873473<\/p><p>Paseo de Gracia, 50, 5\u00aa Planta<\/p><p>08007 Barcellona<\/p><p>info@delvy.es<\/p><p>Di seguito \u201cDelvy\u201d, \u201cNoi\u201d o il \u201cTitolare del trattamento\u201d.<\/p><p>La presente informativa sulla privacy riguarda tutti i dati raccolti e utilizzati da noi attraverso il nostro sito web https:\/\/delvy.es (di seguito, il sito web o Delvy, in modo intercambiabile).<\/p><p><strong>1. Dati personali<\/strong><\/p><p>La presente Informativa sulla privacy riguarda tutti i Dati personali raccolti e utilizzati da Delvy.<\/p><p>L&#8217;utente (Lei) garantisce che i Dati personali forniti sono veritieri e accurati e si impegna a notificare qualsiasi cambiamento o modifica degli stessi. Qualsiasi perdita o danno causato al Sito web, al Titolare dei dati o a terzi a causa della fornitura di informazioni errate, imprecise o incomplete nei moduli di registrazione sar\u00e0 di esclusiva responsabilit\u00e0 dell&#8217;utente.<\/p><p>Possiamo raccogliere o ricevere i dati dell&#8217;utente attraverso il nostro sito web. In alcuni casi, l&#8217;utente ci fornisce direttamente i suoi Dati personali (ad esempio, quando ci contatta), o in altri casi li raccogliamo noi (ad esempio, utilizzando i cookie per capire come l&#8217;utente utilizza il nostro sito web).<\/p><p><strong>2. Finalit\u00e0, legittimit\u00e0 e conservazione del trattamento dei dati inviati tramite:<\/strong><\/p><p><strong>MODULO DI CONTATTO<\/strong>:<\/p><ul><li>Finalit\u00e0: Fornire un mezzo per contattarci e rispondere alle vostre richieste di informazioni, nonch\u00e9 per inviarvi comunicazioni sui nostri prodotti, servizi e attivit\u00e0, anche per via elettronica, se spuntate la casella di accettazione.<\/li><li>Legittimazione: Il consenso dell&#8217;utente quando ci richiede informazioni attraverso il nostro modulo di contatto e selezionando la casella di accettazione per l&#8217;invio di informazioni.<\/li><li>Conservazione: Una volta che la vostra richiesta attraverso il nostro modulo o la risposta via e-mail, se non ha generato un nuovo trattamento, e se avete accettato di ricevere invii commerciali, fino a quando non richiedete la cancellazione degli stessi.<\/li><\/ul><p><strong>INVIO DI E-MAIL:<\/strong><\/p><ul><li>Finalit\u00e0: rispondere alle vostre richieste di informazioni, evadere le vostre richieste e rispondere alle vostre domande o dubbi. In caso di ricezione del vostro Curriculum Vitae, i vostri dati personali e curriculari potranno entrare a far parte dei nostri database per partecipare ai nostri processi di selezione presenti e futuri.<\/li><li>Legittimazione: Il consenso dell&#8217;utente nel momento in cui ci richiede informazioni attraverso l&#8217;indirizzo e-mail o ci invia i suoi dati e il suo CV per partecipare ai nostri processi di selezione.<\/li><li>Conservazione: Una volta che la vostra richiesta ha ricevuto risposta via e-mail, se non ha generato un nuovo trattamento. Nel caso di ricezione del CV, i dati potranno essere conservati per un massimo di un anno per futuri processi di selezione.<\/li><\/ul><p><strong>3. Destinatari dei vostri dati<\/strong><\/p><p>I dati personali che raccogliamo da voi possono essere trattati dai membri del personale di Delvy, sulla base del legittimo interesse dell&#8217;azienda, i vostri dati personali possono essere comunicati a terzi che ci assistono nella gestione dei contatti, nella fornitura di servizi informatici, come i fornitori di piattaforme, i servizi di hosting, la manutenzione e l&#8217;assistenza sui nostri database, nonch\u00e9 sui nostri software e applicazioni che possono contenere dati su di voi.<\/p><p>In ogni caso, ci assicureremo che qualsiasi comunicazione dei vostri dati personali da parte nostra o di terzi con cui condividiamo i vostri dati personali sia conforme alle leggi vigenti.<\/p><p><strong>4. Diritti in relazione ai dati personali<\/strong><\/p><p>Chiunque pu\u00f2 revocare il proprio consenso in qualsiasi momento, qualora tale consenso sia stato prestato per il trattamento dei propri dati. In nessun caso la revoca di tale consenso condiziona l&#8217;esecuzione del contratto di abbonamento o dei rapporti precedentemente generati.<\/p><p>L&#8217;utente pu\u00f2 inoltre esercitare i seguenti diritti:<\/p><ul><li>Richiedere l&#8217;accesso ai propri dati personali o la loro rettifica quando sono inesatti.<\/li><li>Richiedere la loro cancellazione quando, tra le altre ragioni, i dati non sono pi\u00f9 necessari per le finalit\u00e0 per cui sono stati raccolti.<\/li><li>Richiedere la limitazione del loro trattamento in determinate circostanze.<\/li><li>Richiedere l&#8217;opposizione al trattamento dei vostri dati per motivi legati alla vostra situazione particolare.<br \/>Richiedere la portabilit\u00e0 dei dati nei casi previsti dalla normativa.<\/li><\/ul><p><strong>Altri diritti riconosciuti dalla normativa applicabile.<\/strong><\/p><p>Dove e come richiedere i vostri diritti: Scrivendo ai titolari del trattamento all&#8217;indirizzo postale o di posta elettronica (indicato al punto 1), indicando il riferimento \u201cDati personali\u201d, specificando il diritto che desiderate esercitare e in relazione a quali dati personali.<\/p><p>In caso di disaccordo con l&#8217;azienda in relazione al trattamento dei Suoi dati, potr\u00e0 proporre reclamo all&#8217;Agenzia per la protezione dei dati personali <a href=\"https:\/\/www.aepd.es\/\" target=\"_blank\" rel=\"noopener\">(www.aepd.es)<\/a>.<\/p><p><strong>5. Sicurezza dei dati personali<\/strong><\/p><p>Al fine di salvaguardare la sicurezza dei vostri dati personali, vi informiamo che abbiamo adottato tutte le misure tecniche e organizzative necessarie per garantire la sicurezza dei dati personali forniti contro l&#8217;alterazione, la perdita e il trattamento o l&#8217;accesso non autorizzato.<\/p><p><strong>6. Aggiornamento dei dati<\/strong><\/p><p>Affinch\u00e9 possiamo mantenere aggiornati i vostri dati personali, \u00e8 importante che ci informiate ogni volta che sono stati modificati, altrimenti non potremo essere ritenuti responsabili dell&#8217;accuratezza dei dati.<\/p><p>Non siamo responsabili della politica sulla privacy relativa ai dati personali che l&#8217;utente pu\u00f2 fornire a terzi attraverso i link disponibili sul nostro sito web.<\/p><p><strong>7. Contatto<\/strong><\/p><p>Se avete domande o dubbi su come trattiamo e utilizziamo i vostri dati personali o desiderate esercitare uno dei diritti sopra descritti, contattate <a href=\"mailto:info@delvy.es\">info@delvy.es<\/a>.<\/p><p><strong>8. Modifiche all&#8217;Informativa sulla privacy<\/strong><\/p><p>La presente Informativa sulla privacy pu\u00f2 essere modificata per adattarla ai cambiamenti che si verificano sul nostro sito web, nonch\u00e9 alle modifiche legislative o giurisprudenziali sui dati personali che compaiono, pertanto \u00e8 necessario leggerla, ogni volta che ci fornite i vostri dati attraverso questo sito web.<\/p>\t\t\t\t\t\t\t\t<\/div>\n\t\t\t\t<\/div>\n\t\t\t\t\t<\/div>\n\t\t<\/div>\n\t\t\t\t\t<\/div>\n\t\t<\/section>\n\t\t\t\t<\/div>\n\t\t","protected":false},"excerpt":{"rendered":"<p>POLITICA SULLA PRIVACY DEL SITO WEB La riservatezza e la sicurezza sono valori fondamentali per DELVY GLOBAL, S.L. e, di conseguenza, ci impegniamo a garantire in ogni momento la privacy dell&#8217;utente e a non raccogliere informazioni non necessarie. Di seguito, vi forniamo tutte le informazioni inerenti alla nostra Politica sulla Privacy e ai Dati Personali [&hellip;]<\/p>\n","protected":false},"author":10553,"featured_media":0,"parent":0,"menu_order":96,"comment_status":"closed","ping_status":"closed","template":"elementor_header_footer","meta":{"_acf_changed":false,"rop_custom_images_group":[],"rop_custom_messages_group":[],"rop_publish_now":"initial","rop_publish_now_accounts":[],"rop_publish_now_history":[],"rop_publish_now_status":"pending","footnotes":""},"class_list":["post-31276","page","type-page","status-publish","hentry"],"acf":[],"yoast_head":"<!-- This site is optimized with the Yoast SEO Premium plugin v25.3.1 (Yoast SEO v27.5) - https:\/\/yoast.com\/product\/yoast-seo-premium-wordpress\/ -->\n<title>Politica sulla privacy - Delvy<\/title>\n<meta name=\"robots\" content=\"index, follow, max-snippet:-1, max-image-preview:large, max-video-preview:-1\" \/>\n<link rel=\"canonical\" href=\"https:\/\/delvy.es\/politica-privacidad\/\" \/>\n<meta property=\"og:locale\" content=\"it_IT\" \/>\n<meta property=\"og:type\" content=\"article\" \/>\n<meta property=\"og:title\" content=\"Politica sulla privacy\" \/>\n<meta property=\"og:description\" content=\"POLITICA SULLA PRIVACY DEL SITO WEB La riservatezza e la sicurezza sono valori fondamentali per DELVY GLOBAL, S.L. e, di conseguenza, ci impegniamo a garantire in ogni momento la privacy dell&#8217;utente e a non raccogliere informazioni non necessarie. Di seguito, vi forniamo tutte le informazioni inerenti alla nostra Politica sulla Privacy e ai Dati Personali [&hellip;]\" \/>\n<meta property=\"og:url\" content=\"https:\/\/delvy.es\/politica-privacidad\/\" \/>\n<meta property=\"og:site_name\" content=\"Delvy\" \/>\n<meta property=\"article:publisher\" content=\"https:\/\/www.facebook.com\/delvyasesores\/\" \/>\n<meta property=\"article:modified_time\" content=\"2025-02-07T11:17:50+00:00\" \/>\n<meta name=\"twitter:card\" content=\"summary_large_image\" \/>\n<meta name=\"twitter:site\" content=\"@Delvy_Asesores\" \/>\n<meta name=\"twitter:label1\" content=\"Tempo di lettura stimato\" \/>\n\t<meta name=\"twitter:data1\" content=\"5 minuti\" \/>\n<script type=\"application\/ld+json\" class=\"yoast-schema-graph\">{\"@context\":\"https:\\\/\\\/schema.org\",\"@graph\":[{\"@type\":\"WebPage\",\"@id\":\"https:\\\/\\\/delvy.es\\\/politica-privacidad\\\/\",\"url\":\"https:\\\/\\\/delvy.es\\\/politica-privacidad\\\/\",\"name\":\"Politica sulla privacy - Delvy\",\"isPartOf\":{\"@id\":\"https:\\\/\\\/delvy.es\\\/#website\"},\"datePublished\":\"2012-04-04T11:18:09+00:00\",\"dateModified\":\"2025-02-07T11:17:50+00:00\",\"breadcrumb\":{\"@id\":\"https:\\\/\\\/delvy.es\\\/politica-privacidad\\\/#breadcrumb\"},\"inLanguage\":\"it-IT\",\"potentialAction\":[{\"@type\":\"ReadAction\",\"target\":[\"https:\\\/\\\/delvy.es\\\/politica-privacidad\\\/\"]}]},{\"@type\":\"BreadcrumbList\",\"@id\":\"https:\\\/\\\/delvy.es\\\/politica-privacidad\\\/#breadcrumb\",\"itemListElement\":[{\"@type\":\"ListItem\",\"position\":1,\"name\":\"Portada\",\"item\":\"https:\\\/\\\/delvy.es\\\/it\\\/\"},{\"@type\":\"ListItem\",\"position\":2,\"name\":\"Politica sulla privacy\"}]},{\"@type\":\"WebSite\",\"@id\":\"https:\\\/\\\/delvy.es\\\/#website\",\"url\":\"https:\\\/\\\/delvy.es\\\/\",\"name\":\"Delvy\",\"description\":\"Asesores Legales Delvy\",\"publisher\":{\"@id\":\"https:\\\/\\\/delvy.es\\\/#organization\"},\"potentialAction\":[{\"@type\":\"SearchAction\",\"target\":{\"@type\":\"EntryPoint\",\"urlTemplate\":\"https:\\\/\\\/delvy.es\\\/?s={search_term_string}\"},\"query-input\":{\"@type\":\"PropertyValueSpecification\",\"valueRequired\":true,\"valueName\":\"search_term_string\"}}],\"inLanguage\":\"it-IT\"},{\"@type\":\"Organization\",\"@id\":\"https:\\\/\\\/delvy.es\\\/#organization\",\"name\":\"Delvy\",\"url\":\"https:\\\/\\\/delvy.es\\\/\",\"logo\":{\"@type\":\"ImageObject\",\"inLanguage\":\"it-IT\",\"@id\":\"https:\\\/\\\/delvy.es\\\/#\\\/schema\\\/logo\\\/image\\\/\",\"url\":\"https:\\\/\\\/delvy.es\\\/wp-content\\\/uploads\\\/2023\\\/11\\\/cropped-favicon-5.png\",\"contentUrl\":\"https:\\\/\\\/delvy.es\\\/wp-content\\\/uploads\\\/2023\\\/11\\\/cropped-favicon-5.png\",\"width\":512,\"height\":512,\"caption\":\"Delvy\"},\"image\":{\"@id\":\"https:\\\/\\\/delvy.es\\\/#\\\/schema\\\/logo\\\/image\\\/\"},\"sameAs\":[\"https:\\\/\\\/www.facebook.com\\\/delvyasesores\\\/\",\"https:\\\/\\\/x.com\\\/Delvy_Asesores\"]}]}<\/script>\n<!-- \/ Yoast SEO Premium plugin. -->","yoast_head_json":{"title":"Politica sulla privacy - Delvy","robots":{"index":"index","follow":"follow","max-snippet":"max-snippet:-1","max-image-preview":"max-image-preview:large","max-video-preview":"max-video-preview:-1"},"canonical":"https:\/\/delvy.es\/politica-privacidad\/","og_locale":"it_IT","og_type":"article","og_title":"Politica sulla privacy","og_description":"POLITICA SULLA PRIVACY DEL SITO WEB La riservatezza e la sicurezza sono valori fondamentali per DELVY GLOBAL, S.L. e, di conseguenza, ci impegniamo a garantire in ogni momento la privacy dell&#8217;utente e a non raccogliere informazioni non necessarie. Di seguito, vi forniamo tutte le informazioni inerenti alla nostra Politica sulla Privacy e ai Dati Personali [&hellip;]","og_url":"https:\/\/delvy.es\/politica-privacidad\/","og_site_name":"Delvy","article_publisher":"https:\/\/www.facebook.com\/delvyasesores\/","article_modified_time":"2025-02-07T11:17:50+00:00","twitter_card":"summary_large_image","twitter_site":"@Delvy_Asesores","twitter_misc":{"Tempo di lettura stimato":"5 minuti"},"schema":{"@context":"https:\/\/schema.org","@graph":[{"@type":"WebPage","@id":"https:\/\/delvy.es\/politica-privacidad\/","url":"https:\/\/delvy.es\/politica-privacidad\/","name":"Politica sulla privacy - Delvy","isPartOf":{"@id":"https:\/\/delvy.es\/#website"},"datePublished":"2012-04-04T11:18:09+00:00","dateModified":"2025-02-07T11:17:50+00:00","breadcrumb":{"@id":"https:\/\/delvy.es\/politica-privacidad\/#breadcrumb"},"inLanguage":"it-IT","potentialAction":[{"@type":"ReadAction","target":["https:\/\/delvy.es\/politica-privacidad\/"]}]},{"@type":"BreadcrumbList","@id":"https:\/\/delvy.es\/politica-privacidad\/#breadcrumb","itemListElement":[{"@type":"ListItem","position":1,"name":"Portada","item":"https:\/\/delvy.es\/it\/"},{"@type":"ListItem","position":2,"name":"Politica sulla privacy"}]},{"@type":"WebSite","@id":"https:\/\/delvy.es\/#website","url":"https:\/\/delvy.es\/","name":"Delvy","description":"Asesores Legales Delvy","publisher":{"@id":"https:\/\/delvy.es\/#organization"},"potentialAction":[{"@type":"SearchAction","target":{"@type":"EntryPoint","urlTemplate":"https:\/\/delvy.es\/?s={search_term_string}"},"query-input":{"@type":"PropertyValueSpecification","valueRequired":true,"valueName":"search_term_string"}}],"inLanguage":"it-IT"},{"@type":"Organization","@id":"https:\/\/delvy.es\/#organization","name":"Delvy","url":"https:\/\/delvy.es\/","logo":{"@type":"ImageObject","inLanguage":"it-IT","@id":"https:\/\/delvy.es\/#\/schema\/logo\/image\/","url":"https:\/\/delvy.es\/wp-content\/uploads\/2023\/11\/cropped-favicon-5.png","contentUrl":"https:\/\/delvy.es\/wp-content\/uploads\/2023\/11\/cropped-favicon-5.png","width":512,"height":512,"caption":"Delvy"},"image":{"@id":"https:\/\/delvy.es\/#\/schema\/logo\/image\/"},"sameAs":["https:\/\/www.facebook.com\/delvyasesores\/","https:\/\/x.com\/Delvy_Asesores"]}]}},"_links":{"self":[{"href":"https:\/\/delvy.es\/it\/wp-json\/wp\/v2\/pages\/31276","targetHints":{"allow":["GET"]}}],"collection":[{"href":"https:\/\/delvy.es\/it\/wp-json\/wp\/v2\/pages"}],"about":[{"href":"https:\/\/delvy.es\/it\/wp-json\/wp\/v2\/types\/page"}],"author":[{"embeddable":true,"href":"https:\/\/delvy.es\/it\/wp-json\/wp\/v2\/users\/10553"}],"replies":[{"embeddable":true,"href":"https:\/\/delvy.es\/it\/wp-json\/wp\/v2\/comments?post=31276"}],"version-history":[{"count":0,"href":"https:\/\/delvy.es\/it\/wp-json\/wp\/v2\/pages\/31276\/revisions"}],"wp:attachment":[{"href":"https:\/\/delvy.es\/it\/wp-json\/wp\/v2\/media?parent=31276"}],"curies":[{"name":"wp","href":"https:\/\/api.w.org\/{rel}","templated":true}]}}