{"id":31264,"date":"2024-06-12T14:49:04","date_gmt":"2024-06-12T13:49:04","guid":{"rendered":"https:\/\/delvy.es\/declaracion-de-accesibilidad\/"},"modified":"2025-02-07T12:07:09","modified_gmt":"2025-02-07T11:07:09","slug":"dichiarazione-di-accessibilita","status":"publish","type":"page","link":"https:\/\/delvy.es\/it\/dichiarazione-di-accessibilita\/","title":{"rendered":"Dichiarazione di accessibilit\u00e0"},"content":{"rendered":"<h2>Dichiarazione di accessibilit\u00e0<\/h2>\n<p>DELVY LAW S.L. Si impegna a rendere accessibile il proprio sito web, in conformit\u00e0 con lo standard di accessibilit\u00e0 WCAG 2.1, che viene utilizzato come prova della giustificazione dei criteri di accessibilit\u00e0 del Programma Digital Kit. \u00c8 strutturata in conformit\u00e0 agli allegati della norma UNE-EN 301 549:2022.<\/p>\n<p>Questa dichiarazione di accessibilit\u00e0 si applica al sito web <a href=\"https:\/\/delvy.es\/it\/\">https:\/\/delvy.es\/<\/a>.<\/p>\n<p>\u00a0<\/p>\n","protected":false},"excerpt":{"rendered":"<p>Dichiarazione di accessibilit\u00e0 DELVY LAW S.L. Si impegna a rendere accessibile il proprio sito web, in conformit\u00e0 con lo standard di accessibilit\u00e0 WCAG 2.1, che viene utilizzato come prova della giustificazione dei criteri di accessibilit\u00e0 del Programma Digital Kit. \u00c8 strutturata in conformit\u00e0 agli allegati della norma UNE-EN 301 549:2022. Questa dichiarazione di accessibilit\u00e0 si [&hellip;]<\/p>\n","protected":false},"author":10553,"featured_media":0,"parent":0,"menu_order":0,"comment_status":"closed","ping_status":"closed","template":"","meta":{"_acf_changed":false,"rop_custom_images_group":[],"rop_custom_messages_group":[],"rop_publish_now":"initial","rop_publish_now_accounts":[],"rop_publish_now_history":[],"rop_publish_now_status":"pending","footnotes":""},"class_list":["post-31264","page","type-page","status-publish","hentry"],"acf":[],"yoast_head":"<!-- This site is optimized with the Yoast SEO Premium plugin v25.3.1 (Yoast SEO v27.3) - https:\/\/yoast.com\/product\/yoast-seo-premium-wordpress\/ -->\n<title>Dichiarazione di accessibilit\u00e0 - Delvy<\/title>\n<meta name=\"robots\" content=\"noindex, nofollow\" \/>\n<meta property=\"og:locale\" content=\"it_IT\" \/>\n<meta property=\"og:type\" content=\"article\" \/>\n<meta property=\"og:title\" content=\"Dichiarazione di accessibilit\u00e0\" \/>\n<meta property=\"og:description\" content=\"Dichiarazione di accessibilit\u00e0 DELVY LAW S.L. Si impegna a rendere accessibile il proprio sito web, in conformit\u00e0 con lo standard di accessibilit\u00e0 WCAG 2.1, che viene utilizzato come prova della giustificazione dei criteri di accessibilit\u00e0 del Programma Digital Kit. \u00c8 strutturata in conformit\u00e0 agli allegati della norma UNE-EN 301 549:2022. Questa dichiarazione di accessibilit\u00e0 si [&hellip;]\" \/>\n<meta property=\"og:url\" content=\"https:\/\/delvy.es\/declaracion-de-accesibilidad\/\" \/>\n<meta property=\"og:site_name\" content=\"Delvy\" \/>\n<meta property=\"article:publisher\" content=\"https:\/\/www.facebook.com\/delvyasesores\/\" \/>\n<meta property=\"article:modified_time\" content=\"2025-02-07T11:07:09+00:00\" \/>\n<meta name=\"twitter:card\" content=\"summary_large_image\" \/>\n<meta name=\"twitter:site\" content=\"@Delvy_Asesores\" \/>\n<script type=\"application\/ld+json\" class=\"yoast-schema-graph\">{\"@context\":\"https:\\\/\\\/schema.org\",\"@graph\":[{\"@type\":\"WebPage\",\"@id\":\"https:\\\/\\\/delvy.es\\\/declaracion-de-accesibilidad\\\/\",\"url\":\"https:\\\/\\\/delvy.es\\\/declaracion-de-accesibilidad\\\/\",\"name\":\"Dichiarazione di accessibilit\u00e0 - Delvy\",\"isPartOf\":{\"@id\":\"https:\\\/\\\/delvy.es\\\/#website\"},\"datePublished\":\"2024-06-12T13:49:04+00:00\",\"dateModified\":\"2025-02-07T11:07:09+00:00\",\"breadcrumb\":{\"@id\":\"https:\\\/\\\/delvy.es\\\/declaracion-de-accesibilidad\\\/#breadcrumb\"},\"inLanguage\":\"it-IT\",\"potentialAction\":[{\"@type\":\"ReadAction\",\"target\":[\"https:\\\/\\\/delvy.es\\\/declaracion-de-accesibilidad\\\/\"]}]},{\"@type\":\"BreadcrumbList\",\"@id\":\"https:\\\/\\\/delvy.es\\\/declaracion-de-accesibilidad\\\/#breadcrumb\",\"itemListElement\":[{\"@type\":\"ListItem\",\"position\":1,\"name\":\"Portada\",\"item\":\"https:\\\/\\\/delvy.es\\\/it\\\/\"},{\"@type\":\"ListItem\",\"position\":2,\"name\":\"Dichiarazione di accessibilit\u00e0\"}]},{\"@type\":\"WebSite\",\"@id\":\"https:\\\/\\\/delvy.es\\\/#website\",\"url\":\"https:\\\/\\\/delvy.es\\\/\",\"name\":\"Delvy\",\"description\":\"Asesores Legales Delvy\",\"publisher\":{\"@id\":\"https:\\\/\\\/delvy.es\\\/#organization\"},\"potentialAction\":[{\"@type\":\"SearchAction\",\"target\":{\"@type\":\"EntryPoint\",\"urlTemplate\":\"https:\\\/\\\/delvy.es\\\/?s={search_term_string}\"},\"query-input\":{\"@type\":\"PropertyValueSpecification\",\"valueRequired\":true,\"valueName\":\"search_term_string\"}}],\"inLanguage\":\"it-IT\"},{\"@type\":\"Organization\",\"@id\":\"https:\\\/\\\/delvy.es\\\/#organization\",\"name\":\"Delvy\",\"url\":\"https:\\\/\\\/delvy.es\\\/\",\"logo\":{\"@type\":\"ImageObject\",\"inLanguage\":\"it-IT\",\"@id\":\"https:\\\/\\\/delvy.es\\\/#\\\/schema\\\/logo\\\/image\\\/\",\"url\":\"https:\\\/\\\/delvy.es\\\/wp-content\\\/uploads\\\/2023\\\/11\\\/cropped-favicon-5.png\",\"contentUrl\":\"https:\\\/\\\/delvy.es\\\/wp-content\\\/uploads\\\/2023\\\/11\\\/cropped-favicon-5.png\",\"width\":512,\"height\":512,\"caption\":\"Delvy\"},\"image\":{\"@id\":\"https:\\\/\\\/delvy.es\\\/#\\\/schema\\\/logo\\\/image\\\/\"},\"sameAs\":[\"https:\\\/\\\/www.facebook.com\\\/delvyasesores\\\/\",\"https:\\\/\\\/x.com\\\/Delvy_Asesores\"]}]}<\/script>\n<!-- \/ Yoast SEO Premium plugin. -->","yoast_head_json":{"title":"Dichiarazione di accessibilit\u00e0 - Delvy","robots":{"index":"noindex","follow":"nofollow"},"og_locale":"it_IT","og_type":"article","og_title":"Dichiarazione di accessibilit\u00e0","og_description":"Dichiarazione di accessibilit\u00e0 DELVY LAW S.L. Si impegna a rendere accessibile il proprio sito web, in conformit\u00e0 con lo standard di accessibilit\u00e0 WCAG 2.1, che viene utilizzato come prova della giustificazione dei criteri di accessibilit\u00e0 del Programma Digital Kit. \u00c8 strutturata in conformit\u00e0 agli allegati della norma UNE-EN 301 549:2022. Questa dichiarazione di accessibilit\u00e0 si [&hellip;]","og_url":"https:\/\/delvy.es\/declaracion-de-accesibilidad\/","og_site_name":"Delvy","article_publisher":"https:\/\/www.facebook.com\/delvyasesores\/","article_modified_time":"2025-02-07T11:07:09+00:00","twitter_card":"summary_large_image","twitter_site":"@Delvy_Asesores","schema":{"@context":"https:\/\/schema.org","@graph":[{"@type":"WebPage","@id":"https:\/\/delvy.es\/declaracion-de-accesibilidad\/","url":"https:\/\/delvy.es\/declaracion-de-accesibilidad\/","name":"Dichiarazione di accessibilit\u00e0 - Delvy","isPartOf":{"@id":"https:\/\/delvy.es\/#website"},"datePublished":"2024-06-12T13:49:04+00:00","dateModified":"2025-02-07T11:07:09+00:00","breadcrumb":{"@id":"https:\/\/delvy.es\/declaracion-de-accesibilidad\/#breadcrumb"},"inLanguage":"it-IT","potentialAction":[{"@type":"ReadAction","target":["https:\/\/delvy.es\/declaracion-de-accesibilidad\/"]}]},{"@type":"BreadcrumbList","@id":"https:\/\/delvy.es\/declaracion-de-accesibilidad\/#breadcrumb","itemListElement":[{"@type":"ListItem","position":1,"name":"Portada","item":"https:\/\/delvy.es\/it\/"},{"@type":"ListItem","position":2,"name":"Dichiarazione di accessibilit\u00e0"}]},{"@type":"WebSite","@id":"https:\/\/delvy.es\/#website","url":"https:\/\/delvy.es\/","name":"Delvy","description":"Asesores Legales Delvy","publisher":{"@id":"https:\/\/delvy.es\/#organization"},"potentialAction":[{"@type":"SearchAction","target":{"@type":"EntryPoint","urlTemplate":"https:\/\/delvy.es\/?s={search_term_string}"},"query-input":{"@type":"PropertyValueSpecification","valueRequired":true,"valueName":"search_term_string"}}],"inLanguage":"it-IT"},{"@type":"Organization","@id":"https:\/\/delvy.es\/#organization","name":"Delvy","url":"https:\/\/delvy.es\/","logo":{"@type":"ImageObject","inLanguage":"it-IT","@id":"https:\/\/delvy.es\/#\/schema\/logo\/image\/","url":"https:\/\/delvy.es\/wp-content\/uploads\/2023\/11\/cropped-favicon-5.png","contentUrl":"https:\/\/delvy.es\/wp-content\/uploads\/2023\/11\/cropped-favicon-5.png","width":512,"height":512,"caption":"Delvy"},"image":{"@id":"https:\/\/delvy.es\/#\/schema\/logo\/image\/"},"sameAs":["https:\/\/www.facebook.com\/delvyasesores\/","https:\/\/x.com\/Delvy_Asesores"]}]}},"_links":{"self":[{"href":"https:\/\/delvy.es\/it\/wp-json\/wp\/v2\/pages\/31264","targetHints":{"allow":["GET"]}}],"collection":[{"href":"https:\/\/delvy.es\/it\/wp-json\/wp\/v2\/pages"}],"about":[{"href":"https:\/\/delvy.es\/it\/wp-json\/wp\/v2\/types\/page"}],"author":[{"embeddable":true,"href":"https:\/\/delvy.es\/it\/wp-json\/wp\/v2\/users\/10553"}],"replies":[{"embeddable":true,"href":"https:\/\/delvy.es\/it\/wp-json\/wp\/v2\/comments?post=31264"}],"version-history":[{"count":0,"href":"https:\/\/delvy.es\/it\/wp-json\/wp\/v2\/pages\/31264\/revisions"}],"wp:attachment":[{"href":"https:\/\/delvy.es\/it\/wp-json\/wp\/v2\/media?parent=31264"}],"curies":[{"name":"wp","href":"https:\/\/api.w.org\/{rel}","templated":true}]}}