{"id":31137,"date":"2022-02-24T10:51:38","date_gmt":"2022-02-24T09:51:38","guid":{"rendered":"https:\/\/delvy.es\/abogados-empresas-pymes\/"},"modified":"2025-05-25T18:12:24","modified_gmt":"2025-05-25T17:12:24","slug":"consulenza-e-assistenza-legale-avvocati-per-aziende-innovative-e-pmi","status":"publish","type":"page","link":"https:\/\/delvy.es\/it\/consulenza-e-assistenza-legale-avvocati-per-aziende-innovative-e-pmi\/","title":{"rendered":"Consulenza e assistenza legale: Avvocati per aziende innovative e PMI"},"content":{"rendered":"<h1>Consulenti Legali per aziende innovative e PMI<\/h1>\n<p>Cercate i migliori esperti per le aziende innovative? Noi di Delvy offriamo consulenza e assistenza legale esperta in materia di innovazione e nuove tecnologie.<\/p>\n<p>Grazie al nostro team di consulenti per aziende, vi forniamo le migliori soluzioni in tutte le aree del diritto commerciale. Abbiamo una visione profonda e globale, in cui ci adattiamo a ogni singolo cliente.<\/p>\n<p>Il fatto di essere uno degli studi leader nella consulenza legale e finanziaria all&#8217;ecosistema imprenditoriale, partecipando a consigli di amministrazione o assistendo a round di finanziamento, genera contatti e conoscenze di settori e attori che favoriscono le sinergie.<\/p>\n<h2 data-elementor-setting-key=\"title\" data-pen-placeholder=\"Teclea aqu\u00ed...\">Consulenza e assistenza legale: \u00a0professionisti esperti per PMI e aziende<\/h2>\n<p>Siamo il partner legale che la vostra azienda sta cercando, offrendo un servizio flessibile e trasparente. In Delvy siamo specializzati nella consulenza legale completa e nella difesa legale in ogni tipo di procedimento.<\/p>\n<p>Il nostro team di professionisti esperti si adatta alle vostre esigenze, offrendovi la modalit\u00e0 o il formato che meglio si adatta al vostro modello di business.<\/p>\n<p><strong>Tra i nostri servizi completi troverete:<\/strong><\/p>\n<ul>\n<li><strong>Commerciale:<\/strong> offriamo consulenza legale dalla nascita di nuovi progetti imprenditoriali a quelli in fase pi\u00f9 avanzata.<\/li>\n<li><strong>Propriet\u00e0 intellettuale:<\/strong> elaboriamo la giusta strategia per proteggere i vostri beni immateriali e adeguiamo gli obblighi legali in materia di propriet\u00e0 intellettuale.<\/li>\n<li><strong>Finanza:<\/strong> offriamo un controllo professionale della gestione finanziaria, dal \u201cCFO on demand\u201d alla pianificazione strategica, alla rappresentanza presso terzi o all&#8217;internazionalizzazione.<\/li>\n<li><strong>Fiscale:<\/strong> siamo specializzati in tutte le esigenze fiscali e contabili delle aziende.<\/li>\n<li><strong>Lavoro:<\/strong> preparazione e modifica di contratti di lavoro, registrazioni, cancellazioni e variazioni della previdenza sociale, buste paga, calendari di lavoro, tra gli altri aspetti.<\/li>\n<li><strong>Contenzioso:<\/strong> assistenza e rappresentanza legale in procedimenti giudiziari o strumenti alternativi.<\/li>\n<li><strong>Servizio di conformit\u00e0 di prodotti\/servizi:<\/strong> per conoscere gli ostacoli tecnico-legali dei vostri prodotti o servizi.<\/li>\n<li><strong>Mobilit\u00e0 internazionale:<\/strong> Delvy ha una vasta esperienza nel disbrigo delle diverse procedure disciplinate dalla Legge sull&#8217;Immigrazione presso le autorit\u00e0 competenti per ottenere il permesso di soggiorno e\/o di lavoro in Italia.<\/li>\n<\/ul>\n<h3 data-elementor-setting-key=\"title\" data-pen-placeholder=\"Teclea aqu\u00ed...\">Consulenza specializzata per aziende e PMI<\/h3>\n<p>La consulenza legale di uno studio specializzato in imprese innovative \u00e8 oggi pi\u00f9 che un&#8217;opzione, una necessit\u00e0.<\/p>\n<p>Secondo la nostra esperienza, sono molte le domande che spesso sorgono quando si avvia un&#8217;impresa. Per questo, l&#8217;opzione migliore \u00e8 quella di chiedere l&#8217;aiuto di professionisti, ovvero di consulenti legali d&#8217;impresa. Un esperto di diritto societario non solo si occuper\u00e0 di tutti i compiti ricorrenti di un&#8217;azienda legati alla contabilit\u00e0, alla fiscalit\u00e0 e al lavoro, ma sar\u00e0 anche in grado di difendervi in qualsiasi procedimento legale, qualunque sia il tipo di problema che possa sorgere, aiutandovi a gestire la vostra azienda in modo efficiente e consigliandovi di scegliere sempre l&#8217;opzione pi\u00f9 appropriata in ogni possibile scenario.<\/p>\n<h2>Perch\u00e9 siamo gli esperti interni giusti per la vostra azienda innovativa?<\/h2>\n<p>In tutte le aziende si devono prendere costantemente decisioni che richiedono l&#8217;assistenza di un legale esperto, che fornisca un parere o una guida sulla migliore linea d&#8217;azione.<\/p>\n<p>Per un&#8217;azienda \u00e8 necessario un grande sforzo e tempo per assicurarsi che tutte le sue azioni siano eseguite correttamente. Noi di Delvy offriamo un servizio completo e specializzato in diverse materie per fornire l&#8217;assistenza e la tutela legale di cui avete bisogno.<\/p>\n<h2>Vantaggi dell&#8217;assunzione di consulenti legali d&#8217;impresa<\/h2>\n<p>Ecco i principali vantaggi che l&#8217;assunzione del nostro servizio di esperti d&#8217;affari pu\u00f2 apportare alla vostra azienda:<\/p>\n<ol>\n<li><strong>Risparmio di tempo e di costi:<\/strong> Se non si hanno le conoscenze e l&#8217;esperienza in materia legale e giuridica per le aziende, ogni atto pu\u00f2 richiedere molto tempo e, se si commette un errore, pu\u00f2 generare un costo elevato per l&#8217;azienda. Affidandovi ai servizi degli studi legali d&#8217;affari, potrete dimenticarvi di tutte le questioni legali e giuridiche della vostra azienda. In questo modo, potrete concentrare tutti i vostri sforzi sull&#8217;attivit\u00e0 produttiva.<\/li>\n<li><strong>Sicurezza e tranquillit\u00e0:<\/strong> gli esperti d&#8217;impresa, essendo professionisti che conoscono perfettamente le questioni legali aziendali, assicurano che ridurranno al minimo tutti i possibili rischi ottimizzando tutte le vostre risorse. Garantendo il controllo totale della vostra azienda, avrete la sicurezza e la tranquillit\u00e0 che tutto si svolga senza intoppi.<\/li>\n<li><strong>Prevenzione:<\/strong> prima di firmare qualsiasi contratto, i nostri esperti per le aziende lo controlleranno e lo correggeranno o vi forniranno raccomandazioni sulle clausole da includere per proteggervi in futuro. Inoltre, possono aiutarvi a risolvere i problemi in via extragiudiziale, evitandovi di andare in tribunale.<\/li>\n<li><strong>Informazioni:<\/strong> un buon consulente d&#8217;affari risponder\u00e0 a tutte le domande di carattere legale che vi verranno poste. Inoltre, vi terr\u00e0 informati sulla gravit\u00e0 di ogni situazione specifica, sulle possibili conseguenze di una decisione o di un&#8217;altra, ecc.<\/li>\n<li><strong>Due Dilingence Legale<\/strong>: si assicurer\u00e0 che non violiate alcun obbligo legale e che siano rispettate tutte le norme di legge..<\/li>\n<\/ol>\n<h3>\u00a0<\/h3>\n<p><img decoding=\"async\" src=\"https:\/\/delvy.es\/wp-content\/uploads\/2021\/05\/delvy-logo-color.svg\" alt=\"\" width=\"211\" height=\"68\" \/><\/p>\n<h2>Avete bisogno di maggiori informazioni?<\/h2>\n<p>Se desiderate avere uno studio legale specializzato in aziende innovative di tutte le dimensioni, vi invitiamo a contattarci. Abbiamo avvocati d&#8217;impresa a Barcellona, Madrid, Malaga, Pontevedra, Messico e Andorra; compilate il nostro modulo di contatto, inviateci un&#8217;e-mail a info@delvy.es o chiamateci al numero (+34) 935 18 53 85.<\/p>\n<p><a href=\"https:\/\/delvy.es\/it\/contatto\/\">contatto con noi<\/a><\/p>\n<p>\u00a0<\/p>\n<p style=\"text-align: center;\"><a href=\"https:\/\/delvy.es\/abogados-en-malaga\/\">Abogados para empresas M\u00e1laga<\/a> &#8211; <a href=\"https:\/\/delvy.es\/abogados-para-empresas-barcelona\/\">Abogados para empresas Barcelona<\/a> &#8211; <a href=\"https:\/\/delvy.es\/abogados-para-empresas-madrid\/\">Abogados para empresas en Madrid<\/a><\/p>\n<h3>CONTATTO<\/h3>\n","protected":false},"excerpt":{"rendered":"<p>Consulenti Legali per aziende innovative e PMI Cercate i migliori esperti per le aziende innovative? Noi di Delvy offriamo consulenza e assistenza legale esperta in materia di innovazione e nuove tecnologie. Grazie al nostro team di consulenti per aziende, vi forniamo le migliori soluzioni in tutte le aree del diritto commerciale. Abbiamo una visione profonda [&hellip;]<\/p>\n","protected":false},"author":10553,"featured_media":0,"parent":0,"menu_order":0,"comment_status":"closed","ping_status":"closed","template":"","meta":{"_acf_changed":false,"rop_custom_images_group":[],"rop_custom_messages_group":[],"rop_publish_now":"initial","rop_publish_now_accounts":[],"rop_publish_now_history":[],"rop_publish_now_status":"pending","footnotes":""},"class_list":["post-31137","page","type-page","status-publish","hentry"],"acf":[],"yoast_head":"<!-- This site is optimized with the Yoast SEO Premium plugin v25.3.1 (Yoast SEO v27.3) - https:\/\/yoast.com\/product\/yoast-seo-premium-wordpress\/ -->\n<title>Avvocati per Aziende, PMI e Star-up Tecnologiche | Assistenza Legale<\/title>\n<meta name=\"description\" content=\"Cerchi avvocati per aziende? Da Delvy disponiamo di un team di avvocati per PMI o aziende, altamente qualificati. \u2705 Contattaci!\" \/>\n<meta name=\"robots\" content=\"index, follow, max-snippet:-1, max-image-preview:large, max-video-preview:-1\" \/>\n<link rel=\"canonical\" href=\"https:\/\/delvy.es\/it\/consulenza-e-assistenza-legale-avvocati-per-aziende-innovative-e-pmi\/\" \/>\n<meta property=\"og:locale\" content=\"it_IT\" \/>\n<meta property=\"og:type\" content=\"article\" \/>\n<meta property=\"og:title\" content=\"Consulenza e assistenza legale: Avvocati per aziende innovative e PMI\" \/>\n<meta property=\"og:description\" content=\"Cerchi avvocati per aziende? Da Delvy disponiamo di un team di avvocati per PMI o aziende, altamente qualificati. \u2705 Contattaci!\" \/>\n<meta property=\"og:url\" content=\"https:\/\/delvy.es\/it\/consulenza-e-assistenza-legale-avvocati-per-aziende-innovative-e-pmi\/\" \/>\n<meta property=\"og:site_name\" content=\"Delvy\" \/>\n<meta property=\"article:publisher\" content=\"https:\/\/www.facebook.com\/delvyasesores\/\" \/>\n<meta property=\"article:modified_time\" content=\"2025-05-25T17:12:24+00:00\" \/>\n<meta property=\"og:image\" content=\"https:\/\/delvy.es\/wp-content\/uploads\/2021\/05\/delvy-logo-color.svg\" \/>\n<meta name=\"twitter:card\" content=\"summary_large_image\" \/>\n<meta name=\"twitter:site\" content=\"@Delvy_Asesores\" \/>\n<meta name=\"twitter:label1\" content=\"Tempo di lettura stimato\" \/>\n\t<meta name=\"twitter:data1\" content=\"4 minuti\" \/>\n<script type=\"application\/ld+json\" class=\"yoast-schema-graph\">{\"@context\":\"https:\\\/\\\/schema.org\",\"@graph\":[{\"@type\":\"WebPage\",\"@id\":\"https:\\\/\\\/delvy.es\\\/it\\\/consulenza-e-assistenza-legale-avvocati-per-aziende-innovative-e-pmi\\\/\",\"url\":\"https:\\\/\\\/delvy.es\\\/it\\\/consulenza-e-assistenza-legale-avvocati-per-aziende-innovative-e-pmi\\\/\",\"name\":\"Avvocati per Aziende, PMI e Star-up Tecnologiche | Assistenza Legale\",\"isPartOf\":{\"@id\":\"https:\\\/\\\/delvy.es\\\/#website\"},\"primaryImageOfPage\":{\"@id\":\"https:\\\/\\\/delvy.es\\\/it\\\/consulenza-e-assistenza-legale-avvocati-per-aziende-innovative-e-pmi\\\/#primaryimage\"},\"image\":{\"@id\":\"https:\\\/\\\/delvy.es\\\/it\\\/consulenza-e-assistenza-legale-avvocati-per-aziende-innovative-e-pmi\\\/#primaryimage\"},\"thumbnailUrl\":\"https:\\\/\\\/delvy.es\\\/wp-content\\\/uploads\\\/2021\\\/05\\\/delvy-logo-color.svg\",\"datePublished\":\"2022-02-24T09:51:38+00:00\",\"dateModified\":\"2025-05-25T17:12:24+00:00\",\"description\":\"Cerchi avvocati per aziende? Da Delvy disponiamo di un team di avvocati per PMI o aziende, altamente qualificati. \u2705 Contattaci!\",\"breadcrumb\":{\"@id\":\"https:\\\/\\\/delvy.es\\\/it\\\/consulenza-e-assistenza-legale-avvocati-per-aziende-innovative-e-pmi\\\/#breadcrumb\"},\"inLanguage\":\"it-IT\",\"potentialAction\":[{\"@type\":\"ReadAction\",\"target\":[\"https:\\\/\\\/delvy.es\\\/it\\\/consulenza-e-assistenza-legale-avvocati-per-aziende-innovative-e-pmi\\\/\"]}]},{\"@type\":\"ImageObject\",\"inLanguage\":\"it-IT\",\"@id\":\"https:\\\/\\\/delvy.es\\\/it\\\/consulenza-e-assistenza-legale-avvocati-per-aziende-innovative-e-pmi\\\/#primaryimage\",\"url\":\"https:\\\/\\\/delvy.es\\\/wp-content\\\/uploads\\\/2021\\\/05\\\/delvy-logo-color.svg\",\"contentUrl\":\"https:\\\/\\\/delvy.es\\\/wp-content\\\/uploads\\\/2021\\\/05\\\/delvy-logo-color.svg\"},{\"@type\":\"BreadcrumbList\",\"@id\":\"https:\\\/\\\/delvy.es\\\/it\\\/consulenza-e-assistenza-legale-avvocati-per-aziende-innovative-e-pmi\\\/#breadcrumb\",\"itemListElement\":[{\"@type\":\"ListItem\",\"position\":1,\"name\":\"Portada\",\"item\":\"https:\\\/\\\/delvy.es\\\/it\\\/\"},{\"@type\":\"ListItem\",\"position\":2,\"name\":\"Consulenza e assistenza legale: Avvocati per aziende innovative e PMI\"}]},{\"@type\":\"WebSite\",\"@id\":\"https:\\\/\\\/delvy.es\\\/#website\",\"url\":\"https:\\\/\\\/delvy.es\\\/\",\"name\":\"Delvy\",\"description\":\"Asesores Legales Delvy\",\"publisher\":{\"@id\":\"https:\\\/\\\/delvy.es\\\/#organization\"},\"potentialAction\":[{\"@type\":\"SearchAction\",\"target\":{\"@type\":\"EntryPoint\",\"urlTemplate\":\"https:\\\/\\\/delvy.es\\\/?s={search_term_string}\"},\"query-input\":{\"@type\":\"PropertyValueSpecification\",\"valueRequired\":true,\"valueName\":\"search_term_string\"}}],\"inLanguage\":\"it-IT\"},{\"@type\":\"Organization\",\"@id\":\"https:\\\/\\\/delvy.es\\\/#organization\",\"name\":\"Delvy\",\"url\":\"https:\\\/\\\/delvy.es\\\/\",\"logo\":{\"@type\":\"ImageObject\",\"inLanguage\":\"it-IT\",\"@id\":\"https:\\\/\\\/delvy.es\\\/#\\\/schema\\\/logo\\\/image\\\/\",\"url\":\"https:\\\/\\\/delvy.es\\\/wp-content\\\/uploads\\\/2023\\\/11\\\/cropped-favicon-5.png\",\"contentUrl\":\"https:\\\/\\\/delvy.es\\\/wp-content\\\/uploads\\\/2023\\\/11\\\/cropped-favicon-5.png\",\"width\":512,\"height\":512,\"caption\":\"Delvy\"},\"image\":{\"@id\":\"https:\\\/\\\/delvy.es\\\/#\\\/schema\\\/logo\\\/image\\\/\"},\"sameAs\":[\"https:\\\/\\\/www.facebook.com\\\/delvyasesores\\\/\",\"https:\\\/\\\/x.com\\\/Delvy_Asesores\"]}]}<\/script>\n<!-- \/ Yoast SEO Premium plugin. -->","yoast_head_json":{"title":"Avvocati per Aziende, PMI e Star-up Tecnologiche | Assistenza Legale","description":"Cerchi avvocati per aziende? Da Delvy disponiamo di un team di avvocati per PMI o aziende, altamente qualificati. \u2705 Contattaci!","robots":{"index":"index","follow":"follow","max-snippet":"max-snippet:-1","max-image-preview":"max-image-preview:large","max-video-preview":"max-video-preview:-1"},"canonical":"https:\/\/delvy.es\/it\/consulenza-e-assistenza-legale-avvocati-per-aziende-innovative-e-pmi\/","og_locale":"it_IT","og_type":"article","og_title":"Consulenza e assistenza legale: Avvocati per aziende innovative e PMI","og_description":"Cerchi avvocati per aziende? Da Delvy disponiamo di un team di avvocati per PMI o aziende, altamente qualificati. \u2705 Contattaci!","og_url":"https:\/\/delvy.es\/it\/consulenza-e-assistenza-legale-avvocati-per-aziende-innovative-e-pmi\/","og_site_name":"Delvy","article_publisher":"https:\/\/www.facebook.com\/delvyasesores\/","article_modified_time":"2025-05-25T17:12:24+00:00","og_image":[{"url":"https:\/\/delvy.es\/wp-content\/uploads\/2021\/05\/delvy-logo-color.svg","type":"","width":"","height":""}],"twitter_card":"summary_large_image","twitter_site":"@Delvy_Asesores","twitter_misc":{"Tempo di lettura stimato":"4 minuti"},"schema":{"@context":"https:\/\/schema.org","@graph":[{"@type":"WebPage","@id":"https:\/\/delvy.es\/it\/consulenza-e-assistenza-legale-avvocati-per-aziende-innovative-e-pmi\/","url":"https:\/\/delvy.es\/it\/consulenza-e-assistenza-legale-avvocati-per-aziende-innovative-e-pmi\/","name":"Avvocati per Aziende, PMI e Star-up Tecnologiche | Assistenza Legale","isPartOf":{"@id":"https:\/\/delvy.es\/#website"},"primaryImageOfPage":{"@id":"https:\/\/delvy.es\/it\/consulenza-e-assistenza-legale-avvocati-per-aziende-innovative-e-pmi\/#primaryimage"},"image":{"@id":"https:\/\/delvy.es\/it\/consulenza-e-assistenza-legale-avvocati-per-aziende-innovative-e-pmi\/#primaryimage"},"thumbnailUrl":"https:\/\/delvy.es\/wp-content\/uploads\/2021\/05\/delvy-logo-color.svg","datePublished":"2022-02-24T09:51:38+00:00","dateModified":"2025-05-25T17:12:24+00:00","description":"Cerchi avvocati per aziende? Da Delvy disponiamo di un team di avvocati per PMI o aziende, altamente qualificati. \u2705 Contattaci!","breadcrumb":{"@id":"https:\/\/delvy.es\/it\/consulenza-e-assistenza-legale-avvocati-per-aziende-innovative-e-pmi\/#breadcrumb"},"inLanguage":"it-IT","potentialAction":[{"@type":"ReadAction","target":["https:\/\/delvy.es\/it\/consulenza-e-assistenza-legale-avvocati-per-aziende-innovative-e-pmi\/"]}]},{"@type":"ImageObject","inLanguage":"it-IT","@id":"https:\/\/delvy.es\/it\/consulenza-e-assistenza-legale-avvocati-per-aziende-innovative-e-pmi\/#primaryimage","url":"https:\/\/delvy.es\/wp-content\/uploads\/2021\/05\/delvy-logo-color.svg","contentUrl":"https:\/\/delvy.es\/wp-content\/uploads\/2021\/05\/delvy-logo-color.svg"},{"@type":"BreadcrumbList","@id":"https:\/\/delvy.es\/it\/consulenza-e-assistenza-legale-avvocati-per-aziende-innovative-e-pmi\/#breadcrumb","itemListElement":[{"@type":"ListItem","position":1,"name":"Portada","item":"https:\/\/delvy.es\/it\/"},{"@type":"ListItem","position":2,"name":"Consulenza e assistenza legale: Avvocati per aziende innovative e PMI"}]},{"@type":"WebSite","@id":"https:\/\/delvy.es\/#website","url":"https:\/\/delvy.es\/","name":"Delvy","description":"Asesores Legales Delvy","publisher":{"@id":"https:\/\/delvy.es\/#organization"},"potentialAction":[{"@type":"SearchAction","target":{"@type":"EntryPoint","urlTemplate":"https:\/\/delvy.es\/?s={search_term_string}"},"query-input":{"@type":"PropertyValueSpecification","valueRequired":true,"valueName":"search_term_string"}}],"inLanguage":"it-IT"},{"@type":"Organization","@id":"https:\/\/delvy.es\/#organization","name":"Delvy","url":"https:\/\/delvy.es\/","logo":{"@type":"ImageObject","inLanguage":"it-IT","@id":"https:\/\/delvy.es\/#\/schema\/logo\/image\/","url":"https:\/\/delvy.es\/wp-content\/uploads\/2023\/11\/cropped-favicon-5.png","contentUrl":"https:\/\/delvy.es\/wp-content\/uploads\/2023\/11\/cropped-favicon-5.png","width":512,"height":512,"caption":"Delvy"},"image":{"@id":"https:\/\/delvy.es\/#\/schema\/logo\/image\/"},"sameAs":["https:\/\/www.facebook.com\/delvyasesores\/","https:\/\/x.com\/Delvy_Asesores"]}]}},"_links":{"self":[{"href":"https:\/\/delvy.es\/it\/wp-json\/wp\/v2\/pages\/31137","targetHints":{"allow":["GET"]}}],"collection":[{"href":"https:\/\/delvy.es\/it\/wp-json\/wp\/v2\/pages"}],"about":[{"href":"https:\/\/delvy.es\/it\/wp-json\/wp\/v2\/types\/page"}],"author":[{"embeddable":true,"href":"https:\/\/delvy.es\/it\/wp-json\/wp\/v2\/users\/10553"}],"replies":[{"embeddable":true,"href":"https:\/\/delvy.es\/it\/wp-json\/wp\/v2\/comments?post=31137"}],"version-history":[{"count":0,"href":"https:\/\/delvy.es\/it\/wp-json\/wp\/v2\/pages\/31137\/revisions"}],"wp:attachment":[{"href":"https:\/\/delvy.es\/it\/wp-json\/wp\/v2\/media?parent=31137"}],"curies":[{"name":"wp","href":"https:\/\/api.w.org\/{rel}","templated":true}]}}