{"id":31130,"date":"2022-01-12T15:06:04","date_gmt":"2022-01-12T14:06:04","guid":{"rendered":"https:\/\/delvy.es\/financiacion-startups\/"},"modified":"2024-11-28T10:14:07","modified_gmt":"2024-11-28T09:14:07","slug":"finanziamento-delle-startup","status":"publish","type":"page","link":"https:\/\/delvy.es\/it\/finanziamento-delle-startup\/","title":{"rendered":"Finanziamento delle startup"},"content":{"rendered":"\t\t<div data-elementor-type=\"page\" data-elementor-id=\"31132\" class=\"elementor elementor-31132 elementor-28553\" data-elementor-settings=\"{&quot;element_pack_global_tooltip_width&quot;:{&quot;unit&quot;:&quot;px&quot;,&quot;size&quot;:&quot;&quot;,&quot;sizes&quot;:[]},&quot;element_pack_global_tooltip_width_tablet&quot;:{&quot;unit&quot;:&quot;px&quot;,&quot;size&quot;:&quot;&quot;,&quot;sizes&quot;:[]},&quot;element_pack_global_tooltip_width_mobile&quot;:{&quot;unit&quot;:&quot;px&quot;,&quot;size&quot;:&quot;&quot;,&quot;sizes&quot;:[]},&quot;element_pack_global_tooltip_padding&quot;:{&quot;unit&quot;:&quot;px&quot;,&quot;top&quot;:&quot;&quot;,&quot;right&quot;:&quot;&quot;,&quot;bottom&quot;:&quot;&quot;,&quot;left&quot;:&quot;&quot;,&quot;isLinked&quot;:true},&quot;element_pack_global_tooltip_padding_tablet&quot;:{&quot;unit&quot;:&quot;px&quot;,&quot;top&quot;:&quot;&quot;,&quot;right&quot;:&quot;&quot;,&quot;bottom&quot;:&quot;&quot;,&quot;left&quot;:&quot;&quot;,&quot;isLinked&quot;:true},&quot;element_pack_global_tooltip_padding_mobile&quot;:{&quot;unit&quot;:&quot;px&quot;,&quot;top&quot;:&quot;&quot;,&quot;right&quot;:&quot;&quot;,&quot;bottom&quot;:&quot;&quot;,&quot;left&quot;:&quot;&quot;,&quot;isLinked&quot;:true},&quot;element_pack_global_tooltip_border_radius&quot;:{&quot;unit&quot;:&quot;px&quot;,&quot;top&quot;:&quot;&quot;,&quot;right&quot;:&quot;&quot;,&quot;bottom&quot;:&quot;&quot;,&quot;left&quot;:&quot;&quot;,&quot;isLinked&quot;:true},&quot;element_pack_global_tooltip_border_radius_tablet&quot;:{&quot;unit&quot;:&quot;px&quot;,&quot;top&quot;:&quot;&quot;,&quot;right&quot;:&quot;&quot;,&quot;bottom&quot;:&quot;&quot;,&quot;left&quot;:&quot;&quot;,&quot;isLinked&quot;:true},&quot;element_pack_global_tooltip_border_radius_mobile&quot;:{&quot;unit&quot;:&quot;px&quot;,&quot;top&quot;:&quot;&quot;,&quot;right&quot;:&quot;&quot;,&quot;bottom&quot;:&quot;&quot;,&quot;left&quot;:&quot;&quot;,&quot;isLinked&quot;:true}}\" data-elementor-post-type=\"elementor_library\">\n\t\t\t\t\t\t<section class=\"elementor-section elementor-top-section elementor-element elementor-element-4a6f94b elementor-section-boxed elementor-section-height-default elementor-section-height-default\" data-id=\"4a6f94b\" data-element_type=\"section\" data-e-type=\"section\">\n\t\t\t\t\t\t<div class=\"elementor-container elementor-column-gap-default\">\n\t\t\t\t\t<div class=\"elementor-column elementor-col-50 elementor-top-column elementor-element elementor-element-d89383b\" data-id=\"d89383b\" data-element_type=\"column\" data-e-type=\"column\">\n\t\t\t<div class=\"elementor-widget-wrap elementor-element-populated\">\n\t\t\t\t\t\t<div class=\"elementor-element elementor-element-706c0bd elementor-widget elementor-widget-text-editor\" data-id=\"706c0bd\" data-element_type=\"widget\" data-e-type=\"widget\" data-widget_type=\"text-editor.default\">\n\t\t\t\t<div class=\"elementor-widget-container\">\n\t\t\t\t\t\t\t\t\t<h2>Finanziamenti per startup e nuove imprese<\/h2>\nLa raccolta di finanziamenti per startup o nuove imprese \u00e8 una delle specialit\u00e0 di Delvy. Il nostro team di esperti analizzer\u00e0 le peculiarit\u00e0 della vostra nuova impresa e svilupper\u00e0 un piano finanziario su misura per il vostro progetto.\n\nSappiamo che per le startup ottenere credito pu\u00f2 essere una sfida. Ecco perch\u00e9 noi di Delvy vogliamo aiutarvi, che si tratti di ottenere prestiti per la vostra startup, investitori o metodi di finanziamento alternativi.\n\n<img decoding=\"async\" src=\"https:\/\/delvy.es\/wp-content\/uploads\/2022\/01\/financiacion-para-startups-80x80.png\" sizes=\"(max-width: 80px) 100vw, 80px\" srcset=\"https:\/\/delvy.es\/wp-content\/uploads\/2022\/01\/financiacion-para-startups-80x80.png 80w, https:\/\/delvy.es\/wp-content\/uploads\/2022\/01\/financiacion-para-startups-300x300.png 300w, https:\/\/delvy.es\/wp-content\/uploads\/2022\/01\/financiacion-para-startups-120x120.png 120w, https:\/\/delvy.es\/wp-content\/uploads\/2022\/01\/financiacion-para-startups.png 512w\" alt=\"financiacion para startups\" width=\"80\" height=\"80\" \/>\n<h2>Finanziamento di imprese innovative<\/h2>\nChe si tratti di un finanziamento privato o di un credito pubblico, una nuova impresa ha bisogno di ottenere un capitale solido prima di poter iniziare la propria attivit\u00e0.\n\nNoi di Delvy ci occupiamo di contattare gli enti che potrebbero essere interessati a investire nella vostra startup, in modo da ottenere una fonte di finanziamento stabile con cui avviare e mantenere la vostra attivit\u00e0. Non solo, ma sappiamo anche come gestire fonti di finanziamento alternative come il crowdfunding o il crowdsourcing.\n\nCon i nostri servizi, siete sicuri di ottenere un finanziamento in base alle vostre esigenze, siano esse a breve o a lungo termine. Per ogni start-up progettiamo un piano su misura per le vostre esigenze.\n\n<img decoding=\"async\" src=\"https:\/\/delvy.es\/wp-content\/uploads\/2022\/01\/financiacion-de-empresas-80x80.png\" sizes=\"(max-width: 80px) 100vw, 80px\" srcset=\"https:\/\/delvy.es\/wp-content\/uploads\/2022\/01\/financiacion-de-empresas-80x80.png 80w, https:\/\/delvy.es\/wp-content\/uploads\/2022\/01\/financiacion-de-empresas-300x300.png 300w, https:\/\/delvy.es\/wp-content\/uploads\/2022\/01\/financiacion-de-empresas-120x120.png 120w, https:\/\/delvy.es\/wp-content\/uploads\/2022\/01\/financiacion-de-empresas.png 512w\" alt=\"financiacion de empresas\" width=\"80\" height=\"80\" \/>\n<h2>Tipi di finanziamento di cui una startup pu\u00f2 avere bisogno<\/h2>\nI meccanismi per ottenere credito per le startup sono innumerevoli e i nostri professionisti li conoscono tutti. Se riteniamo che il progetto della vostra azienda sia interessante per gli investitori, la raccolta di fondi privati sar\u00e0 l&#8217;alternativa migliore. Per le aziende altrettanto ambiziose ma con una proposta meno attraente per gli investitori, ci rivolgeremo agli enti pubblici, un processo che abbiamo portato avanti con successo in un gran numero di occasioni.\n\nCiononostante, dobbiamo sottolineare i vantaggi del finanziamento alternativo, che vi permette di ottenere un gran numero di investitori in un breve periodo di tempo e, inoltre, di far conoscere la vostra proposta di valore a una comunit\u00e0 interessata, che pu\u00f2 tradursi in nuovi investitori a lungo termine. In breve, qualunque sia l&#8217;attivit\u00e0 della vostra startup, ci sono persone interessate a investire in essa, e da Delvy le troveremo nel pi\u00f9 breve tempo possibile.\n\n<img decoding=\"async\" src=\"https:\/\/delvy.es\/wp-content\/uploads\/2022\/01\/conseguir-financiacion-startup-80x80.png\" sizes=\"(max-width: 80px) 100vw, 80px\" srcset=\"https:\/\/delvy.es\/wp-content\/uploads\/2022\/01\/conseguir-financiacion-startup-80x80.png 80w, https:\/\/delvy.es\/wp-content\/uploads\/2022\/01\/conseguir-financiacion-startup-300x300.png 300w, https:\/\/delvy.es\/wp-content\/uploads\/2022\/01\/conseguir-financiacion-startup-120x120.png 120w, https:\/\/delvy.es\/wp-content\/uploads\/2022\/01\/conseguir-financiacion-startup.png 512w\" alt=\"conseguir financiacion startup\" width=\"80\" height=\"80\" \/>\n<h2>Come possiamo farvi ottenere i finanziamenti di cui avete bisogno?<\/h2>\nIl processo di base \u00e8 semplice. Per prima cosa determiniamo le caratteristiche della vostra startup e selezioniamo le fonti di capitale pi\u00f9 adatte alle vostre esigenze. Come gi\u00e0 detto, le opzioni di credito per una startup sono numerose. Per questo \u00e8 importante che professionisti del settore finanziario vi aiutino in un processo che, se fatto correttamente, pu\u00f2 essere molto breve e fornire una quantit\u00e0 significativa di capitale per la vostra azienda.\n\nI nostri consulenti vi accompagneranno durante tutto il processo e saranno a disposizione per risolvere eventuali dubbi e garantire che il modello di finanziamento scelto sia adatto al vostro progetto.\n<h3>CONTATTO<\/h3>\n<img loading=\"lazy\" decoding=\"async\" src=\"https:\/\/delvy.es\/wp-content\/uploads\/2021\/05\/delvy-logo-color.svg\" alt=\"\" width=\"211\" height=\"68\" \/>\n<h2>Possiamo aiutarvi a finanziare la vostra startup?<\/h2>\nDelvy offre un servizio di consulenza specializzato in finanziamenti per startup e consulenza aziendale in tutta la Spagna.\nDai nostri uffici di Barcellona, Madrid, Malaga, Pontevedra, Messico o Andorra, vi forniamo la consulenza finanziaria necessaria per ottenere finanziamenti per la vostra startup alle migliori condizioni possibili.\n\nAvete bisogno di maggiori informazioni?\n\n<a href=\"https:\/\/delvy.es\/it\/contatto\/\">contattateci<\/a>\n\n<a style=\"color: #862633;\" href=\"https:\/\/delvy.es\/sgr\/\">SGR<\/a> &#8211; <a style=\"color: #862633;\" href=\"https:\/\/delvy.es\/enisa\/\">ENISA<\/a> &#8211; <a style=\"color: #862633;\" href=\"https:\/\/delvy.es\/neotec\/\">NEOTEC<\/a> &#8211; <a style=\"color: #862633;\" href=\"https:\/\/delvy.es\/cdti\/\">CDTI<\/a> &#8211; <a style=\"color: #862633;\" href=\"https:\/\/delvy.es\/instrumento-pyme-eic-accelerator\/\">AIC ACCELERATOR<\/a> &#8211; <a style=\"color: #862633;\" href=\"https:\/\/delvy.es\/credito-financiacion-bancaria\/\">FINANCIACI\u00d3N BANCARIA<\/a> &#8211; <a href=\"https:\/\/delvy.es\/icf-catalunya\/\">ICF CATALUNYA<\/a> &#8211; <a style=\"color: #862633;\" href=\"https:\/\/delvy.es\/startup-capital\/\">SARTUP CAPITAL<\/a> &#8211; <a href=\"https:\/\/delvy.es\/soprea\/\">SOPREA\u00a0<\/a>\n<h4><\/h4>\t\t\t\t\t\t\t\t<\/div>\n\t\t\t\t<\/div>\n\t\t\t\t\t<\/div>\n\t\t<\/div>\n\t\t\t\t<div class=\"elementor-column elementor-col-50 elementor-top-column elementor-element elementor-element-39a3f0d\" data-id=\"39a3f0d\" data-element_type=\"column\" data-e-type=\"column\">\n\t\t\t<div class=\"elementor-widget-wrap elementor-element-populated\">\n\t\t\t\t\t\t<div class=\"elementor-element elementor-element-f0bbccb elementor-widget elementor-widget-heading\" data-id=\"f0bbccb\" data-element_type=\"widget\" data-e-type=\"widget\" data-widget_type=\"heading.default\">\n\t\t\t\t<div class=\"elementor-widget-container\">\n\t\t\t\t\t<h3 class=\"elementor-heading-title elementor-size-default\">CONTATTO<\/h3>\t\t\t\t<\/div>\n\t\t\t\t<\/div>\n\t\t\t\t<div class=\"elementor-element elementor-element-4388f47 elementor-button-align-stretch elementor-widget elementor-widget-global elementor-global-31288 elementor-widget-form\" data-id=\"4388f47\" data-element_type=\"widget\" data-e-type=\"widget\" data-settings=\"{&quot;step_next_label&quot;:&quot;Next&quot;,&quot;step_previous_label&quot;:&quot;Previous&quot;,&quot;button_width&quot;:&quot;100&quot;,&quot;step_type&quot;:&quot;number_text&quot;,&quot;step_icon_shape&quot;:&quot;circle&quot;}\" data-widget_type=\"form.default\">\n\t\t\t\t<div class=\"elementor-widget-container\">\n\t\t\t\t\t\t\t<form class=\"elementor-form\" method=\"post\" name=\"New Form\" aria-label=\"New Form\">\n\t\t\t<input type=\"hidden\" name=\"post_id\" value=\"31132\"\/>\n\t\t\t<input type=\"hidden\" name=\"form_id\" value=\"4388f47\"\/>\n\t\t\t<input type=\"hidden\" name=\"referer_title\" value=\"Delvy\" \/>\n\n\t\t\t\n\t\t\t<div class=\"elementor-form-fields-wrapper elementor-labels-above\">\n\t\t\t\t\t\t\t\t<div class=\"elementor-field-type-text elementor-field-group elementor-column elementor-field-group-name elementor-col-100\">\n\t\t\t\t\t\t\t\t\t\t\t\t<label for=\"form-field-name\" class=\"elementor-field-label\">\n\t\t\t\t\t\t\t\tNome\t\t\t\t\t\t\t<\/label>\n\t\t\t\t\t\t\t\t\t\t\t\t\t\t<input size=\"1\" type=\"text\" name=\"form_fields[name]\" id=\"form-field-name\" class=\"elementor-field elementor-size-sm  elementor-field-textual\" placeholder=\"sj: Andr\u00e9s Sistiaga\">\n\t\t\t\t\t\t\t\t\t\t\t<\/div>\n\t\t\t\t\t\t\t\t<div class=\"elementor-field-type-email elementor-field-group elementor-column elementor-field-group-field_1 elementor-col-100 elementor-field-required\">\n\t\t\t\t\t\t\t\t\t\t\t\t<label for=\"form-field-field_1\" class=\"elementor-field-label\">\n\t\t\t\t\t\t\t\tEmail\t\t\t\t\t\t\t<\/label>\n\t\t\t\t\t\t\t\t\t\t\t\t\t\t<input size=\"1\" type=\"email\" name=\"form_fields[field_1]\" id=\"form-field-field_1\" class=\"elementor-field elementor-size-sm  elementor-field-textual\" placeholder=\"Ej: Andres@sistiaga.com\" required=\"required\">\n\t\t\t\t\t\t\t\t\t\t\t<\/div>\n\t\t\t\t\t\t\t\t<div class=\"elementor-field-type-tel elementor-field-group elementor-column elementor-field-group-email elementor-col-100 elementor-field-required\">\n\t\t\t\t\t\t\t\t\t\t\t\t<label for=\"form-field-email\" class=\"elementor-field-label\">\n\t\t\t\t\t\t\t\tTelefono + Codice paese\t\t\t\t\t\t\t<\/label>\n\t\t\t\t\t\t\t\t<input size=\"1\" type=\"tel\" name=\"form_fields[email]\" id=\"form-field-email\" class=\"elementor-field elementor-size-sm  elementor-field-textual\" placeholder=\"Es: 0034671836996\" required=\"required\" pattern=\"[0-9()#&amp;+*-=.]+\" title=\"Sono accettati solo numeri e caratteri telefonici (#, -, *, ecc.).\">\n\n\t\t\t\t\t\t<\/div>\n\t\t\t\t\t\t\t\t<div class=\"elementor-field-type-textarea elementor-field-group elementor-column elementor-field-group-field_2 elementor-col-100 elementor-field-required\">\n\t\t\t\t\t\t\t\t\t\t\t\t<label for=\"form-field-field_2\" class=\"elementor-field-label\">\n\t\t\t\t\t\t\t\tMessaggio\t\t\t\t\t\t\t<\/label>\n\t\t\t\t\t\t<textarea class=\"elementor-field-textual elementor-field  elementor-size-sm\" name=\"form_fields[field_2]\" id=\"form-field-field_2\" rows=\"4\" placeholder=\"Messaggio\" required=\"required\"><\/textarea>\t\t\t\t<\/div>\n\t\t\t\t\t\t\t\t<div class=\"elementor-field-type-acceptance elementor-field-group elementor-column elementor-field-group-field_3 elementor-col-100 elementor-field-required\">\n\t\t\t\t\t\t\t\t\t\t\t\t<label for=\"form-field-field_3\" class=\"elementor-field-label\">\n\t\t\t\t\t\t\t\tInformativa sulla privacy\t\t\t\t\t\t\t<\/label>\n\t\t\t\t\t\t\t\t<div class=\"elementor-field-subgroup\">\n\t\t\t<span class=\"elementor-field-option\">\n\t\t\t\t<input type=\"checkbox\" name=\"form_fields[field_3]\" id=\"form-field-field_3\" class=\"elementor-field elementor-size-sm  elementor-acceptance-field\" required=\"required\">\n\t\t\t\t<label for=\"form-field-field_3\">Accetto la <span style=\u201ccolor: #800000;\u201d><a style=\u201ccolor: #800000;\u201d href=\u201chttps:\/\/delvy.es\/politica-privacidad\/\u201d>Privacy Policy<\/a><\/span>.<\/label>\t\t\t<\/span>\n\t\t<\/div>\n\t\t\t\t\t\t<\/div>\n\t\t\t\t\t\t\t\t<div class=\"elementor-field-type-acceptance elementor-field-group elementor-column elementor-field-group-field_4 elementor-col-100\">\n\t\t\t\t\t\t\t\t\t\t\t\t<label for=\"form-field-field_4\" class=\"elementor-field-label\">\n\t\t\t\t\t\t\t\tbollettino informativo\t\t\t\t\t\t\t<\/label>\n\t\t\t\t\t\t\t\t<div class=\"elementor-field-subgroup\">\n\t\t\t<span class=\"elementor-field-option\">\n\t\t\t\t<input type=\"checkbox\" name=\"form_fields[field_4]\" id=\"form-field-field_4\" class=\"elementor-field elementor-size-sm  elementor-acceptance-field\">\n\t\t\t\t<label for=\"form-field-field_4\">Accetto di ricevere la Newsletter di Delvy, anche per via elettronica.<\/label>\t\t\t<\/span>\n\t\t<\/div>\n\t\t\t\t\t\t<\/div>\n\t\t\t\t\t\t\t\t<div class=\"elementor-field-type-html elementor-field-group elementor-column elementor-field-group-field_5 elementor-col-100\">\n\t\t\t\t\t<p style=\"text-align: left; font-size: 10px;line-height:1.2em;\"><span style=\"color: #808080;\"><strong>INFORMAZIONI SULLA PROTEZIONE DEI DATI GLOBALI DI DELVY, SL<\/strong><strong>Scopi:<\/strong> Fornirti un mezzo per contattarci e rispondere alle tue richieste di informazioni, nonch\u00e9 inviarti la nostra newsletter commerciale e comunicazioni informative che potrebbero interessarti, anche per via elettronica, se accetti la casella corrispondente. <strong>Legittimazione:<\/strong> il tuo consenso esplicito, l'esecuzione del rapporto precontrattuale o contrattuale intrattenuto con te e l'interesse legittimo di Delvy. <strong>Destinatari:<\/strong> le informazioni fornite potrebbero essere condivise con il nostro database di archiviazione e fornitori di terze parti che ci aiutano nella fornitura di servizi. <strong>Diritti:<\/strong> puoi revocare il tuo consenso in qualsiasi momento, nonch\u00e9 richiedere l'accesso, la rettifica, la limitazione, la cancellazione e\/o la portabilit\u00e0 dei tuoi dati all'indirizzo email info@delvy.es. <strong>Informazioni aggiuntive:<\/strong> Puoi espandere le informazioni nel link <strong>Ho letto e accetto la <a href=\"https:\/\/delvy.es\/politica-privacidad\/\" rel=\"noopener\" target =\"_blank\">Informativa sulla privacy<\/a><\/strong><\/span><\/p>\t\t\t\t<\/div>\n\t\t\t\t\t\t\t\t<div class=\"elementor-field-type-recaptcha_v3 elementor-field-group elementor-column elementor-field-group-field_6 elementor-col-100 recaptcha_v3-inline\">\n\t\t\t\t\t<div class=\"elementor-field\" id=\"form-field-field_6\"><div class=\"elementor-g-recaptcha\" data-sitekey=\"6Lc-1NUpAAAAAKYVR9X16gnz9H5a1Y_x9ua7Z9Tn\" data-type=\"v3\" data-action=\"Form\" data-badge=\"inline\" data-size=\"invisible\"><\/div><\/div>\t\t\t\t<\/div>\n\t\t\t\t\t\t\t\t<div class=\"elementor-field-type-text\">\n\t\t\t\t\t<input size=\"1\" type=\"text\" name=\"form_fields[antispam]\" id=\"form-field-antispam\" class=\"elementor-field elementor-size-sm \" style=\"display:none !important;\">\t\t\t\t<\/div>\n\t\t\t\t\t\t\t\t<div class=\"elementor-field-type-html elementor-field-group elementor-column elementor-field-group-field_f003e24 elementor-col-100\">\n\t\t\t\t\tDELVY\t\t\t\t<\/div>\n\t\t\t\t\t\t\t\t<div class=\"elementor-field-group elementor-column elementor-field-type-submit elementor-col-100 e-form__buttons\">\n\t\t\t\t\t<button class=\"elementor-button elementor-size-sm\" type=\"submit\">\n\t\t\t\t\t\t<span class=\"elementor-button-content-wrapper\">\n\t\t\t\t\t\t\t\t\t\t\t\t\t\t\t<span class=\"elementor-button-icon\">\n\t\t\t\t\t\t\t\t\t<i aria-hidden=\"true\" class=\"fas fa-long-arrow-alt-right\"><\/i>\t\t\t\t\t\t\t\t\t\t\t\t\t\t\t\t\t<\/span>\n\t\t\t\t\t\t\t\t\t\t\t\t\t\t\t\t\t\t\t\t\t\t<span class=\"elementor-button-text\">INVIARE<\/span>\n\t\t\t\t\t\t\t\t\t\t\t\t\t<\/span>\n\t\t\t\t\t<\/button>\n\t\t\t\t<\/div>\n\t\t\t<\/div>\n\t\t<\/form>\n\t\t\t\t\t\t<\/div>\n\t\t\t\t<\/div>\n\t\t\t\t\t<\/div>\n\t\t<\/div>\n\t\t\t\t\t<\/div>\n\t\t<\/section>\n\t\t\t\t<\/div>\n\t\t\n","protected":false},"excerpt":{"rendered":"","protected":false},"author":10553,"featured_media":0,"parent":0,"menu_order":0,"comment_status":"closed","ping_status":"closed","template":"","meta":{"_acf_changed":false,"rop_custom_images_group":[],"rop_custom_messages_group":[],"rop_publish_now":"initial","rop_publish_now_accounts":[],"rop_publish_now_history":[],"rop_publish_now_status":"pending","footnotes":""},"class_list":["post-31130","page","type-page","status-publish","hentry"],"acf":[],"yoast_head":"<!-- This site is optimized with the Yoast SEO Premium plugin v25.3.1 (Yoast SEO v27.3) - https:\/\/yoast.com\/product\/yoast-seo-premium-wordpress\/ -->\n<title>Scopri il Miglior Finanziamento per Start-up nel 2026 | Delvy<\/title>\n<meta name=\"description\" content=\"Cerchi finanziamenti per start-up o nuove imprese? In Delvy analizziamo il tuo caso, ti offriamo consulenza e ti accompagniamo in ogni fase del processo.\" \/>\n<meta name=\"robots\" content=\"index, follow, max-snippet:-1, max-image-preview:large, max-video-preview:-1\" \/>\n<link rel=\"canonical\" href=\"https:\/\/delvy.es\/it\/finanziamento-delle-startup\/\" \/>\n<meta property=\"og:locale\" content=\"it_IT\" \/>\n<meta property=\"og:type\" content=\"article\" \/>\n<meta property=\"og:title\" content=\"Finanziamento delle startup\" \/>\n<meta property=\"og:description\" content=\"Cerchi finanziamenti per start-up o nuove imprese? In Delvy analizziamo il tuo caso, ti offriamo consulenza e ti accompagniamo in ogni fase del processo.\" \/>\n<meta property=\"og:url\" content=\"https:\/\/delvy.es\/it\/finanziamento-delle-startup\/\" \/>\n<meta property=\"og:site_name\" content=\"Delvy\" \/>\n<meta property=\"article:publisher\" content=\"https:\/\/www.facebook.com\/delvyasesores\/\" \/>\n<meta property=\"article:modified_time\" content=\"2024-11-28T09:14:07+00:00\" \/>\n<meta name=\"twitter:card\" content=\"summary_large_image\" \/>\n<meta name=\"twitter:site\" content=\"@Delvy_Asesores\" \/>\n<script type=\"application\/ld+json\" class=\"yoast-schema-graph\">{\"@context\":\"https:\\\/\\\/schema.org\",\"@graph\":[{\"@type\":\"WebPage\",\"@id\":\"https:\\\/\\\/delvy.es\\\/it\\\/finanziamento-delle-startup\\\/\",\"url\":\"https:\\\/\\\/delvy.es\\\/it\\\/finanziamento-delle-startup\\\/\",\"name\":\"Scopri il Miglior Finanziamento per Start-up nel 2026 | Delvy\",\"isPartOf\":{\"@id\":\"https:\\\/\\\/delvy.es\\\/#website\"},\"datePublished\":\"2022-01-12T14:06:04+00:00\",\"dateModified\":\"2024-11-28T09:14:07+00:00\",\"description\":\"Cerchi finanziamenti per start-up o nuove imprese? In Delvy analizziamo il tuo caso, ti offriamo consulenza e ti accompagniamo in ogni fase del processo.\",\"breadcrumb\":{\"@id\":\"https:\\\/\\\/delvy.es\\\/it\\\/finanziamento-delle-startup\\\/#breadcrumb\"},\"inLanguage\":\"it-IT\",\"potentialAction\":[{\"@type\":\"ReadAction\",\"target\":[\"https:\\\/\\\/delvy.es\\\/it\\\/finanziamento-delle-startup\\\/\"]}]},{\"@type\":\"BreadcrumbList\",\"@id\":\"https:\\\/\\\/delvy.es\\\/it\\\/finanziamento-delle-startup\\\/#breadcrumb\",\"itemListElement\":[{\"@type\":\"ListItem\",\"position\":1,\"name\":\"Portada\",\"item\":\"https:\\\/\\\/delvy.es\\\/it\\\/\"},{\"@type\":\"ListItem\",\"position\":2,\"name\":\"Finanziamento delle startup\"}]},{\"@type\":\"WebSite\",\"@id\":\"https:\\\/\\\/delvy.es\\\/#website\",\"url\":\"https:\\\/\\\/delvy.es\\\/\",\"name\":\"Delvy\",\"description\":\"Asesores Legales Delvy\",\"publisher\":{\"@id\":\"https:\\\/\\\/delvy.es\\\/#organization\"},\"potentialAction\":[{\"@type\":\"SearchAction\",\"target\":{\"@type\":\"EntryPoint\",\"urlTemplate\":\"https:\\\/\\\/delvy.es\\\/?s={search_term_string}\"},\"query-input\":{\"@type\":\"PropertyValueSpecification\",\"valueRequired\":true,\"valueName\":\"search_term_string\"}}],\"inLanguage\":\"it-IT\"},{\"@type\":\"Organization\",\"@id\":\"https:\\\/\\\/delvy.es\\\/#organization\",\"name\":\"Delvy\",\"url\":\"https:\\\/\\\/delvy.es\\\/\",\"logo\":{\"@type\":\"ImageObject\",\"inLanguage\":\"it-IT\",\"@id\":\"https:\\\/\\\/delvy.es\\\/#\\\/schema\\\/logo\\\/image\\\/\",\"url\":\"https:\\\/\\\/delvy.es\\\/wp-content\\\/uploads\\\/2023\\\/11\\\/cropped-favicon-5.png\",\"contentUrl\":\"https:\\\/\\\/delvy.es\\\/wp-content\\\/uploads\\\/2023\\\/11\\\/cropped-favicon-5.png\",\"width\":512,\"height\":512,\"caption\":\"Delvy\"},\"image\":{\"@id\":\"https:\\\/\\\/delvy.es\\\/#\\\/schema\\\/logo\\\/image\\\/\"},\"sameAs\":[\"https:\\\/\\\/www.facebook.com\\\/delvyasesores\\\/\",\"https:\\\/\\\/x.com\\\/Delvy_Asesores\"]}]}<\/script>\n<!-- \/ Yoast SEO Premium plugin. -->","yoast_head_json":{"title":"Scopri il Miglior Finanziamento per Start-up nel 2026 | Delvy","description":"Cerchi finanziamenti per start-up o nuove imprese? In Delvy analizziamo il tuo caso, ti offriamo consulenza e ti accompagniamo in ogni fase del processo.","robots":{"index":"index","follow":"follow","max-snippet":"max-snippet:-1","max-image-preview":"max-image-preview:large","max-video-preview":"max-video-preview:-1"},"canonical":"https:\/\/delvy.es\/it\/finanziamento-delle-startup\/","og_locale":"it_IT","og_type":"article","og_title":"Finanziamento delle startup","og_description":"Cerchi finanziamenti per start-up o nuove imprese? In Delvy analizziamo il tuo caso, ti offriamo consulenza e ti accompagniamo in ogni fase del processo.","og_url":"https:\/\/delvy.es\/it\/finanziamento-delle-startup\/","og_site_name":"Delvy","article_publisher":"https:\/\/www.facebook.com\/delvyasesores\/","article_modified_time":"2024-11-28T09:14:07+00:00","twitter_card":"summary_large_image","twitter_site":"@Delvy_Asesores","schema":{"@context":"https:\/\/schema.org","@graph":[{"@type":"WebPage","@id":"https:\/\/delvy.es\/it\/finanziamento-delle-startup\/","url":"https:\/\/delvy.es\/it\/finanziamento-delle-startup\/","name":"Scopri il Miglior Finanziamento per Start-up nel 2026 | Delvy","isPartOf":{"@id":"https:\/\/delvy.es\/#website"},"datePublished":"2022-01-12T14:06:04+00:00","dateModified":"2024-11-28T09:14:07+00:00","description":"Cerchi finanziamenti per start-up o nuove imprese? In Delvy analizziamo il tuo caso, ti offriamo consulenza e ti accompagniamo in ogni fase del processo.","breadcrumb":{"@id":"https:\/\/delvy.es\/it\/finanziamento-delle-startup\/#breadcrumb"},"inLanguage":"it-IT","potentialAction":[{"@type":"ReadAction","target":["https:\/\/delvy.es\/it\/finanziamento-delle-startup\/"]}]},{"@type":"BreadcrumbList","@id":"https:\/\/delvy.es\/it\/finanziamento-delle-startup\/#breadcrumb","itemListElement":[{"@type":"ListItem","position":1,"name":"Portada","item":"https:\/\/delvy.es\/it\/"},{"@type":"ListItem","position":2,"name":"Finanziamento delle startup"}]},{"@type":"WebSite","@id":"https:\/\/delvy.es\/#website","url":"https:\/\/delvy.es\/","name":"Delvy","description":"Asesores Legales Delvy","publisher":{"@id":"https:\/\/delvy.es\/#organization"},"potentialAction":[{"@type":"SearchAction","target":{"@type":"EntryPoint","urlTemplate":"https:\/\/delvy.es\/?s={search_term_string}"},"query-input":{"@type":"PropertyValueSpecification","valueRequired":true,"valueName":"search_term_string"}}],"inLanguage":"it-IT"},{"@type":"Organization","@id":"https:\/\/delvy.es\/#organization","name":"Delvy","url":"https:\/\/delvy.es\/","logo":{"@type":"ImageObject","inLanguage":"it-IT","@id":"https:\/\/delvy.es\/#\/schema\/logo\/image\/","url":"https:\/\/delvy.es\/wp-content\/uploads\/2023\/11\/cropped-favicon-5.png","contentUrl":"https:\/\/delvy.es\/wp-content\/uploads\/2023\/11\/cropped-favicon-5.png","width":512,"height":512,"caption":"Delvy"},"image":{"@id":"https:\/\/delvy.es\/#\/schema\/logo\/image\/"},"sameAs":["https:\/\/www.facebook.com\/delvyasesores\/","https:\/\/x.com\/Delvy_Asesores"]}]}},"_links":{"self":[{"href":"https:\/\/delvy.es\/it\/wp-json\/wp\/v2\/pages\/31130","targetHints":{"allow":["GET"]}}],"collection":[{"href":"https:\/\/delvy.es\/it\/wp-json\/wp\/v2\/pages"}],"about":[{"href":"https:\/\/delvy.es\/it\/wp-json\/wp\/v2\/types\/page"}],"author":[{"embeddable":true,"href":"https:\/\/delvy.es\/it\/wp-json\/wp\/v2\/users\/10553"}],"replies":[{"embeddable":true,"href":"https:\/\/delvy.es\/it\/wp-json\/wp\/v2\/comments?post=31130"}],"version-history":[{"count":0,"href":"https:\/\/delvy.es\/it\/wp-json\/wp\/v2\/pages\/31130\/revisions"}],"wp:attachment":[{"href":"https:\/\/delvy.es\/it\/wp-json\/wp\/v2\/media?parent=31130"}],"curies":[{"name":"wp","href":"https:\/\/api.w.org\/{rel}","templated":true}]}}