{"id":28053,"date":"2023-11-16T19:50:17","date_gmt":"2023-11-16T18:50:17","guid":{"rendered":"https:\/\/delvy.es\/?page_id=28053"},"modified":"2023-11-16T19:50:17","modified_gmt":"2023-11-16T18:50:17","slug":"travail","status":"publish","type":"page","link":"https:\/\/delvy.es\/fr\/travail\/","title":{"rendered":"Travail"},"content":{"rendered":"\t\t<div data-elementor-type=\"page\" data-elementor-id=\"27902\" class=\"elementor elementor-27902 elementor-15989\" data-elementor-settings=\"{&quot;element_pack_global_tooltip_width&quot;:{&quot;unit&quot;:&quot;px&quot;,&quot;size&quot;:&quot;&quot;,&quot;sizes&quot;:[]},&quot;element_pack_global_tooltip_width_tablet&quot;:{&quot;unit&quot;:&quot;px&quot;,&quot;size&quot;:&quot;&quot;,&quot;sizes&quot;:[]},&quot;element_pack_global_tooltip_width_mobile&quot;:{&quot;unit&quot;:&quot;px&quot;,&quot;size&quot;:&quot;&quot;,&quot;sizes&quot;:[]},&quot;element_pack_global_tooltip_padding&quot;:{&quot;unit&quot;:&quot;px&quot;,&quot;top&quot;:&quot;&quot;,&quot;right&quot;:&quot;&quot;,&quot;bottom&quot;:&quot;&quot;,&quot;left&quot;:&quot;&quot;,&quot;isLinked&quot;:true},&quot;element_pack_global_tooltip_padding_tablet&quot;:{&quot;unit&quot;:&quot;px&quot;,&quot;top&quot;:&quot;&quot;,&quot;right&quot;:&quot;&quot;,&quot;bottom&quot;:&quot;&quot;,&quot;left&quot;:&quot;&quot;,&quot;isLinked&quot;:true},&quot;element_pack_global_tooltip_padding_mobile&quot;:{&quot;unit&quot;:&quot;px&quot;,&quot;top&quot;:&quot;&quot;,&quot;right&quot;:&quot;&quot;,&quot;bottom&quot;:&quot;&quot;,&quot;left&quot;:&quot;&quot;,&quot;isLinked&quot;:true},&quot;element_pack_global_tooltip_border_radius&quot;:{&quot;unit&quot;:&quot;px&quot;,&quot;top&quot;:&quot;&quot;,&quot;right&quot;:&quot;&quot;,&quot;bottom&quot;:&quot;&quot;,&quot;left&quot;:&quot;&quot;,&quot;isLinked&quot;:true},&quot;element_pack_global_tooltip_border_radius_tablet&quot;:{&quot;unit&quot;:&quot;px&quot;,&quot;top&quot;:&quot;&quot;,&quot;right&quot;:&quot;&quot;,&quot;bottom&quot;:&quot;&quot;,&quot;left&quot;:&quot;&quot;,&quot;isLinked&quot;:true},&quot;element_pack_global_tooltip_border_radius_mobile&quot;:{&quot;unit&quot;:&quot;px&quot;,&quot;top&quot;:&quot;&quot;,&quot;right&quot;:&quot;&quot;,&quot;bottom&quot;:&quot;&quot;,&quot;left&quot;:&quot;&quot;,&quot;isLinked&quot;:true}}\" data-elementor-post-type=\"elementor_library\">\n\t\t\t\t\t\t<section class=\"elementor-section elementor-top-section elementor-element elementor-element-569bfa37 elementor-section-boxed elementor-section-height-default elementor-section-height-default\" data-id=\"569bfa37\" data-element_type=\"section\" data-e-type=\"section\">\n\t\t\t\t\t\t<div class=\"elementor-container elementor-column-gap-default\">\n\t\t\t\t\t<div class=\"elementor-column elementor-col-50 elementor-top-column elementor-element elementor-element-699db79a\" data-id=\"699db79a\" data-element_type=\"column\" data-e-type=\"column\">\n\t\t\t<div class=\"elementor-widget-wrap elementor-element-populated\">\n\t\t\t\t\t\t<div class=\"elementor-element elementor-element-2b47580c elementor-widget elementor-widget-heading\" data-id=\"2b47580c\" data-element_type=\"widget\" data-e-type=\"widget\" data-widget_type=\"heading.default\">\n\t\t\t\t<div class=\"elementor-widget-container\">\n\t\t\t\t\t<h1 class=\"elementor-heading-title elementor-size-default\">TRAVAIL<\/h1>\t\t\t\t<\/div>\n\t\t\t\t<\/div>\n\t\t\t\t<div class=\"elementor-element elementor-element-1f10d6d7 elementor-widget elementor-widget-text-editor\" data-id=\"1f10d6d7\" data-element_type=\"widget\" data-e-type=\"widget\" data-widget_type=\"text-editor.default\">\n\t\t\t\t<div class=\"elementor-widget-container\">\n\t\t\t\t\t\t\t\t\t<p>Chez Delvy, nous disposons d&rsquo;une \u00e9quipe d&rsquo; experts professionnels dans le domaine du travail qui nous permet d&rsquo;offrir un service sp\u00e9cialis\u00e9 de gestion du travail et de conseil aux entreprises tant au niveau national qu&rsquo;international.<\/p><p>De m\u00eame, et en tant que conseil 360 , nous d\u00e9veloppons un service de gestion du travail et de conseil coordonn\u00e9 avec le reste des domaines qui font partie de Delvy qui nous permet de garantir une attention globale \u00e0 nos clients.<\/p><p>Parmi nos multiples services li\u00e9s au domaine du travail, nous soulignons les suivants :<\/p>\t\t\t\t\t\t\t\t<\/div>\n\t\t\t\t<\/div>\n\t\t\t\t<section class=\"elementor-section elementor-inner-section elementor-element elementor-element-20205545 elementor-section-boxed elementor-section-height-default elementor-section-height-default\" data-id=\"20205545\" data-element_type=\"section\" data-e-type=\"section\">\n\t\t\t\t\t\t<div class=\"elementor-container elementor-column-gap-default\">\n\t\t\t\t\t<div class=\"elementor-column elementor-col-100 elementor-inner-column elementor-element elementor-element-662dad06\" data-id=\"662dad06\" data-element_type=\"column\" data-e-type=\"column\">\n\t\t\t<div class=\"elementor-widget-wrap elementor-element-populated\">\n\t\t\t\t\t\t<div class=\"elementor-element elementor-element-1a6782d4 elementor-widget elementor-widget-heading\" data-id=\"1a6782d4\" data-element_type=\"widget\" data-e-type=\"widget\" data-widget_type=\"heading.default\">\n\t\t\t\t<div class=\"elementor-widget-container\">\n\t\t\t\t\t<h2 class=\"elementor-heading-title elementor-size-default\">SERVICES DE ZONE DE TRAVAIL<\/h2>\t\t\t\t<\/div>\n\t\t\t\t<\/div>\n\t\t\t\t<div class=\"elementor-element elementor-element-3586b589 elementor-widget elementor-widget-text-editor\" data-id=\"3586b589\" data-element_type=\"widget\" data-e-type=\"widget\" data-widget_type=\"text-editor.default\">\n\t\t\t\t<div class=\"elementor-widget-container\">\n\t\t\t\t\t\t\t\t\t<ul>\n \t<li>Calcul des rentr\u00e9es de salaire mensuelles.<\/li>\n \t<li>Gestion des remises bancaires mensuelles.<\/li>\n \t<li>R\u00e9capitulatifs personnalis\u00e9s des frais de personnel.<\/li>\n \t<li>Calcul et analyse des co\u00fbts des frais de personnel.<\/li>\n \t<li>Dossiers de r\u00e9mun\u00e9ration.<\/li>\n \t<li>Application et mises \u00e0 jour des accords.<\/li>\n \t<li>Calcul des arri\u00e9r\u00e9s d&rsquo;accords.<\/li>\n \t<li>Traitement des mouvements d&rsquo;affiliation \u00e0 la s\u00e9curit\u00e9 sociale (inscriptions, annulations, modifications, etc.).<\/li>\n \t<li>Communications \u00e0 la Sepe (des contrats de travail, des prolongations, des transformations en CDI, des accords de t\u00e9l\u00e9travail, etc.).<\/li>\n \t<li>Pr\u00e9paration des contrats de travail, prolongations, transformations en CDI et tous types d&rsquo;annexes contractuelles.<\/li>\n \t<li>Pr\u00e9paration de clauses contractuelles sp\u00e9cifiques telles que la non-concurrence, l&rsquo;exclusivit\u00e9 ou la confidentialit\u00e9, entre autres.<\/li>\n \t<li>Des changements substantiels dans les conditions de travail.<\/li>\n \t<li>Pr\u00e9paration des accords de t\u00e9l\u00e9travail.<\/li>\n \t<li>Gestion des rapports m\u00e9dicaux.<\/li>\n \t<li>Communication et consolidation des RLC et CRA mensuels devant la Tr\u00e9sorerie G\u00e9n\u00e9rale de la S\u00e9curit\u00e9 Sociale.<\/li>\n \t<li>Conseil et traitement des licenciements de tous types.<\/li>\n \t<li>Gestion compl\u00e8te des proc\u00e9dures d&rsquo;Ere et d&rsquo;Erte.<\/li>\n \t<li>Communications li\u00e9es aux travailleurs d\u00e9plac\u00e9s.<\/li>\n \t<li>Pr\u00e9paration des calendriers de travail.<\/li>\n \t<li>Proc\u00e9dures d&rsquo;audit du travail.<\/li>\n \t<li>Pr\u00e9paration et pr\u00e9sentation \u00e0 l&rsquo;Agence des Imp\u00f4ts des formulaires 111, 216, 190 et 296 de l&rsquo;imp\u00f4t sur le revenu des personnes physiques.<\/li>\n \t<li>R\u00e9ception et suivi des notifications de la Tr\u00e9sorerie G\u00e9n\u00e9rale de la S\u00e9curit\u00e9 Sociale.<\/li>\n \t<li>Assistance et r\u00e9ponse aux exigences de l&rsquo;Inspection du Travail et de la S\u00e9curit\u00e9 Sociale.<\/li>\n \t<li>N\u00e9gociation et participation aux actes de conciliation devant la CMAC.<\/li>\n \t<li>Etude du caract\u00e8re commercial ou syndical des organes administratifs des entreprises, et de leur encadrement correct dans le syst\u00e8me de s\u00e9curit\u00e9 sociale.<\/li>\n \t<li>Conseils de travail continus \u00e0 nos clients en relation avec toute question ou situation li\u00e9e au lieu de travail.<\/li>\n<\/ul>\n&nbsp;\n\nInformer constamment nos clients des aspects les plus significatifs des d\u00e9veloppements qui se produisent en mati\u00e8re socio-travail.\t\t\t\t\t\t\t\t<\/div>\n\t\t\t\t<\/div>\n\t\t\t\t\t<\/div>\n\t\t<\/div>\n\t\t\t\t\t<\/div>\n\t\t<\/section>\n\t\t\t\t<div class=\"elementor-element elementor-element-9e1e55a elementor-widget elementor-widget-spacer\" data-id=\"9e1e55a\" data-element_type=\"widget\" data-e-type=\"widget\" data-widget_type=\"spacer.default\">\n\t\t\t\t<div class=\"elementor-widget-container\">\n\t\t\t\t\t\t\t<div class=\"elementor-spacer\">\n\t\t\t<div class=\"elementor-spacer-inner\"><\/div>\n\t\t<\/div>\n\t\t\t\t\t\t<\/div>\n\t\t\t\t<\/div>\n\t\t\t\t<div class=\"elementor-element elementor-element-3d6bab93 elementor-widget elementor-widget-heading\" data-id=\"3d6bab93\" data-element_type=\"widget\" data-e-type=\"widget\" data-widget_type=\"heading.default\">\n\t\t\t\t<div class=\"elementor-widget-container\">\n\t\t\t\t\t<h2 class=\"elementor-heading-title elementor-size-default\">AVOCATS ET CONSEILLERS DU TRAVAIL<\/h2>\t\t\t\t<\/div>\n\t\t\t\t<\/div>\n\t\t\t\t<div class=\"elementor-element elementor-element-7f5a0ae0 elementor-widget elementor-widget-text-editor\" data-id=\"7f5a0ae0\" data-element_type=\"widget\" data-e-type=\"widget\" data-widget_type=\"text-editor.default\">\n\t\t\t\t<div class=\"elementor-widget-container\">\n\t\t\t\t\t\t\t\t\t<p><span style=\"font-weight: 400;\">Vous recherchez un conseiller en droit du travail ou un avocat \u00e0 Barcelone, Madrid, <\/span><span style=\"font-weight: 400;\">M\u00e1laga<\/span><span style=\"font-weight: 400;\">, Pontevedra, <\/span><span style=\"font-weight: 400;\">Andorre<\/span><span style=\"font-weight: 400;\"> ou Mexico ? Chez Delvy, nous sommes des avocats et des conseillers en droit du travail sp\u00e9cialis\u00e9s dans les entreprises, les travailleurs ind\u00e9pendants et nous poss\u00e9dons une vaste exp\u00e9rience en tant que consultant dans tous types de projets de toutes tailles.<\/span><\/p><p style=\"text-align: center;\">\u00a0<\/p>\t\t\t\t\t\t\t\t<\/div>\n\t\t\t\t<\/div>\n\t\t\t\t<div class=\"elementor-element elementor-element-61fdc2fc elementor-align-center elementor-widget elementor-widget-button\" data-id=\"61fdc2fc\" data-element_type=\"widget\" data-e-type=\"widget\" data-widget_type=\"button.default\">\n\t\t\t\t<div class=\"elementor-widget-container\">\n\t\t\t\t\t\t\t\t\t<div class=\"elementor-button-wrapper\">\n\t\t\t\t\t<a class=\"elementor-button elementor-button-link elementor-size-xs\" href=\"https:\/\/delvy.es\/fr\/contacter\/\">\n\t\t\t\t\t\t<span class=\"elementor-button-content-wrapper\">\n\t\t\t\t\t\t\t\t\t<span class=\"elementor-button-text\">Contactez notre \u00e9quipe de sp\u00e9cialistes<\/span>\n\t\t\t\t\t<\/span>\n\t\t\t\t\t<\/a>\n\t\t\t\t<\/div>\n\t\t\t\t\t\t\t\t<\/div>\n\t\t\t\t<\/div>\n\t\t\t\t\t<\/div>\n\t\t<\/div>\n\t\t\t\t<div class=\"elementor-column elementor-col-50 elementor-top-column elementor-element elementor-element-46a2a92\" data-id=\"46a2a92\" data-element_type=\"column\" data-e-type=\"column\" data-settings=\"{&quot;background_background&quot;:&quot;classic&quot;}\">\n\t\t\t<div class=\"elementor-widget-wrap elementor-element-populated\">\n\t\t\t\t\t\t<div class=\"elementor-element elementor-element-7857b68 elementor-widget elementor-widget-heading\" data-id=\"7857b68\" data-element_type=\"widget\" data-e-type=\"widget\" data-widget_type=\"heading.default\">\n\t\t\t\t<div class=\"elementor-widget-container\">\n\t\t\t\t\t<h3 class=\"elementor-heading-title elementor-size-default\">CONTACTEZ-NOUS<\/h3>\t\t\t\t<\/div>\n\t\t\t\t<\/div>\n\t\t\t\t<div class=\"elementor-element elementor-element-5fb9884 elementor-button-align-stretch elementor-widget elementor-widget-global elementor-global-28082 elementor-widget-form\" data-id=\"5fb9884\" data-element_type=\"widget\" data-e-type=\"widget\" data-settings=\"{&quot;step_next_label&quot;:&quot;Next&quot;,&quot;step_previous_label&quot;:&quot;Previous&quot;,&quot;button_width&quot;:&quot;100&quot;,&quot;step_type&quot;:&quot;number_text&quot;,&quot;step_icon_shape&quot;:&quot;circle&quot;}\" data-widget_type=\"form.default\">\n\t\t\t\t<div class=\"elementor-widget-container\">\n\t\t\t\t\t\t\t<form class=\"elementor-form\" method=\"post\" name=\"New Form\" aria-label=\"New Form\">\n\t\t\t<input type=\"hidden\" name=\"post_id\" value=\"27902\"\/>\n\t\t\t<input type=\"hidden\" name=\"form_id\" value=\"5fb9884\"\/>\n\t\t\t<input type=\"hidden\" name=\"referer_title\" value=\"Delvy\" \/>\n\n\t\t\t\n\t\t\t<div class=\"elementor-form-fields-wrapper elementor-labels-above\">\n\t\t\t\t\t\t\t\t<div class=\"elementor-field-type-text elementor-field-group elementor-column elementor-field-group-name elementor-col-100\">\n\t\t\t\t\t\t\t\t\t\t\t\t<label for=\"form-field-name\" class=\"elementor-field-label\">\n\t\t\t\t\t\t\t\tNOM\t\t\t\t\t\t\t<\/label>\n\t\t\t\t\t\t\t\t\t\t\t\t\t\t<input size=\"1\" type=\"text\" name=\"form_fields[name]\" id=\"form-field-name\" class=\"elementor-field elementor-size-sm  elementor-field-textual\">\n\t\t\t\t\t\t\t\t\t\t\t<\/div>\n\t\t\t\t\t\t\t\t<div class=\"elementor-field-type-email elementor-field-group elementor-column elementor-field-group-field_1 elementor-col-100 elementor-field-required\">\n\t\t\t\t\t\t\t\t\t\t\t\t<label for=\"form-field-field_1\" class=\"elementor-field-label\">\n\t\t\t\t\t\t\t\tEmail\t\t\t\t\t\t\t<\/label>\n\t\t\t\t\t\t\t\t\t\t\t\t\t\t<input size=\"1\" type=\"email\" name=\"form_fields[field_1]\" id=\"form-field-field_1\" class=\"elementor-field elementor-size-sm  elementor-field-textual\" required=\"required\">\n\t\t\t\t\t\t\t\t\t\t\t<\/div>\n\t\t\t\t\t\t\t\t<div class=\"elementor-field-type-tel elementor-field-group elementor-column elementor-field-group-email elementor-col-100 elementor-field-required\">\n\t\t\t\t\t\t\t\t\t\t\t\t<label for=\"form-field-email\" class=\"elementor-field-label\">\n\t\t\t\t\t\t\t\tT\u00c9L\u00c9PHONE + INDICATIF PAYS\t\t\t\t\t\t\t<\/label>\n\t\t\t\t\t\t\t\t<input size=\"1\" type=\"tel\" name=\"form_fields[email]\" id=\"form-field-email\" class=\"elementor-field elementor-size-sm  elementor-field-textual\" required=\"required\" pattern=\"[0-9()#&amp;+*-=.]+\" title=\"Seuls les caract\u00e8res de num\u00e9ros de t\u00e9l\u00e9phone (#, -, *, etc.) sont accept\u00e9s.\">\n\n\t\t\t\t\t\t<\/div>\n\t\t\t\t\t\t\t\t<div class=\"elementor-field-type-textarea elementor-field-group elementor-column elementor-field-group-field_2 elementor-col-100 elementor-field-required\">\n\t\t\t\t\t\t\t\t\t\t\t\t<label for=\"form-field-field_2\" class=\"elementor-field-label\">\n\t\t\t\t\t\t\t\tMESSAGE\t\t\t\t\t\t\t<\/label>\n\t\t\t\t\t\t<textarea class=\"elementor-field-textual elementor-field  elementor-size-sm\" name=\"form_fields[field_2]\" id=\"form-field-field_2\" rows=\"4\" required=\"required\"><\/textarea>\t\t\t\t<\/div>\n\t\t\t\t\t\t\t\t<div class=\"elementor-field-type-acceptance elementor-field-group elementor-column elementor-field-group-field_3 elementor-col-100 elementor-field-required\">\n\t\t\t\t\t\t\t\t\t\t\t\t<label for=\"form-field-field_3\" class=\"elementor-field-label\">\n\t\t\t\t\t\t\t\tPOLITIQUE DE CONFIDENTIALIT\u00c9\t\t\t\t\t\t\t<\/label>\n\t\t\t\t\t\t\t\t<div class=\"elementor-field-subgroup\">\n\t\t\t<span class=\"elementor-field-option\">\n\t\t\t\t<input type=\"checkbox\" name=\"form_fields[field_3]\" id=\"form-field-field_3\" class=\"elementor-field elementor-size-sm  elementor-acceptance-field\" required=\"required\">\n\t\t\t\t<label for=\"form-field-field_3\">J'accepte la <span style=\"color: #800000;\"><a style=\"color: #800000;\" href=\"https:\/\/delvy.es\/politica-privacidad\/\"> Politique De Confidentialit\u00e9<\/a><\/span><\/label>\t\t\t<\/span>\n\t\t<\/div>\n\t\t\t\t\t\t<\/div>\n\t\t\t\t\t\t\t\t<div class=\"elementor-field-type-acceptance elementor-field-group elementor-column elementor-field-group-field_4 elementor-col-100\">\n\t\t\t\t\t\t\t\t\t\t\t\t<label for=\"form-field-field_4\" class=\"elementor-field-label\">\n\t\t\t\t\t\t\t\tbolet\u00edn de noticias\t\t\t\t\t\t\t<\/label>\n\t\t\t\t\t\t\t\t<div class=\"elementor-field-subgroup\">\n\t\t\t<span class=\"elementor-field-option\">\n\t\t\t\t<input type=\"checkbox\" name=\"form_fields[field_4]\" id=\"form-field-field_4\" class=\"elementor-field elementor-size-sm  elementor-acceptance-field\">\n\t\t\t\t<label for=\"form-field-field_4\">J'accepte De Recevoir La Newsletter De Delvy, Y Compris Par Voie \u00c9lectronique<\/label>\t\t\t<\/span>\n\t\t<\/div>\n\t\t\t\t\t\t<\/div>\n\t\t\t\t\t\t\t\t<div class=\"elementor-field-type-html elementor-field-group elementor-column elementor-field-group-field_5 elementor-col-100\">\n\t\t\t\t\t<p style=\"text-align: left; font-size: 9px; line-height: 1.5em;\"><span style=\"color: #800000;\"><strong> INFORMATIONS SUR LA PROTECTION DES DONN\u00c9ES DE DELVY ASESORES, SL  <\/strong><\/span>\nObjectifs : Vous fournir un moyen pour que vous puissiez nous contacter et r\u00e9pondre \u00e0 vos demandes d'informations, ainsi que vous envoyer notre newsletter commerciale et des communications informatives susceptibles de vous int\u00e9resser, y compris par voie \u00e9lectronique, si vous acceptez la case correspondante. L\u00e9gitimation : Votre consentement expr\u00e8s, l'ex\u00e9cution de la relation pr\u00e9contractuelle ou contractuelle entretenue avec vous et l'int\u00e9r\u00eat l\u00e9gitime de Delvy. Destinataires : les informations fournies peuvent \u00eatre partag\u00e9es avec notre base de donn\u00e9es de stockage et des fournisseurs tiers qui nous aident \u00e0 fournir des services. Droits : Vous pouvez retirer votre consentement \u00e0 tout moment, ainsi que demander l'acc\u00e8s, la rectification, la limitation, la suppression et\/ou la portabilit\u00e9 de vos donn\u00e9es \u00e0 l'adresse e-mailinfo@delvy.es. Informations suppl\u00e9mentaires : vous pouvez d\u00e9velopper les informations dans le lien <span style=\"color: #800000;\"><a style=\"color: #800000;\" href=\"https:\/\/delvy.es\/politica-privacidad\/\"> Politique de confidentialit\u00e9 <\/a><\/span>.<\/p>\t\t\t\t<\/div>\n\t\t\t\t\t\t\t\t<div class=\"elementor-field-type-recaptcha_v3 elementor-field-group elementor-column elementor-field-group-field_6 elementor-col-100 recaptcha_v3-inline\">\n\t\t\t\t\t<div class=\"elementor-field\" id=\"form-field-field_6\"><div class=\"elementor-g-recaptcha\" data-sitekey=\"6Lc-1NUpAAAAAKYVR9X16gnz9H5a1Y_x9ua7Z9Tn\" data-type=\"v3\" data-action=\"Form\" data-badge=\"inline\" data-size=\"invisible\"><\/div><\/div>\t\t\t\t<\/div>\n\t\t\t\t\t\t\t\t<div class=\"elementor-field-type-text\">\n\t\t\t\t\t<input size=\"1\" type=\"text\" name=\"form_fields[antispam]\" id=\"form-field-antispam\" class=\"elementor-field elementor-size-sm \" style=\"display:none !important;\">\t\t\t\t<\/div>\n\t\t\t\t\t\t\t\t<div class=\"elementor-field-type-html elementor-field-group elementor-column elementor-field-group-field_f003e24 elementor-col-100\">\n\t\t\t\t\tDELVY\t\t\t\t<\/div>\n\t\t\t\t\t\t\t\t<div class=\"elementor-field-group elementor-column elementor-field-type-submit elementor-col-100 e-form__buttons\">\n\t\t\t\t\t<button class=\"elementor-button elementor-size-sm\" type=\"submit\">\n\t\t\t\t\t\t<span class=\"elementor-button-content-wrapper\">\n\t\t\t\t\t\t\t\t\t\t\t\t\t\t\t<span class=\"elementor-button-icon\">\n\t\t\t\t\t\t\t\t\t<i aria-hidden=\"true\" class=\"fas fa-long-arrow-alt-right\"><\/i>\t\t\t\t\t\t\t\t\t\t\t\t\t\t\t\t\t<\/span>\n\t\t\t\t\t\t\t\t\t\t\t\t\t\t\t\t\t\t\t\t\t\t<span class=\"elementor-button-text\">envoyer<\/span>\n\t\t\t\t\t\t\t\t\t\t\t\t\t<\/span>\n\t\t\t\t\t<\/button>\n\t\t\t\t<\/div>\n\t\t\t<\/div>\n\t\t<\/form>\n\t\t\t\t\t\t<\/div>\n\t\t\t\t<\/div>\n\t\t\t\t\t<\/div>\n\t\t<\/div>\n\t\t\t\t\t<\/div>\n\t\t<\/section>\n\t\t\t\t<\/div>\n\t\t\n","protected":false},"excerpt":{"rendered":"","protected":false},"author":10553,"featured_media":0,"parent":0,"menu_order":0,"comment_status":"closed","ping_status":"closed","template":"elementor_header_footer","meta":{"_acf_changed":false,"rop_custom_images_group":[],"rop_custom_messages_group":[],"rop_publish_now":"initial","rop_publish_now_accounts":[],"rop_publish_now_history":[],"rop_publish_now_status":"pending","footnotes":""},"class_list":["post-28053","page","type-page","status-publish","hentry"],"acf":[],"yoast_head":"<!-- This site is optimized with the Yoast SEO Premium plugin v25.3.1 (Yoast SEO v27.2) - https:\/\/yoast.com\/product\/yoast-seo-premium-wordpress\/ -->\n<title>Travail - Delvy<\/title>\n<meta name=\"robots\" content=\"index, follow, max-snippet:-1, max-image-preview:large, max-video-preview:-1\" \/>\n<link rel=\"canonical\" href=\"https:\/\/delvy.es\/areas\/laboral\/\" \/>\n<meta property=\"og:locale\" content=\"fr_FR\" \/>\n<meta property=\"og:type\" content=\"article\" \/>\n<meta property=\"og:title\" content=\"Travail\" \/>\n<meta property=\"og:url\" content=\"https:\/\/delvy.es\/areas\/laboral\/\" \/>\n<meta property=\"og:site_name\" content=\"Delvy\" \/>\n<meta property=\"article:publisher\" content=\"https:\/\/www.facebook.com\/delvyasesores\/\" \/>\n<meta name=\"twitter:card\" content=\"summary_large_image\" \/>\n<meta name=\"twitter:site\" content=\"@Delvy_Asesores\" \/>\n<script type=\"application\/ld+json\" class=\"yoast-schema-graph\">{\"@context\":\"https:\/\/schema.org\",\"@graph\":[{\"@type\":\"WebPage\",\"@id\":\"https:\/\/delvy.es\/areas\/laboral\/\",\"url\":\"https:\/\/delvy.es\/areas\/laboral\/\",\"name\":\"Travail - Delvy\",\"isPartOf\":{\"@id\":\"https:\/\/delvy.es\/#website\"},\"datePublished\":\"2023-11-16T18:50:17+00:00\",\"breadcrumb\":{\"@id\":\"https:\/\/delvy.es\/areas\/laboral\/#breadcrumb\"},\"inLanguage\":\"fr-FR\",\"potentialAction\":[{\"@type\":\"ReadAction\",\"target\":[\"https:\/\/delvy.es\/areas\/laboral\/\"]}]},{\"@type\":\"BreadcrumbList\",\"@id\":\"https:\/\/delvy.es\/areas\/laboral\/#breadcrumb\",\"itemListElement\":[{\"@type\":\"ListItem\",\"position\":1,\"name\":\"Portada\",\"item\":\"https:\/\/delvy.es\/fr\/\"},{\"@type\":\"ListItem\",\"position\":2,\"name\":\"Travail\"}]},{\"@type\":\"WebSite\",\"@id\":\"https:\/\/delvy.es\/#website\",\"url\":\"https:\/\/delvy.es\/\",\"name\":\"Delvy\",\"description\":\"Asesores Legales Delvy\",\"publisher\":{\"@id\":\"https:\/\/delvy.es\/#organization\"},\"potentialAction\":[{\"@type\":\"SearchAction\",\"target\":{\"@type\":\"EntryPoint\",\"urlTemplate\":\"https:\/\/delvy.es\/?s={search_term_string}\"},\"query-input\":{\"@type\":\"PropertyValueSpecification\",\"valueRequired\":true,\"valueName\":\"search_term_string\"}}],\"inLanguage\":\"fr-FR\"},{\"@type\":\"Organization\",\"@id\":\"https:\/\/delvy.es\/#organization\",\"name\":\"Delvy\",\"url\":\"https:\/\/delvy.es\/\",\"logo\":{\"@type\":\"ImageObject\",\"inLanguage\":\"fr-FR\",\"@id\":\"https:\/\/delvy.es\/#\/schema\/logo\/image\/\",\"url\":\"https:\/\/delvy.es\/wp-content\/uploads\/2023\/11\/cropped-favicon-5.png\",\"contentUrl\":\"https:\/\/delvy.es\/wp-content\/uploads\/2023\/11\/cropped-favicon-5.png\",\"width\":512,\"height\":512,\"caption\":\"Delvy\"},\"image\":{\"@id\":\"https:\/\/delvy.es\/#\/schema\/logo\/image\/\"},\"sameAs\":[\"https:\/\/www.facebook.com\/delvyasesores\/\",\"https:\/\/x.com\/Delvy_Asesores\"]}]}<\/script>\n<!-- \/ Yoast SEO Premium plugin. -->","yoast_head_json":{"title":"Travail - Delvy","robots":{"index":"index","follow":"follow","max-snippet":"max-snippet:-1","max-image-preview":"max-image-preview:large","max-video-preview":"max-video-preview:-1"},"canonical":"https:\/\/delvy.es\/areas\/laboral\/","og_locale":"fr_FR","og_type":"article","og_title":"Travail","og_url":"https:\/\/delvy.es\/areas\/laboral\/","og_site_name":"Delvy","article_publisher":"https:\/\/www.facebook.com\/delvyasesores\/","twitter_card":"summary_large_image","twitter_site":"@Delvy_Asesores","schema":{"@context":"https:\/\/schema.org","@graph":[{"@type":"WebPage","@id":"https:\/\/delvy.es\/areas\/laboral\/","url":"https:\/\/delvy.es\/areas\/laboral\/","name":"Travail - Delvy","isPartOf":{"@id":"https:\/\/delvy.es\/#website"},"datePublished":"2023-11-16T18:50:17+00:00","breadcrumb":{"@id":"https:\/\/delvy.es\/areas\/laboral\/#breadcrumb"},"inLanguage":"fr-FR","potentialAction":[{"@type":"ReadAction","target":["https:\/\/delvy.es\/areas\/laboral\/"]}]},{"@type":"BreadcrumbList","@id":"https:\/\/delvy.es\/areas\/laboral\/#breadcrumb","itemListElement":[{"@type":"ListItem","position":1,"name":"Portada","item":"https:\/\/delvy.es\/fr\/"},{"@type":"ListItem","position":2,"name":"Travail"}]},{"@type":"WebSite","@id":"https:\/\/delvy.es\/#website","url":"https:\/\/delvy.es\/","name":"Delvy","description":"Asesores Legales Delvy","publisher":{"@id":"https:\/\/delvy.es\/#organization"},"potentialAction":[{"@type":"SearchAction","target":{"@type":"EntryPoint","urlTemplate":"https:\/\/delvy.es\/?s={search_term_string}"},"query-input":{"@type":"PropertyValueSpecification","valueRequired":true,"valueName":"search_term_string"}}],"inLanguage":"fr-FR"},{"@type":"Organization","@id":"https:\/\/delvy.es\/#organization","name":"Delvy","url":"https:\/\/delvy.es\/","logo":{"@type":"ImageObject","inLanguage":"fr-FR","@id":"https:\/\/delvy.es\/#\/schema\/logo\/image\/","url":"https:\/\/delvy.es\/wp-content\/uploads\/2023\/11\/cropped-favicon-5.png","contentUrl":"https:\/\/delvy.es\/wp-content\/uploads\/2023\/11\/cropped-favicon-5.png","width":512,"height":512,"caption":"Delvy"},"image":{"@id":"https:\/\/delvy.es\/#\/schema\/logo\/image\/"},"sameAs":["https:\/\/www.facebook.com\/delvyasesores\/","https:\/\/x.com\/Delvy_Asesores"]}]}},"_links":{"self":[{"href":"https:\/\/delvy.es\/fr\/wp-json\/wp\/v2\/pages\/28053","targetHints":{"allow":["GET"]}}],"collection":[{"href":"https:\/\/delvy.es\/fr\/wp-json\/wp\/v2\/pages"}],"about":[{"href":"https:\/\/delvy.es\/fr\/wp-json\/wp\/v2\/types\/page"}],"author":[{"embeddable":true,"href":"https:\/\/delvy.es\/fr\/wp-json\/wp\/v2\/users\/10553"}],"replies":[{"embeddable":true,"href":"https:\/\/delvy.es\/fr\/wp-json\/wp\/v2\/comments?post=28053"}],"version-history":[{"count":0,"href":"https:\/\/delvy.es\/fr\/wp-json\/wp\/v2\/pages\/28053\/revisions"}],"wp:attachment":[{"href":"https:\/\/delvy.es\/fr\/wp-json\/wp\/v2\/media?parent=28053"}],"curies":[{"name":"wp","href":"https:\/\/api.w.org\/{rel}","templated":true}]}}