{"id":28034,"date":"2023-11-16T19:38:27","date_gmt":"2023-11-16T18:38:27","guid":{"rendered":"https:\/\/delvy.es\/?page_id=28034"},"modified":"2023-11-16T19:38:53","modified_gmt":"2023-11-16T18:38:53","slug":"financier","status":"publish","type":"page","link":"https:\/\/delvy.es\/fr\/financier\/","title":{"rendered":"Financier"},"content":{"rendered":"\t\t<div data-elementor-type=\"page\" data-elementor-id=\"27890\" class=\"elementor elementor-27890 elementor-15983\" data-elementor-settings=\"{&quot;element_pack_global_tooltip_width&quot;:{&quot;unit&quot;:&quot;px&quot;,&quot;size&quot;:&quot;&quot;,&quot;sizes&quot;:[]},&quot;element_pack_global_tooltip_width_tablet&quot;:{&quot;unit&quot;:&quot;px&quot;,&quot;size&quot;:&quot;&quot;,&quot;sizes&quot;:[]},&quot;element_pack_global_tooltip_width_mobile&quot;:{&quot;unit&quot;:&quot;px&quot;,&quot;size&quot;:&quot;&quot;,&quot;sizes&quot;:[]},&quot;element_pack_global_tooltip_padding&quot;:{&quot;unit&quot;:&quot;px&quot;,&quot;top&quot;:&quot;&quot;,&quot;right&quot;:&quot;&quot;,&quot;bottom&quot;:&quot;&quot;,&quot;left&quot;:&quot;&quot;,&quot;isLinked&quot;:true},&quot;element_pack_global_tooltip_padding_tablet&quot;:{&quot;unit&quot;:&quot;px&quot;,&quot;top&quot;:&quot;&quot;,&quot;right&quot;:&quot;&quot;,&quot;bottom&quot;:&quot;&quot;,&quot;left&quot;:&quot;&quot;,&quot;isLinked&quot;:true},&quot;element_pack_global_tooltip_padding_mobile&quot;:{&quot;unit&quot;:&quot;px&quot;,&quot;top&quot;:&quot;&quot;,&quot;right&quot;:&quot;&quot;,&quot;bottom&quot;:&quot;&quot;,&quot;left&quot;:&quot;&quot;,&quot;isLinked&quot;:true},&quot;element_pack_global_tooltip_border_radius&quot;:{&quot;unit&quot;:&quot;px&quot;,&quot;top&quot;:&quot;&quot;,&quot;right&quot;:&quot;&quot;,&quot;bottom&quot;:&quot;&quot;,&quot;left&quot;:&quot;&quot;,&quot;isLinked&quot;:true},&quot;element_pack_global_tooltip_border_radius_tablet&quot;:{&quot;unit&quot;:&quot;px&quot;,&quot;top&quot;:&quot;&quot;,&quot;right&quot;:&quot;&quot;,&quot;bottom&quot;:&quot;&quot;,&quot;left&quot;:&quot;&quot;,&quot;isLinked&quot;:true},&quot;element_pack_global_tooltip_border_radius_mobile&quot;:{&quot;unit&quot;:&quot;px&quot;,&quot;top&quot;:&quot;&quot;,&quot;right&quot;:&quot;&quot;,&quot;bottom&quot;:&quot;&quot;,&quot;left&quot;:&quot;&quot;,&quot;isLinked&quot;:true}}\" data-elementor-post-type=\"elementor_library\">\n\t\t\t\t\t\t<section class=\"elementor-section elementor-top-section elementor-element elementor-element-1f61c346 elementor-section-boxed elementor-section-height-default elementor-section-height-default\" data-id=\"1f61c346\" data-element_type=\"section\" data-e-type=\"section\">\n\t\t\t\t\t\t<div class=\"elementor-container elementor-column-gap-default\">\n\t\t\t\t\t<div class=\"elementor-column elementor-col-50 elementor-top-column elementor-element elementor-element-4a21d57d\" data-id=\"4a21d57d\" data-element_type=\"column\" data-e-type=\"column\">\n\t\t\t<div class=\"elementor-widget-wrap elementor-element-populated\">\n\t\t\t\t\t\t<div class=\"elementor-element elementor-element-5fff966a elementor-widget elementor-widget-heading\" data-id=\"5fff966a\" data-element_type=\"widget\" data-e-type=\"widget\" data-widget_type=\"heading.default\">\n\t\t\t\t<div class=\"elementor-widget-container\">\n\t\t\t\t\t<h2 class=\"elementor-heading-title elementor-size-default\">FINANCIER<\/h2>\t\t\t\t<\/div>\n\t\t\t\t<\/div>\n\t\t\t\t<div class=\"elementor-element elementor-element-6a93a20b elementor-widget elementor-widget-text-editor\" data-id=\"6a93a20b\" data-element_type=\"widget\" data-e-type=\"widget\" data-widget_type=\"text-editor.default\">\n\t\t\t\t<div class=\"elementor-widget-container\">\n\t\t\t\t\t\t\t\t\t<p>Chez Delvy, nous connaissons l&rsquo;importance d&rsquo; une gestion financi\u00e8re professionnelle et experte . Nous comprenons qu\u2019une entreprise en croissance doit garder un \u0153il sur les co\u00fbts des fonctions support. \u00c0 cette fin, nous proposons des services sp\u00e9cialis\u00e9s, tant r\u00e9currents que ponctuels, pleinement int\u00e9gr\u00e9s aux op\u00e9rations de l&rsquo;entreprise, vivant le m\u00eame quotidien, partageant les m\u00eames objectifs et ajoutant de la valeur en s&rsquo;int\u00e9grant au reste des fonctions de gestion, ainsi que avec le conseil d&rsquo;administration.<\/p><h3>Services de gestion financi\u00e8re pour les entreprises :<\/h3><h4><b>\u00ab CFO \u00e0 la demande \u00bb<\/b><\/h4><ul><li>Cl\u00f4ture mensuelle (bilan, compte de r\u00e9sultat, tableau de flux de tr\u00e9sorerie) bas\u00e9e sur les donn\u00e9es comptables<\/li><li>Scorecard (KPI) par rapport aux p\u00e9riodes pr\u00e9c\u00e9dentes et au business plan<\/li><li>Rapport et discussion avec le conseil d&rsquo;administration et les actionnaires<\/li><li>Actions \u00e0 entreprendre, contr\u00f4le de l&rsquo;ex\u00e9cution des actions du mois pr\u00e9c\u00e9dent<\/li><\/ul><h4><b>Planification strat\u00e9gique<\/b><\/h4><ul><li>Pr\u00e9paration des budgets, business plans et autres informations ponctuelles<\/li><li>\u00c9valuation de l&rsquo;entreprise<\/li><\/ul><h4><b>Repr\u00e9sentation de l&rsquo;entreprise aupr\u00e8s des tiers \u00ab Cette entreprise a un CFO \u00bb<\/b><\/h4><ul><li>Nous accompagnons votre \u00e9quipe dans<span class=\"Apple-converted-space\">\u00a0 <\/span>les tours de financement<span class=\"Apple-converted-space\">\u00a0 <\/span>et d&rsquo;investissement, les due diligences, les audits, les M&amp;A, les projets de financements publics, les financements bancaires, les contrats commerciaux cl\u00e9s, etc.<\/li><li>Nous pr\u00e9sentons l&rsquo;information, en discutons avec des tiers et si n\u00e9cessaire nous it\u00e9rons le r\u00e9sultat<\/li><\/ul><h4><b>Internationalisation<\/b><\/h4><ul><li>Accompagnement \u00e0 l&rsquo;ouverture et au d\u00e9marrage de filiales \u00e0 l&rsquo;\u00e9tranger<\/li><li>Comptes consolid\u00e9s (multi-pays, multi-devises)<\/li><\/ul>\t\t\t\t\t\t\t\t<\/div>\n\t\t\t\t<\/div>\n\t\t\t\t<div class=\"elementor-element elementor-element-1475d27 elementor-widget elementor-widget-image\" data-id=\"1475d27\" data-element_type=\"widget\" data-e-type=\"widget\" data-widget_type=\"image.default\">\n\t\t\t\t<div class=\"elementor-widget-container\">\n\t\t\t\t\t\t\t\t\t\t\t\t\t\t\t<img decoding=\"async\" width=\"300\" height=\"118\" src=\"https:\/\/delvy.es\/wp-content\/uploads\/2021\/05\/logo-delvy-300x118.png\" class=\"attachment-medium size-medium wp-image-36992\" alt=\"\" srcset=\"https:\/\/delvy.es\/wp-content\/uploads\/2021\/05\/logo-delvy-300x118.png 300w, https:\/\/delvy.es\/wp-content\/uploads\/2021\/05\/logo-delvy-768x303.png 768w, https:\/\/delvy.es\/wp-content\/uploads\/2021\/05\/logo-delvy-705x278.png 705w, https:\/\/delvy.es\/wp-content\/uploads\/2021\/05\/logo-delvy.png 860w\" sizes=\"(max-width: 300px) 100vw, 300px\" \/>\t\t\t\t\t\t\t\t\t\t\t\t\t\t\t<\/div>\n\t\t\t\t<\/div>\n\t\t\t\t<div class=\"elementor-element elementor-element-1aff3d80 elementor-widget elementor-widget-heading\" data-id=\"1aff3d80\" data-element_type=\"widget\" data-e-type=\"widget\" data-widget_type=\"heading.default\">\n\t\t\t\t<div class=\"elementor-widget-container\">\n\t\t\t\t\t<h2 class=\"elementor-heading-title elementor-size-default\">CONSEIL FINANCIER POUR LES ENTREPRISES<\/h2>\t\t\t\t<\/div>\n\t\t\t\t<\/div>\n\t\t\t\t<div class=\"elementor-element elementor-element-6e15159f elementor-widget elementor-widget-text-editor\" data-id=\"6e15159f\" data-element_type=\"widget\" data-e-type=\"widget\" data-widget_type=\"text-editor.default\">\n\t\t\t\t<div class=\"elementor-widget-container\">\n\t\t\t\t\t\t\t\t\t<p>Chez Delvy, nous proposons une s\u00e9rie de services de gestion financi\u00e8re pour les entreprises de toutes tailles. Planification, repr\u00e9sentation d&rsquo;entreprise, ou int\u00e9gration dans l&rsquo;entreprise en tant que CFO&#8230; D\u00e9couvrez tous les avantages d&rsquo;avoir un<span class=\"Apple-converted-space\">\u00a0 <\/span>conseiller financier exp\u00e9riment\u00e9 et externalis\u00e9 pour les entreprises.<\/p><p style=\"text-align: center;\">\u00a0<\/p>\t\t\t\t\t\t\t\t<\/div>\n\t\t\t\t<\/div>\n\t\t\t\t<div class=\"elementor-element elementor-element-533bbbdf elementor-align-center elementor-widget elementor-widget-button\" data-id=\"533bbbdf\" data-element_type=\"widget\" data-e-type=\"widget\" data-widget_type=\"button.default\">\n\t\t\t\t<div class=\"elementor-widget-container\">\n\t\t\t\t\t\t\t\t\t<div class=\"elementor-button-wrapper\">\n\t\t\t\t\t<a class=\"elementor-button elementor-button-link elementor-size-xs\" href=\"https:\/\/delvy.es\/fr\/contacter\/\">\n\t\t\t\t\t\t<span class=\"elementor-button-content-wrapper\">\n\t\t\t\t\t\t\t\t\t<span class=\"elementor-button-text\">CONTACTEZ-NOUS<\/span>\n\t\t\t\t\t<\/span>\n\t\t\t\t\t<\/a>\n\t\t\t\t<\/div>\n\t\t\t\t\t\t\t\t<\/div>\n\t\t\t\t<\/div>\n\t\t\t\t<div class=\"elementor-element elementor-element-343f85ec elementor-widget elementor-widget-spacer\" data-id=\"343f85ec\" data-element_type=\"widget\" data-e-type=\"widget\" data-widget_type=\"spacer.default\">\n\t\t\t\t<div class=\"elementor-widget-container\">\n\t\t\t\t\t\t\t<div class=\"elementor-spacer\">\n\t\t\t<div class=\"elementor-spacer-inner\"><\/div>\n\t\t<\/div>\n\t\t\t\t\t\t<\/div>\n\t\t\t\t<\/div>\n\t\t\t\t<div class=\"elementor-element elementor-element-1a518dec elementor-widget elementor-widget-heading\" data-id=\"1a518dec\" data-element_type=\"widget\" data-e-type=\"widget\" data-widget_type=\"heading.default\">\n\t\t\t\t<div class=\"elementor-widget-container\">\n\t\t\t\t\t<h2 class=\"elementor-heading-title elementor-size-default\">L'\u00e9quipe Delvy Finance\n<\/h2>\t\t\t\t<\/div>\n\t\t\t\t<\/div>\n\t\t\t\t<div class=\"elementor-element elementor-element-54bfc29a elementor-widget elementor-widget-spacer\" data-id=\"54bfc29a\" data-element_type=\"widget\" data-e-type=\"widget\" data-widget_type=\"spacer.default\">\n\t\t\t\t<div class=\"elementor-widget-container\">\n\t\t\t\t\t\t\t<div class=\"elementor-spacer\">\n\t\t\t<div class=\"elementor-spacer-inner\"><\/div>\n\t\t<\/div>\n\t\t\t\t\t\t<\/div>\n\t\t\t\t<\/div>\n\t\t\t\t<div class=\"elementor-element elementor-element-5b12729 elementor-widget elementor-widget-image\" data-id=\"5b12729\" data-element_type=\"widget\" data-e-type=\"widget\" data-widget_type=\"image.default\">\n\t\t\t\t<div class=\"elementor-widget-container\">\n\t\t\t\t\t\t\t\t\t\t\t\t\t\t\t<img fetchpriority=\"high\" decoding=\"async\" width=\"800\" height=\"403\" src=\"https:\/\/delvy.es\/wp-content\/uploads\/2022\/10\/foto-finance-1030x519.jpg\" class=\"attachment-large size-large wp-image-37816\" alt=\"\" srcset=\"https:\/\/delvy.es\/wp-content\/uploads\/2022\/10\/foto-finance-1030x519.jpg 1030w, https:\/\/delvy.es\/wp-content\/uploads\/2022\/10\/foto-finance-300x151.jpg 300w, https:\/\/delvy.es\/wp-content\/uploads\/2022\/10\/foto-finance-768x387.jpg 768w, https:\/\/delvy.es\/wp-content\/uploads\/2022\/10\/foto-finance-1536x774.jpg 1536w, https:\/\/delvy.es\/wp-content\/uploads\/2022\/10\/foto-finance.jpg 1962w\" sizes=\"(max-width: 800px) 100vw, 800px\" \/>\t\t\t\t\t\t\t\t\t\t\t\t\t\t\t<\/div>\n\t\t\t\t<\/div>\n\t\t\t\t\t<\/div>\n\t\t<\/div>\n\t\t\t\t<div class=\"elementor-column elementor-col-50 elementor-top-column elementor-element elementor-element-e384c84\" data-id=\"e384c84\" data-element_type=\"column\" data-e-type=\"column\" data-settings=\"{&quot;background_background&quot;:&quot;classic&quot;}\">\n\t\t\t<div class=\"elementor-widget-wrap elementor-element-populated\">\n\t\t\t\t\t\t<div class=\"elementor-element elementor-element-f722091 elementor-widget elementor-widget-heading\" data-id=\"f722091\" data-element_type=\"widget\" data-e-type=\"widget\" data-widget_type=\"heading.default\">\n\t\t\t\t<div class=\"elementor-widget-container\">\n\t\t\t\t\t<h3 class=\"elementor-heading-title elementor-size-default\">CONTACTEZ-NOUS<\/h3>\t\t\t\t<\/div>\n\t\t\t\t<\/div>\n\t\t\t\t<div class=\"elementor-element elementor-element-18f736a elementor-button-align-stretch elementor-widget elementor-widget-global elementor-global-28082 elementor-widget-form\" data-id=\"18f736a\" data-element_type=\"widget\" data-e-type=\"widget\" data-settings=\"{&quot;step_next_label&quot;:&quot;Next&quot;,&quot;step_previous_label&quot;:&quot;Previous&quot;,&quot;button_width&quot;:&quot;100&quot;,&quot;step_type&quot;:&quot;number_text&quot;,&quot;step_icon_shape&quot;:&quot;circle&quot;}\" data-widget_type=\"form.default\">\n\t\t\t\t<div class=\"elementor-widget-container\">\n\t\t\t\t\t\t\t<form class=\"elementor-form\" method=\"post\" name=\"New Form\" aria-label=\"New Form\">\n\t\t\t<input type=\"hidden\" name=\"post_id\" value=\"27890\"\/>\n\t\t\t<input type=\"hidden\" name=\"form_id\" value=\"18f736a\"\/>\n\t\t\t<input type=\"hidden\" name=\"referer_title\" value=\"Delvy\" \/>\n\n\t\t\t\n\t\t\t<div class=\"elementor-form-fields-wrapper elementor-labels-above\">\n\t\t\t\t\t\t\t\t<div class=\"elementor-field-type-text elementor-field-group elementor-column elementor-field-group-name elementor-col-100\">\n\t\t\t\t\t\t\t\t\t\t\t\t<label for=\"form-field-name\" class=\"elementor-field-label\">\n\t\t\t\t\t\t\t\tNOM\t\t\t\t\t\t\t<\/label>\n\t\t\t\t\t\t\t\t\t\t\t\t\t\t<input size=\"1\" type=\"text\" name=\"form_fields[name]\" id=\"form-field-name\" class=\"elementor-field elementor-size-sm  elementor-field-textual\">\n\t\t\t\t\t\t\t\t\t\t\t<\/div>\n\t\t\t\t\t\t\t\t<div class=\"elementor-field-type-email elementor-field-group elementor-column elementor-field-group-field_1 elementor-col-100 elementor-field-required\">\n\t\t\t\t\t\t\t\t\t\t\t\t<label for=\"form-field-field_1\" class=\"elementor-field-label\">\n\t\t\t\t\t\t\t\tEmail\t\t\t\t\t\t\t<\/label>\n\t\t\t\t\t\t\t\t\t\t\t\t\t\t<input size=\"1\" type=\"email\" name=\"form_fields[field_1]\" id=\"form-field-field_1\" class=\"elementor-field elementor-size-sm  elementor-field-textual\" required=\"required\">\n\t\t\t\t\t\t\t\t\t\t\t<\/div>\n\t\t\t\t\t\t\t\t<div class=\"elementor-field-type-tel elementor-field-group elementor-column elementor-field-group-email elementor-col-100 elementor-field-required\">\n\t\t\t\t\t\t\t\t\t\t\t\t<label for=\"form-field-email\" class=\"elementor-field-label\">\n\t\t\t\t\t\t\t\tT\u00c9L\u00c9PHONE + INDICATIF PAYS\t\t\t\t\t\t\t<\/label>\n\t\t\t\t\t\t\t\t<input size=\"1\" type=\"tel\" name=\"form_fields[email]\" id=\"form-field-email\" class=\"elementor-field elementor-size-sm  elementor-field-textual\" required=\"required\" pattern=\"[0-9()#&amp;+*-=.]+\" title=\"Seuls les caract\u00e8res de num\u00e9ros de t\u00e9l\u00e9phone (#, -, *, etc.) sont accept\u00e9s.\">\n\n\t\t\t\t\t\t<\/div>\n\t\t\t\t\t\t\t\t<div class=\"elementor-field-type-textarea elementor-field-group elementor-column elementor-field-group-field_2 elementor-col-100 elementor-field-required\">\n\t\t\t\t\t\t\t\t\t\t\t\t<label for=\"form-field-field_2\" class=\"elementor-field-label\">\n\t\t\t\t\t\t\t\tMESSAGE\t\t\t\t\t\t\t<\/label>\n\t\t\t\t\t\t<textarea class=\"elementor-field-textual elementor-field  elementor-size-sm\" name=\"form_fields[field_2]\" id=\"form-field-field_2\" rows=\"4\" required=\"required\"><\/textarea>\t\t\t\t<\/div>\n\t\t\t\t\t\t\t\t<div class=\"elementor-field-type-acceptance elementor-field-group elementor-column elementor-field-group-field_3 elementor-col-100 elementor-field-required\">\n\t\t\t\t\t\t\t\t\t\t\t\t<label for=\"form-field-field_3\" class=\"elementor-field-label\">\n\t\t\t\t\t\t\t\tPOLITIQUE DE CONFIDENTIALIT\u00c9\t\t\t\t\t\t\t<\/label>\n\t\t\t\t\t\t\t\t<div class=\"elementor-field-subgroup\">\n\t\t\t<span class=\"elementor-field-option\">\n\t\t\t\t<input type=\"checkbox\" name=\"form_fields[field_3]\" id=\"form-field-field_3\" class=\"elementor-field elementor-size-sm  elementor-acceptance-field\" required=\"required\">\n\t\t\t\t<label for=\"form-field-field_3\">J'accepte la <span style=\"color: #800000;\"><a style=\"color: #800000;\" href=\"https:\/\/delvy.es\/politica-privacidad\/\"> Politique De Confidentialit\u00e9<\/a><\/span><\/label>\t\t\t<\/span>\n\t\t<\/div>\n\t\t\t\t\t\t<\/div>\n\t\t\t\t\t\t\t\t<div class=\"elementor-field-type-acceptance elementor-field-group elementor-column elementor-field-group-field_4 elementor-col-100\">\n\t\t\t\t\t\t\t\t\t\t\t\t<label for=\"form-field-field_4\" class=\"elementor-field-label\">\n\t\t\t\t\t\t\t\tbolet\u00edn de noticias\t\t\t\t\t\t\t<\/label>\n\t\t\t\t\t\t\t\t<div class=\"elementor-field-subgroup\">\n\t\t\t<span class=\"elementor-field-option\">\n\t\t\t\t<input type=\"checkbox\" name=\"form_fields[field_4]\" id=\"form-field-field_4\" class=\"elementor-field elementor-size-sm  elementor-acceptance-field\">\n\t\t\t\t<label for=\"form-field-field_4\">J'accepte De Recevoir La Newsletter De Delvy, Y Compris Par Voie \u00c9lectronique<\/label>\t\t\t<\/span>\n\t\t<\/div>\n\t\t\t\t\t\t<\/div>\n\t\t\t\t\t\t\t\t<div class=\"elementor-field-type-html elementor-field-group elementor-column elementor-field-group-field_5 elementor-col-100\">\n\t\t\t\t\t<p style=\"text-align: left; font-size: 9px; line-height: 1.5em;\"><span style=\"color: #800000;\"><strong> INFORMATIONS SUR LA PROTECTION DES DONN\u00c9ES DE DELVY ASESORES, SL  <\/strong><\/span>\nObjectifs : Vous fournir un moyen pour que vous puissiez nous contacter et r\u00e9pondre \u00e0 vos demandes d'informations, ainsi que vous envoyer notre newsletter commerciale et des communications informatives susceptibles de vous int\u00e9resser, y compris par voie \u00e9lectronique, si vous acceptez la case correspondante. L\u00e9gitimation : Votre consentement expr\u00e8s, l'ex\u00e9cution de la relation pr\u00e9contractuelle ou contractuelle entretenue avec vous et l'int\u00e9r\u00eat l\u00e9gitime de Delvy. Destinataires : les informations fournies peuvent \u00eatre partag\u00e9es avec notre base de donn\u00e9es de stockage et des fournisseurs tiers qui nous aident \u00e0 fournir des services. Droits : Vous pouvez retirer votre consentement \u00e0 tout moment, ainsi que demander l'acc\u00e8s, la rectification, la limitation, la suppression et\/ou la portabilit\u00e9 de vos donn\u00e9es \u00e0 l'adresse e-mailinfo@delvy.es. Informations suppl\u00e9mentaires : vous pouvez d\u00e9velopper les informations dans le lien <span style=\"color: #800000;\"><a style=\"color: #800000;\" href=\"https:\/\/delvy.es\/politica-privacidad\/\"> Politique de confidentialit\u00e9 <\/a><\/span>.<\/p>\t\t\t\t<\/div>\n\t\t\t\t\t\t\t\t<div class=\"elementor-field-type-recaptcha_v3 elementor-field-group elementor-column elementor-field-group-field_6 elementor-col-100 recaptcha_v3-inline\">\n\t\t\t\t\t<div class=\"elementor-field\" id=\"form-field-field_6\"><div class=\"elementor-g-recaptcha\" data-sitekey=\"6Lc-1NUpAAAAAKYVR9X16gnz9H5a1Y_x9ua7Z9Tn\" data-type=\"v3\" data-action=\"Form\" data-badge=\"inline\" data-size=\"invisible\"><\/div><\/div>\t\t\t\t<\/div>\n\t\t\t\t\t\t\t\t<div class=\"elementor-field-type-text\">\n\t\t\t\t\t<input size=\"1\" type=\"text\" name=\"form_fields[antispam]\" id=\"form-field-antispam\" class=\"elementor-field elementor-size-sm \" style=\"display:none !important;\">\t\t\t\t<\/div>\n\t\t\t\t\t\t\t\t<div class=\"elementor-field-type-html elementor-field-group elementor-column elementor-field-group-field_f003e24 elementor-col-100\">\n\t\t\t\t\tDELVY\t\t\t\t<\/div>\n\t\t\t\t\t\t\t\t<div class=\"elementor-field-group elementor-column elementor-field-type-submit elementor-col-100 e-form__buttons\">\n\t\t\t\t\t<button class=\"elementor-button elementor-size-sm\" type=\"submit\">\n\t\t\t\t\t\t<span class=\"elementor-button-content-wrapper\">\n\t\t\t\t\t\t\t\t\t\t\t\t\t\t\t<span class=\"elementor-button-icon\">\n\t\t\t\t\t\t\t\t\t<i aria-hidden=\"true\" class=\"fas fa-long-arrow-alt-right\"><\/i>\t\t\t\t\t\t\t\t\t\t\t\t\t\t\t\t\t<\/span>\n\t\t\t\t\t\t\t\t\t\t\t\t\t\t\t\t\t\t\t\t\t\t<span class=\"elementor-button-text\">envoyer<\/span>\n\t\t\t\t\t\t\t\t\t\t\t\t\t<\/span>\n\t\t\t\t\t<\/button>\n\t\t\t\t<\/div>\n\t\t\t<\/div>\n\t\t<\/form>\n\t\t\t\t\t\t<\/div>\n\t\t\t\t<\/div>\n\t\t\t\t\t<\/div>\n\t\t<\/div>\n\t\t\t\t\t<\/div>\n\t\t<\/section>\n\t\t\t\t<\/div>\n\t\t\n","protected":false},"excerpt":{"rendered":"","protected":false},"author":10553,"featured_media":0,"parent":0,"menu_order":0,"comment_status":"closed","ping_status":"closed","template":"","meta":{"_acf_changed":false,"rop_custom_images_group":[],"rop_custom_messages_group":[],"rop_publish_now":"initial","rop_publish_now_accounts":[],"rop_publish_now_history":[],"rop_publish_now_status":"pending","footnotes":""},"class_list":["post-28034","page","type-page","status-publish","hentry"],"acf":[],"yoast_head":"<!-- This site is optimized with the Yoast SEO Premium plugin v25.3.1 (Yoast SEO v27.3) - https:\/\/yoast.com\/product\/yoast-seo-premium-wordpress\/ -->\n<title>Financier - Delvy<\/title>\n<meta name=\"robots\" content=\"index, follow, max-snippet:-1, max-image-preview:large, max-video-preview:-1\" \/>\n<link rel=\"canonical\" href=\"https:\/\/delvy.es\/fr\/financier\/\" \/>\n<meta property=\"og:locale\" content=\"fr_FR\" \/>\n<meta property=\"og:type\" content=\"article\" \/>\n<meta property=\"og:title\" content=\"Financier\" \/>\n<meta property=\"og:url\" content=\"https:\/\/delvy.es\/fr\/financier\/\" \/>\n<meta property=\"og:site_name\" content=\"Delvy\" \/>\n<meta property=\"article:publisher\" content=\"https:\/\/www.facebook.com\/delvyasesores\/\" \/>\n<meta property=\"article:modified_time\" content=\"2023-11-16T18:38:53+00:00\" \/>\n<meta name=\"twitter:card\" content=\"summary_large_image\" \/>\n<meta name=\"twitter:site\" content=\"@Delvy_Asesores\" \/>\n<script type=\"application\/ld+json\" class=\"yoast-schema-graph\">{\"@context\":\"https:\\\/\\\/schema.org\",\"@graph\":[{\"@type\":\"WebPage\",\"@id\":\"https:\\\/\\\/delvy.es\\\/fr\\\/financier\\\/\",\"url\":\"https:\\\/\\\/delvy.es\\\/fr\\\/financier\\\/\",\"name\":\"Financier - Delvy\",\"isPartOf\":{\"@id\":\"https:\\\/\\\/delvy.es\\\/#website\"},\"datePublished\":\"2023-11-16T18:38:27+00:00\",\"dateModified\":\"2023-11-16T18:38:53+00:00\",\"breadcrumb\":{\"@id\":\"https:\\\/\\\/delvy.es\\\/fr\\\/financier\\\/#breadcrumb\"},\"inLanguage\":\"fr-FR\",\"potentialAction\":[{\"@type\":\"ReadAction\",\"target\":[\"https:\\\/\\\/delvy.es\\\/fr\\\/financier\\\/\"]}]},{\"@type\":\"BreadcrumbList\",\"@id\":\"https:\\\/\\\/delvy.es\\\/fr\\\/financier\\\/#breadcrumb\",\"itemListElement\":[{\"@type\":\"ListItem\",\"position\":1,\"name\":\"Portada\",\"item\":\"https:\\\/\\\/delvy.es\\\/fr\\\/\"},{\"@type\":\"ListItem\",\"position\":2,\"name\":\"Financier\"}]},{\"@type\":\"WebSite\",\"@id\":\"https:\\\/\\\/delvy.es\\\/#website\",\"url\":\"https:\\\/\\\/delvy.es\\\/\",\"name\":\"Delvy\",\"description\":\"Asesores Legales Delvy\",\"publisher\":{\"@id\":\"https:\\\/\\\/delvy.es\\\/#organization\"},\"potentialAction\":[{\"@type\":\"SearchAction\",\"target\":{\"@type\":\"EntryPoint\",\"urlTemplate\":\"https:\\\/\\\/delvy.es\\\/?s={search_term_string}\"},\"query-input\":{\"@type\":\"PropertyValueSpecification\",\"valueRequired\":true,\"valueName\":\"search_term_string\"}}],\"inLanguage\":\"fr-FR\"},{\"@type\":\"Organization\",\"@id\":\"https:\\\/\\\/delvy.es\\\/#organization\",\"name\":\"Delvy\",\"url\":\"https:\\\/\\\/delvy.es\\\/\",\"logo\":{\"@type\":\"ImageObject\",\"inLanguage\":\"fr-FR\",\"@id\":\"https:\\\/\\\/delvy.es\\\/#\\\/schema\\\/logo\\\/image\\\/\",\"url\":\"https:\\\/\\\/delvy.es\\\/wp-content\\\/uploads\\\/2023\\\/11\\\/cropped-favicon-5.png\",\"contentUrl\":\"https:\\\/\\\/delvy.es\\\/wp-content\\\/uploads\\\/2023\\\/11\\\/cropped-favicon-5.png\",\"width\":512,\"height\":512,\"caption\":\"Delvy\"},\"image\":{\"@id\":\"https:\\\/\\\/delvy.es\\\/#\\\/schema\\\/logo\\\/image\\\/\"},\"sameAs\":[\"https:\\\/\\\/www.facebook.com\\\/delvyasesores\\\/\",\"https:\\\/\\\/x.com\\\/Delvy_Asesores\"]}]}<\/script>\n<!-- \/ Yoast SEO Premium plugin. -->","yoast_head_json":{"title":"Financier - Delvy","robots":{"index":"index","follow":"follow","max-snippet":"max-snippet:-1","max-image-preview":"max-image-preview:large","max-video-preview":"max-video-preview:-1"},"canonical":"https:\/\/delvy.es\/fr\/financier\/","og_locale":"fr_FR","og_type":"article","og_title":"Financier","og_url":"https:\/\/delvy.es\/fr\/financier\/","og_site_name":"Delvy","article_publisher":"https:\/\/www.facebook.com\/delvyasesores\/","article_modified_time":"2023-11-16T18:38:53+00:00","twitter_card":"summary_large_image","twitter_site":"@Delvy_Asesores","schema":{"@context":"https:\/\/schema.org","@graph":[{"@type":"WebPage","@id":"https:\/\/delvy.es\/fr\/financier\/","url":"https:\/\/delvy.es\/fr\/financier\/","name":"Financier - Delvy","isPartOf":{"@id":"https:\/\/delvy.es\/#website"},"datePublished":"2023-11-16T18:38:27+00:00","dateModified":"2023-11-16T18:38:53+00:00","breadcrumb":{"@id":"https:\/\/delvy.es\/fr\/financier\/#breadcrumb"},"inLanguage":"fr-FR","potentialAction":[{"@type":"ReadAction","target":["https:\/\/delvy.es\/fr\/financier\/"]}]},{"@type":"BreadcrumbList","@id":"https:\/\/delvy.es\/fr\/financier\/#breadcrumb","itemListElement":[{"@type":"ListItem","position":1,"name":"Portada","item":"https:\/\/delvy.es\/fr\/"},{"@type":"ListItem","position":2,"name":"Financier"}]},{"@type":"WebSite","@id":"https:\/\/delvy.es\/#website","url":"https:\/\/delvy.es\/","name":"Delvy","description":"Asesores Legales Delvy","publisher":{"@id":"https:\/\/delvy.es\/#organization"},"potentialAction":[{"@type":"SearchAction","target":{"@type":"EntryPoint","urlTemplate":"https:\/\/delvy.es\/?s={search_term_string}"},"query-input":{"@type":"PropertyValueSpecification","valueRequired":true,"valueName":"search_term_string"}}],"inLanguage":"fr-FR"},{"@type":"Organization","@id":"https:\/\/delvy.es\/#organization","name":"Delvy","url":"https:\/\/delvy.es\/","logo":{"@type":"ImageObject","inLanguage":"fr-FR","@id":"https:\/\/delvy.es\/#\/schema\/logo\/image\/","url":"https:\/\/delvy.es\/wp-content\/uploads\/2023\/11\/cropped-favicon-5.png","contentUrl":"https:\/\/delvy.es\/wp-content\/uploads\/2023\/11\/cropped-favicon-5.png","width":512,"height":512,"caption":"Delvy"},"image":{"@id":"https:\/\/delvy.es\/#\/schema\/logo\/image\/"},"sameAs":["https:\/\/www.facebook.com\/delvyasesores\/","https:\/\/x.com\/Delvy_Asesores"]}]}},"_links":{"self":[{"href":"https:\/\/delvy.es\/fr\/wp-json\/wp\/v2\/pages\/28034","targetHints":{"allow":["GET"]}}],"collection":[{"href":"https:\/\/delvy.es\/fr\/wp-json\/wp\/v2\/pages"}],"about":[{"href":"https:\/\/delvy.es\/fr\/wp-json\/wp\/v2\/types\/page"}],"author":[{"embeddable":true,"href":"https:\/\/delvy.es\/fr\/wp-json\/wp\/v2\/users\/10553"}],"replies":[{"embeddable":true,"href":"https:\/\/delvy.es\/fr\/wp-json\/wp\/v2\/comments?post=28034"}],"version-history":[{"count":0,"href":"https:\/\/delvy.es\/fr\/wp-json\/wp\/v2\/pages\/28034\/revisions"}],"wp:attachment":[{"href":"https:\/\/delvy.es\/fr\/wp-json\/wp\/v2\/media?parent=28034"}],"curies":[{"name":"wp","href":"https:\/\/api.w.org\/{rel}","templated":true}]}}