{"id":6215,"date":"2015-05-05T15:42:00","date_gmt":"2015-05-05T14:42:00","guid":{"rendered":"https:\/\/delvy.es\/director-financiero-2\/"},"modified":"2021-06-20T12:06:16","modified_gmt":"2021-06-20T11:06:16","slug":"director-financer","status":"publish","type":"page","link":"https:\/\/delvy.es\/ca\/director-financer\/","title":{"rendered":"Director Financer"},"content":{"rendered":"\t\t<div data-elementor-type=\"page\" data-elementor-id=\"20263\" class=\"elementor elementor-20263 elementor-16005\" data-elementor-settings=\"{&quot;element_pack_global_tooltip_width&quot;:{&quot;unit&quot;:&quot;px&quot;,&quot;size&quot;:&quot;&quot;,&quot;sizes&quot;:[]},&quot;element_pack_global_tooltip_width_tablet&quot;:{&quot;unit&quot;:&quot;px&quot;,&quot;size&quot;:&quot;&quot;,&quot;sizes&quot;:[]},&quot;element_pack_global_tooltip_width_mobile&quot;:{&quot;unit&quot;:&quot;px&quot;,&quot;size&quot;:&quot;&quot;,&quot;sizes&quot;:[]},&quot;element_pack_global_tooltip_padding&quot;:{&quot;unit&quot;:&quot;px&quot;,&quot;top&quot;:&quot;&quot;,&quot;right&quot;:&quot;&quot;,&quot;bottom&quot;:&quot;&quot;,&quot;left&quot;:&quot;&quot;,&quot;isLinked&quot;:true},&quot;element_pack_global_tooltip_padding_tablet&quot;:{&quot;unit&quot;:&quot;px&quot;,&quot;top&quot;:&quot;&quot;,&quot;right&quot;:&quot;&quot;,&quot;bottom&quot;:&quot;&quot;,&quot;left&quot;:&quot;&quot;,&quot;isLinked&quot;:true},&quot;element_pack_global_tooltip_padding_mobile&quot;:{&quot;unit&quot;:&quot;px&quot;,&quot;top&quot;:&quot;&quot;,&quot;right&quot;:&quot;&quot;,&quot;bottom&quot;:&quot;&quot;,&quot;left&quot;:&quot;&quot;,&quot;isLinked&quot;:true},&quot;element_pack_global_tooltip_border_radius&quot;:{&quot;unit&quot;:&quot;px&quot;,&quot;top&quot;:&quot;&quot;,&quot;right&quot;:&quot;&quot;,&quot;bottom&quot;:&quot;&quot;,&quot;left&quot;:&quot;&quot;,&quot;isLinked&quot;:true},&quot;element_pack_global_tooltip_border_radius_tablet&quot;:{&quot;unit&quot;:&quot;px&quot;,&quot;top&quot;:&quot;&quot;,&quot;right&quot;:&quot;&quot;,&quot;bottom&quot;:&quot;&quot;,&quot;left&quot;:&quot;&quot;,&quot;isLinked&quot;:true},&quot;element_pack_global_tooltip_border_radius_mobile&quot;:{&quot;unit&quot;:&quot;px&quot;,&quot;top&quot;:&quot;&quot;,&quot;right&quot;:&quot;&quot;,&quot;bottom&quot;:&quot;&quot;,&quot;left&quot;:&quot;&quot;,&quot;isLinked&quot;:true}}\" data-elementor-post-type=\"elementor_library\">\n\t\t\t\t\t\t<section class=\"elementor-section elementor-top-section elementor-element elementor-element-7181e8ee elementor-section-boxed elementor-section-height-default elementor-section-height-default\" data-id=\"7181e8ee\" data-element_type=\"section\" data-e-type=\"section\">\n\t\t\t\t\t\t<div class=\"elementor-container elementor-column-gap-default\">\n\t\t\t\t\t<div class=\"elementor-column elementor-col-50 elementor-top-column elementor-element elementor-element-60e7a123\" data-id=\"60e7a123\" data-element_type=\"column\" data-e-type=\"column\">\n\t\t\t<div class=\"elementor-widget-wrap elementor-element-populated\">\n\t\t\t\t\t\t<div class=\"elementor-element elementor-element-5c6c0f52 elementor-widget elementor-widget-heading\" data-id=\"5c6c0f52\" data-element_type=\"widget\" data-e-type=\"widget\" data-widget_type=\"heading.default\">\n\t\t\t\t<div class=\"elementor-widget-container\">\n\t\t\t\t\t<h2 class=\"elementor-heading-title elementor-size-default\">CFO- Serveis de Direcci\u00f3 Financera<\/h2>\t\t\t\t<\/div>\n\t\t\t\t<\/div>\n\t\t\t\t<div class=\"elementor-element elementor-element-2932a324 elementor-widget elementor-widget-text-editor\" data-id=\"2932a324\" data-element_type=\"widget\" data-e-type=\"widget\" data-widget_type=\"text-editor.default\">\n\t\t\t\t<div class=\"elementor-widget-container\">\n\t\t\t\t\t\t\t\t\t<p>Delvy proveeix serveis de direcci\u00f3 financera (CFO) sota demanda, tant per a un projecte concret (interim CFO) com per a una dedicaci\u00f3 continuada durant determinats dies a la setmana o al mes (part-time CFO).<\/p><p>Som directius, no comptables ni gestors. Nom\u00e9s acceptem el teu enc\u00e0rrec si coneixem el teu sector i creiem que podem aportar valor al negoci des de la funci\u00f3 financera.<\/p>\t\t\t\t\t\t\t\t<\/div>\n\t\t\t\t<\/div>\n\t\t\t\t<div class=\"elementor-element elementor-element-48208c32 elementor-widget elementor-widget-heading\" data-id=\"48208c32\" data-element_type=\"widget\" data-e-type=\"widget\" data-widget_type=\"heading.default\">\n\t\t\t\t<div class=\"elementor-widget-container\">\n\t\t\t\t\t<h2 class=\"elementor-heading-title elementor-size-default\">Per qu\u00e8 un director financer o CFO?<\/h2>\t\t\t\t<\/div>\n\t\t\t\t<\/div>\n\t\t\t\t<div class=\"elementor-element elementor-element-610c465a elementor-widget elementor-widget-text-editor\" data-id=\"610c465a\" data-element_type=\"widget\" data-e-type=\"widget\" data-widget_type=\"text-editor.default\">\n\t\t\t\t<div class=\"elementor-widget-container\">\n\t\t\t\t\t\t\t\t\t<p>T\u00e9 avantatges de cost i no dilueix els accionistes. El CFO sota demanda t&#8217;allibera de la majoria de les incomoditats de contractar un directiu a temps total per a una funci\u00f3 de back office com finances:<\/p><p>\u00a0<\/p><ol><li>No dilueix als accionistes ni a l&#8217;equip directiu fundador perqu\u00e8 no estar remunerat via capital.<\/li><li>Total flexibilitat per escalar la dedicaci\u00f3 &#8220;a m\u00e9s&#8221; o &#8220;a menys&#8221;.<\/li><li>La relaci\u00f3 \u00e9s de tipus mercantil.<\/li><li>Cost estable i controlable mes a mes.<\/li><li>Aconsegueixes un directiu expert pel preu d&#8217;un directiu j\u00fanior durant menys dies al mes.<\/li><li>\u00c9s totalment compatible tant amb ajudar a cr\u00e9ixer al teu equip actual per assumir les funcions de CFO en el futur, com amb contractar un professional a temps total a mig \/ llarg termini.<\/li><\/ol>\t\t\t\t\t\t\t\t<\/div>\n\t\t\t\t<\/div>\n\t\t\t\t<div class=\"elementor-element elementor-element-48c554e0 elementor-widget elementor-widget-heading\" data-id=\"48c554e0\" data-element_type=\"widget\" data-e-type=\"widget\" data-widget_type=\"heading.default\">\n\t\t\t\t<div class=\"elementor-widget-container\">\n\t\t\t\t\t<h2 class=\"elementor-heading-title elementor-size-default\">Per a startups i companyies tecnol\u00f2giques emergents<\/h2>\t\t\t\t<\/div>\n\t\t\t\t<\/div>\n\t\t\t\t<div class=\"elementor-element elementor-element-1a1e3caf elementor-widget elementor-widget-text-editor\" data-id=\"1a1e3caf\" data-element_type=\"widget\" data-e-type=\"widget\" data-widget_type=\"text-editor.default\">\n\t\t\t\t<div class=\"elementor-widget-container\">\n\t\t\t\t\t\t\t\t\t<blockquote><p>T&#8217;oferim un servei de direcci\u00f3 financera on tu controles el temps i els costos. Estem habituats a treballar amb empreses finan\u00e7ades per BA\/VC\u2019s. Aportem valor afegit desenvolupant paquets de reporting financer i negoci a mida, aix\u00ed com guiant a l&#8217;emprenedor i a l&#8217;equip directiu respecte a la gesti\u00f3 d&#8217;una empresa en per\u00edodes de canvi accelerat.<\/p><\/blockquote>\t\t\t\t\t\t\t\t<\/div>\n\t\t\t\t<\/div>\n\t\t\t\t<div class=\"elementor-element elementor-element-7aaf19bd elementor-widget elementor-widget-heading\" data-id=\"7aaf19bd\" data-element_type=\"widget\" data-e-type=\"widget\" data-widget_type=\"heading.default\">\n\t\t\t\t<div class=\"elementor-widget-container\">\n\t\t\t\t\t<h2 class=\"elementor-heading-title elementor-size-default\">Davant rondes d'inversi\u00f3 o sol\u00b7licituds de finan\u00e7ament bancari o d'entitats p\u00fabliques (CDTI, Avanza, ENISA, etc)<\/h2>\t\t\t\t<\/div>\n\t\t\t\t<\/div>\n\t\t\t\t<div class=\"elementor-element elementor-element-63439701 elementor-widget elementor-widget-text-editor\" data-id=\"63439701\" data-element_type=\"widget\" data-e-type=\"widget\" data-widget_type=\"text-editor.default\">\n\t\t\t\t<div class=\"elementor-widget-container\">\n\t\t\t\t\t\t\t\t\t<blockquote><p>Gestionem la relaci\u00f3 tant amb inversors professionals com institucionals i aconsellem l&#8217;estructura de capital \u00f2ptima. Som especialistes en l&#8217;expansi\u00f3 internacional. Permetem a l&#8217;equip directiu que se centri en gestionar el negoci. Treballem com un empleat m\u00e9s del teu equip, no com un consultor extern.<\/p><\/blockquote>\t\t\t\t\t\t\t\t<\/div>\n\t\t\t\t<\/div>\n\t\t\t\t<div class=\"elementor-element elementor-element-8107cee elementor-widget elementor-widget-heading\" data-id=\"8107cee\" data-element_type=\"widget\" data-e-type=\"widget\" data-widget_type=\"heading.default\">\n\t\t\t\t<div class=\"elementor-widget-container\">\n\t\t\t\t\t<h2 class=\"elementor-heading-title elementor-size-default\">Per \u00e0ngels, VC i firmes de private equity\n<\/h2>\t\t\t\t<\/div>\n\t\t\t\t<\/div>\n\t\t\t\t<div class=\"elementor-element elementor-element-62c89671 elementor-widget elementor-widget-text-editor\" data-id=\"62c89671\" data-element_type=\"widget\" data-e-type=\"widget\" data-widget_type=\"text-editor.default\">\n\t\t\t\t<div class=\"elementor-widget-container\">\n\t\t\t\t\t\t\t\t\t<blockquote><p>Externalitzem el teu back office. Controlem el teu portafoli i protegim la teva inversi\u00f3 de forma professional i afegint valor al negoci des de la nostra experi\u00e8ncia: valoracions, <em>due diligence<\/em>, suport continu a empreses participades. Hem gestionat tant a empreses que creixen com a empreses que necessiten reestructurar-se i reorientar-se. La nostra dedicaci\u00f3 i cost s\u00f3n completament flexibles: tries el nivell de suport que necessites i el temps de dedicaci\u00f3.<\/p><h4 class=\"p1\" style=\"text-align: justify;\">\u00a0<\/h4><\/blockquote>\t\t\t\t\t\t\t\t<\/div>\n\t\t\t\t<\/div>\n\t\t\t\t\t<\/div>\n\t\t<\/div>\n\t\t\t\t<div class=\"elementor-column elementor-col-50 elementor-top-column elementor-element elementor-element-5f4b4a5f\" data-id=\"5f4b4a5f\" data-element_type=\"column\" data-e-type=\"column\">\n\t\t\t<div class=\"elementor-widget-wrap elementor-element-populated\">\n\t\t\t\t\t\t<div class=\"elementor-element elementor-element-fe394eb elementor-widget elementor-widget-heading\" data-id=\"fe394eb\" data-element_type=\"widget\" data-e-type=\"widget\" data-widget_type=\"heading.default\">\n\t\t\t\t<div class=\"elementor-widget-container\">\n\t\t\t\t\t<h3 class=\"elementor-heading-title elementor-size-default\">CONTACTA amb nosaltres<\/h3>\t\t\t\t<\/div>\n\t\t\t\t<\/div>\n\t\t\t\t<div class=\"elementor-element elementor-element-2a88170 elementor-button-align-stretch elementor-widget elementor-widget-global elementor-global-20158 elementor-widget-form\" data-id=\"2a88170\" data-element_type=\"widget\" data-e-type=\"widget\" data-settings=\"{&quot;step_next_label&quot;:&quot;Next&quot;,&quot;step_previous_label&quot;:&quot;Previous&quot;,&quot;button_width&quot;:&quot;100&quot;,&quot;step_type&quot;:&quot;number_text&quot;,&quot;step_icon_shape&quot;:&quot;circle&quot;}\" data-widget_type=\"form.default\">\n\t\t\t\t<div class=\"elementor-widget-container\">\n\t\t\t\t\t\t\t<form class=\"elementor-form\" method=\"post\" name=\"Contacto Home\" aria-label=\"Contacto Home\">\n\t\t\t<input type=\"hidden\" name=\"post_id\" value=\"20263\"\/>\n\t\t\t<input type=\"hidden\" name=\"form_id\" value=\"2a88170\"\/>\n\t\t\t<input type=\"hidden\" name=\"referer_title\" value=\"Delvy\" \/>\n\n\t\t\t\n\t\t\t<div class=\"elementor-form-fields-wrapper elementor-labels-above\">\n\t\t\t\t\t\t\t\t<div class=\"elementor-field-type-text elementor-field-group elementor-column elementor-field-group-name elementor-col-100 elementor-field-required elementor-mark-required\">\n\t\t\t\t\t\t\t\t\t\t\t\t<label for=\"form-field-name\" class=\"elementor-field-label\">\n\t\t\t\t\t\t\t\tNom\t\t\t\t\t\t\t<\/label>\n\t\t\t\t\t\t\t\t\t\t\t\t\t\t<input size=\"1\" type=\"text\" name=\"form_fields[name]\" id=\"form-field-name\" class=\"elementor-field elementor-size-xs  elementor-field-textual\" placeholder=\"Ex: Andreu Socarrats\" required=\"required\">\n\t\t\t\t\t\t\t\t\t\t\t<\/div>\n\t\t\t\t\t\t\t\t<div class=\"elementor-field-type-email elementor-field-group elementor-column elementor-field-group-email elementor-col-100 elementor-field-required elementor-mark-required\">\n\t\t\t\t\t\t\t\t\t\t\t\t<label for=\"form-field-email\" class=\"elementor-field-label\">\n\t\t\t\t\t\t\t\tCorreu Electr\u00f2nic\t\t\t\t\t\t\t<\/label>\n\t\t\t\t\t\t\t\t\t\t\t\t\t\t<input size=\"1\" type=\"email\" name=\"form_fields[email]\" id=\"form-field-email\" class=\"elementor-field elementor-size-xs  elementor-field-textual\" placeholder=\"Ex: andreu@ocarrats.cat\" required=\"required\">\n\t\t\t\t\t\t\t\t\t\t\t<\/div>\n\t\t\t\t\t\t\t\t<div class=\"elementor-field-type-tel elementor-field-group elementor-column elementor-field-group-field_1 elementor-col-100 elementor-field-required elementor-mark-required\">\n\t\t\t\t\t\t\t\t\t\t\t\t<label for=\"form-field-field_1\" class=\"elementor-field-label\">\n\t\t\t\t\t\t\t\tTel\u00e8fon + Codi de pa\u00eds\t\t\t\t\t\t\t<\/label>\n\t\t\t\t\t\t\t\t<input size=\"1\" type=\"tel\" name=\"form_fields[field_1]\" id=\"form-field-field_1\" class=\"elementor-field elementor-size-xs  elementor-field-textual\" placeholder=\"Ex: 0034671836996\" required=\"required\" pattern=\"[0-9()#&amp;+*-=.]+\" title=\"Only numbers and phone characters (#, -, *, etc) are accepted.\">\n\n\t\t\t\t\t\t<\/div>\n\t\t\t\t\t\t\t\t<div class=\"elementor-field-type-textarea elementor-field-group elementor-column elementor-field-group-message elementor-col-100 elementor-field-required elementor-mark-required\">\n\t\t\t\t\t\t\t\t\t\t\t\t<label for=\"form-field-message\" class=\"elementor-field-label\">\n\t\t\t\t\t\t\t\tel teu Missatge\t\t\t\t\t\t\t<\/label>\n\t\t\t\t\t\t<textarea class=\"elementor-field-textual elementor-field  elementor-size-xs\" name=\"form_fields[message]\" id=\"form-field-message\" rows=\"4\" placeholder=\"Missatge\" required=\"required\"><\/textarea>\t\t\t\t<\/div>\n\t\t\t\t\t\t\t\t<div class=\"elementor-field-type-acceptance elementor-field-group elementor-column elementor-field-group-1e96220 elementor-col-100 elementor-field-required elementor-mark-required\">\n\t\t\t\t\t\t\t\t\t\t\t\t<label for=\"form-field-1e96220\" class=\"elementor-field-label\">\n\t\t\t\t\t\t\t\tPol\u00edtica de privacitat\t\t\t\t\t\t\t<\/label>\n\t\t\t\t\t\t\t\t<div class=\"elementor-field-subgroup\">\n\t\t\t<span class=\"elementor-field-option\">\n\t\t\t\t<input type=\"checkbox\" name=\"form_fields[1e96220]\" id=\"form-field-1e96220\" class=\"elementor-field elementor-size-xs  elementor-acceptance-field\" required=\"required\">\n\t\t\t\t<label for=\"form-field-1e96220\">He llegit i accepto l <a href=\"https:\/\/delvy.es\/politica-privacidad\/\" rel=\"noopener\" target=\"_blank\">Pol\u00edtica de Privacitat<\/a><\/label>\t\t\t<\/span>\n\t\t<\/div>\n\t\t\t\t\t\t<\/div>\n\t\t\t\t\t\t\t\t<div class=\"elementor-field-type-acceptance elementor-field-group elementor-column elementor-field-group-4f7379b elementor-col-100\">\n\t\t\t\t\t\t\t\t\t\t\t\t<label for=\"form-field-4f7379b\" class=\"elementor-field-label\">\n\t\t\t\t\t\t\t\tbutllet\u00ed de not\u00edcies\t\t\t\t\t\t\t<\/label>\n\t\t\t\t\t\t\t\t<div class=\"elementor-field-subgroup\">\n\t\t\t<span class=\"elementor-field-option\">\n\t\t\t\t<input type=\"checkbox\" name=\"form_fields[4f7379b]\" id=\"form-field-4f7379b\" class=\"elementor-field elementor-size-xs  elementor-acceptance-field\">\n\t\t\t\t<label for=\"form-field-4f7379b\">Accepto rebre el butllet\u00ed informatiu (Newsletter) de Delvy, fins i tot per mitjans electr\u00f2nics<\/label>\t\t\t<\/span>\n\t\t<\/div>\n\t\t\t\t\t\t<\/div>\n\t\t\t\t\t\t\t\t<div class=\"elementor-field-type-html elementor-field-group elementor-column elementor-field-group-b7b689c elementor-col-100\">\n\t\t\t\t\t<P style = \"text-align: left; font-size: 10px; line-height: 1.2em;\"> <span style = \"color: # 808080;\"> <strong> INFORMACI\u00d3 SOBRE PROTECCI\u00d3 DE DADES DE DELVY ASSESSORS, SL <\/strong> <strong> Finalitats: <\/strong> Facilitar-un mitj\u00e0 perqu\u00e8 pugui posar-se en contacte amb nosaltres i contestar les seves sol\u00b7licituds d'informaci\u00f3, aix\u00ed com enviar-li el nostre butllet\u00ed comercial i comunicacions informatives que puguin ser del seu inter\u00e8s, fins i tot per mitjans electr\u00f2nics, en cas d'acceptar la casella corresponent. <Strong> Legitimaci\u00f3: <\/strong> El seu consentiment expr\u00e9s, l'execuci\u00f3 de la relaci\u00f3 precontractual o contractual mantinguda amb vost\u00e8 i l'inter\u00e8s leg\u00edtim de Delvy. <Strong> Destinataris: <\/strong> La informaci\u00f3 proporcionada podr\u00e0 ser compartida amb la nostra base de dades d'emmagatzematge i tercers prove\u00efdors que ens ajuden en la prestaci\u00f3 dels serveis. <Strong> Drets: <\/strong> Podeu retirar el seu consentiment en qualsevol moment, aix\u00ed com sol\u00b7licitar l'acc\u00e9s, rectificaci\u00f3, limitaci\u00f3, supressi\u00f3, i \/ o portabilitat de les seves dades a l'adre\u00e7a de correu electr\u00f2nic info@delvy.es. <Strong> Informaci\u00f3 Addicional: <\/strong> Podeu ampliar la informaci\u00f3 a l'enlla\u00e7 de <strong> He llegit i accepto la <a href = \"https:\/\/delvy.es\/politica-privacidad\/\" rel = \"noopener\" target = \"_ blank\"> Pol\u00edtica de Privadesa <\/a> <\/strong> <\/ span> <\/ p>\t\t\t\t<\/div>\n\t\t\t\t\t\t\t\t<div class=\"elementor-field-type-recaptcha_v3 elementor-field-group elementor-column elementor-field-group-field_edb5df4 elementor-col-100 recaptcha_v3-inline\">\n\t\t\t\t\t<div class=\"elementor-field\" id=\"form-field-field_edb5df4\"><div class=\"elementor-g-recaptcha\" data-sitekey=\"6Lc-1NUpAAAAAKYVR9X16gnz9H5a1Y_x9ua7Z9Tn\" data-type=\"v3\" data-action=\"Form\" data-badge=\"inline\" data-size=\"invisible\"><\/div><\/div>\t\t\t\t<\/div>\n\t\t\t\t\t\t\t\t<div class=\"elementor-field-type-hidden elementor-field-group elementor-column elementor-field-group-antispam elementor-col-100\">\n\t\t\t\t\t\t\t\t\t\t\t\t\t<input size=\"1\" type=\"hidden\" name=\"form_fields[antispam]\" id=\"form-field-antispam\" class=\"elementor-field elementor-size-xs  elementor-field-textual\">\n\t\t\t\t\t\t\t\t\t\t\t<\/div>\n\t\t\t\t\t\t\t\t<div class=\"elementor-field-type-text\">\n\t\t\t\t\t<input size=\"1\" type=\"text\" name=\"form_fields[antispam2]\" id=\"form-field-antispam2\" class=\"elementor-field elementor-size-xs \" style=\"display:none !important;\">\t\t\t\t<\/div>\n\t\t\t\t\t\t\t\t<div class=\"elementor-field-type-html elementor-field-group elementor-column elementor-field-group-field_24803ad elementor-col-100\">\n\t\t\t\t\tDELVY\t\t\t\t<\/div>\n\t\t\t\t\t\t\t\t<div class=\"elementor-field-group elementor-column elementor-field-type-submit elementor-col-100 e-form__buttons\">\n\t\t\t\t\t<button class=\"elementor-button elementor-size-xs\" type=\"submit\">\n\t\t\t\t\t\t<span class=\"elementor-button-content-wrapper\">\n\t\t\t\t\t\t\t\t\t\t\t\t\t\t\t<span class=\"elementor-button-icon\">\n\t\t\t\t\t\t\t\t\t<i class=\"fa fa-send\" aria-hidden=\"true\"><\/i>\t\t\t\t\t\t\t\t\t\t\t\t\t\t\t\t\t<\/span>\n\t\t\t\t\t\t\t\t\t\t\t\t\t\t\t\t\t\t\t\t\t\t<span class=\"elementor-button-text\">enviar<\/span>\n\t\t\t\t\t\t\t\t\t\t\t\t\t<\/span>\n\t\t\t\t\t<\/button>\n\t\t\t\t<\/div>\n\t\t\t<\/div>\n\t\t<\/form>\n\t\t\t\t\t\t<\/div>\n\t\t\t\t<\/div>\n\t\t\t\t\t<\/div>\n\t\t<\/div>\n\t\t\t\t\t<\/div>\n\t\t<\/section>\n\t\t\t\t<\/div>\n\t\t\n","protected":false},"excerpt":{"rendered":"","protected":false},"author":10553,"featured_media":0,"parent":0,"menu_order":0,"comment_status":"open","ping_status":"open","template":"elementor_header_footer","meta":{"_acf_changed":false,"rop_custom_images_group":[],"rop_custom_messages_group":[],"rop_publish_now":"initial","rop_publish_now_accounts":[],"rop_publish_now_history":[],"rop_publish_now_status":"pending","footnotes":""},"class_list":["post-6215","page","type-page","status-publish","hentry"],"acf":[],"yoast_head":"<!-- This site is optimized with the Yoast SEO Premium plugin v25.3.1 (Yoast SEO v27.3) - https:\/\/yoast.com\/product\/yoast-seo-premium-wordpress\/ -->\n<title>Director Financer | Delvy.es<\/title>\n<meta name=\"description\" content=\"Delvy proveeix serveis de direcci\u00f3 financera (CFO) sota demanda, tant per a un projecte concret (interim CFO) com per a una dedicaci\u00f3 continuada\" \/>\n<meta name=\"robots\" content=\"index, follow, max-snippet:-1, max-image-preview:large, max-video-preview:-1\" \/>\n<link rel=\"canonical\" href=\"https:\/\/delvy.es\/director-financiero\/\" \/>\n<meta property=\"og:locale\" content=\"ca_ES\" \/>\n<meta property=\"og:type\" content=\"article\" \/>\n<meta property=\"og:title\" content=\"Director Financer\" \/>\n<meta property=\"og:description\" content=\"Delvy proveeix serveis de direcci\u00f3 financera (CFO) sota demanda, tant per a un projecte concret (interim CFO) com per a una dedicaci\u00f3 continuada\" \/>\n<meta property=\"og:url\" content=\"https:\/\/delvy.es\/director-financiero\/\" \/>\n<meta property=\"og:site_name\" content=\"Delvy\" \/>\n<meta property=\"article:publisher\" content=\"https:\/\/www.facebook.com\/delvyasesores\/\" \/>\n<meta property=\"article:modified_time\" content=\"2021-06-20T11:06:16+00:00\" \/>\n<meta name=\"twitter:card\" content=\"summary_large_image\" \/>\n<meta name=\"twitter:site\" content=\"@Delvy_Asesores\" \/>\n<script type=\"application\/ld+json\" class=\"yoast-schema-graph\">{\"@context\":\"https:\\\/\\\/schema.org\",\"@graph\":[{\"@type\":\"WebPage\",\"@id\":\"https:\\\/\\\/delvy.es\\\/director-financiero\\\/\",\"url\":\"https:\\\/\\\/delvy.es\\\/director-financiero\\\/\",\"name\":\"Director Financer | Delvy.es\",\"isPartOf\":{\"@id\":\"https:\\\/\\\/delvy.es\\\/#website\"},\"datePublished\":\"2015-05-05T14:42:00+00:00\",\"dateModified\":\"2021-06-20T11:06:16+00:00\",\"description\":\"Delvy proveeix serveis de direcci\u00f3 financera (CFO) sota demanda, tant per a un projecte concret (interim CFO) com per a una dedicaci\u00f3 continuada\",\"breadcrumb\":{\"@id\":\"https:\\\/\\\/delvy.es\\\/director-financiero\\\/#breadcrumb\"},\"inLanguage\":\"ca\",\"potentialAction\":[{\"@type\":\"ReadAction\",\"target\":[\"https:\\\/\\\/delvy.es\\\/director-financiero\\\/\"]}]},{\"@type\":\"BreadcrumbList\",\"@id\":\"https:\\\/\\\/delvy.es\\\/director-financiero\\\/#breadcrumb\",\"itemListElement\":[{\"@type\":\"ListItem\",\"position\":1,\"name\":\"Portada\",\"item\":\"https:\\\/\\\/delvy.es\\\/ca\\\/\"},{\"@type\":\"ListItem\",\"position\":2,\"name\":\"Director Financer\"}]},{\"@type\":\"WebSite\",\"@id\":\"https:\\\/\\\/delvy.es\\\/#website\",\"url\":\"https:\\\/\\\/delvy.es\\\/\",\"name\":\"Delvy\",\"description\":\"Asesores Legales Delvy\",\"publisher\":{\"@id\":\"https:\\\/\\\/delvy.es\\\/#organization\"},\"potentialAction\":[{\"@type\":\"SearchAction\",\"target\":{\"@type\":\"EntryPoint\",\"urlTemplate\":\"https:\\\/\\\/delvy.es\\\/?s={search_term_string}\"},\"query-input\":{\"@type\":\"PropertyValueSpecification\",\"valueRequired\":true,\"valueName\":\"search_term_string\"}}],\"inLanguage\":\"ca\"},{\"@type\":\"Organization\",\"@id\":\"https:\\\/\\\/delvy.es\\\/#organization\",\"name\":\"Delvy\",\"url\":\"https:\\\/\\\/delvy.es\\\/\",\"logo\":{\"@type\":\"ImageObject\",\"inLanguage\":\"ca\",\"@id\":\"https:\\\/\\\/delvy.es\\\/#\\\/schema\\\/logo\\\/image\\\/\",\"url\":\"https:\\\/\\\/delvy.es\\\/wp-content\\\/uploads\\\/2023\\\/11\\\/cropped-favicon-5.png\",\"contentUrl\":\"https:\\\/\\\/delvy.es\\\/wp-content\\\/uploads\\\/2023\\\/11\\\/cropped-favicon-5.png\",\"width\":512,\"height\":512,\"caption\":\"Delvy\"},\"image\":{\"@id\":\"https:\\\/\\\/delvy.es\\\/#\\\/schema\\\/logo\\\/image\\\/\"},\"sameAs\":[\"https:\\\/\\\/www.facebook.com\\\/delvyasesores\\\/\",\"https:\\\/\\\/x.com\\\/Delvy_Asesores\"]}]}<\/script>\n<!-- \/ Yoast SEO Premium plugin. -->","yoast_head_json":{"title":"Director Financer | Delvy.es","description":"Delvy proveeix serveis de direcci\u00f3 financera (CFO) sota demanda, tant per a un projecte concret (interim CFO) com per a una dedicaci\u00f3 continuada","robots":{"index":"index","follow":"follow","max-snippet":"max-snippet:-1","max-image-preview":"max-image-preview:large","max-video-preview":"max-video-preview:-1"},"canonical":"https:\/\/delvy.es\/director-financiero\/","og_locale":"ca_ES","og_type":"article","og_title":"Director Financer","og_description":"Delvy proveeix serveis de direcci\u00f3 financera (CFO) sota demanda, tant per a un projecte concret (interim CFO) com per a una dedicaci\u00f3 continuada","og_url":"https:\/\/delvy.es\/director-financiero\/","og_site_name":"Delvy","article_publisher":"https:\/\/www.facebook.com\/delvyasesores\/","article_modified_time":"2021-06-20T11:06:16+00:00","twitter_card":"summary_large_image","twitter_site":"@Delvy_Asesores","schema":{"@context":"https:\/\/schema.org","@graph":[{"@type":"WebPage","@id":"https:\/\/delvy.es\/director-financiero\/","url":"https:\/\/delvy.es\/director-financiero\/","name":"Director Financer | Delvy.es","isPartOf":{"@id":"https:\/\/delvy.es\/#website"},"datePublished":"2015-05-05T14:42:00+00:00","dateModified":"2021-06-20T11:06:16+00:00","description":"Delvy proveeix serveis de direcci\u00f3 financera (CFO) sota demanda, tant per a un projecte concret (interim CFO) com per a una dedicaci\u00f3 continuada","breadcrumb":{"@id":"https:\/\/delvy.es\/director-financiero\/#breadcrumb"},"inLanguage":"ca","potentialAction":[{"@type":"ReadAction","target":["https:\/\/delvy.es\/director-financiero\/"]}]},{"@type":"BreadcrumbList","@id":"https:\/\/delvy.es\/director-financiero\/#breadcrumb","itemListElement":[{"@type":"ListItem","position":1,"name":"Portada","item":"https:\/\/delvy.es\/ca\/"},{"@type":"ListItem","position":2,"name":"Director Financer"}]},{"@type":"WebSite","@id":"https:\/\/delvy.es\/#website","url":"https:\/\/delvy.es\/","name":"Delvy","description":"Asesores Legales Delvy","publisher":{"@id":"https:\/\/delvy.es\/#organization"},"potentialAction":[{"@type":"SearchAction","target":{"@type":"EntryPoint","urlTemplate":"https:\/\/delvy.es\/?s={search_term_string}"},"query-input":{"@type":"PropertyValueSpecification","valueRequired":true,"valueName":"search_term_string"}}],"inLanguage":"ca"},{"@type":"Organization","@id":"https:\/\/delvy.es\/#organization","name":"Delvy","url":"https:\/\/delvy.es\/","logo":{"@type":"ImageObject","inLanguage":"ca","@id":"https:\/\/delvy.es\/#\/schema\/logo\/image\/","url":"https:\/\/delvy.es\/wp-content\/uploads\/2023\/11\/cropped-favicon-5.png","contentUrl":"https:\/\/delvy.es\/wp-content\/uploads\/2023\/11\/cropped-favicon-5.png","width":512,"height":512,"caption":"Delvy"},"image":{"@id":"https:\/\/delvy.es\/#\/schema\/logo\/image\/"},"sameAs":["https:\/\/www.facebook.com\/delvyasesores\/","https:\/\/x.com\/Delvy_Asesores"]}]}},"_links":{"self":[{"href":"https:\/\/delvy.es\/ca\/wp-json\/wp\/v2\/pages\/6215","targetHints":{"allow":["GET"]}}],"collection":[{"href":"https:\/\/delvy.es\/ca\/wp-json\/wp\/v2\/pages"}],"about":[{"href":"https:\/\/delvy.es\/ca\/wp-json\/wp\/v2\/types\/page"}],"author":[{"embeddable":true,"href":"https:\/\/delvy.es\/ca\/wp-json\/wp\/v2\/users\/10553"}],"replies":[{"embeddable":true,"href":"https:\/\/delvy.es\/ca\/wp-json\/wp\/v2\/comments?post=6215"}],"version-history":[{"count":0,"href":"https:\/\/delvy.es\/ca\/wp-json\/wp\/v2\/pages\/6215\/revisions"}],"wp:attachment":[{"href":"https:\/\/delvy.es\/ca\/wp-json\/wp\/v2\/media?parent=6215"}],"curies":[{"name":"wp","href":"https:\/\/api.w.org\/{rel}","templated":true}]}}