{"id":5628,"date":"2015-01-19T15:33:32","date_gmt":"2015-01-19T14:33:32","guid":{"rendered":"https:\/\/delvy.es\/?page_id=5628"},"modified":"2021-06-20T10:35:48","modified_gmt":"2021-06-20T09:35:48","slug":"financer","status":"publish","type":"page","link":"https:\/\/delvy.es\/ca\/arees\/financer\/","title":{"rendered":"Financer"},"content":{"rendered":"\t\t<div data-elementor-type=\"page\" data-elementor-id=\"20186\" class=\"elementor elementor-20186 elementor-15983\" data-elementor-settings=\"{&quot;element_pack_global_tooltip_width&quot;:{&quot;unit&quot;:&quot;px&quot;,&quot;size&quot;:&quot;&quot;,&quot;sizes&quot;:[]},&quot;element_pack_global_tooltip_width_tablet&quot;:{&quot;unit&quot;:&quot;px&quot;,&quot;size&quot;:&quot;&quot;,&quot;sizes&quot;:[]},&quot;element_pack_global_tooltip_width_mobile&quot;:{&quot;unit&quot;:&quot;px&quot;,&quot;size&quot;:&quot;&quot;,&quot;sizes&quot;:[]},&quot;element_pack_global_tooltip_padding&quot;:{&quot;unit&quot;:&quot;px&quot;,&quot;top&quot;:&quot;&quot;,&quot;right&quot;:&quot;&quot;,&quot;bottom&quot;:&quot;&quot;,&quot;left&quot;:&quot;&quot;,&quot;isLinked&quot;:true},&quot;element_pack_global_tooltip_padding_tablet&quot;:{&quot;unit&quot;:&quot;px&quot;,&quot;top&quot;:&quot;&quot;,&quot;right&quot;:&quot;&quot;,&quot;bottom&quot;:&quot;&quot;,&quot;left&quot;:&quot;&quot;,&quot;isLinked&quot;:true},&quot;element_pack_global_tooltip_padding_mobile&quot;:{&quot;unit&quot;:&quot;px&quot;,&quot;top&quot;:&quot;&quot;,&quot;right&quot;:&quot;&quot;,&quot;bottom&quot;:&quot;&quot;,&quot;left&quot;:&quot;&quot;,&quot;isLinked&quot;:true},&quot;element_pack_global_tooltip_border_radius&quot;:{&quot;unit&quot;:&quot;px&quot;,&quot;top&quot;:&quot;&quot;,&quot;right&quot;:&quot;&quot;,&quot;bottom&quot;:&quot;&quot;,&quot;left&quot;:&quot;&quot;,&quot;isLinked&quot;:true},&quot;element_pack_global_tooltip_border_radius_tablet&quot;:{&quot;unit&quot;:&quot;px&quot;,&quot;top&quot;:&quot;&quot;,&quot;right&quot;:&quot;&quot;,&quot;bottom&quot;:&quot;&quot;,&quot;left&quot;:&quot;&quot;,&quot;isLinked&quot;:true},&quot;element_pack_global_tooltip_border_radius_mobile&quot;:{&quot;unit&quot;:&quot;px&quot;,&quot;top&quot;:&quot;&quot;,&quot;right&quot;:&quot;&quot;,&quot;bottom&quot;:&quot;&quot;,&quot;left&quot;:&quot;&quot;,&quot;isLinked&quot;:true}}\" data-elementor-post-type=\"elementor_library\">\n\t\t\t\t\t\t<section class=\"elementor-section elementor-top-section elementor-element elementor-element-341a3604 elementor-section-boxed elementor-section-height-default elementor-section-height-default\" data-id=\"341a3604\" data-element_type=\"section\" data-e-type=\"section\">\n\t\t\t\t\t\t<div class=\"elementor-container elementor-column-gap-default\">\n\t\t\t\t\t<div class=\"elementor-column elementor-col-50 elementor-top-column elementor-element elementor-element-1f831371\" data-id=\"1f831371\" data-element_type=\"column\" data-e-type=\"column\">\n\t\t\t<div class=\"elementor-widget-wrap elementor-element-populated\">\n\t\t\t\t\t\t<div class=\"elementor-element elementor-element-5dc390af elementor-widget elementor-widget-heading\" data-id=\"5dc390af\" data-element_type=\"widget\" data-e-type=\"widget\" data-widget_type=\"heading.default\">\n\t\t\t\t<div class=\"elementor-widget-container\">\n\t\t\t\t\t<h2 class=\"elementor-heading-title elementor-size-default\">FINANCER<\/h2>\t\t\t\t<\/div>\n\t\t\t\t<\/div>\n\t\t\t\t<div class=\"elementor-element elementor-element-5fcbc2cf elementor-widget elementor-widget-text-editor\" data-id=\"5fcbc2cf\" data-element_type=\"widget\" data-e-type=\"widget\" data-widget_type=\"text-editor.default\">\n\t\t\t\t<div class=\"elementor-widget-container\">\n\t\t\t\t\t\t\t\t\t<p>A Delvy coneixem la import\u00e0ncia de realitzar una gesti\u00f3 financera professional i experta. Entenem que una empresa en creixement ha de vigilar els costos de les funcions de suport. Amb aquesta finalitat, oferim serveis especialitzats, tant recurrents com ad hoc, plenament integrats en l&#8217;operativa de l&#8217;empresa, vivint el mateix dia a dia, compartint els mateixos objectius, i afegint valor en integrar-se amb la resta de les funcions directives, aix\u00ed com amb el Consell d&#8217;Administraci\u00f3.<\/p><p>\u00a0<\/p><p>\u00a0<\/p><p><strong>\u201cCFO on demand\u201d<\/strong><\/p><article class=\"post-entry post-entry-type-page post-entry-5532\"><div class=\"entry-content-wrapper clearfix\"><div class=\"entry-content\"><ul><li>Tancament mensual (balan\u00e7, compte de resultats, <em>cashflow statement<\/em>) basat en dades comptables<\/li><li>Quadre de comandament (KPI) comparat amb per\u00edodes anteriors\u00a0i amb\u00a0pla de negoci<\/li><li>Informe i discussi\u00f3 amb Consell de Direcci\u00f3 i accionistes<\/li><li>Accions a prendre, control d&#8217;execuci\u00f3 de les accions del mes anterior<\/li><\/ul><p><strong>\u00a0<\/strong><\/p><p><strong>Planificaci\u00f3 estrat\u00e8gica<\/strong><\/p><ul><li>Elaboraci\u00f3 de presupostos, <em>business plan<\/em> i altra\u00a0informaci\u00f3 <em>ad hoc<\/em><\/li><li>Valoraci\u00f3 de l&#8217;empresa<\/li><\/ul><p><strong>\u00a0<\/strong><\/p><p><strong>Representaci\u00f3 de l&#8217;empresa davant tercers \u201cThis company has a CFO\u201d<\/strong><\/p><ul><li>Ens integrem en el teu equip davant rondes d&#8217;inversi\u00f3, due diligence, auditoria, M&amp;A, projectes\u00a0de finan\u00e7ament p\u00fablic, finan\u00e7ament bancari, contractes comercials clau, etc.<\/li><li>Presentem la informaci\u00f3, la discutim amb tercers i, si \u00e9s necessari, iterem el resultat<\/li><\/ul><p><strong>\u00a0<\/strong><\/p><p><strong>Internacionalitzaci\u00f3<\/strong><\/p><ul><li>Recolzament en l&#8217;apertura i posada\u00a0en funcionament de filials a l&#8217;estranger<\/li><li>Estats financers consolidats (multipais, multidivisa)<\/li><\/ul><\/div><footer class=\"entry-footer\"><\/footer><\/div><\/article>\t\t\t\t\t\t\t\t<\/div>\n\t\t\t\t<\/div>\n\t\t\t\t\t<\/div>\n\t\t<\/div>\n\t\t\t\t<div class=\"elementor-column elementor-col-50 elementor-top-column elementor-element elementor-element-70fcb931\" data-id=\"70fcb931\" data-element_type=\"column\" data-e-type=\"column\">\n\t\t\t<div class=\"elementor-widget-wrap elementor-element-populated\">\n\t\t\t\t\t\t<div class=\"elementor-element elementor-element-7cab5f74 elementor-widget elementor-widget-heading\" data-id=\"7cab5f74\" data-element_type=\"widget\" data-e-type=\"widget\" data-widget_type=\"heading.default\">\n\t\t\t\t<div class=\"elementor-widget-container\">\n\t\t\t\t\t<h3 class=\"elementor-heading-title elementor-size-default\">CONTACTA AMB NOSALTRES<\/h3>\t\t\t\t<\/div>\n\t\t\t\t<\/div>\n\t\t\t\t<div class=\"elementor-element elementor-element-c8e00e6 elementor-button-align-stretch elementor-widget elementor-widget-global elementor-global-20158 elementor-widget-form\" data-id=\"c8e00e6\" data-element_type=\"widget\" data-e-type=\"widget\" data-settings=\"{&quot;step_next_label&quot;:&quot;Next&quot;,&quot;step_previous_label&quot;:&quot;Previous&quot;,&quot;button_width&quot;:&quot;100&quot;,&quot;step_type&quot;:&quot;number_text&quot;,&quot;step_icon_shape&quot;:&quot;circle&quot;}\" data-widget_type=\"form.default\">\n\t\t\t\t<div class=\"elementor-widget-container\">\n\t\t\t\t\t\t\t<form class=\"elementor-form\" method=\"post\" name=\"Contacto Home\" aria-label=\"Contacto Home\">\n\t\t\t<input type=\"hidden\" name=\"post_id\" value=\"20186\"\/>\n\t\t\t<input type=\"hidden\" name=\"form_id\" value=\"c8e00e6\"\/>\n\t\t\t<input type=\"hidden\" name=\"referer_title\" value=\"Delvy\" \/>\n\n\t\t\t\n\t\t\t<div class=\"elementor-form-fields-wrapper elementor-labels-above\">\n\t\t\t\t\t\t\t\t<div class=\"elementor-field-type-text elementor-field-group elementor-column elementor-field-group-name elementor-col-100 elementor-field-required elementor-mark-required\">\n\t\t\t\t\t\t\t\t\t\t\t\t<label for=\"form-field-name\" class=\"elementor-field-label\">\n\t\t\t\t\t\t\t\tNom\t\t\t\t\t\t\t<\/label>\n\t\t\t\t\t\t\t\t\t\t\t\t\t\t<input size=\"1\" type=\"text\" name=\"form_fields[name]\" id=\"form-field-name\" class=\"elementor-field elementor-size-xs  elementor-field-textual\" placeholder=\"Ex: Andreu Socarrats\" required=\"required\">\n\t\t\t\t\t\t\t\t\t\t\t<\/div>\n\t\t\t\t\t\t\t\t<div class=\"elementor-field-type-email elementor-field-group elementor-column elementor-field-group-email elementor-col-100 elementor-field-required elementor-mark-required\">\n\t\t\t\t\t\t\t\t\t\t\t\t<label for=\"form-field-email\" class=\"elementor-field-label\">\n\t\t\t\t\t\t\t\tCorreu Electr\u00f2nic\t\t\t\t\t\t\t<\/label>\n\t\t\t\t\t\t\t\t\t\t\t\t\t\t<input size=\"1\" type=\"email\" name=\"form_fields[email]\" id=\"form-field-email\" class=\"elementor-field elementor-size-xs  elementor-field-textual\" placeholder=\"Ex: andreu@ocarrats.cat\" required=\"required\">\n\t\t\t\t\t\t\t\t\t\t\t<\/div>\n\t\t\t\t\t\t\t\t<div class=\"elementor-field-type-tel elementor-field-group elementor-column elementor-field-group-field_1 elementor-col-100 elementor-field-required elementor-mark-required\">\n\t\t\t\t\t\t\t\t\t\t\t\t<label for=\"form-field-field_1\" class=\"elementor-field-label\">\n\t\t\t\t\t\t\t\tTel\u00e8fon + Codi de pa\u00eds\t\t\t\t\t\t\t<\/label>\n\t\t\t\t\t\t\t\t<input size=\"1\" type=\"tel\" name=\"form_fields[field_1]\" id=\"form-field-field_1\" class=\"elementor-field elementor-size-xs  elementor-field-textual\" placeholder=\"Ex: 0034671836996\" required=\"required\" pattern=\"[0-9()#&amp;+*-=.]+\" title=\"Only numbers and phone characters (#, -, *, etc) are accepted.\">\n\n\t\t\t\t\t\t<\/div>\n\t\t\t\t\t\t\t\t<div class=\"elementor-field-type-textarea elementor-field-group elementor-column elementor-field-group-message elementor-col-100 elementor-field-required elementor-mark-required\">\n\t\t\t\t\t\t\t\t\t\t\t\t<label for=\"form-field-message\" class=\"elementor-field-label\">\n\t\t\t\t\t\t\t\tel teu Missatge\t\t\t\t\t\t\t<\/label>\n\t\t\t\t\t\t<textarea class=\"elementor-field-textual elementor-field  elementor-size-xs\" name=\"form_fields[message]\" id=\"form-field-message\" rows=\"4\" placeholder=\"Missatge\" required=\"required\"><\/textarea>\t\t\t\t<\/div>\n\t\t\t\t\t\t\t\t<div class=\"elementor-field-type-acceptance elementor-field-group elementor-column elementor-field-group-1e96220 elementor-col-100 elementor-field-required elementor-mark-required\">\n\t\t\t\t\t\t\t\t\t\t\t\t<label for=\"form-field-1e96220\" class=\"elementor-field-label\">\n\t\t\t\t\t\t\t\tPol\u00edtica de privacitat\t\t\t\t\t\t\t<\/label>\n\t\t\t\t\t\t\t\t<div class=\"elementor-field-subgroup\">\n\t\t\t<span class=\"elementor-field-option\">\n\t\t\t\t<input type=\"checkbox\" name=\"form_fields[1e96220]\" id=\"form-field-1e96220\" class=\"elementor-field elementor-size-xs  elementor-acceptance-field\" required=\"required\">\n\t\t\t\t<label for=\"form-field-1e96220\">He llegit i accepto l <a href=\"https:\/\/delvy.es\/politica-privacidad\/\" rel=\"noopener\" target=\"_blank\">Pol\u00edtica de Privacitat<\/a><\/label>\t\t\t<\/span>\n\t\t<\/div>\n\t\t\t\t\t\t<\/div>\n\t\t\t\t\t\t\t\t<div class=\"elementor-field-type-acceptance elementor-field-group elementor-column elementor-field-group-4f7379b elementor-col-100\">\n\t\t\t\t\t\t\t\t\t\t\t\t<label for=\"form-field-4f7379b\" class=\"elementor-field-label\">\n\t\t\t\t\t\t\t\tbutllet\u00ed de not\u00edcies\t\t\t\t\t\t\t<\/label>\n\t\t\t\t\t\t\t\t<div class=\"elementor-field-subgroup\">\n\t\t\t<span class=\"elementor-field-option\">\n\t\t\t\t<input type=\"checkbox\" name=\"form_fields[4f7379b]\" id=\"form-field-4f7379b\" class=\"elementor-field elementor-size-xs  elementor-acceptance-field\">\n\t\t\t\t<label for=\"form-field-4f7379b\">Accepto rebre el butllet\u00ed informatiu (Newsletter) de Delvy, fins i tot per mitjans electr\u00f2nics<\/label>\t\t\t<\/span>\n\t\t<\/div>\n\t\t\t\t\t\t<\/div>\n\t\t\t\t\t\t\t\t<div class=\"elementor-field-type-html elementor-field-group elementor-column elementor-field-group-b7b689c elementor-col-100\">\n\t\t\t\t\t<P style = \"text-align: left; font-size: 10px; line-height: 1.2em;\"> <span style = \"color: # 808080;\"> <strong> INFORMACI\u00d3 SOBRE PROTECCI\u00d3 DE DADES DE DELVY ASSESSORS, SL <\/strong> <strong> Finalitats: <\/strong> Facilitar-un mitj\u00e0 perqu\u00e8 pugui posar-se en contacte amb nosaltres i contestar les seves sol\u00b7licituds d'informaci\u00f3, aix\u00ed com enviar-li el nostre butllet\u00ed comercial i comunicacions informatives que puguin ser del seu inter\u00e8s, fins i tot per mitjans electr\u00f2nics, en cas d'acceptar la casella corresponent. <Strong> Legitimaci\u00f3: <\/strong> El seu consentiment expr\u00e9s, l'execuci\u00f3 de la relaci\u00f3 precontractual o contractual mantinguda amb vost\u00e8 i l'inter\u00e8s leg\u00edtim de Delvy. <Strong> Destinataris: <\/strong> La informaci\u00f3 proporcionada podr\u00e0 ser compartida amb la nostra base de dades d'emmagatzematge i tercers prove\u00efdors que ens ajuden en la prestaci\u00f3 dels serveis. <Strong> Drets: <\/strong> Podeu retirar el seu consentiment en qualsevol moment, aix\u00ed com sol\u00b7licitar l'acc\u00e9s, rectificaci\u00f3, limitaci\u00f3, supressi\u00f3, i \/ o portabilitat de les seves dades a l'adre\u00e7a de correu electr\u00f2nic info@delvy.es. <Strong> Informaci\u00f3 Addicional: <\/strong> Podeu ampliar la informaci\u00f3 a l'enlla\u00e7 de <strong> He llegit i accepto la <a href = \"https:\/\/delvy.es\/politica-privacidad\/\" rel = \"noopener\" target = \"_ blank\"> Pol\u00edtica de Privadesa <\/a> <\/strong> <\/ span> <\/ p>\t\t\t\t<\/div>\n\t\t\t\t\t\t\t\t<div class=\"elementor-field-type-recaptcha_v3 elementor-field-group elementor-column elementor-field-group-field_edb5df4 elementor-col-100 recaptcha_v3-inline\">\n\t\t\t\t\t<div class=\"elementor-field\" id=\"form-field-field_edb5df4\"><div class=\"elementor-g-recaptcha\" data-sitekey=\"6Lc-1NUpAAAAAKYVR9X16gnz9H5a1Y_x9ua7Z9Tn\" data-type=\"v3\" data-action=\"Form\" data-badge=\"inline\" data-size=\"invisible\"><\/div><\/div>\t\t\t\t<\/div>\n\t\t\t\t\t\t\t\t<div class=\"elementor-field-type-hidden elementor-field-group elementor-column elementor-field-group-antispam elementor-col-100\">\n\t\t\t\t\t\t\t\t\t\t\t\t\t<input size=\"1\" type=\"hidden\" name=\"form_fields[antispam]\" id=\"form-field-antispam\" class=\"elementor-field elementor-size-xs  elementor-field-textual\">\n\t\t\t\t\t\t\t\t\t\t\t<\/div>\n\t\t\t\t\t\t\t\t<div class=\"elementor-field-type-text\">\n\t\t\t\t\t<input size=\"1\" type=\"text\" name=\"form_fields[antispam2]\" id=\"form-field-antispam2\" class=\"elementor-field elementor-size-xs \" style=\"display:none !important;\">\t\t\t\t<\/div>\n\t\t\t\t\t\t\t\t<div class=\"elementor-field-type-html elementor-field-group elementor-column elementor-field-group-field_24803ad elementor-col-100\">\n\t\t\t\t\tDELVY\t\t\t\t<\/div>\n\t\t\t\t\t\t\t\t<div class=\"elementor-field-group elementor-column elementor-field-type-submit elementor-col-100 e-form__buttons\">\n\t\t\t\t\t<button class=\"elementor-button elementor-size-xs\" type=\"submit\">\n\t\t\t\t\t\t<span class=\"elementor-button-content-wrapper\">\n\t\t\t\t\t\t\t\t\t\t\t\t\t\t\t<span class=\"elementor-button-icon\">\n\t\t\t\t\t\t\t\t\t<i class=\"fa fa-send\" aria-hidden=\"true\"><\/i>\t\t\t\t\t\t\t\t\t\t\t\t\t\t\t\t\t<\/span>\n\t\t\t\t\t\t\t\t\t\t\t\t\t\t\t\t\t\t\t\t\t\t<span class=\"elementor-button-text\">enviar<\/span>\n\t\t\t\t\t\t\t\t\t\t\t\t\t<\/span>\n\t\t\t\t\t<\/button>\n\t\t\t\t<\/div>\n\t\t\t<\/div>\n\t\t<\/form>\n\t\t\t\t\t\t<\/div>\n\t\t\t\t<\/div>\n\t\t\t\t\t<\/div>\n\t\t<\/div>\n\t\t\t\t\t<\/div>\n\t\t<\/section>\n\t\t\t\t<\/div>\n\t\t\n","protected":false},"excerpt":{"rendered":"","protected":false},"author":10533,"featured_media":0,"parent":5630,"menu_order":0,"comment_status":"open","ping_status":"closed","template":"elementor_header_footer","meta":{"_acf_changed":false,"rop_custom_images_group":[],"rop_custom_messages_group":[],"rop_publish_now":"initial","rop_publish_now_accounts":[],"rop_publish_now_history":[],"rop_publish_now_status":"pending","footnotes":""},"class_list":["post-5628","page","type-page","status-publish","hentry"],"acf":[],"yoast_head":"<!-- This site is optimized with the Yoast SEO Premium plugin v25.3.1 (Yoast SEO v27.3) - https:\/\/yoast.com\/product\/yoast-seo-premium-wordpress\/ -->\n<title>Gesti\u00f3 financera professional i empresarial | Delvy<\/title>\n<meta name=\"description\" content=\"Descripci\u00f3 dels principals serveis del departament de financer de delvy: cfo on demand, planificaci\u00f3 estrat\u00e8gica, representaci\u00f3 de l&#039;empresa davant de tercers, internacionalitzaci\u00f3 empresarial\" \/>\n<meta name=\"robots\" content=\"index, follow, max-snippet:-1, max-image-preview:large, max-video-preview:-1\" \/>\n<link rel=\"canonical\" href=\"https:\/\/delvy.es\/areas\/financiero\/\" \/>\n<meta property=\"og:locale\" content=\"ca_ES\" \/>\n<meta property=\"og:type\" content=\"article\" \/>\n<meta property=\"og:title\" content=\"Financer\" \/>\n<meta property=\"og:description\" content=\"Descripci\u00f3 dels principals serveis del departament de financer de delvy: cfo on demand, planificaci\u00f3 estrat\u00e8gica, representaci\u00f3 de l&#039;empresa davant de tercers, internacionalitzaci\u00f3 empresarial\" \/>\n<meta property=\"og:url\" content=\"https:\/\/delvy.es\/areas\/financiero\/\" \/>\n<meta property=\"og:site_name\" content=\"Delvy\" \/>\n<meta property=\"article:publisher\" content=\"https:\/\/www.facebook.com\/delvyasesores\/\" \/>\n<meta property=\"article:modified_time\" content=\"2021-06-20T09:35:48+00:00\" \/>\n<meta name=\"twitter:card\" content=\"summary_large_image\" \/>\n<meta name=\"twitter:site\" content=\"@Delvy_Asesores\" \/>\n<script type=\"application\/ld+json\" class=\"yoast-schema-graph\">{\"@context\":\"https:\\\/\\\/schema.org\",\"@graph\":[{\"@type\":\"WebPage\",\"@id\":\"https:\\\/\\\/delvy.es\\\/areas\\\/financiero\\\/\",\"url\":\"https:\\\/\\\/delvy.es\\\/areas\\\/financiero\\\/\",\"name\":\"Gesti\u00f3 financera professional i empresarial | Delvy\",\"isPartOf\":{\"@id\":\"https:\\\/\\\/delvy.es\\\/#website\"},\"datePublished\":\"2015-01-19T14:33:32+00:00\",\"dateModified\":\"2021-06-20T09:35:48+00:00\",\"description\":\"Descripci\u00f3 dels principals serveis del departament de financer de delvy: cfo on demand, planificaci\u00f3 estrat\u00e8gica, representaci\u00f3 de l'empresa davant de tercers, internacionalitzaci\u00f3 empresarial\",\"breadcrumb\":{\"@id\":\"https:\\\/\\\/delvy.es\\\/areas\\\/financiero\\\/#breadcrumb\"},\"inLanguage\":\"ca\",\"potentialAction\":[{\"@type\":\"ReadAction\",\"target\":[\"https:\\\/\\\/delvy.es\\\/areas\\\/financiero\\\/\"]}]},{\"@type\":\"BreadcrumbList\",\"@id\":\"https:\\\/\\\/delvy.es\\\/areas\\\/financiero\\\/#breadcrumb\",\"itemListElement\":[{\"@type\":\"ListItem\",\"position\":1,\"name\":\"Portada\",\"item\":\"https:\\\/\\\/delvy.es\\\/ca\\\/\"},{\"@type\":\"ListItem\",\"position\":2,\"name\":\"\u00c0rees\",\"item\":\"https:\\\/\\\/delvy.es\\\/areas\\\/\"},{\"@type\":\"ListItem\",\"position\":3,\"name\":\"Financer\"}]},{\"@type\":\"WebSite\",\"@id\":\"https:\\\/\\\/delvy.es\\\/#website\",\"url\":\"https:\\\/\\\/delvy.es\\\/\",\"name\":\"Delvy\",\"description\":\"Asesores Legales Delvy\",\"publisher\":{\"@id\":\"https:\\\/\\\/delvy.es\\\/#organization\"},\"potentialAction\":[{\"@type\":\"SearchAction\",\"target\":{\"@type\":\"EntryPoint\",\"urlTemplate\":\"https:\\\/\\\/delvy.es\\\/?s={search_term_string}\"},\"query-input\":{\"@type\":\"PropertyValueSpecification\",\"valueRequired\":true,\"valueName\":\"search_term_string\"}}],\"inLanguage\":\"ca\"},{\"@type\":\"Organization\",\"@id\":\"https:\\\/\\\/delvy.es\\\/#organization\",\"name\":\"Delvy\",\"url\":\"https:\\\/\\\/delvy.es\\\/\",\"logo\":{\"@type\":\"ImageObject\",\"inLanguage\":\"ca\",\"@id\":\"https:\\\/\\\/delvy.es\\\/#\\\/schema\\\/logo\\\/image\\\/\",\"url\":\"https:\\\/\\\/delvy.es\\\/wp-content\\\/uploads\\\/2023\\\/11\\\/cropped-favicon-5.png\",\"contentUrl\":\"https:\\\/\\\/delvy.es\\\/wp-content\\\/uploads\\\/2023\\\/11\\\/cropped-favicon-5.png\",\"width\":512,\"height\":512,\"caption\":\"Delvy\"},\"image\":{\"@id\":\"https:\\\/\\\/delvy.es\\\/#\\\/schema\\\/logo\\\/image\\\/\"},\"sameAs\":[\"https:\\\/\\\/www.facebook.com\\\/delvyasesores\\\/\",\"https:\\\/\\\/x.com\\\/Delvy_Asesores\"]}]}<\/script>\n<!-- \/ Yoast SEO Premium plugin. -->","yoast_head_json":{"title":"Gesti\u00f3 financera professional i empresarial | Delvy","description":"Descripci\u00f3 dels principals serveis del departament de financer de delvy: cfo on demand, planificaci\u00f3 estrat\u00e8gica, representaci\u00f3 de l'empresa davant de tercers, internacionalitzaci\u00f3 empresarial","robots":{"index":"index","follow":"follow","max-snippet":"max-snippet:-1","max-image-preview":"max-image-preview:large","max-video-preview":"max-video-preview:-1"},"canonical":"https:\/\/delvy.es\/areas\/financiero\/","og_locale":"ca_ES","og_type":"article","og_title":"Financer","og_description":"Descripci\u00f3 dels principals serveis del departament de financer de delvy: cfo on demand, planificaci\u00f3 estrat\u00e8gica, representaci\u00f3 de l'empresa davant de tercers, internacionalitzaci\u00f3 empresarial","og_url":"https:\/\/delvy.es\/areas\/financiero\/","og_site_name":"Delvy","article_publisher":"https:\/\/www.facebook.com\/delvyasesores\/","article_modified_time":"2021-06-20T09:35:48+00:00","twitter_card":"summary_large_image","twitter_site":"@Delvy_Asesores","schema":{"@context":"https:\/\/schema.org","@graph":[{"@type":"WebPage","@id":"https:\/\/delvy.es\/areas\/financiero\/","url":"https:\/\/delvy.es\/areas\/financiero\/","name":"Gesti\u00f3 financera professional i empresarial | Delvy","isPartOf":{"@id":"https:\/\/delvy.es\/#website"},"datePublished":"2015-01-19T14:33:32+00:00","dateModified":"2021-06-20T09:35:48+00:00","description":"Descripci\u00f3 dels principals serveis del departament de financer de delvy: cfo on demand, planificaci\u00f3 estrat\u00e8gica, representaci\u00f3 de l'empresa davant de tercers, internacionalitzaci\u00f3 empresarial","breadcrumb":{"@id":"https:\/\/delvy.es\/areas\/financiero\/#breadcrumb"},"inLanguage":"ca","potentialAction":[{"@type":"ReadAction","target":["https:\/\/delvy.es\/areas\/financiero\/"]}]},{"@type":"BreadcrumbList","@id":"https:\/\/delvy.es\/areas\/financiero\/#breadcrumb","itemListElement":[{"@type":"ListItem","position":1,"name":"Portada","item":"https:\/\/delvy.es\/ca\/"},{"@type":"ListItem","position":2,"name":"\u00c0rees","item":"https:\/\/delvy.es\/areas\/"},{"@type":"ListItem","position":3,"name":"Financer"}]},{"@type":"WebSite","@id":"https:\/\/delvy.es\/#website","url":"https:\/\/delvy.es\/","name":"Delvy","description":"Asesores Legales Delvy","publisher":{"@id":"https:\/\/delvy.es\/#organization"},"potentialAction":[{"@type":"SearchAction","target":{"@type":"EntryPoint","urlTemplate":"https:\/\/delvy.es\/?s={search_term_string}"},"query-input":{"@type":"PropertyValueSpecification","valueRequired":true,"valueName":"search_term_string"}}],"inLanguage":"ca"},{"@type":"Organization","@id":"https:\/\/delvy.es\/#organization","name":"Delvy","url":"https:\/\/delvy.es\/","logo":{"@type":"ImageObject","inLanguage":"ca","@id":"https:\/\/delvy.es\/#\/schema\/logo\/image\/","url":"https:\/\/delvy.es\/wp-content\/uploads\/2023\/11\/cropped-favicon-5.png","contentUrl":"https:\/\/delvy.es\/wp-content\/uploads\/2023\/11\/cropped-favicon-5.png","width":512,"height":512,"caption":"Delvy"},"image":{"@id":"https:\/\/delvy.es\/#\/schema\/logo\/image\/"},"sameAs":["https:\/\/www.facebook.com\/delvyasesores\/","https:\/\/x.com\/Delvy_Asesores"]}]}},"_links":{"self":[{"href":"https:\/\/delvy.es\/ca\/wp-json\/wp\/v2\/pages\/5628","targetHints":{"allow":["GET"]}}],"collection":[{"href":"https:\/\/delvy.es\/ca\/wp-json\/wp\/v2\/pages"}],"about":[{"href":"https:\/\/delvy.es\/ca\/wp-json\/wp\/v2\/types\/page"}],"author":[{"embeddable":true,"href":"https:\/\/delvy.es\/ca\/wp-json\/wp\/v2\/users\/10533"}],"replies":[{"embeddable":true,"href":"https:\/\/delvy.es\/ca\/wp-json\/wp\/v2\/comments?post=5628"}],"version-history":[{"count":0,"href":"https:\/\/delvy.es\/ca\/wp-json\/wp\/v2\/pages\/5628\/revisions"}],"up":[{"embeddable":true,"href":"https:\/\/delvy.es\/ca\/wp-json\/wp\/v2\/pages\/5630"}],"wp:attachment":[{"href":"https:\/\/delvy.es\/ca\/wp-json\/wp\/v2\/media?parent=5628"}],"curies":[{"name":"wp","href":"https:\/\/api.w.org\/{rel}","templated":true}]}}