{"id":3687,"date":"2014-07-02T14:38:54","date_gmt":"2014-07-02T13:38:54","guid":{"rendered":"https:\/\/delvy.es\/?page_id=3687"},"modified":"2017-12-04T13:28:14","modified_gmt":"2017-12-04T12:28:14","slug":"traduccions","status":"publish","type":"page","link":"https:\/\/delvy.es\/ca\/serveis\/traduccions\/","title":{"rendered":"Traduccions juridiques"},"content":{"rendered":"<p>La nostra firma ofereix un servei de traduccions professionals als seus clients. Hi ha una forta demanda de traduccions de documentaci\u00f3 jur\u00eddica (contractes laborals, pacte de socis, pol\u00edtica de cookies, condicions d&#8217;\u00fas web) i continguts associats als productes i serveis de les empreses amb les quals treballem (p\u00e0gines web, plataformes, aplicacions m\u00f2bils).<\/p>\n<p>Delvy ha volgut canalitzar aquesta demanda amb la creaci\u00f3 d&#8217;un equip de traductors professionals especialitzats en les branques jur\u00eddiques i de continguts web. Oferim el servei de traducci\u00f3 a les seg\u00fcents lleng\u00fces: angl\u00e8s, franc\u00e8s, alemany itali\u00e0 a espanyol i catal\u00e0; espanyol a angl\u00e8s, espanyol a itali\u00e0, espanyol a franc\u00e8s i espanyol a alemany.<\/p>\n","protected":false},"excerpt":{"rendered":"<p>La nostra firma ofereix un servei de traduccions professionals als seus clients. Hi ha una forta demanda de traduccions de documentaci\u00f3 jur\u00eddica (contractes laborals, pacte de socis, pol\u00edtica de cookies, condicions d&#8217;\u00fas web) i continguts associats als productes i serveis de les empreses amb les quals treballem (p\u00e0gines web, plataformes, aplicacions m\u00f2bils). Delvy ha volgut [&hellip;]<\/p>\n","protected":false},"author":10533,"featured_media":0,"parent":2523,"menu_order":11,"comment_status":"open","ping_status":"open","template":"","meta":{"_acf_changed":false,"rop_custom_images_group":[],"rop_custom_messages_group":[],"rop_publish_now":"initial","rop_publish_now_accounts":[],"rop_publish_now_history":[],"rop_publish_now_status":"pending","footnotes":""},"class_list":["post-3687","page","type-page","status-publish","hentry"],"acf":[],"yoast_head":"<!-- This site is optimized with the Yoast SEO Premium plugin v25.3.1 (Yoast SEO v27.2) - https:\/\/yoast.com\/product\/yoast-seo-premium-wordpress\/ -->\n<title>Traduccions jur\u00eddiques per pacte de socis startup | Delvy.es<\/title>\n<meta name=\"description\" content=\"Servei professional en traduccions de documentaci\u00f3 jur\u00eddica (Pacte de socis Startup, Pol\u00edtica de galetes, Condicions d&#039;\u00fas, etc.) i contingut associat\" \/>\n<meta name=\"robots\" content=\"index, follow, max-snippet:-1, max-image-preview:large, max-video-preview:-1\" \/>\n<link rel=\"canonical\" href=\"https:\/\/delvy.es\/servicios-delvy\/traducciones\/\" \/>\n<meta property=\"og:locale\" content=\"ca_ES\" \/>\n<meta property=\"og:type\" content=\"article\" \/>\n<meta property=\"og:title\" content=\"Traduccions juridiques\" \/>\n<meta property=\"og:description\" content=\"Servei professional en traduccions de documentaci\u00f3 jur\u00eddica (Pacte de socis Startup, Pol\u00edtica de galetes, Condicions d&#039;\u00fas, etc.) i contingut associat\" \/>\n<meta property=\"og:url\" content=\"https:\/\/delvy.es\/servicios-delvy\/traducciones\/\" \/>\n<meta property=\"og:site_name\" content=\"Delvy\" \/>\n<meta property=\"article:publisher\" content=\"https:\/\/www.facebook.com\/delvyasesores\/\" \/>\n<meta property=\"article:modified_time\" content=\"2017-12-04T12:28:14+00:00\" \/>\n<meta name=\"twitter:card\" content=\"summary_large_image\" \/>\n<meta name=\"twitter:site\" content=\"@Delvy_Asesores\" \/>\n<meta name=\"twitter:label1\" content=\"Temps estimat de lectura\" \/>\n\t<meta name=\"twitter:data1\" content=\"1 minut\" \/>\n<script type=\"application\/ld+json\" class=\"yoast-schema-graph\">{\"@context\":\"https:\/\/schema.org\",\"@graph\":[{\"@type\":\"WebPage\",\"@id\":\"https:\/\/delvy.es\/servicios-delvy\/traducciones\/\",\"url\":\"https:\/\/delvy.es\/servicios-delvy\/traducciones\/\",\"name\":\"Traduccions jur\u00eddiques per pacte de socis startup | Delvy.es\",\"isPartOf\":{\"@id\":\"https:\/\/delvy.es\/#website\"},\"datePublished\":\"2014-07-02T13:38:54+00:00\",\"dateModified\":\"2017-12-04T12:28:14+00:00\",\"description\":\"Servei professional en traduccions de documentaci\u00f3 jur\u00eddica (Pacte de socis Startup, Pol\u00edtica de galetes, Condicions d'\u00fas, etc.) i contingut associat\",\"breadcrumb\":{\"@id\":\"https:\/\/delvy.es\/servicios-delvy\/traducciones\/#breadcrumb\"},\"inLanguage\":\"ca\",\"potentialAction\":[{\"@type\":\"ReadAction\",\"target\":[\"https:\/\/delvy.es\/servicios-delvy\/traducciones\/\"]}]},{\"@type\":\"BreadcrumbList\",\"@id\":\"https:\/\/delvy.es\/servicios-delvy\/traducciones\/#breadcrumb\",\"itemListElement\":[{\"@type\":\"ListItem\",\"position\":1,\"name\":\"Portada\",\"item\":\"https:\/\/delvy.es\/ca\/\"},{\"@type\":\"ListItem\",\"position\":2,\"name\":\"Serveis legals per startups\",\"item\":\"https:\/\/delvy.es\/servicios-delvy\/\"},{\"@type\":\"ListItem\",\"position\":3,\"name\":\"Traduccions juridiques\"}]},{\"@type\":\"WebSite\",\"@id\":\"https:\/\/delvy.es\/#website\",\"url\":\"https:\/\/delvy.es\/\",\"name\":\"Delvy\",\"description\":\"Asesores Legales Delvy\",\"publisher\":{\"@id\":\"https:\/\/delvy.es\/#organization\"},\"potentialAction\":[{\"@type\":\"SearchAction\",\"target\":{\"@type\":\"EntryPoint\",\"urlTemplate\":\"https:\/\/delvy.es\/?s={search_term_string}\"},\"query-input\":{\"@type\":\"PropertyValueSpecification\",\"valueRequired\":true,\"valueName\":\"search_term_string\"}}],\"inLanguage\":\"ca\"},{\"@type\":\"Organization\",\"@id\":\"https:\/\/delvy.es\/#organization\",\"name\":\"Delvy\",\"url\":\"https:\/\/delvy.es\/\",\"logo\":{\"@type\":\"ImageObject\",\"inLanguage\":\"ca\",\"@id\":\"https:\/\/delvy.es\/#\/schema\/logo\/image\/\",\"url\":\"https:\/\/delvy.es\/wp-content\/uploads\/2023\/11\/cropped-favicon-5.png\",\"contentUrl\":\"https:\/\/delvy.es\/wp-content\/uploads\/2023\/11\/cropped-favicon-5.png\",\"width\":512,\"height\":512,\"caption\":\"Delvy\"},\"image\":{\"@id\":\"https:\/\/delvy.es\/#\/schema\/logo\/image\/\"},\"sameAs\":[\"https:\/\/www.facebook.com\/delvyasesores\/\",\"https:\/\/x.com\/Delvy_Asesores\"]}]}<\/script>\n<!-- \/ Yoast SEO Premium plugin. -->","yoast_head_json":{"title":"Traduccions jur\u00eddiques per pacte de socis startup | Delvy.es","description":"Servei professional en traduccions de documentaci\u00f3 jur\u00eddica (Pacte de socis Startup, Pol\u00edtica de galetes, Condicions d'\u00fas, etc.) i contingut associat","robots":{"index":"index","follow":"follow","max-snippet":"max-snippet:-1","max-image-preview":"max-image-preview:large","max-video-preview":"max-video-preview:-1"},"canonical":"https:\/\/delvy.es\/servicios-delvy\/traducciones\/","og_locale":"ca_ES","og_type":"article","og_title":"Traduccions juridiques","og_description":"Servei professional en traduccions de documentaci\u00f3 jur\u00eddica (Pacte de socis Startup, Pol\u00edtica de galetes, Condicions d'\u00fas, etc.) i contingut associat","og_url":"https:\/\/delvy.es\/servicios-delvy\/traducciones\/","og_site_name":"Delvy","article_publisher":"https:\/\/www.facebook.com\/delvyasesores\/","article_modified_time":"2017-12-04T12:28:14+00:00","twitter_card":"summary_large_image","twitter_site":"@Delvy_Asesores","twitter_misc":{"Temps estimat de lectura":"1 minut"},"schema":{"@context":"https:\/\/schema.org","@graph":[{"@type":"WebPage","@id":"https:\/\/delvy.es\/servicios-delvy\/traducciones\/","url":"https:\/\/delvy.es\/servicios-delvy\/traducciones\/","name":"Traduccions jur\u00eddiques per pacte de socis startup | Delvy.es","isPartOf":{"@id":"https:\/\/delvy.es\/#website"},"datePublished":"2014-07-02T13:38:54+00:00","dateModified":"2017-12-04T12:28:14+00:00","description":"Servei professional en traduccions de documentaci\u00f3 jur\u00eddica (Pacte de socis Startup, Pol\u00edtica de galetes, Condicions d'\u00fas, etc.) i contingut associat","breadcrumb":{"@id":"https:\/\/delvy.es\/servicios-delvy\/traducciones\/#breadcrumb"},"inLanguage":"ca","potentialAction":[{"@type":"ReadAction","target":["https:\/\/delvy.es\/servicios-delvy\/traducciones\/"]}]},{"@type":"BreadcrumbList","@id":"https:\/\/delvy.es\/servicios-delvy\/traducciones\/#breadcrumb","itemListElement":[{"@type":"ListItem","position":1,"name":"Portada","item":"https:\/\/delvy.es\/ca\/"},{"@type":"ListItem","position":2,"name":"Serveis legals per startups","item":"https:\/\/delvy.es\/servicios-delvy\/"},{"@type":"ListItem","position":3,"name":"Traduccions juridiques"}]},{"@type":"WebSite","@id":"https:\/\/delvy.es\/#website","url":"https:\/\/delvy.es\/","name":"Delvy","description":"Asesores Legales Delvy","publisher":{"@id":"https:\/\/delvy.es\/#organization"},"potentialAction":[{"@type":"SearchAction","target":{"@type":"EntryPoint","urlTemplate":"https:\/\/delvy.es\/?s={search_term_string}"},"query-input":{"@type":"PropertyValueSpecification","valueRequired":true,"valueName":"search_term_string"}}],"inLanguage":"ca"},{"@type":"Organization","@id":"https:\/\/delvy.es\/#organization","name":"Delvy","url":"https:\/\/delvy.es\/","logo":{"@type":"ImageObject","inLanguage":"ca","@id":"https:\/\/delvy.es\/#\/schema\/logo\/image\/","url":"https:\/\/delvy.es\/wp-content\/uploads\/2023\/11\/cropped-favicon-5.png","contentUrl":"https:\/\/delvy.es\/wp-content\/uploads\/2023\/11\/cropped-favicon-5.png","width":512,"height":512,"caption":"Delvy"},"image":{"@id":"https:\/\/delvy.es\/#\/schema\/logo\/image\/"},"sameAs":["https:\/\/www.facebook.com\/delvyasesores\/","https:\/\/x.com\/Delvy_Asesores"]}]}},"_links":{"self":[{"href":"https:\/\/delvy.es\/ca\/wp-json\/wp\/v2\/pages\/3687","targetHints":{"allow":["GET"]}}],"collection":[{"href":"https:\/\/delvy.es\/ca\/wp-json\/wp\/v2\/pages"}],"about":[{"href":"https:\/\/delvy.es\/ca\/wp-json\/wp\/v2\/types\/page"}],"author":[{"embeddable":true,"href":"https:\/\/delvy.es\/ca\/wp-json\/wp\/v2\/users\/10533"}],"replies":[{"embeddable":true,"href":"https:\/\/delvy.es\/ca\/wp-json\/wp\/v2\/comments?post=3687"}],"version-history":[{"count":0,"href":"https:\/\/delvy.es\/ca\/wp-json\/wp\/v2\/pages\/3687\/revisions"}],"up":[{"embeddable":true,"href":"https:\/\/delvy.es\/ca\/wp-json\/wp\/v2\/pages\/2523"}],"wp:attachment":[{"href":"https:\/\/delvy.es\/ca\/wp-json\/wp\/v2\/media?parent=3687"}],"curies":[{"name":"wp","href":"https:\/\/api.w.org\/{rel}","templated":true}]}}