{"id":2597,"date":"2012-02-02T15:41:01","date_gmt":"2012-02-02T14:41:01","guid":{"rendered":"https:\/\/delvy.es\/?page_id=2597"},"modified":"2018-06-14T11:03:10","modified_gmt":"2018-06-14T10:03:10","slug":"dret-laboral","status":"publish","type":"page","link":"https:\/\/delvy.es\/ca\/serveis\/dret-laboral\/","title":{"rendered":"Laboral"},"content":{"rendered":"<p>Els serveis que\u00a0<strong><span style=\"color: #800000;\">Delvy Asesores<\/span><\/strong>\u00a0ofereix als seus clients per a la correcta implementaci\u00f3 i protecci\u00f3 de les seves relacions laborals s\u00f3n els seg\u00fcents:<\/p>\n<p>\u2022 Preparaci\u00f3 i modificaci\u00f3 de contractes de treball, pr\u00f2rrogues i la seva corresponent comunicaci\u00f3 a l&#8217;INEM.<\/p>\n<p>\u2022 Altes, baixes i variacions a la Seguretat Social.<\/p>\n<p>\u2022 Elaboraci\u00f3 de n\u00f2mines.<\/p>\n<p>\u2022 Mat\u00e8ria fiscal del model 110 i el seu resum anual.<\/p>\n<p>\u2022 Calendaris laborals.<\/p>\n<p>\u2022 Liquidacions i cartes d&#8217;acomiadament.<\/p>\n<p>\u2022 Certificats d&#8217;empresa.<\/p>\n<p>\u2022 Tramitaci\u00f3 de parts IT.<\/p>\n<p>\u2022 Informaci\u00f3 relativa a l&#8217;Estatut dels Treballadors, Convenis Col\u00b7lectius i Legislaci\u00f3 Laboral vigent.<\/p>\n","protected":false},"excerpt":{"rendered":"<p>Els serveis que\u00a0Delvy Asesores\u00a0ofereix als seus clients per a la correcta implementaci\u00f3 i protecci\u00f3 de les seves relacions laborals s\u00f3n els seg\u00fcents: \u2022 Preparaci\u00f3 i modificaci\u00f3 de contractes de treball, pr\u00f2rrogues i la seva corresponent comunicaci\u00f3 a l&#8217;INEM. \u2022 Altes, baixes i variacions a la Seguretat Social. \u2022 Elaboraci\u00f3 de n\u00f2mines. \u2022 Mat\u00e8ria fiscal del [&hellip;]<\/p>\n","protected":false},"author":10533,"featured_media":0,"parent":2523,"menu_order":8,"comment_status":"closed","ping_status":"closed","template":"","meta":{"_acf_changed":false,"rop_custom_images_group":[],"rop_custom_messages_group":[],"rop_publish_now":"initial","rop_publish_now_accounts":[],"rop_publish_now_history":[],"rop_publish_now_status":"pending","footnotes":""},"class_list":["post-2597","page","type-page","status-publish","hentry"],"acf":[],"yoast_head":"<!-- This site is optimized with the Yoast SEO Premium plugin v25.3.1 (Yoast SEO v27.3) - https:\/\/yoast.com\/product\/yoast-seo-premium-wordpress\/ -->\n<title>Dret laboral | Delvy<\/title>\n<meta name=\"description\" content=\"A Delvy comptem amb una dilatada experi\u00e8ncia en la prestaci\u00f3 de serveis de dret laboral\" \/>\n<meta name=\"robots\" content=\"index, follow, max-snippet:-1, max-image-preview:large, max-video-preview:-1\" \/>\n<link rel=\"canonical\" href=\"https:\/\/delvy.es\/ca\/serveis\/dret-laboral\/\" \/>\n<meta property=\"og:locale\" content=\"ca_ES\" \/>\n<meta property=\"og:type\" content=\"article\" \/>\n<meta property=\"og:title\" content=\"Laboral\" \/>\n<meta property=\"og:description\" content=\"A Delvy comptem amb una dilatada experi\u00e8ncia en la prestaci\u00f3 de serveis de dret laboral\" \/>\n<meta property=\"og:url\" content=\"https:\/\/delvy.es\/ca\/serveis\/dret-laboral\/\" \/>\n<meta property=\"og:site_name\" content=\"Delvy\" \/>\n<meta property=\"article:publisher\" content=\"https:\/\/www.facebook.com\/delvyasesores\/\" \/>\n<meta property=\"article:modified_time\" content=\"2018-06-14T10:03:10+00:00\" \/>\n<meta name=\"twitter:card\" content=\"summary_large_image\" \/>\n<meta name=\"twitter:site\" content=\"@Delvy_Asesores\" \/>\n<script type=\"application\/ld+json\" class=\"yoast-schema-graph\">{\"@context\":\"https:\\\/\\\/schema.org\",\"@graph\":[{\"@type\":\"WebPage\",\"@id\":\"https:\\\/\\\/delvy.es\\\/ca\\\/serveis\\\/dret-laboral\\\/\",\"url\":\"https:\\\/\\\/delvy.es\\\/ca\\\/serveis\\\/dret-laboral\\\/\",\"name\":\"Dret laboral | Delvy\",\"isPartOf\":{\"@id\":\"https:\\\/\\\/delvy.es\\\/#website\"},\"datePublished\":\"2012-02-02T14:41:01+00:00\",\"dateModified\":\"2018-06-14T10:03:10+00:00\",\"description\":\"A Delvy comptem amb una dilatada experi\u00e8ncia en la prestaci\u00f3 de serveis de dret laboral\",\"breadcrumb\":{\"@id\":\"https:\\\/\\\/delvy.es\\\/ca\\\/serveis\\\/dret-laboral\\\/#breadcrumb\"},\"inLanguage\":\"ca\",\"potentialAction\":[{\"@type\":\"ReadAction\",\"target\":[\"https:\\\/\\\/delvy.es\\\/ca\\\/serveis\\\/dret-laboral\\\/\"]}]},{\"@type\":\"BreadcrumbList\",\"@id\":\"https:\\\/\\\/delvy.es\\\/ca\\\/serveis\\\/dret-laboral\\\/#breadcrumb\",\"itemListElement\":[{\"@type\":\"ListItem\",\"position\":1,\"name\":\"Portada\",\"item\":\"https:\\\/\\\/delvy.es\\\/ca\\\/\"},{\"@type\":\"ListItem\",\"position\":2,\"name\":\"Serveis legals per startups\",\"item\":\"https:\\\/\\\/delvy.es\\\/servicios-delvy\\\/\"},{\"@type\":\"ListItem\",\"position\":3,\"name\":\"Laboral\"}]},{\"@type\":\"WebSite\",\"@id\":\"https:\\\/\\\/delvy.es\\\/#website\",\"url\":\"https:\\\/\\\/delvy.es\\\/\",\"name\":\"Delvy\",\"description\":\"Asesores Legales Delvy\",\"publisher\":{\"@id\":\"https:\\\/\\\/delvy.es\\\/#organization\"},\"potentialAction\":[{\"@type\":\"SearchAction\",\"target\":{\"@type\":\"EntryPoint\",\"urlTemplate\":\"https:\\\/\\\/delvy.es\\\/?s={search_term_string}\"},\"query-input\":{\"@type\":\"PropertyValueSpecification\",\"valueRequired\":true,\"valueName\":\"search_term_string\"}}],\"inLanguage\":\"ca\"},{\"@type\":\"Organization\",\"@id\":\"https:\\\/\\\/delvy.es\\\/#organization\",\"name\":\"Delvy\",\"url\":\"https:\\\/\\\/delvy.es\\\/\",\"logo\":{\"@type\":\"ImageObject\",\"inLanguage\":\"ca\",\"@id\":\"https:\\\/\\\/delvy.es\\\/#\\\/schema\\\/logo\\\/image\\\/\",\"url\":\"https:\\\/\\\/delvy.es\\\/wp-content\\\/uploads\\\/2023\\\/11\\\/cropped-favicon-5.png\",\"contentUrl\":\"https:\\\/\\\/delvy.es\\\/wp-content\\\/uploads\\\/2023\\\/11\\\/cropped-favicon-5.png\",\"width\":512,\"height\":512,\"caption\":\"Delvy\"},\"image\":{\"@id\":\"https:\\\/\\\/delvy.es\\\/#\\\/schema\\\/logo\\\/image\\\/\"},\"sameAs\":[\"https:\\\/\\\/www.facebook.com\\\/delvyasesores\\\/\",\"https:\\\/\\\/x.com\\\/Delvy_Asesores\"]}]}<\/script>\n<!-- \/ Yoast SEO Premium plugin. -->","yoast_head_json":{"title":"Dret laboral | Delvy","description":"A Delvy comptem amb una dilatada experi\u00e8ncia en la prestaci\u00f3 de serveis de dret laboral","robots":{"index":"index","follow":"follow","max-snippet":"max-snippet:-1","max-image-preview":"max-image-preview:large","max-video-preview":"max-video-preview:-1"},"canonical":"https:\/\/delvy.es\/ca\/serveis\/dret-laboral\/","og_locale":"ca_ES","og_type":"article","og_title":"Laboral","og_description":"A Delvy comptem amb una dilatada experi\u00e8ncia en la prestaci\u00f3 de serveis de dret laboral","og_url":"https:\/\/delvy.es\/ca\/serveis\/dret-laboral\/","og_site_name":"Delvy","article_publisher":"https:\/\/www.facebook.com\/delvyasesores\/","article_modified_time":"2018-06-14T10:03:10+00:00","twitter_card":"summary_large_image","twitter_site":"@Delvy_Asesores","schema":{"@context":"https:\/\/schema.org","@graph":[{"@type":"WebPage","@id":"https:\/\/delvy.es\/ca\/serveis\/dret-laboral\/","url":"https:\/\/delvy.es\/ca\/serveis\/dret-laboral\/","name":"Dret laboral | Delvy","isPartOf":{"@id":"https:\/\/delvy.es\/#website"},"datePublished":"2012-02-02T14:41:01+00:00","dateModified":"2018-06-14T10:03:10+00:00","description":"A Delvy comptem amb una dilatada experi\u00e8ncia en la prestaci\u00f3 de serveis de dret laboral","breadcrumb":{"@id":"https:\/\/delvy.es\/ca\/serveis\/dret-laboral\/#breadcrumb"},"inLanguage":"ca","potentialAction":[{"@type":"ReadAction","target":["https:\/\/delvy.es\/ca\/serveis\/dret-laboral\/"]}]},{"@type":"BreadcrumbList","@id":"https:\/\/delvy.es\/ca\/serveis\/dret-laboral\/#breadcrumb","itemListElement":[{"@type":"ListItem","position":1,"name":"Portada","item":"https:\/\/delvy.es\/ca\/"},{"@type":"ListItem","position":2,"name":"Serveis legals per startups","item":"https:\/\/delvy.es\/servicios-delvy\/"},{"@type":"ListItem","position":3,"name":"Laboral"}]},{"@type":"WebSite","@id":"https:\/\/delvy.es\/#website","url":"https:\/\/delvy.es\/","name":"Delvy","description":"Asesores Legales Delvy","publisher":{"@id":"https:\/\/delvy.es\/#organization"},"potentialAction":[{"@type":"SearchAction","target":{"@type":"EntryPoint","urlTemplate":"https:\/\/delvy.es\/?s={search_term_string}"},"query-input":{"@type":"PropertyValueSpecification","valueRequired":true,"valueName":"search_term_string"}}],"inLanguage":"ca"},{"@type":"Organization","@id":"https:\/\/delvy.es\/#organization","name":"Delvy","url":"https:\/\/delvy.es\/","logo":{"@type":"ImageObject","inLanguage":"ca","@id":"https:\/\/delvy.es\/#\/schema\/logo\/image\/","url":"https:\/\/delvy.es\/wp-content\/uploads\/2023\/11\/cropped-favicon-5.png","contentUrl":"https:\/\/delvy.es\/wp-content\/uploads\/2023\/11\/cropped-favicon-5.png","width":512,"height":512,"caption":"Delvy"},"image":{"@id":"https:\/\/delvy.es\/#\/schema\/logo\/image\/"},"sameAs":["https:\/\/www.facebook.com\/delvyasesores\/","https:\/\/x.com\/Delvy_Asesores"]}]}},"_links":{"self":[{"href":"https:\/\/delvy.es\/ca\/wp-json\/wp\/v2\/pages\/2597","targetHints":{"allow":["GET"]}}],"collection":[{"href":"https:\/\/delvy.es\/ca\/wp-json\/wp\/v2\/pages"}],"about":[{"href":"https:\/\/delvy.es\/ca\/wp-json\/wp\/v2\/types\/page"}],"author":[{"embeddable":true,"href":"https:\/\/delvy.es\/ca\/wp-json\/wp\/v2\/users\/10533"}],"replies":[{"embeddable":true,"href":"https:\/\/delvy.es\/ca\/wp-json\/wp\/v2\/comments?post=2597"}],"version-history":[{"count":0,"href":"https:\/\/delvy.es\/ca\/wp-json\/wp\/v2\/pages\/2597\/revisions"}],"up":[{"embeddable":true,"href":"https:\/\/delvy.es\/ca\/wp-json\/wp\/v2\/pages\/2523"}],"wp:attachment":[{"href":"https:\/\/delvy.es\/ca\/wp-json\/wp\/v2\/media?parent=2597"}],"curies":[{"name":"wp","href":"https:\/\/api.w.org\/{rel}","templated":true}]}}