{"id":2595,"date":"2012-02-02T15:39:29","date_gmt":"2012-02-02T14:39:29","guid":{"rendered":"https:\/\/delvy.es\/?page_id=2595"},"modified":"2017-12-04T13:26:19","modified_gmt":"2017-12-04T12:26:19","slug":"comptable-fiscal","status":"publish","type":"page","link":"https:\/\/delvy.es\/ca\/serveis\/comptable-fiscal\/","title":{"rendered":"Comptable \/ Fiscal"},"content":{"rendered":"<p>En relaci\u00f3 a les seves obligacions comptables i fiscals, <span style=\"color: #800000;\"><strong>Delvy Asesores<\/strong><\/span> ofereix els seg\u00fcents serveis:<\/p>\n<p><span style=\"color: #800000;\"><strong>Assessoria Comptable<\/strong><\/span><\/p>\n<p>&#8211; Elaboraci\u00f3 de la comptabilitat de societats mercantils en base al compliment dels principis i les obligacions comptables exigides per la legislaci\u00f3 mercantil.<\/p>\n<p>&#8211; Elaboraci\u00f3 dels llibres obligatoris i lliurament en el dip\u00f2sit del Registre Mercantil.<\/p>\n<p>&#8211; Elaboraci\u00f3 dels Comptes Anuals (Balan\u00e7, P\u00e8rdues i Guanys, Mem\u00f2ria, ECPN, EFE) i inscripci\u00f3 en el Registre Mercantil.<\/p>\n<p>&#8211; Supervisi\u00f3 del departament comptable d&#8217;aquelles entitats que ja disposen \u00edntegrament d&#8217;aquest servei.<\/p>\n<p><span style=\"color: #800000;\"><strong>Assessoria Fiscal<\/strong><\/span><\/p>\n<p>&#8211; Assessoria integral per a aut\u00f2noms, empreses i particulars.<\/p>\n<p>&#8211; Declaracions censals de l&#8217;Ag\u00e8ncia Tribut\u00e0ria.<\/p>\n<p>&#8211; Preparaci\u00f3 i presentaci\u00f3 de liquidacions d&#8217;impostos (mensuals, trimestrals, anuals i informatives) en funci\u00f3 de les obligacions fiscals en cada cas:<\/p>\n<p><span style=\"color: #800000;\"><strong>Aut\u00f2noms<\/strong><\/span><\/p>\n<p>&#8211; Impost sobre el Valor Afegit (Mod. 303-310-311-390).<\/p>\n<p>&#8211; Pagament Fraccionat de l&#8217;IRPF d\u2019estimaci\u00f3 objectiva (m\u00f2duls) i en estimaci\u00f3 directa (Mod. 130-131).<\/p>\n<p>&#8211; Retencions de Lloguers (Mod. 115-180).<\/p>\n<p>&#8211; Retencions de treballadors i professionals (Mod. 111-190).<\/p>\n<p>&#8211; Declaraci\u00f3 informativa d&#8217;operacions intracomunit\u00e0ries (Mod. 349).<\/p>\n<p>&#8211; Declaraci\u00f3 informativa d&#8217;operacions amb tercers (Mod. 347).<\/p>\n<p><span style=\"color: #800000;\"><strong>Empreses<\/strong><\/span><\/p>\n<p>&#8211; Impost sobre el Valor Afegit (Mod. 303-390).<\/p>\n<p>&#8211; Retencions de Lloguers (Mod. 115-180).<\/p>\n<p>&#8211; Retencions de treballadors i professionals (Mod. 111-190).<\/p>\n<p>&#8211; Declaraci\u00f3 informativa d&#8217;operacions intracomunit\u00e0ries (Mod. 349).<\/p>\n<p>&#8211; Declaraci\u00f3 informativa d&#8217;operacions amb tercers (Mod. 347).<\/p>\n<p>&#8211; Impost sobre Societats (Mod. 200 ) i Pagaments fraccionats (Mod. 202 ).<\/p>\n<p><span style=\"color: #800000;\"><strong>A m\u00e9s de les liquidacions corresponents a d&#8217;altres impostos:<\/strong><\/span><\/p>\n<p>&#8211; Impost sobre la Renda de les Persones F\u00edsiques (Mod. 100).<\/p>\n<p>&#8211; Impost sobre Activitats Econ\u00f2miques i altres tributs locals.<\/p>\n","protected":false},"excerpt":{"rendered":"<p>En relaci\u00f3 a les seves obligacions comptables i fiscals, Delvy Asesores ofereix els seg\u00fcents serveis: Assessoria Comptable &#8211; Elaboraci\u00f3 de la comptabilitat de societats mercantils en base al compliment dels principis i les obligacions comptables exigides per la legislaci\u00f3 mercantil. &#8211; Elaboraci\u00f3 dels llibres obligatoris i lliurament en el dip\u00f2sit del Registre Mercantil. &#8211; Elaboraci\u00f3 [&hellip;]<\/p>\n","protected":false},"author":10533,"featured_media":0,"parent":2523,"menu_order":7,"comment_status":"closed","ping_status":"closed","template":"","meta":{"_acf_changed":false,"rop_custom_images_group":[],"rop_custom_messages_group":[],"rop_publish_now":"initial","rop_publish_now_accounts":[],"rop_publish_now_history":[],"rop_publish_now_status":"pending","footnotes":""},"class_list":["post-2595","page","type-page","status-publish","hentry"],"acf":[],"yoast_head":"<!-- This site is optimized with the Yoast SEO Premium plugin v25.3.1 (Yoast SEO v27.4) - https:\/\/yoast.com\/product\/yoast-seo-premium-wordpress\/ -->\n<title>Comptable\/Fiscal | Delvy.es<\/title>\n<meta name=\"description\" content=\"Delvy ofereix serveis d&#039;assessorament i realitzaci\u00f3 de les obligacions comptables i fiscals que t\u00e9 qualsevol empresa\" \/>\n<meta name=\"robots\" content=\"index, follow, max-snippet:-1, max-image-preview:large, max-video-preview:-1\" \/>\n<link rel=\"canonical\" href=\"https:\/\/delvy.es\/ca\/serveis\/comptable-fiscal\/\" \/>\n<meta property=\"og:locale\" content=\"ca_ES\" \/>\n<meta property=\"og:type\" content=\"article\" \/>\n<meta property=\"og:title\" content=\"Comptable \/ Fiscal\" \/>\n<meta property=\"og:description\" content=\"Delvy ofereix serveis d&#039;assessorament i realitzaci\u00f3 de les obligacions comptables i fiscals que t\u00e9 qualsevol empresa\" \/>\n<meta property=\"og:url\" content=\"https:\/\/delvy.es\/ca\/serveis\/comptable-fiscal\/\" \/>\n<meta property=\"og:site_name\" content=\"Delvy\" \/>\n<meta property=\"article:publisher\" content=\"https:\/\/www.facebook.com\/delvyasesores\/\" \/>\n<meta property=\"article:modified_time\" content=\"2017-12-04T12:26:19+00:00\" \/>\n<meta name=\"twitter:card\" content=\"summary_large_image\" \/>\n<meta name=\"twitter:site\" content=\"@Delvy_Asesores\" \/>\n<meta name=\"twitter:label1\" content=\"Temps estimat de lectura\" \/>\n\t<meta name=\"twitter:data1\" content=\"1 minut\" \/>\n<script type=\"application\/ld+json\" class=\"yoast-schema-graph\">{\"@context\":\"https:\\\/\\\/schema.org\",\"@graph\":[{\"@type\":\"WebPage\",\"@id\":\"https:\\\/\\\/delvy.es\\\/ca\\\/serveis\\\/comptable-fiscal\\\/\",\"url\":\"https:\\\/\\\/delvy.es\\\/ca\\\/serveis\\\/comptable-fiscal\\\/\",\"name\":\"Comptable\\\/Fiscal | Delvy.es\",\"isPartOf\":{\"@id\":\"https:\\\/\\\/delvy.es\\\/#website\"},\"datePublished\":\"2012-02-02T14:39:29+00:00\",\"dateModified\":\"2017-12-04T12:26:19+00:00\",\"description\":\"Delvy ofereix serveis d'assessorament i realitzaci\u00f3 de les obligacions comptables i fiscals que t\u00e9 qualsevol empresa\",\"breadcrumb\":{\"@id\":\"https:\\\/\\\/delvy.es\\\/ca\\\/serveis\\\/comptable-fiscal\\\/#breadcrumb\"},\"inLanguage\":\"ca\",\"potentialAction\":[{\"@type\":\"ReadAction\",\"target\":[\"https:\\\/\\\/delvy.es\\\/ca\\\/serveis\\\/comptable-fiscal\\\/\"]}]},{\"@type\":\"BreadcrumbList\",\"@id\":\"https:\\\/\\\/delvy.es\\\/ca\\\/serveis\\\/comptable-fiscal\\\/#breadcrumb\",\"itemListElement\":[{\"@type\":\"ListItem\",\"position\":1,\"name\":\"Portada\",\"item\":\"https:\\\/\\\/delvy.es\\\/ca\\\/\"},{\"@type\":\"ListItem\",\"position\":2,\"name\":\"Serveis legals per startups\",\"item\":\"https:\\\/\\\/delvy.es\\\/servicios-delvy\\\/\"},{\"@type\":\"ListItem\",\"position\":3,\"name\":\"Comptable \\\/ Fiscal\"}]},{\"@type\":\"WebSite\",\"@id\":\"https:\\\/\\\/delvy.es\\\/#website\",\"url\":\"https:\\\/\\\/delvy.es\\\/\",\"name\":\"Delvy\",\"description\":\"Asesores Legales Delvy\",\"publisher\":{\"@id\":\"https:\\\/\\\/delvy.es\\\/#organization\"},\"potentialAction\":[{\"@type\":\"SearchAction\",\"target\":{\"@type\":\"EntryPoint\",\"urlTemplate\":\"https:\\\/\\\/delvy.es\\\/?s={search_term_string}\"},\"query-input\":{\"@type\":\"PropertyValueSpecification\",\"valueRequired\":true,\"valueName\":\"search_term_string\"}}],\"inLanguage\":\"ca\"},{\"@type\":\"Organization\",\"@id\":\"https:\\\/\\\/delvy.es\\\/#organization\",\"name\":\"Delvy\",\"url\":\"https:\\\/\\\/delvy.es\\\/\",\"logo\":{\"@type\":\"ImageObject\",\"inLanguage\":\"ca\",\"@id\":\"https:\\\/\\\/delvy.es\\\/#\\\/schema\\\/logo\\\/image\\\/\",\"url\":\"https:\\\/\\\/delvy.es\\\/wp-content\\\/uploads\\\/2023\\\/11\\\/cropped-favicon-5.png\",\"contentUrl\":\"https:\\\/\\\/delvy.es\\\/wp-content\\\/uploads\\\/2023\\\/11\\\/cropped-favicon-5.png\",\"width\":512,\"height\":512,\"caption\":\"Delvy\"},\"image\":{\"@id\":\"https:\\\/\\\/delvy.es\\\/#\\\/schema\\\/logo\\\/image\\\/\"},\"sameAs\":[\"https:\\\/\\\/www.facebook.com\\\/delvyasesores\\\/\",\"https:\\\/\\\/x.com\\\/Delvy_Asesores\"]}]}<\/script>\n<!-- \/ Yoast SEO Premium plugin. -->","yoast_head_json":{"title":"Comptable\/Fiscal | Delvy.es","description":"Delvy ofereix serveis d'assessorament i realitzaci\u00f3 de les obligacions comptables i fiscals que t\u00e9 qualsevol empresa","robots":{"index":"index","follow":"follow","max-snippet":"max-snippet:-1","max-image-preview":"max-image-preview:large","max-video-preview":"max-video-preview:-1"},"canonical":"https:\/\/delvy.es\/ca\/serveis\/comptable-fiscal\/","og_locale":"ca_ES","og_type":"article","og_title":"Comptable \/ Fiscal","og_description":"Delvy ofereix serveis d'assessorament i realitzaci\u00f3 de les obligacions comptables i fiscals que t\u00e9 qualsevol empresa","og_url":"https:\/\/delvy.es\/ca\/serveis\/comptable-fiscal\/","og_site_name":"Delvy","article_publisher":"https:\/\/www.facebook.com\/delvyasesores\/","article_modified_time":"2017-12-04T12:26:19+00:00","twitter_card":"summary_large_image","twitter_site":"@Delvy_Asesores","twitter_misc":{"Temps estimat de lectura":"1 minut"},"schema":{"@context":"https:\/\/schema.org","@graph":[{"@type":"WebPage","@id":"https:\/\/delvy.es\/ca\/serveis\/comptable-fiscal\/","url":"https:\/\/delvy.es\/ca\/serveis\/comptable-fiscal\/","name":"Comptable\/Fiscal | Delvy.es","isPartOf":{"@id":"https:\/\/delvy.es\/#website"},"datePublished":"2012-02-02T14:39:29+00:00","dateModified":"2017-12-04T12:26:19+00:00","description":"Delvy ofereix serveis d'assessorament i realitzaci\u00f3 de les obligacions comptables i fiscals que t\u00e9 qualsevol empresa","breadcrumb":{"@id":"https:\/\/delvy.es\/ca\/serveis\/comptable-fiscal\/#breadcrumb"},"inLanguage":"ca","potentialAction":[{"@type":"ReadAction","target":["https:\/\/delvy.es\/ca\/serveis\/comptable-fiscal\/"]}]},{"@type":"BreadcrumbList","@id":"https:\/\/delvy.es\/ca\/serveis\/comptable-fiscal\/#breadcrumb","itemListElement":[{"@type":"ListItem","position":1,"name":"Portada","item":"https:\/\/delvy.es\/ca\/"},{"@type":"ListItem","position":2,"name":"Serveis legals per startups","item":"https:\/\/delvy.es\/servicios-delvy\/"},{"@type":"ListItem","position":3,"name":"Comptable \/ Fiscal"}]},{"@type":"WebSite","@id":"https:\/\/delvy.es\/#website","url":"https:\/\/delvy.es\/","name":"Delvy","description":"Asesores Legales Delvy","publisher":{"@id":"https:\/\/delvy.es\/#organization"},"potentialAction":[{"@type":"SearchAction","target":{"@type":"EntryPoint","urlTemplate":"https:\/\/delvy.es\/?s={search_term_string}"},"query-input":{"@type":"PropertyValueSpecification","valueRequired":true,"valueName":"search_term_string"}}],"inLanguage":"ca"},{"@type":"Organization","@id":"https:\/\/delvy.es\/#organization","name":"Delvy","url":"https:\/\/delvy.es\/","logo":{"@type":"ImageObject","inLanguage":"ca","@id":"https:\/\/delvy.es\/#\/schema\/logo\/image\/","url":"https:\/\/delvy.es\/wp-content\/uploads\/2023\/11\/cropped-favicon-5.png","contentUrl":"https:\/\/delvy.es\/wp-content\/uploads\/2023\/11\/cropped-favicon-5.png","width":512,"height":512,"caption":"Delvy"},"image":{"@id":"https:\/\/delvy.es\/#\/schema\/logo\/image\/"},"sameAs":["https:\/\/www.facebook.com\/delvyasesores\/","https:\/\/x.com\/Delvy_Asesores"]}]}},"_links":{"self":[{"href":"https:\/\/delvy.es\/ca\/wp-json\/wp\/v2\/pages\/2595","targetHints":{"allow":["GET"]}}],"collection":[{"href":"https:\/\/delvy.es\/ca\/wp-json\/wp\/v2\/pages"}],"about":[{"href":"https:\/\/delvy.es\/ca\/wp-json\/wp\/v2\/types\/page"}],"author":[{"embeddable":true,"href":"https:\/\/delvy.es\/ca\/wp-json\/wp\/v2\/users\/10533"}],"replies":[{"embeddable":true,"href":"https:\/\/delvy.es\/ca\/wp-json\/wp\/v2\/comments?post=2595"}],"version-history":[{"count":0,"href":"https:\/\/delvy.es\/ca\/wp-json\/wp\/v2\/pages\/2595\/revisions"}],"up":[{"embeddable":true,"href":"https:\/\/delvy.es\/ca\/wp-json\/wp\/v2\/pages\/2523"}],"wp:attachment":[{"href":"https:\/\/delvy.es\/ca\/wp-json\/wp\/v2\/media?parent=2595"}],"curies":[{"name":"wp","href":"https:\/\/api.w.org\/{rel}","templated":true}]}}