{"id":2591,"date":"2012-02-24T17:01:10","date_gmt":"2012-02-24T16:01:10","guid":{"rendered":"https:\/\/delvy.es\/?page_id=2591"},"modified":"2024-05-22T16:48:00","modified_gmt":"2024-05-22T15:48:00","slug":"comerc-internacional","status":"publish","type":"page","link":"https:\/\/delvy.es\/ca\/serveis\/comerc-internacional\/","title":{"rendered":"Comer\u00e7 internacional"},"content":{"rendered":"<div class=\"flex-shrink-0 flex flex-col relative items-end\">\n<div>\n<div class=\"pt-0.5\">\n<div class=\"gizmo-bot-avatar flex h-6 w-6 items-center justify-center overflow-hidden rounded-full juice:h-8 juice:w-8\">\n<h1 class=\"relative p-1 rounded-sm flex items-center justify-center bg-token-main-surface-primary text-token-text-primary h-8 w-8\">Comer\u00e7 internacional<\/h1>\n<\/div>\n<\/div>\n<\/div>\n<\/div>\n<div class=\"group\/conversation-turn relative flex w-full min-w-0 flex-col agent-turn\">\n<div class=\"flex-col gap-1 md:gap-3\">\n<div class=\"flex flex-grow flex-col max-w-full\">\n<div class=\"min-h-[20px] text-message flex flex-col items-start whitespace-pre-wrap break-words [.text-message+&amp;]:mt-5 juice:w-full juice:items-end overflow-x-auto gap-2\" dir=\"auto\" data-message-author-role=\"assistant\" data-message-id=\"c21a0280-2f41-479d-8d82-3c278a69a968\">\n<div class=\"flex w-full flex-col gap-1 juice:empty:hidden juice:first:pt-[3px]\">\n<div class=\"markdown prose w-full break-words dark:prose-invert light\">\n<p>A causa de la crisi actual que travessa la Uni\u00f3 Europea i, especialment, a causa de la delicada situaci\u00f3 del mercat intern espanyol, moltes empreses espanyoles estan orientant els seus negocis cap a l\u2019exterio. En aquest context, Llatinoam\u00e8rica \u00e9s un dels destins preferits.<\/p>\n<p>L\u2019elevat creixement que ha experimentat en els \u00faltims anys, aix\u00ed com la profunda relaci\u00f3 cultural que uneix l\u2019Am\u00e8rica Llatina a Espanya, converteixen la regi\u00f3 en una de les m\u00e9s atractives per invertir-hi i obrir-hi nous mercats.<\/p>\n<p>A Delvy volem oferir tots els nostres recursos perqu\u00e8 l\u2019empresari emprengui amb \u00e8xit els seus projectes a Llatinoam\u00e8rica. Sabem que \u00e9s un mercat complex que presenta una gran diversitat d\u2019oportunitats segons el pa\u00eds per\u00f2 la nostra experi\u00e8ncia i col\u00b7laboraci\u00f3 amb l\u2019entorn jur\u00eddic i empresarial ens permet oferir un servei integral d\u2019alta qualitat i efica\u00e7 en el nostre assessorament.<\/p>\n<p>&nbsp;<\/p>\n<p>La nostra experi\u00e8ncia i pr\u00e0ctica internacional ens permet assessorar empreses espanyoles amb interessos econ\u00f2mics a Llatinoam\u00e8rica, especialment a la regi\u00f3 de Centream\u00e8rica. Alguns dels serveis on podem assessorar s\u00f3n:<\/p>\n<p><strong>\u2013 Proc\u00e9s d\u2019internacionalitzaci\u00f3 de les empreses locals<\/strong><\/p>\n<p><strong>\u2013 Contractes de distribuci\u00f3 o ag\u00e8ncia<\/strong><\/p>\n<p><strong>\u2013 Registre de Marques<\/strong><\/p>\n<p><strong>\u2013 Registre de Productes Farmac\u00e8utics<\/strong><\/p>\n<p><strong>\u2013 Constituci\u00f3 de filials , sucursals o oficines de representaci\u00f3<\/strong><\/p>\n<p><strong>\u2013 Adquisici\u00f3 de societats<\/strong><\/p>\n<p><strong>\u2013 Projectes d\u2019inversi\u00f3 \/ Assessoria en licitacions<\/strong><\/p>\n<p><strong>\u2013 Seguiment a inversi\u00f3 existent<\/strong><\/p>\n<p><strong>\u2013 Joint Ventures<\/strong><\/p>\n<p><strong>\u2013 Inversions Immobili\u00e0ries , entre d\u2019altres.<\/strong><\/p>\n<p>L\u2019empresari espanyol que vulgui introduir-se al mercat o invertir ha de comptar amb el suport d\u2019un assessor legal a Espanya degudament connectat amb l\u2019entorn que li permeti coordinar i canalitzar els recursos locals de la millor manera possible per satisfer les necessitats dels seus projectes.<\/p>\n<p>En el nostre blog oferim informaci\u00f3 relacionada amb el comer\u00e7 exterior i la inversi\u00f3 estrangera a Am\u00e8rica Central que pot ser de molta utilitat per a empresaris espanyols interessats en expandir els seus mercats i trobar noves oportunitats de negoci i inversi\u00f3.<\/p>\n<p>Si vols contactar-nos per realitzar algun tipus de consulta relacionada amb els teus projectes d\u2019inversi\u00f3 a la regi\u00f3 , no dubtis a posar-te en <a href=\"https:\/\/delvy.es\/ca\/contacte\/\">contacte amb nosaltres a trav\u00e9s del seg\u00fcent formular<\/a>i i contactarem r\u00e0pidament amb tu.<\/p>\n<\/div>\n<\/div>\n<\/div>\n<\/div>\n<\/div>\n<\/div>\n","protected":false},"excerpt":{"rendered":"<p>Comer\u00e7 internacional A causa de la crisi actual que travessa la Uni\u00f3 Europea i, especialment, a causa de la delicada situaci\u00f3 del mercat intern espanyol, moltes empreses espanyoles estan orientant els seus negocis cap a l\u2019exterio. En aquest context, Llatinoam\u00e8rica \u00e9s un dels destins preferits. L\u2019elevat creixement que ha experimentat en els \u00faltims anys, aix\u00ed [&hellip;]<\/p>\n","protected":false},"author":10533,"featured_media":0,"parent":2523,"menu_order":7,"comment_status":"closed","ping_status":"closed","template":"","meta":{"_acf_changed":false,"rop_custom_images_group":[],"rop_custom_messages_group":[],"rop_publish_now":"initial","rop_publish_now_accounts":[],"rop_publish_now_history":[],"rop_publish_now_status":"pending","footnotes":""},"class_list":["post-2591","page","type-page","status-publish","hentry"],"acf":[],"yoast_head":"<!-- This site is optimized with the Yoast SEO Premium plugin v25.3.1 (Yoast SEO v27.3) - https:\/\/yoast.com\/product\/yoast-seo-premium-wordpress\/ -->\n<title>Comer\u00e7 internacional | Delvy.es<\/title>\n<meta name=\"description\" content=\"Assessorament a les empreses per al desenvolupament internacional del seu negoci, amb un enfocament principal en el mercat llatinoameric\u00e0.\" \/>\n<meta name=\"robots\" content=\"index, follow, max-snippet:-1, max-image-preview:large, max-video-preview:-1\" \/>\n<link rel=\"canonical\" href=\"https:\/\/delvy.es\/ca\/serveis\/comerc-internacional\/\" \/>\n<meta property=\"og:locale\" content=\"ca_ES\" \/>\n<meta property=\"og:type\" content=\"article\" \/>\n<meta property=\"og:title\" content=\"Comer\u00e7 internacional\" \/>\n<meta property=\"og:description\" content=\"Assessorament a les empreses per al desenvolupament internacional del seu negoci, amb un enfocament principal en el mercat llatinoameric\u00e0.\" \/>\n<meta property=\"og:url\" content=\"https:\/\/delvy.es\/ca\/serveis\/comerc-internacional\/\" \/>\n<meta property=\"og:site_name\" content=\"Delvy\" \/>\n<meta property=\"article:publisher\" content=\"https:\/\/www.facebook.com\/delvyasesores\/\" \/>\n<meta property=\"article:modified_time\" content=\"2024-05-22T15:48:00+00:00\" \/>\n<meta name=\"twitter:card\" content=\"summary_large_image\" \/>\n<meta name=\"twitter:site\" content=\"@Delvy_Asesores\" \/>\n<meta name=\"twitter:label1\" content=\"Temps estimat de lectura\" \/>\n\t<meta name=\"twitter:data1\" content=\"2 minuts\" \/>\n<script type=\"application\/ld+json\" class=\"yoast-schema-graph\">{\"@context\":\"https:\\\/\\\/schema.org\",\"@graph\":[{\"@type\":\"WebPage\",\"@id\":\"https:\\\/\\\/delvy.es\\\/ca\\\/serveis\\\/comerc-internacional\\\/\",\"url\":\"https:\\\/\\\/delvy.es\\\/ca\\\/serveis\\\/comerc-internacional\\\/\",\"name\":\"Comer\u00e7 internacional | Delvy.es\",\"isPartOf\":{\"@id\":\"https:\\\/\\\/delvy.es\\\/#website\"},\"datePublished\":\"2012-02-24T16:01:10+00:00\",\"dateModified\":\"2024-05-22T15:48:00+00:00\",\"description\":\"Assessorament a les empreses per al desenvolupament internacional del seu negoci, amb un enfocament principal en el mercat llatinoameric\u00e0.\",\"breadcrumb\":{\"@id\":\"https:\\\/\\\/delvy.es\\\/ca\\\/serveis\\\/comerc-internacional\\\/#breadcrumb\"},\"inLanguage\":\"ca\",\"potentialAction\":[{\"@type\":\"ReadAction\",\"target\":[\"https:\\\/\\\/delvy.es\\\/ca\\\/serveis\\\/comerc-internacional\\\/\"]}]},{\"@type\":\"BreadcrumbList\",\"@id\":\"https:\\\/\\\/delvy.es\\\/ca\\\/serveis\\\/comerc-internacional\\\/#breadcrumb\",\"itemListElement\":[{\"@type\":\"ListItem\",\"position\":1,\"name\":\"Portada\",\"item\":\"https:\\\/\\\/delvy.es\\\/ca\\\/\"},{\"@type\":\"ListItem\",\"position\":2,\"name\":\"Serveis legals per startups\",\"item\":\"https:\\\/\\\/delvy.es\\\/servicios-delvy\\\/\"},{\"@type\":\"ListItem\",\"position\":3,\"name\":\"Comer\u00e7 internacional\"}]},{\"@type\":\"WebSite\",\"@id\":\"https:\\\/\\\/delvy.es\\\/#website\",\"url\":\"https:\\\/\\\/delvy.es\\\/\",\"name\":\"Delvy\",\"description\":\"Asesores Legales Delvy\",\"publisher\":{\"@id\":\"https:\\\/\\\/delvy.es\\\/#organization\"},\"potentialAction\":[{\"@type\":\"SearchAction\",\"target\":{\"@type\":\"EntryPoint\",\"urlTemplate\":\"https:\\\/\\\/delvy.es\\\/?s={search_term_string}\"},\"query-input\":{\"@type\":\"PropertyValueSpecification\",\"valueRequired\":true,\"valueName\":\"search_term_string\"}}],\"inLanguage\":\"ca\"},{\"@type\":\"Organization\",\"@id\":\"https:\\\/\\\/delvy.es\\\/#organization\",\"name\":\"Delvy\",\"url\":\"https:\\\/\\\/delvy.es\\\/\",\"logo\":{\"@type\":\"ImageObject\",\"inLanguage\":\"ca\",\"@id\":\"https:\\\/\\\/delvy.es\\\/#\\\/schema\\\/logo\\\/image\\\/\",\"url\":\"https:\\\/\\\/delvy.es\\\/wp-content\\\/uploads\\\/2023\\\/11\\\/cropped-favicon-5.png\",\"contentUrl\":\"https:\\\/\\\/delvy.es\\\/wp-content\\\/uploads\\\/2023\\\/11\\\/cropped-favicon-5.png\",\"width\":512,\"height\":512,\"caption\":\"Delvy\"},\"image\":{\"@id\":\"https:\\\/\\\/delvy.es\\\/#\\\/schema\\\/logo\\\/image\\\/\"},\"sameAs\":[\"https:\\\/\\\/www.facebook.com\\\/delvyasesores\\\/\",\"https:\\\/\\\/x.com\\\/Delvy_Asesores\"]}]}<\/script>\n<!-- \/ Yoast SEO Premium plugin. -->","yoast_head_json":{"title":"Comer\u00e7 internacional | Delvy.es","description":"Assessorament a les empreses per al desenvolupament internacional del seu negoci, amb un enfocament principal en el mercat llatinoameric\u00e0.","robots":{"index":"index","follow":"follow","max-snippet":"max-snippet:-1","max-image-preview":"max-image-preview:large","max-video-preview":"max-video-preview:-1"},"canonical":"https:\/\/delvy.es\/ca\/serveis\/comerc-internacional\/","og_locale":"ca_ES","og_type":"article","og_title":"Comer\u00e7 internacional","og_description":"Assessorament a les empreses per al desenvolupament internacional del seu negoci, amb un enfocament principal en el mercat llatinoameric\u00e0.","og_url":"https:\/\/delvy.es\/ca\/serveis\/comerc-internacional\/","og_site_name":"Delvy","article_publisher":"https:\/\/www.facebook.com\/delvyasesores\/","article_modified_time":"2024-05-22T15:48:00+00:00","twitter_card":"summary_large_image","twitter_site":"@Delvy_Asesores","twitter_misc":{"Temps estimat de lectura":"2 minuts"},"schema":{"@context":"https:\/\/schema.org","@graph":[{"@type":"WebPage","@id":"https:\/\/delvy.es\/ca\/serveis\/comerc-internacional\/","url":"https:\/\/delvy.es\/ca\/serveis\/comerc-internacional\/","name":"Comer\u00e7 internacional | Delvy.es","isPartOf":{"@id":"https:\/\/delvy.es\/#website"},"datePublished":"2012-02-24T16:01:10+00:00","dateModified":"2024-05-22T15:48:00+00:00","description":"Assessorament a les empreses per al desenvolupament internacional del seu negoci, amb un enfocament principal en el mercat llatinoameric\u00e0.","breadcrumb":{"@id":"https:\/\/delvy.es\/ca\/serveis\/comerc-internacional\/#breadcrumb"},"inLanguage":"ca","potentialAction":[{"@type":"ReadAction","target":["https:\/\/delvy.es\/ca\/serveis\/comerc-internacional\/"]}]},{"@type":"BreadcrumbList","@id":"https:\/\/delvy.es\/ca\/serveis\/comerc-internacional\/#breadcrumb","itemListElement":[{"@type":"ListItem","position":1,"name":"Portada","item":"https:\/\/delvy.es\/ca\/"},{"@type":"ListItem","position":2,"name":"Serveis legals per startups","item":"https:\/\/delvy.es\/servicios-delvy\/"},{"@type":"ListItem","position":3,"name":"Comer\u00e7 internacional"}]},{"@type":"WebSite","@id":"https:\/\/delvy.es\/#website","url":"https:\/\/delvy.es\/","name":"Delvy","description":"Asesores Legales Delvy","publisher":{"@id":"https:\/\/delvy.es\/#organization"},"potentialAction":[{"@type":"SearchAction","target":{"@type":"EntryPoint","urlTemplate":"https:\/\/delvy.es\/?s={search_term_string}"},"query-input":{"@type":"PropertyValueSpecification","valueRequired":true,"valueName":"search_term_string"}}],"inLanguage":"ca"},{"@type":"Organization","@id":"https:\/\/delvy.es\/#organization","name":"Delvy","url":"https:\/\/delvy.es\/","logo":{"@type":"ImageObject","inLanguage":"ca","@id":"https:\/\/delvy.es\/#\/schema\/logo\/image\/","url":"https:\/\/delvy.es\/wp-content\/uploads\/2023\/11\/cropped-favicon-5.png","contentUrl":"https:\/\/delvy.es\/wp-content\/uploads\/2023\/11\/cropped-favicon-5.png","width":512,"height":512,"caption":"Delvy"},"image":{"@id":"https:\/\/delvy.es\/#\/schema\/logo\/image\/"},"sameAs":["https:\/\/www.facebook.com\/delvyasesores\/","https:\/\/x.com\/Delvy_Asesores"]}]}},"_links":{"self":[{"href":"https:\/\/delvy.es\/ca\/wp-json\/wp\/v2\/pages\/2591","targetHints":{"allow":["GET"]}}],"collection":[{"href":"https:\/\/delvy.es\/ca\/wp-json\/wp\/v2\/pages"}],"about":[{"href":"https:\/\/delvy.es\/ca\/wp-json\/wp\/v2\/types\/page"}],"author":[{"embeddable":true,"href":"https:\/\/delvy.es\/ca\/wp-json\/wp\/v2\/users\/10533"}],"replies":[{"embeddable":true,"href":"https:\/\/delvy.es\/ca\/wp-json\/wp\/v2\/comments?post=2591"}],"version-history":[{"count":0,"href":"https:\/\/delvy.es\/ca\/wp-json\/wp\/v2\/pages\/2591\/revisions"}],"up":[{"embeddable":true,"href":"https:\/\/delvy.es\/ca\/wp-json\/wp\/v2\/pages\/2523"}],"wp:attachment":[{"href":"https:\/\/delvy.es\/ca\/wp-json\/wp\/v2\/media?parent=2591"}],"curies":[{"name":"wp","href":"https:\/\/api.w.org\/{rel}","templated":true}]}}