{"id":2587,"date":"2012-02-02T15:34:43","date_gmt":"2012-02-02T14:34:43","guid":{"rendered":"https:\/\/delvy.es\/?page_id=2587"},"modified":"2017-12-04T13:24:33","modified_gmt":"2017-12-04T12:24:33","slug":"proteccio-de-dades","status":"publish","type":"page","link":"https:\/\/delvy.es\/ca\/serveis\/proteccio-de-dades\/","title":{"rendered":"Protecci\u00f3 de dades"},"content":{"rendered":"<p>Oferim assessorament integral per a l&#8217;adequaci\u00f3 a la Llei Org\u00e0nica 15\/1999, de 13 de desembre, de Protecci\u00f3 de dades de car\u00e0cter personal (LOPD).<\/p>\n<p>\u2022 Inscripci\u00f3, modificaci\u00f3 i supressi\u00f3 de fitxers a l\u2019AEPD.<\/p>\n<p>\u2022 Assessorament general i adequaci\u00f3 a la LOPD: An\u00e0lisi i redacci\u00f3 de documentaci\u00f3, contractes, pol\u00edtiques, cl\u00e0usules.<\/p>\n<p>\u2022 Procediment per donar satisfacci\u00f3 als drets d&#8217;Acc\u00e9s, Rectificaci\u00f3, Cancel\u00b7laci\u00f3, i Oposici\u00f3 dels afectats.<\/p>\n<p>\u2022 Assessorament en adquisicions de bases de dades i les campanyes de m\u00e0rqueting i transfer\u00e8ncies internacionals de dades.<\/p>\n<p>\u2022 Redacci\u00f3 del document de Seguretat i compliment de l\u2019RD 994\/1999: Identificaci\u00f3 i Autenticaci\u00f3, Control d&#8217;acc\u00e9s (f\u00edsic i l\u00f2gic), Gesti\u00f3 de Suports i backups, Registre d&#8217;incid\u00e8ncies, etc.<\/p>\n<p>\u2022 Procediments d&#8217;exercici de drets davant l\u2019Ag\u00e8ncia Espanyola de Protecci\u00f3 de Dades i procediments de Reclamaci\u00f3.<\/p>\n<p>\u2022 Redacci\u00f3 d&#8217;informes i resoluci\u00f3 de consultes.<\/p>\n<p>\u2022 Gesti\u00f3 de tr\u00e0mits i\/o reclamacions davant l&#8217;AEPD.<\/p>\n<p>\u2022 Revisi\u00f3 i proposta de textos, cl\u00e0usules, avisos legals adre\u00e7ats al web.<\/p>\n<p>\u2022 Assessorament en contractaci\u00f3 per via electr\u00f2nica.<\/p>\n<p>\u2022 Revisi\u00f3 i elaboraci\u00f3 de contractes inform\u00e0tics, telem\u00e0tics, comer\u00e7 electr\u00f2nic, entre d&#8217;altres.<\/p>\n","protected":false},"excerpt":{"rendered":"<p>Oferim assessorament integral per a l&#8217;adequaci\u00f3 a la Llei Org\u00e0nica 15\/1999, de 13 de desembre, de Protecci\u00f3 de dades de car\u00e0cter personal (LOPD). \u2022 Inscripci\u00f3, modificaci\u00f3 i supressi\u00f3 de fitxers a l\u2019AEPD. \u2022 Assessorament general i adequaci\u00f3 a la LOPD: An\u00e0lisi i redacci\u00f3 de documentaci\u00f3, contractes, pol\u00edtiques, cl\u00e0usules. \u2022 Procediment per donar satisfacci\u00f3 als drets [&hellip;]<\/p>\n","protected":false},"author":10533,"featured_media":0,"parent":2523,"menu_order":5,"comment_status":"closed","ping_status":"closed","template":"","meta":{"_acf_changed":false,"rop_custom_images_group":[],"rop_custom_messages_group":[],"rop_publish_now":"initial","rop_publish_now_accounts":[],"rop_publish_now_history":[],"rop_publish_now_status":"pending","footnotes":""},"class_list":["post-2587","page","type-page","status-publish","hentry"],"acf":[],"yoast_head":"<!-- This site is optimized with the Yoast SEO Premium plugin v25.3.1 (Yoast SEO v27.3) - https:\/\/yoast.com\/product\/yoast-seo-premium-wordpress\/ -->\n<title>Protecci\u00f3 de dades | Delvy.es<\/title>\n<meta name=\"description\" content=\"Oferim assessorament integral per a l&#039;adequaci\u00f3 a la Lley Org\u00e0nica 15\/1999, de 13 de desembre, de Protecci\u00f3 de Dades de Car\u00e0cter Personal (LOPD).\" \/>\n<meta name=\"robots\" content=\"index, follow, max-snippet:-1, max-image-preview:large, max-video-preview:-1\" \/>\n<link rel=\"canonical\" href=\"https:\/\/delvy.es\/ca\/serveis\/proteccio-de-dades\/\" \/>\n<meta property=\"og:locale\" content=\"ca_ES\" \/>\n<meta property=\"og:type\" content=\"article\" \/>\n<meta property=\"og:title\" content=\"Protecci\u00f3 de dades\" \/>\n<meta property=\"og:description\" content=\"Oferim assessorament integral per a l&#039;adequaci\u00f3 a la Lley Org\u00e0nica 15\/1999, de 13 de desembre, de Protecci\u00f3 de Dades de Car\u00e0cter Personal (LOPD).\" \/>\n<meta property=\"og:url\" content=\"https:\/\/delvy.es\/ca\/serveis\/proteccio-de-dades\/\" \/>\n<meta property=\"og:site_name\" content=\"Delvy\" \/>\n<meta property=\"article:publisher\" content=\"https:\/\/www.facebook.com\/delvyasesores\/\" \/>\n<meta property=\"article:modified_time\" content=\"2017-12-04T12:24:33+00:00\" \/>\n<meta name=\"twitter:card\" content=\"summary_large_image\" \/>\n<meta name=\"twitter:site\" content=\"@Delvy_Asesores\" \/>\n<meta name=\"twitter:label1\" content=\"Temps estimat de lectura\" \/>\n\t<meta name=\"twitter:data1\" content=\"1 minut\" \/>\n<script type=\"application\/ld+json\" class=\"yoast-schema-graph\">{\"@context\":\"https:\\\/\\\/schema.org\",\"@graph\":[{\"@type\":\"WebPage\",\"@id\":\"https:\\\/\\\/delvy.es\\\/ca\\\/serveis\\\/proteccio-de-dades\\\/\",\"url\":\"https:\\\/\\\/delvy.es\\\/ca\\\/serveis\\\/proteccio-de-dades\\\/\",\"name\":\"Protecci\u00f3 de dades | Delvy.es\",\"isPartOf\":{\"@id\":\"https:\\\/\\\/delvy.es\\\/#website\"},\"datePublished\":\"2012-02-02T14:34:43+00:00\",\"dateModified\":\"2017-12-04T12:24:33+00:00\",\"description\":\"Oferim assessorament integral per a l'adequaci\u00f3 a la Lley Org\u00e0nica 15\\\/1999, de 13 de desembre, de Protecci\u00f3 de Dades de Car\u00e0cter Personal (LOPD).\",\"breadcrumb\":{\"@id\":\"https:\\\/\\\/delvy.es\\\/ca\\\/serveis\\\/proteccio-de-dades\\\/#breadcrumb\"},\"inLanguage\":\"ca\",\"potentialAction\":[{\"@type\":\"ReadAction\",\"target\":[\"https:\\\/\\\/delvy.es\\\/ca\\\/serveis\\\/proteccio-de-dades\\\/\"]}]},{\"@type\":\"BreadcrumbList\",\"@id\":\"https:\\\/\\\/delvy.es\\\/ca\\\/serveis\\\/proteccio-de-dades\\\/#breadcrumb\",\"itemListElement\":[{\"@type\":\"ListItem\",\"position\":1,\"name\":\"Portada\",\"item\":\"https:\\\/\\\/delvy.es\\\/ca\\\/\"},{\"@type\":\"ListItem\",\"position\":2,\"name\":\"Serveis legals per startups\",\"item\":\"https:\\\/\\\/delvy.es\\\/servicios-delvy\\\/\"},{\"@type\":\"ListItem\",\"position\":3,\"name\":\"Protecci\u00f3 de dades\"}]},{\"@type\":\"WebSite\",\"@id\":\"https:\\\/\\\/delvy.es\\\/#website\",\"url\":\"https:\\\/\\\/delvy.es\\\/\",\"name\":\"Delvy\",\"description\":\"Asesores Legales Delvy\",\"publisher\":{\"@id\":\"https:\\\/\\\/delvy.es\\\/#organization\"},\"potentialAction\":[{\"@type\":\"SearchAction\",\"target\":{\"@type\":\"EntryPoint\",\"urlTemplate\":\"https:\\\/\\\/delvy.es\\\/?s={search_term_string}\"},\"query-input\":{\"@type\":\"PropertyValueSpecification\",\"valueRequired\":true,\"valueName\":\"search_term_string\"}}],\"inLanguage\":\"ca\"},{\"@type\":\"Organization\",\"@id\":\"https:\\\/\\\/delvy.es\\\/#organization\",\"name\":\"Delvy\",\"url\":\"https:\\\/\\\/delvy.es\\\/\",\"logo\":{\"@type\":\"ImageObject\",\"inLanguage\":\"ca\",\"@id\":\"https:\\\/\\\/delvy.es\\\/#\\\/schema\\\/logo\\\/image\\\/\",\"url\":\"https:\\\/\\\/delvy.es\\\/wp-content\\\/uploads\\\/2023\\\/11\\\/cropped-favicon-5.png\",\"contentUrl\":\"https:\\\/\\\/delvy.es\\\/wp-content\\\/uploads\\\/2023\\\/11\\\/cropped-favicon-5.png\",\"width\":512,\"height\":512,\"caption\":\"Delvy\"},\"image\":{\"@id\":\"https:\\\/\\\/delvy.es\\\/#\\\/schema\\\/logo\\\/image\\\/\"},\"sameAs\":[\"https:\\\/\\\/www.facebook.com\\\/delvyasesores\\\/\",\"https:\\\/\\\/x.com\\\/Delvy_Asesores\"]}]}<\/script>\n<!-- \/ Yoast SEO Premium plugin. -->","yoast_head_json":{"title":"Protecci\u00f3 de dades | Delvy.es","description":"Oferim assessorament integral per a l'adequaci\u00f3 a la Lley Org\u00e0nica 15\/1999, de 13 de desembre, de Protecci\u00f3 de Dades de Car\u00e0cter Personal (LOPD).","robots":{"index":"index","follow":"follow","max-snippet":"max-snippet:-1","max-image-preview":"max-image-preview:large","max-video-preview":"max-video-preview:-1"},"canonical":"https:\/\/delvy.es\/ca\/serveis\/proteccio-de-dades\/","og_locale":"ca_ES","og_type":"article","og_title":"Protecci\u00f3 de dades","og_description":"Oferim assessorament integral per a l'adequaci\u00f3 a la Lley Org\u00e0nica 15\/1999, de 13 de desembre, de Protecci\u00f3 de Dades de Car\u00e0cter Personal (LOPD).","og_url":"https:\/\/delvy.es\/ca\/serveis\/proteccio-de-dades\/","og_site_name":"Delvy","article_publisher":"https:\/\/www.facebook.com\/delvyasesores\/","article_modified_time":"2017-12-04T12:24:33+00:00","twitter_card":"summary_large_image","twitter_site":"@Delvy_Asesores","twitter_misc":{"Temps estimat de lectura":"1 minut"},"schema":{"@context":"https:\/\/schema.org","@graph":[{"@type":"WebPage","@id":"https:\/\/delvy.es\/ca\/serveis\/proteccio-de-dades\/","url":"https:\/\/delvy.es\/ca\/serveis\/proteccio-de-dades\/","name":"Protecci\u00f3 de dades | Delvy.es","isPartOf":{"@id":"https:\/\/delvy.es\/#website"},"datePublished":"2012-02-02T14:34:43+00:00","dateModified":"2017-12-04T12:24:33+00:00","description":"Oferim assessorament integral per a l'adequaci\u00f3 a la Lley Org\u00e0nica 15\/1999, de 13 de desembre, de Protecci\u00f3 de Dades de Car\u00e0cter Personal (LOPD).","breadcrumb":{"@id":"https:\/\/delvy.es\/ca\/serveis\/proteccio-de-dades\/#breadcrumb"},"inLanguage":"ca","potentialAction":[{"@type":"ReadAction","target":["https:\/\/delvy.es\/ca\/serveis\/proteccio-de-dades\/"]}]},{"@type":"BreadcrumbList","@id":"https:\/\/delvy.es\/ca\/serveis\/proteccio-de-dades\/#breadcrumb","itemListElement":[{"@type":"ListItem","position":1,"name":"Portada","item":"https:\/\/delvy.es\/ca\/"},{"@type":"ListItem","position":2,"name":"Serveis legals per startups","item":"https:\/\/delvy.es\/servicios-delvy\/"},{"@type":"ListItem","position":3,"name":"Protecci\u00f3 de dades"}]},{"@type":"WebSite","@id":"https:\/\/delvy.es\/#website","url":"https:\/\/delvy.es\/","name":"Delvy","description":"Asesores Legales Delvy","publisher":{"@id":"https:\/\/delvy.es\/#organization"},"potentialAction":[{"@type":"SearchAction","target":{"@type":"EntryPoint","urlTemplate":"https:\/\/delvy.es\/?s={search_term_string}"},"query-input":{"@type":"PropertyValueSpecification","valueRequired":true,"valueName":"search_term_string"}}],"inLanguage":"ca"},{"@type":"Organization","@id":"https:\/\/delvy.es\/#organization","name":"Delvy","url":"https:\/\/delvy.es\/","logo":{"@type":"ImageObject","inLanguage":"ca","@id":"https:\/\/delvy.es\/#\/schema\/logo\/image\/","url":"https:\/\/delvy.es\/wp-content\/uploads\/2023\/11\/cropped-favicon-5.png","contentUrl":"https:\/\/delvy.es\/wp-content\/uploads\/2023\/11\/cropped-favicon-5.png","width":512,"height":512,"caption":"Delvy"},"image":{"@id":"https:\/\/delvy.es\/#\/schema\/logo\/image\/"},"sameAs":["https:\/\/www.facebook.com\/delvyasesores\/","https:\/\/x.com\/Delvy_Asesores"]}]}},"_links":{"self":[{"href":"https:\/\/delvy.es\/ca\/wp-json\/wp\/v2\/pages\/2587","targetHints":{"allow":["GET"]}}],"collection":[{"href":"https:\/\/delvy.es\/ca\/wp-json\/wp\/v2\/pages"}],"about":[{"href":"https:\/\/delvy.es\/ca\/wp-json\/wp\/v2\/types\/page"}],"author":[{"embeddable":true,"href":"https:\/\/delvy.es\/ca\/wp-json\/wp\/v2\/users\/10533"}],"replies":[{"embeddable":true,"href":"https:\/\/delvy.es\/ca\/wp-json\/wp\/v2\/comments?post=2587"}],"version-history":[{"count":0,"href":"https:\/\/delvy.es\/ca\/wp-json\/wp\/v2\/pages\/2587\/revisions"}],"up":[{"embeddable":true,"href":"https:\/\/delvy.es\/ca\/wp-json\/wp\/v2\/pages\/2523"}],"wp:attachment":[{"href":"https:\/\/delvy.es\/ca\/wp-json\/wp\/v2\/media?parent=2587"}],"curies":[{"name":"wp","href":"https:\/\/api.w.org\/{rel}","templated":true}]}}