{"id":2523,"date":"2012-02-01T15:50:30","date_gmt":"2012-02-01T14:50:30","guid":{"rendered":"https:\/\/delvy.es\/?page_id=2523"},"modified":"2024-05-22T16:43:48","modified_gmt":"2024-05-22T15:43:48","slug":"serveis","status":"publish","type":"page","link":"https:\/\/delvy.es\/ca\/serveis\/","title":{"rendered":"Serveis legals per startups"},"content":{"rendered":"<h1>Serveis legals per a empreses<\/h1>\n<p>&nbsp;<\/p>\n<h2>ASSESSORAMENT A EMPRESES<\/h2>\n<p>La nostra firma acompanya als seus clients des del moment en que els mateixos neixen com a empresa, aconsellant sobre quin tipus de societat crear per desenvolupar adequadament el seu projecte.<\/p>\n<h2>CREACI\u00d3 DE SOCIETATS<\/h2>\n<p>Oferim un servei integral, realitzant tots els tr\u00e0mits necessaris perqu\u00e8 la societat pugui desenvolupar la seva activitat un cop constitu\u00efda. Tamb\u00e9 assessorem sobre el tipus de societat pertinent, en funci\u00f3 de les caracter\u00edstiques de l&#8217;emprenedor.<\/p>\n<h2>ELABORACI\u00d3 DE CONTRACTES<\/h2>\n<p>Tenim una dilatada experi\u00e8ncia oferint serveis de negociaci\u00f3 i redacci\u00f3 de contractes, revisi\u00f3 de cl\u00e0usules proposades per l&#8217;altra part, renovaci\u00f3 o cancel\u00b7laci\u00f3 de contractes mercantils.<\/p>\n<h2>COMER\u00c7 ELECTR\u00d2NIC<\/h2>\n<p>El nostre despatx facilita a les empreses i els professionals el compliment de les normatives que regeixen en l&#8217;\u00e0mbit d&#8217;Internet, mitjan\u00e7ant l&#8217;elaboraci\u00f3 de la informaci\u00f3 legal adaptada a l&#8217;activitat i serveis que duen a terme a trav\u00e9s de les p\u00e0gines webs.<\/p>\n<h2>PROTECCI\u00d3 DE DADES<\/h2>\n<p>Prestem assessorament integral per a l&#8217;adequaci\u00f3 a la Llei Org\u00e0nica 15\/1999, de 13 de desembre, de Protecci\u00f3 de Dades de Car\u00e0cter Personal (LOPD).<\/p>\n<h2>REGISTRE DE MARQUES<\/h2>\n<p>Realitzem tots els tr\u00e0mits necessaris per protegir la seva marca, denominaci\u00f3 o logotip i que pugui gaudir dels beneficis del seu registre.<\/p>\n<h2>COMPTABLE \/ FISCAL<\/h2>\n<p>Assessorament per complir amb totes les obligacions comptables d&#8217;una societat i la presentaci\u00f3 de totes les declaracions fiscals corresponents.<\/p>\n<h2>LABORAL<\/h2>\n<p>Assessorament integral per al compliment de les obligacions laborals; alta d&#8217;empresa i treballador a la Seguretat Social, confecci\u00f3 de n\u00f2mines, elaboraci\u00f3 de contractes de treball, cartes d&#8217;acomiadament, etc.<\/p>\n<h2>TRADUCCIONS JURADES<\/h2>\n<p>Realitzem traduccions jurades d&#8217;escriptures de societats, actes de juntes, contractes, etc.<\/p>\n<p>&nbsp;<\/p>\n<p><a href=\"https:\/\/delvy.es\/ca\/contacte\/\">Contacta amb el nostre equip per a m\u00e9s informaci\u00f3.<\/a><\/p>\n","protected":false},"excerpt":{"rendered":"<p>Serveis legals per a empreses &nbsp; ASSESSORAMENT A EMPRESES La nostra firma acompanya als seus clients des del moment en que els mateixos neixen com a empresa, aconsellant sobre quin tipus de societat crear per desenvolupar adequadament el seu projecte. CREACI\u00d3 DE SOCIETATS Oferim un servei integral, realitzant tots els tr\u00e0mits necessaris perqu\u00e8 la societat [&hellip;]<\/p>\n","protected":false},"author":10553,"featured_media":0,"parent":0,"menu_order":0,"comment_status":"closed","ping_status":"closed","template":"","meta":{"_acf_changed":false,"rop_custom_images_group":[],"rop_custom_messages_group":[],"rop_publish_now":"initial","rop_publish_now_accounts":[],"rop_publish_now_history":[],"rop_publish_now_status":"pending","footnotes":""},"class_list":["post-2523","page","type-page","status-publish","hentry"],"acf":[],"yoast_head":"<!-- This site is optimized with the Yoast SEO Premium plugin v25.3.1 (Yoast SEO v27.3) - https:\/\/yoast.com\/product\/yoast-seo-premium-wordpress\/ -->\n<title>Serveis Startup: ronda d&#039;inversi\u00f3, pacte de socis i m\u00e9s - Delvy<\/title>\n<meta name=\"description\" content=\"Consulta els serveis per a Startups com: assessorament en ronda d&#039;inversi\u00f3, dret laboral o fiscal, pactes de socis i m\u00e9s. Descobreix els serveis!\" \/>\n<meta name=\"robots\" content=\"index, follow, max-snippet:-1, max-image-preview:large, max-video-preview:-1\" \/>\n<link rel=\"canonical\" href=\"https:\/\/delvy.es\/servicios-delvy\/\" \/>\n<meta property=\"og:locale\" content=\"ca_ES\" \/>\n<meta property=\"og:type\" content=\"article\" \/>\n<meta property=\"og:title\" content=\"Serveis legals per startups\" \/>\n<meta property=\"og:description\" content=\"Consulta els serveis per a Startups com: assessorament en ronda d&#039;inversi\u00f3, dret laboral o fiscal, pactes de socis i m\u00e9s. Descobreix els serveis!\" \/>\n<meta property=\"og:url\" content=\"https:\/\/delvy.es\/servicios-delvy\/\" \/>\n<meta property=\"og:site_name\" content=\"Delvy\" \/>\n<meta property=\"article:publisher\" content=\"https:\/\/www.facebook.com\/delvyasesores\/\" \/>\n<meta property=\"article:modified_time\" content=\"2024-05-22T15:43:48+00:00\" \/>\n<meta name=\"twitter:card\" content=\"summary_large_image\" \/>\n<meta name=\"twitter:site\" content=\"@Delvy_Asesores\" \/>\n<meta name=\"twitter:label1\" content=\"Temps estimat de lectura\" \/>\n\t<meta name=\"twitter:data1\" content=\"1 minut\" \/>\n<script type=\"application\/ld+json\" class=\"yoast-schema-graph\">{\"@context\":\"https:\\\/\\\/schema.org\",\"@graph\":[{\"@type\":\"WebPage\",\"@id\":\"https:\\\/\\\/delvy.es\\\/servicios-delvy\\\/\",\"url\":\"https:\\\/\\\/delvy.es\\\/servicios-delvy\\\/\",\"name\":\"Serveis Startup: ronda d'inversi\u00f3, pacte de socis i m\u00e9s - Delvy\",\"isPartOf\":{\"@id\":\"https:\\\/\\\/delvy.es\\\/#website\"},\"datePublished\":\"2012-02-01T14:50:30+00:00\",\"dateModified\":\"2024-05-22T15:43:48+00:00\",\"description\":\"Consulta els serveis per a Startups com: assessorament en ronda d'inversi\u00f3, dret laboral o fiscal, pactes de socis i m\u00e9s. Descobreix els serveis!\",\"breadcrumb\":{\"@id\":\"https:\\\/\\\/delvy.es\\\/servicios-delvy\\\/#breadcrumb\"},\"inLanguage\":\"ca\",\"potentialAction\":[{\"@type\":\"ReadAction\",\"target\":[\"https:\\\/\\\/delvy.es\\\/servicios-delvy\\\/\"]}]},{\"@type\":\"BreadcrumbList\",\"@id\":\"https:\\\/\\\/delvy.es\\\/servicios-delvy\\\/#breadcrumb\",\"itemListElement\":[{\"@type\":\"ListItem\",\"position\":1,\"name\":\"Portada\",\"item\":\"https:\\\/\\\/delvy.es\\\/ca\\\/\"},{\"@type\":\"ListItem\",\"position\":2,\"name\":\"Serveis legals per startups\"}]},{\"@type\":\"WebSite\",\"@id\":\"https:\\\/\\\/delvy.es\\\/#website\",\"url\":\"https:\\\/\\\/delvy.es\\\/\",\"name\":\"Delvy\",\"description\":\"Asesores Legales Delvy\",\"publisher\":{\"@id\":\"https:\\\/\\\/delvy.es\\\/#organization\"},\"potentialAction\":[{\"@type\":\"SearchAction\",\"target\":{\"@type\":\"EntryPoint\",\"urlTemplate\":\"https:\\\/\\\/delvy.es\\\/?s={search_term_string}\"},\"query-input\":{\"@type\":\"PropertyValueSpecification\",\"valueRequired\":true,\"valueName\":\"search_term_string\"}}],\"inLanguage\":\"ca\"},{\"@type\":\"Organization\",\"@id\":\"https:\\\/\\\/delvy.es\\\/#organization\",\"name\":\"Delvy\",\"url\":\"https:\\\/\\\/delvy.es\\\/\",\"logo\":{\"@type\":\"ImageObject\",\"inLanguage\":\"ca\",\"@id\":\"https:\\\/\\\/delvy.es\\\/#\\\/schema\\\/logo\\\/image\\\/\",\"url\":\"https:\\\/\\\/delvy.es\\\/wp-content\\\/uploads\\\/2023\\\/11\\\/cropped-favicon-5.png\",\"contentUrl\":\"https:\\\/\\\/delvy.es\\\/wp-content\\\/uploads\\\/2023\\\/11\\\/cropped-favicon-5.png\",\"width\":512,\"height\":512,\"caption\":\"Delvy\"},\"image\":{\"@id\":\"https:\\\/\\\/delvy.es\\\/#\\\/schema\\\/logo\\\/image\\\/\"},\"sameAs\":[\"https:\\\/\\\/www.facebook.com\\\/delvyasesores\\\/\",\"https:\\\/\\\/x.com\\\/Delvy_Asesores\"]}]}<\/script>\n<!-- \/ Yoast SEO Premium plugin. -->","yoast_head_json":{"title":"Serveis Startup: ronda d'inversi\u00f3, pacte de socis i m\u00e9s - Delvy","description":"Consulta els serveis per a Startups com: assessorament en ronda d'inversi\u00f3, dret laboral o fiscal, pactes de socis i m\u00e9s. Descobreix els serveis!","robots":{"index":"index","follow":"follow","max-snippet":"max-snippet:-1","max-image-preview":"max-image-preview:large","max-video-preview":"max-video-preview:-1"},"canonical":"https:\/\/delvy.es\/servicios-delvy\/","og_locale":"ca_ES","og_type":"article","og_title":"Serveis legals per startups","og_description":"Consulta els serveis per a Startups com: assessorament en ronda d'inversi\u00f3, dret laboral o fiscal, pactes de socis i m\u00e9s. Descobreix els serveis!","og_url":"https:\/\/delvy.es\/servicios-delvy\/","og_site_name":"Delvy","article_publisher":"https:\/\/www.facebook.com\/delvyasesores\/","article_modified_time":"2024-05-22T15:43:48+00:00","twitter_card":"summary_large_image","twitter_site":"@Delvy_Asesores","twitter_misc":{"Temps estimat de lectura":"1 minut"},"schema":{"@context":"https:\/\/schema.org","@graph":[{"@type":"WebPage","@id":"https:\/\/delvy.es\/servicios-delvy\/","url":"https:\/\/delvy.es\/servicios-delvy\/","name":"Serveis Startup: ronda d'inversi\u00f3, pacte de socis i m\u00e9s - Delvy","isPartOf":{"@id":"https:\/\/delvy.es\/#website"},"datePublished":"2012-02-01T14:50:30+00:00","dateModified":"2024-05-22T15:43:48+00:00","description":"Consulta els serveis per a Startups com: assessorament en ronda d'inversi\u00f3, dret laboral o fiscal, pactes de socis i m\u00e9s. Descobreix els serveis!","breadcrumb":{"@id":"https:\/\/delvy.es\/servicios-delvy\/#breadcrumb"},"inLanguage":"ca","potentialAction":[{"@type":"ReadAction","target":["https:\/\/delvy.es\/servicios-delvy\/"]}]},{"@type":"BreadcrumbList","@id":"https:\/\/delvy.es\/servicios-delvy\/#breadcrumb","itemListElement":[{"@type":"ListItem","position":1,"name":"Portada","item":"https:\/\/delvy.es\/ca\/"},{"@type":"ListItem","position":2,"name":"Serveis legals per startups"}]},{"@type":"WebSite","@id":"https:\/\/delvy.es\/#website","url":"https:\/\/delvy.es\/","name":"Delvy","description":"Asesores Legales Delvy","publisher":{"@id":"https:\/\/delvy.es\/#organization"},"potentialAction":[{"@type":"SearchAction","target":{"@type":"EntryPoint","urlTemplate":"https:\/\/delvy.es\/?s={search_term_string}"},"query-input":{"@type":"PropertyValueSpecification","valueRequired":true,"valueName":"search_term_string"}}],"inLanguage":"ca"},{"@type":"Organization","@id":"https:\/\/delvy.es\/#organization","name":"Delvy","url":"https:\/\/delvy.es\/","logo":{"@type":"ImageObject","inLanguage":"ca","@id":"https:\/\/delvy.es\/#\/schema\/logo\/image\/","url":"https:\/\/delvy.es\/wp-content\/uploads\/2023\/11\/cropped-favicon-5.png","contentUrl":"https:\/\/delvy.es\/wp-content\/uploads\/2023\/11\/cropped-favicon-5.png","width":512,"height":512,"caption":"Delvy"},"image":{"@id":"https:\/\/delvy.es\/#\/schema\/logo\/image\/"},"sameAs":["https:\/\/www.facebook.com\/delvyasesores\/","https:\/\/x.com\/Delvy_Asesores"]}]}},"_links":{"self":[{"href":"https:\/\/delvy.es\/ca\/wp-json\/wp\/v2\/pages\/2523","targetHints":{"allow":["GET"]}}],"collection":[{"href":"https:\/\/delvy.es\/ca\/wp-json\/wp\/v2\/pages"}],"about":[{"href":"https:\/\/delvy.es\/ca\/wp-json\/wp\/v2\/types\/page"}],"author":[{"embeddable":true,"href":"https:\/\/delvy.es\/ca\/wp-json\/wp\/v2\/users\/10553"}],"replies":[{"embeddable":true,"href":"https:\/\/delvy.es\/ca\/wp-json\/wp\/v2\/comments?post=2523"}],"version-history":[{"count":0,"href":"https:\/\/delvy.es\/ca\/wp-json\/wp\/v2\/pages\/2523\/revisions"}],"wp:attachment":[{"href":"https:\/\/delvy.es\/ca\/wp-json\/wp\/v2\/media?parent=2523"}],"curies":[{"name":"wp","href":"https:\/\/api.w.org\/{rel}","templated":true}]}}