{"id":23673,"date":"2022-03-31T12:52:39","date_gmt":"2022-03-31T11:52:39","guid":{"rendered":"https:\/\/delvy.es\/?page_id=23673"},"modified":"2022-12-21T13:01:40","modified_gmt":"2022-12-21T12:01:40","slug":"estrangeria","status":"publish","type":"page","link":"https:\/\/delvy.es\/ca\/estrangeria\/","title":{"rendered":"ESTRANGERIA"},"content":{"rendered":"<h2>ESTRANGERIA<\/h2>\n<p>Espanya i Catalunya atrauen a molts inversors estrangers, empresaris i professionals que volen implementar i promoure el seu negoci al nostre pa\u00eds.<\/p>\n<p>A Delvy comptem amb una amplia experi\u00e8ncia en el processament dels diferents procediments (regulats a la Llei de Estrangeria) en els que, mitjan\u00e7ant les autoritats competents es poden obtenir permisos de resid\u00e8ncia i\/o de treball a Espanya.<\/p>\n<h2>SERVEIS D\u2019ESTRANGERIA PER A INVERSORS, EMPRESARIS I PROFESSIONALS<\/h2>\n<ul>\n<li>Preparaci\u00f3 de Projectes Empresarials per a sol\u00b7licituds de permisos de treball per compte propi i per a emprenedors.<\/li>\n<li>Visats i autoritzacions de resid\u00e8ncia per a emprenedors.<\/li>\n<li>Visats i autoritzacions de resid\u00e8ncia per a inversors.<\/li>\n<li>Visats i autoritzacions de resid\u00e8ncia per a treballadors altament qualificats.<\/li>\n<li>Autoritzacions intraempresarials.<\/li>\n<li>Autoritzacions per compte propi.<\/li>\n<li>Autoritzacions per compte aliena.<\/li>\n<li>Autoritzacions no lucratives.<\/li>\n<li>Autoritzacions de est\u00e0ncia per estudis, recerca de feina i per a pr\u00e0ctiques.<\/li>\n<li>Modificaci\u00f3 d\u2019autoritzacions.<\/li>\n<li>Certificat de resid\u00e8ncia per a ciutadans de la UE.<\/li>\n<li>Targetes de familiar de ciutad\u00e0 de la UE.<\/li>\n<li>Reagrupaci\u00f3 familiar.<\/li>\n<li>Expedients de nacionalitat espanyola.<\/li>\n<li>Recursos enfront denegacions de resolucions de Estrangeria.<\/li>\n<\/ul>\n<h3>contacta amb nosaltres<\/h3>\n","protected":false},"excerpt":{"rendered":"<p>ESTRANGERIA Espanya i Catalunya atrauen a molts inversors estrangers, empresaris i professionals que volen implementar i promoure el seu negoci al nostre pa\u00eds. A Delvy comptem amb una amplia experi\u00e8ncia en el processament dels diferents procediments (regulats a la Llei de Estrangeria) en els que, mitjan\u00e7ant les autoritats competents es poden obtenir permisos de resid\u00e8ncia [&hellip;]<\/p>\n","protected":false},"author":10553,"featured_media":0,"parent":0,"menu_order":0,"comment_status":"closed","ping_status":"closed","template":"","meta":{"_acf_changed":false,"rop_custom_images_group":[],"rop_custom_messages_group":[],"rop_publish_now":"initial","rop_publish_now_accounts":[],"rop_publish_now_history":[],"rop_publish_now_status":"pending","footnotes":""},"class_list":["post-23673","page","type-page","status-publish","hentry"],"acf":[],"yoast_head":"<!-- This site is optimized with the Yoast SEO Premium plugin v25.3.1 (Yoast SEO v27.3) - https:\/\/yoast.com\/product\/yoast-seo-premium-wordpress\/ -->\n<title>Estrangeria per a inversors, empresaris professionals - Delvy<\/title>\n<meta name=\"description\" content=\"Els nostres serveis d&#039;estrangeria te una gran experi\u00e8ncia en els procedimients regulats a la Llei de Estranjegeria front les autoritats competents\" \/>\n<meta name=\"robots\" content=\"index, follow, max-snippet:-1, max-image-preview:large, max-video-preview:-1\" \/>\n<link rel=\"canonical\" href=\"https:\/\/delvy.es\/ca\/estrangeria\/\" \/>\n<meta property=\"og:locale\" content=\"ca_ES\" \/>\n<meta property=\"og:type\" content=\"article\" \/>\n<meta property=\"og:title\" content=\"ESTRANGERIA\" \/>\n<meta property=\"og:description\" content=\"Els nostres serveis d&#039;estrangeria te una gran experi\u00e8ncia en els procedimients regulats a la Llei de Estranjegeria front les autoritats competents\" \/>\n<meta property=\"og:url\" content=\"https:\/\/delvy.es\/ca\/estrangeria\/\" \/>\n<meta property=\"og:site_name\" content=\"Delvy\" \/>\n<meta property=\"article:publisher\" content=\"https:\/\/www.facebook.com\/delvyasesores\/\" \/>\n<meta property=\"article:modified_time\" content=\"2022-12-21T12:01:40+00:00\" \/>\n<meta name=\"twitter:card\" content=\"summary_large_image\" \/>\n<meta name=\"twitter:site\" content=\"@Delvy_Asesores\" \/>\n<meta name=\"twitter:label1\" content=\"Temps estimat de lectura\" \/>\n\t<meta name=\"twitter:data1\" content=\"1 minut\" \/>\n<script type=\"application\/ld+json\" class=\"yoast-schema-graph\">{\"@context\":\"https:\\\/\\\/schema.org\",\"@graph\":[{\"@type\":\"WebPage\",\"@id\":\"https:\\\/\\\/delvy.es\\\/ca\\\/estrangeria\\\/\",\"url\":\"https:\\\/\\\/delvy.es\\\/ca\\\/estrangeria\\\/\",\"name\":\"Estrangeria per a inversors, empresaris professionals - Delvy\",\"isPartOf\":{\"@id\":\"https:\\\/\\\/delvy.es\\\/#website\"},\"datePublished\":\"2022-03-31T11:52:39+00:00\",\"dateModified\":\"2022-12-21T12:01:40+00:00\",\"description\":\"Els nostres serveis d'estrangeria te una gran experi\u00e8ncia en els procedimients regulats a la Llei de Estranjegeria front les autoritats competents\",\"breadcrumb\":{\"@id\":\"https:\\\/\\\/delvy.es\\\/ca\\\/estrangeria\\\/#breadcrumb\"},\"inLanguage\":\"ca\",\"potentialAction\":[{\"@type\":\"ReadAction\",\"target\":[\"https:\\\/\\\/delvy.es\\\/ca\\\/estrangeria\\\/\"]}]},{\"@type\":\"BreadcrumbList\",\"@id\":\"https:\\\/\\\/delvy.es\\\/ca\\\/estrangeria\\\/#breadcrumb\",\"itemListElement\":[{\"@type\":\"ListItem\",\"position\":1,\"name\":\"Portada\",\"item\":\"https:\\\/\\\/delvy.es\\\/ca\\\/\"},{\"@type\":\"ListItem\",\"position\":2,\"name\":\"ESTRANGERIA\"}]},{\"@type\":\"WebSite\",\"@id\":\"https:\\\/\\\/delvy.es\\\/#website\",\"url\":\"https:\\\/\\\/delvy.es\\\/\",\"name\":\"Delvy\",\"description\":\"Asesores Legales Delvy\",\"publisher\":{\"@id\":\"https:\\\/\\\/delvy.es\\\/#organization\"},\"potentialAction\":[{\"@type\":\"SearchAction\",\"target\":{\"@type\":\"EntryPoint\",\"urlTemplate\":\"https:\\\/\\\/delvy.es\\\/?s={search_term_string}\"},\"query-input\":{\"@type\":\"PropertyValueSpecification\",\"valueRequired\":true,\"valueName\":\"search_term_string\"}}],\"inLanguage\":\"ca\"},{\"@type\":\"Organization\",\"@id\":\"https:\\\/\\\/delvy.es\\\/#organization\",\"name\":\"Delvy\",\"url\":\"https:\\\/\\\/delvy.es\\\/\",\"logo\":{\"@type\":\"ImageObject\",\"inLanguage\":\"ca\",\"@id\":\"https:\\\/\\\/delvy.es\\\/#\\\/schema\\\/logo\\\/image\\\/\",\"url\":\"https:\\\/\\\/delvy.es\\\/wp-content\\\/uploads\\\/2023\\\/11\\\/cropped-favicon-5.png\",\"contentUrl\":\"https:\\\/\\\/delvy.es\\\/wp-content\\\/uploads\\\/2023\\\/11\\\/cropped-favicon-5.png\",\"width\":512,\"height\":512,\"caption\":\"Delvy\"},\"image\":{\"@id\":\"https:\\\/\\\/delvy.es\\\/#\\\/schema\\\/logo\\\/image\\\/\"},\"sameAs\":[\"https:\\\/\\\/www.facebook.com\\\/delvyasesores\\\/\",\"https:\\\/\\\/x.com\\\/Delvy_Asesores\"]}]}<\/script>\n<!-- \/ Yoast SEO Premium plugin. -->","yoast_head_json":{"title":"Estrangeria per a inversors, empresaris professionals - Delvy","description":"Els nostres serveis d'estrangeria te una gran experi\u00e8ncia en els procedimients regulats a la Llei de Estranjegeria front les autoritats competents","robots":{"index":"index","follow":"follow","max-snippet":"max-snippet:-1","max-image-preview":"max-image-preview:large","max-video-preview":"max-video-preview:-1"},"canonical":"https:\/\/delvy.es\/ca\/estrangeria\/","og_locale":"ca_ES","og_type":"article","og_title":"ESTRANGERIA","og_description":"Els nostres serveis d'estrangeria te una gran experi\u00e8ncia en els procedimients regulats a la Llei de Estranjegeria front les autoritats competents","og_url":"https:\/\/delvy.es\/ca\/estrangeria\/","og_site_name":"Delvy","article_publisher":"https:\/\/www.facebook.com\/delvyasesores\/","article_modified_time":"2022-12-21T12:01:40+00:00","twitter_card":"summary_large_image","twitter_site":"@Delvy_Asesores","twitter_misc":{"Temps estimat de lectura":"1 minut"},"schema":{"@context":"https:\/\/schema.org","@graph":[{"@type":"WebPage","@id":"https:\/\/delvy.es\/ca\/estrangeria\/","url":"https:\/\/delvy.es\/ca\/estrangeria\/","name":"Estrangeria per a inversors, empresaris professionals - Delvy","isPartOf":{"@id":"https:\/\/delvy.es\/#website"},"datePublished":"2022-03-31T11:52:39+00:00","dateModified":"2022-12-21T12:01:40+00:00","description":"Els nostres serveis d'estrangeria te una gran experi\u00e8ncia en els procedimients regulats a la Llei de Estranjegeria front les autoritats competents","breadcrumb":{"@id":"https:\/\/delvy.es\/ca\/estrangeria\/#breadcrumb"},"inLanguage":"ca","potentialAction":[{"@type":"ReadAction","target":["https:\/\/delvy.es\/ca\/estrangeria\/"]}]},{"@type":"BreadcrumbList","@id":"https:\/\/delvy.es\/ca\/estrangeria\/#breadcrumb","itemListElement":[{"@type":"ListItem","position":1,"name":"Portada","item":"https:\/\/delvy.es\/ca\/"},{"@type":"ListItem","position":2,"name":"ESTRANGERIA"}]},{"@type":"WebSite","@id":"https:\/\/delvy.es\/#website","url":"https:\/\/delvy.es\/","name":"Delvy","description":"Asesores Legales Delvy","publisher":{"@id":"https:\/\/delvy.es\/#organization"},"potentialAction":[{"@type":"SearchAction","target":{"@type":"EntryPoint","urlTemplate":"https:\/\/delvy.es\/?s={search_term_string}"},"query-input":{"@type":"PropertyValueSpecification","valueRequired":true,"valueName":"search_term_string"}}],"inLanguage":"ca"},{"@type":"Organization","@id":"https:\/\/delvy.es\/#organization","name":"Delvy","url":"https:\/\/delvy.es\/","logo":{"@type":"ImageObject","inLanguage":"ca","@id":"https:\/\/delvy.es\/#\/schema\/logo\/image\/","url":"https:\/\/delvy.es\/wp-content\/uploads\/2023\/11\/cropped-favicon-5.png","contentUrl":"https:\/\/delvy.es\/wp-content\/uploads\/2023\/11\/cropped-favicon-5.png","width":512,"height":512,"caption":"Delvy"},"image":{"@id":"https:\/\/delvy.es\/#\/schema\/logo\/image\/"},"sameAs":["https:\/\/www.facebook.com\/delvyasesores\/","https:\/\/x.com\/Delvy_Asesores"]}]}},"_links":{"self":[{"href":"https:\/\/delvy.es\/ca\/wp-json\/wp\/v2\/pages\/23673","targetHints":{"allow":["GET"]}}],"collection":[{"href":"https:\/\/delvy.es\/ca\/wp-json\/wp\/v2\/pages"}],"about":[{"href":"https:\/\/delvy.es\/ca\/wp-json\/wp\/v2\/types\/page"}],"author":[{"embeddable":true,"href":"https:\/\/delvy.es\/ca\/wp-json\/wp\/v2\/users\/10553"}],"replies":[{"embeddable":true,"href":"https:\/\/delvy.es\/ca\/wp-json\/wp\/v2\/comments?post=23673"}],"version-history":[{"count":0,"href":"https:\/\/delvy.es\/ca\/wp-json\/wp\/v2\/pages\/23673\/revisions"}],"wp:attachment":[{"href":"https:\/\/delvy.es\/ca\/wp-json\/wp\/v2\/media?parent=23673"}],"curies":[{"name":"wp","href":"https:\/\/api.w.org\/{rel}","templated":true}]}}