{"id":2145,"date":"2013-11-05T17:06:45","date_gmt":"2013-11-05T16:06:45","guid":{"rendered":"https:\/\/delvy.es\/?page_id=2145"},"modified":"2022-05-17T13:40:30","modified_gmt":"2022-05-17T12:40:30","slug":"politica-de-cookies","status":"publish","type":"page","link":"https:\/\/delvy.es\/ca\/politica-de-cookies\/","title":{"rendered":"Pol\u00edtica de cookies"},"content":{"rendered":"\t\t<div data-elementor-type=\"wp-page\" data-elementor-id=\"2145\" class=\"elementor elementor-2145 elementor-1331\" data-elementor-settings=\"{&quot;element_pack_global_tooltip_width&quot;:{&quot;unit&quot;:&quot;px&quot;,&quot;size&quot;:&quot;&quot;,&quot;sizes&quot;:[]},&quot;element_pack_global_tooltip_width_tablet&quot;:{&quot;unit&quot;:&quot;px&quot;,&quot;size&quot;:&quot;&quot;,&quot;sizes&quot;:[]},&quot;element_pack_global_tooltip_width_mobile&quot;:{&quot;unit&quot;:&quot;px&quot;,&quot;size&quot;:&quot;&quot;,&quot;sizes&quot;:[]},&quot;element_pack_global_tooltip_padding&quot;:{&quot;unit&quot;:&quot;px&quot;,&quot;top&quot;:&quot;&quot;,&quot;right&quot;:&quot;&quot;,&quot;bottom&quot;:&quot;&quot;,&quot;left&quot;:&quot;&quot;,&quot;isLinked&quot;:true},&quot;element_pack_global_tooltip_padding_tablet&quot;:{&quot;unit&quot;:&quot;px&quot;,&quot;top&quot;:&quot;&quot;,&quot;right&quot;:&quot;&quot;,&quot;bottom&quot;:&quot;&quot;,&quot;left&quot;:&quot;&quot;,&quot;isLinked&quot;:true},&quot;element_pack_global_tooltip_padding_mobile&quot;:{&quot;unit&quot;:&quot;px&quot;,&quot;top&quot;:&quot;&quot;,&quot;right&quot;:&quot;&quot;,&quot;bottom&quot;:&quot;&quot;,&quot;left&quot;:&quot;&quot;,&quot;isLinked&quot;:true},&quot;element_pack_global_tooltip_border_radius&quot;:{&quot;unit&quot;:&quot;px&quot;,&quot;top&quot;:&quot;&quot;,&quot;right&quot;:&quot;&quot;,&quot;bottom&quot;:&quot;&quot;,&quot;left&quot;:&quot;&quot;,&quot;isLinked&quot;:true},&quot;element_pack_global_tooltip_border_radius_tablet&quot;:{&quot;unit&quot;:&quot;px&quot;,&quot;top&quot;:&quot;&quot;,&quot;right&quot;:&quot;&quot;,&quot;bottom&quot;:&quot;&quot;,&quot;left&quot;:&quot;&quot;,&quot;isLinked&quot;:true},&quot;element_pack_global_tooltip_border_radius_mobile&quot;:{&quot;unit&quot;:&quot;px&quot;,&quot;top&quot;:&quot;&quot;,&quot;right&quot;:&quot;&quot;,&quot;bottom&quot;:&quot;&quot;,&quot;left&quot;:&quot;&quot;,&quot;isLinked&quot;:true}}\" data-elementor-post-type=\"page\">\n\t\t\t\t\t\t<section class=\"elementor-section elementor-top-section elementor-element elementor-element-2eb2f175 elementor-section-boxed elementor-section-height-default elementor-section-height-default\" data-id=\"2eb2f175\" data-element_type=\"section\" data-e-type=\"section\">\n\t\t\t\t\t\t<div class=\"elementor-container elementor-column-gap-default\">\n\t\t\t\t\t<div class=\"elementor-column elementor-col-100 elementor-top-column elementor-element elementor-element-1aaa1bbb\" data-id=\"1aaa1bbb\" data-element_type=\"column\" data-e-type=\"column\">\n\t\t\t<div class=\"elementor-widget-wrap elementor-element-populated\">\n\t\t\t\t\t\t<div class=\"elementor-element elementor-element-799150db elementor-widget elementor-widget-text-editor\" data-id=\"799150db\" data-element_type=\"widget\" data-e-type=\"widget\" data-widget_type=\"text-editor.default\">\n\t\t\t\t<div class=\"elementor-widget-container\">\n\t\t\t\t\t\t\t\t\t<p class=\"p4\"><span class=\"s1\"><b>POL\u00cdTICA DE COOKIES<\/b><\/span><\/p>\n<p class=\"p5\"><span class=\"s1\">Esta Web utiliza cookies propias y de terceros, tanto durante la sesi\u00f3n de navegaci\u00f3n como de forma permanente, para poder funcionar correctamente, obtener informaci\u00f3n sobre el tr\u00e1fico o recordar las acciones y preferencias de los usuarios para momentos posteriores<b>.<\/b><\/span><\/p>\n<p class=\"p7\"><span class=\"s1\"><b>\u00bfQu\u00e9 son las cookies? <\/b><\/span><\/p>\n<p class=\"p5\"><span class=\"s1\">Una cookie es un fichero que se descarga en su ordenador o terminal al acceder a nuestra p\u00e1gina web. Las cookies nos permiten, entre otras cosas, almacenar y recuperar informaci\u00f3n sobre los h\u00e1bitos de navegaci\u00f3n de un usuario o de su equipo y, dependiendo de la informaci\u00f3n que contengan y de la forma en que utilice su equipo, pueden utilizarse para reconocer al usuario.<\/span><\/p>\n<p class=\"p5\"><span class=\"s1\">Las cookies utilizadas por\u00a0Delvy o el tercero que act\u00fae en su nombre, se asocian \u00fanicamente con un usuario an\u00f3nimo y su ordenador, y no almacenamos informaci\u00f3n sensible de identificaci\u00f3n personal en las cookies que utilizamos.<\/span><\/p>\n<p class=\"p7\"><span class=\"s1\"><b>Finalidad <\/b><\/span><\/p>\n<p class=\"p5\"><span class=\"s1\">\u00a0<\/span><span class=\"s1\">Gracias a las cookies, resulta posible que el servidor de Delvy, o del tercero que act\u00fae en su nombre, reconozca el navegador del ordenador utilizado por el usuario con la finalidad de que la navegaci\u00f3n sea m\u00e1s sencilla. Se utilizan tambi\u00e9n para medir la audiencia y par\u00e1metros del tr\u00e1fico, controlar el progreso y el n\u00famero de entradas.<\/span><\/p>\n<p class=\"p5\"><span class=\"s1\">De igual manera, los servidores Web de\u00a0Delvy podr\u00e1n detectar de manera autom\u00e1tica la direcci\u00f3n IP y el nombre de dominio utilizados por el usuario. Toda esta informaci\u00f3n es registrada en un fichero de actividad del servidor que permite el posterior procesamiento de los datos con el fin de obtener mediciones estad\u00edsticas que permitan conocer el n\u00famero de impresiones de p\u00e1ginas, el n\u00famero de visitas realizadas a los servicios Web, etc. En todo caso, dicho fichero es sometido a procesos de disociaci\u00f3n que impide la identificaci\u00f3n de la m\u00e1quina de los usuarios.<\/span><\/p>\n<p class=\"p7\"><span class=\"s1\"><b>Clases de cookies<\/b><\/span><\/p>\n<p class=\"p5\"><span class=\"s1\">Nuestra p\u00e1gina web utiliza cookies propias y de terceros, con diferentes finalidades, concretamente:<\/span><\/p>\n\n<ul class=\"ul1\">\n \t<li class=\"li5\"><span class=\"s1\">Cookies propias: Son aquellas que enviamos a su ordenador o terminal desde nuestra web. <\/span><\/li>\n<\/ul>\n<ul class=\"ul1\">\n \t<li class=\"li5\"><span class=\"s1\">Cookies de terceros: Son aquellas que se env\u00edan a su ordenador o terminal desde un dominio o una p\u00e1gina Web que no es gestionada por nosotros, sino por otra entidad que trata los datos obtenidos a trav\u00e9s de las cookies. <\/span><\/li>\n<\/ul>\n<ul class=\"ul1\">\n \t<li class=\"li5\"><span class=\"s1\">Cookies de sesi\u00f3n: Son un tipo de cookies dise\u00f1adas para recabar y almacenar datos mientras accedes a nuestra web.<\/span><\/li>\n<\/ul>\n<ul class=\"ul1\">\n \t<li class=\"li5\"><span class=\"s1\">Cookies persistentes: Son un tipo de cookies en el que los datos siguen almacenados en el terminal y pueden ser accedidos y tratados durante un periodo determinado de tiempo, que puede ir de unos minutos a varios a\u00f1os.<\/span><\/li>\n<\/ul>\n<ul class=\"ul1\">\n \t<li class=\"li5\"><span class=\"s1\">Cookies de an\u00e1lisis: Son aquellas que bien tratadas por nosotros o por terceros, nos permiten cuantificar el n\u00famero de usuarios y realizar la medici\u00f3n y an\u00e1lisis estad\u00edstico de la utilizaci\u00f3n que hacen los usuarios de nuestra Web. Para ello analizamos la navegaci\u00f3n en nuestra web con el fin de mejorar la oferta de servicios que ofrecemos.<\/span><\/li>\n<\/ul>\n<ul class=\"ul1\">\n \t<li class=\"li5\"><span class=\"s1\">Utilizamos Google Analytics con la finalidad de\u00a0recopilar informaci\u00f3n de forma an\u00f3nima y elaborar informes de tendencias de sitios Web sin identificar a usuarios individuales. De este modo, nuestra aplicaci\u00f3n recuerda informaci\u00f3n que cambia el aspecto o el comportamiento del sitio. El proveedor de esta cookie es Google.<\/span><\/li>\n<\/ul>\n<ul class=\"ul1\">\n \t<li class=\"li5\"><span class=\"s1\">Utilizamos Google AdWords con la finalidad de\u00a0recopilar informaci\u00f3n de forma an\u00f3nima y elaborar informes de las visitas que llegan a trav\u00e9s de publicidad facilitada por Google AdWords sin identificar a usuarios individuales. De este modo, nuestra aplicaci\u00f3n env\u00eda informaci\u00f3n a Google para elaborar informes de las campa\u00f1as de marketing lanzadas. El proveedor de esta cookie es Google.<\/span><\/li>\n<\/ul>\n<ul class=\"ul1\">\n \t<li class=\"li5\"><span class=\"s1\">Utilizamos Google con la finalidad de\u00a0recopilar informaci\u00f3n de forma an\u00f3nima y elaborar informes de las visitas que llegan a trav\u00e9s de publicidad gestionada por\u00a0Google\u00a0sin\u00a0identificar a usuarios individuales. De este modo, nuestra Web env\u00eda informaci\u00f3n a\u00a0Google\u00a0para elaborar informes de las campa\u00f1as de marketing lanzadas.\u00a0El proveedor de esta cookie es\u00a0Google.<\/span><\/li>\n<\/ul>\n<ul class=\"ul1\">\n \t<li class=\"li5\"><span class=\"s1\">Cookies de Redes Sociales Externas:<\/span><\/li>\n<\/ul>\n<ul class=\"ul1\">\n \t<li style=\"list-style-type: none;\">\n<ul class=\"ul1\">\n \t<li class=\"li5\"><span class=\"s1\">Facebook proporciona botones y otras funcionalidades para que puedas compartir enlaces a nuestra web en tu perfil. La informaci\u00f3n enviada fuera de la UE a Facebook, relativa a las p\u00e1ginas que has visitado o sobre las cosas que te interesan, es utilizada por Facebook conforme a sus pol\u00edticas de privacidad, que puedes consultar en el siguiente enlace: <a href=\"https:\/\/www.facebook.com\/policies\/cookies\/\"><span class=\"s4\">https:\/\/www.facebook.com\/policies\/cookies\/<\/span><\/a> <\/span><\/li>\n \t<li class=\"li5\"><span class=\"s1\">Twitter proporciona botones y otras funcionalidades para que puedas compartir enlaces a nuestra web. La informaci\u00f3n enviada fuera de la UE a Twitter es utilizada por Twitter conforme a sus pol\u00edticas de privacidad, que puedes consultar en el siguiente enlace: <a href=\"https:\/\/twitter.com\/privacy?lang=es\"><span class=\"s4\">https:\/\/twitter.com\/privacy?lang=es<\/span><\/a> <\/span><\/li>\n \t<li class=\"li5\"><span class=\"s1\">LinkedIn proporciona botones y otras funcionalidades para que puedas compartir enlaces a nuestra web en tu perfil. La informaci\u00f3n enviada fuera de la UE a LinkedIn, relativa a las p\u00e1ginas que has visitado o sobre las cosas que te interesan, es utilizada por LinkedIn conforme a sus pol\u00edticas de privacidad, que puedes consultar en el siguiente enlace: <a href=\"https:\/\/www.linkedin.com\/legal\/cookie-policy?trk=hb_ft_cookie\"><span class=\"s4\">https:\/\/www.linkedin.com\/legal\/cookie-policy?trk=hb_ft_cookie<\/span><\/a> <\/span><\/li>\n<\/ul>\n<\/li>\n<\/ul>\n<p class=\"p7\"><span class=\"s1\"><b>Consentimiento<\/b><\/span><\/p>\n<p class=\"p5\"><span class=\"s1\">Le informamos que podemos utilizar cookies en su equipo siempre que usted haya dado previamente su consentimiento, salvo en los supuestos en los que las cookies sean necesarias para la navegaci\u00f3n por la aplicaci\u00f3n.<\/span><\/p>\n<p class=\"p5\"><span class=\"s1\">A tal efecto, le indicamos que la utilizaci\u00f3n de las diferentes cookies por nuestra web nos permite distinguirle de otros usuarios, proporcionarle una mejor experiencia en el uso e identificar problemas para mejorar nuestra web. En el caso de que usted preste su consentimiento, utilizaremos cookies que nos permitir\u00e1n tener m\u00e1s informaci\u00f3n acerca de sus preferencias.<\/span><\/p>\n<p class=\"p5\"><span class=\"s1\">Asimismo, le informamos de que las cookies que no son necesarias para el uso de nuestra web, puede bloquearlas o deshabilitarlas a trav\u00e9s de la configuraci\u00f3n de su navegador. Si las bloquea o deshabilita podr\u00e1 seguir usando nuestra web, aunque el uso de algunos de sus servicios podr\u00e1 ser limitado y por tanto su experiencia en nuestra web menos satisfactoria.<\/span><\/p>\n<p class=\"p5\"><span class=\"s1\">\nSi desea revocar su consentimiento respecto a nuestra pol\u00edtica de cookies, deber\u00e1 eliminarlas en su dispositivo a trav\u00e9s de la configuraci\u00f3n de sus navegadores de Internet. Estos son los enlaces de los distintos navegadores que informan sobre las cookies:<\/span><\/p>\n\n<ul class=\"ul1\">\n \t<li class=\"li10\"><span class=\"s6\">Para m\u00e1s informaci\u00f3n sobre el navegador Firefox desde aqu\u00ed:<\/span><span class=\"s7\"> <a href=\"https:\/\/support.mozilla.org\/es\/kb\/habilitar-y-deshabilitar-cookies-sitios-web-rastrear-preferencias?redirectlocale=es&amp;redirectslug=habilitar-y-deshabilitar-cookies-que-los-sitios-we\"><span class=\"s4\">https:\/\/support.mozilla.org\/es\/kb\/habilitar-y-deshabilitar-cookies-sitios- Web y de la Web-rastrear-preferencias?redirectlocale=es&amp;redirectslug=habilitar-y-deshabilitar-cookies-que-los-sitios-we<\/span><\/a><\/span><\/li>\n<\/ul>\n<ul class=\"ul1\">\n \t<li class=\"li10\"><span class=\"s6\">Para m\u00e1s informaci\u00f3n sobre el navegador Chrome desde aqu\u00ed:\u00a0<a href=\"http:\/\/support.google.com\/chrome\/bin\/answer.py?hl=es&amp;answer=95647\"><span class=\"s8\">http:\/\/support.google.com\/chrome\/bin\/answer.py?hl=es&amp;answer=95647<\/span><\/a><\/span><\/li>\n<\/ul>\n<ul class=\"ul1\">\n \t<li class=\"li10\"><span class=\"s6\">Para m\u00e1s informaci\u00f3n sobre el navegador Internet Explorer desde aqu\u00ed:\u00a0<a href=\"https:\/\/support.microsoft.com\/es-es\/help\/17442\/windows-internet-explorer-delete-manage-cookies\"><span class=\"s8\">https:\/\/support.microsoft.com\/es-es\/help\/17442\/windows-internet-explorer-delete-manage-cookies<\/span><\/a><\/span><\/li>\n<\/ul>\n<ul class=\"ul1\">\n \t<li class=\"li10\"><span class=\"s6\">Para m\u00e1s informaci\u00f3n sobre el navegador Safari desde aqu\u00ed:\u00a0<a href=\"https:\/\/support.apple.com\/kb\/PH19214?viewlocale=es_ES&amp;locale=es_ES\"><span class=\"s8\">https:\/\/support.weble.com\/kb\/PH19214?viewlocale=es_ES&amp;locale=es_ES<\/span><\/a><\/span><\/li>\n<\/ul>\n<p class=\"p5\"><span class=\"s1\">Le recomendamos revisar esta pol\u00edtica cada vez que acceda a nuestra web con el objetivo de estar adecuadamente informado sobre posibles cambios en la misma.<\/span><\/p>\t\t\t\t\t\t\t\t<\/div>\n\t\t\t\t<\/div>\n\t\t\t\t\t<\/div>\n\t\t<\/div>\n\t\t\t\t\t<\/div>\n\t\t<\/section>\n\t\t\t\t<\/div>\n\t\t","protected":false},"excerpt":{"rendered":"<p>POL\u00cdTICA DE COOKIES Esta Web utiliza cookies propias y de terceros, tanto durante la sesi\u00f3n de navegaci\u00f3n como de forma permanente, para poder funcionar correctamente, obtener informaci\u00f3n sobre el tr\u00e1fico o recordar las acciones y preferencias de los usuarios para momentos posteriores. \u00bfQu\u00e9 son las cookies? Una cookie es un fichero que se descarga en [&hellip;]<\/p>\n","protected":false},"author":10553,"featured_media":0,"parent":0,"menu_order":95,"comment_status":"closed","ping_status":"closed","template":"elementor_header_footer","meta":{"_acf_changed":false,"rop_custom_images_group":[],"rop_custom_messages_group":[],"rop_publish_now":"initial","rop_publish_now_accounts":[],"rop_publish_now_history":[],"rop_publish_now_status":"pending","footnotes":""},"class_list":["post-2145","page","type-page","status-publish","hentry"],"acf":[],"yoast_head":"<!-- This site is optimized with the Yoast SEO Premium plugin v25.3.1 (Yoast SEO v27.2) - https:\/\/yoast.com\/product\/yoast-seo-premium-wordpress\/ -->\n<title>Pol\u00edtica de cookies - Delvy<\/title>\n<meta name=\"robots\" content=\"noindex, nofollow\" \/>\n<meta property=\"og:locale\" content=\"ca_ES\" \/>\n<meta property=\"og:type\" content=\"article\" \/>\n<meta property=\"og:title\" content=\"Pol\u00edtica de cookies\" \/>\n<meta property=\"og:description\" content=\"POL\u00cdTICA DE COOKIES Esta Web utiliza cookies propias y de terceros, tanto durante la sesi\u00f3n de navegaci\u00f3n como de forma permanente, para poder funcionar correctamente, obtener informaci\u00f3n sobre el tr\u00e1fico o recordar las acciones y preferencias de los usuarios para momentos posteriores. \u00bfQu\u00e9 son las cookies? Una cookie es un fichero que se descarga en [&hellip;]\" \/>\n<meta property=\"og:url\" content=\"https:\/\/delvy.es\/politica-de-cookies\/\" \/>\n<meta property=\"og:site_name\" content=\"Delvy\" \/>\n<meta property=\"article:publisher\" content=\"https:\/\/www.facebook.com\/delvyasesores\/\" \/>\n<meta property=\"article:modified_time\" content=\"2022-05-17T12:40:30+00:00\" \/>\n<meta name=\"twitter:card\" content=\"summary_large_image\" \/>\n<meta name=\"twitter:site\" content=\"@Delvy_Asesores\" \/>\n<meta name=\"twitter:label1\" content=\"Temps estimat de lectura\" \/>\n\t<meta name=\"twitter:data1\" content=\"6 minuts\" \/>\n<script type=\"application\/ld+json\" class=\"yoast-schema-graph\">{\"@context\":\"https:\/\/schema.org\",\"@graph\":[{\"@type\":\"WebPage\",\"@id\":\"https:\/\/delvy.es\/politica-de-cookies\/\",\"url\":\"https:\/\/delvy.es\/politica-de-cookies\/\",\"name\":\"Pol\u00edtica de cookies - Delvy\",\"isPartOf\":{\"@id\":\"https:\/\/delvy.es\/#website\"},\"datePublished\":\"2013-11-05T16:06:45+00:00\",\"dateModified\":\"2022-05-17T12:40:30+00:00\",\"breadcrumb\":{\"@id\":\"https:\/\/delvy.es\/politica-de-cookies\/#breadcrumb\"},\"inLanguage\":\"ca\",\"potentialAction\":[{\"@type\":\"ReadAction\",\"target\":[\"https:\/\/delvy.es\/politica-de-cookies\/\"]}]},{\"@type\":\"BreadcrumbList\",\"@id\":\"https:\/\/delvy.es\/politica-de-cookies\/#breadcrumb\",\"itemListElement\":[{\"@type\":\"ListItem\",\"position\":1,\"name\":\"Portada\",\"item\":\"https:\/\/delvy.es\/ca\/\"},{\"@type\":\"ListItem\",\"position\":2,\"name\":\"Pol\u00edtica de cookies\"}]},{\"@type\":\"WebSite\",\"@id\":\"https:\/\/delvy.es\/#website\",\"url\":\"https:\/\/delvy.es\/\",\"name\":\"Delvy\",\"description\":\"Asesores Legales Delvy\",\"publisher\":{\"@id\":\"https:\/\/delvy.es\/#organization\"},\"potentialAction\":[{\"@type\":\"SearchAction\",\"target\":{\"@type\":\"EntryPoint\",\"urlTemplate\":\"https:\/\/delvy.es\/?s={search_term_string}\"},\"query-input\":{\"@type\":\"PropertyValueSpecification\",\"valueRequired\":true,\"valueName\":\"search_term_string\"}}],\"inLanguage\":\"ca\"},{\"@type\":\"Organization\",\"@id\":\"https:\/\/delvy.es\/#organization\",\"name\":\"Delvy\",\"url\":\"https:\/\/delvy.es\/\",\"logo\":{\"@type\":\"ImageObject\",\"inLanguage\":\"ca\",\"@id\":\"https:\/\/delvy.es\/#\/schema\/logo\/image\/\",\"url\":\"https:\/\/delvy.es\/wp-content\/uploads\/2023\/11\/cropped-favicon-5.png\",\"contentUrl\":\"https:\/\/delvy.es\/wp-content\/uploads\/2023\/11\/cropped-favicon-5.png\",\"width\":512,\"height\":512,\"caption\":\"Delvy\"},\"image\":{\"@id\":\"https:\/\/delvy.es\/#\/schema\/logo\/image\/\"},\"sameAs\":[\"https:\/\/www.facebook.com\/delvyasesores\/\",\"https:\/\/x.com\/Delvy_Asesores\"]}]}<\/script>\n<!-- \/ Yoast SEO Premium plugin. -->","yoast_head_json":{"title":"Pol\u00edtica de cookies - Delvy","robots":{"index":"noindex","follow":"nofollow"},"og_locale":"ca_ES","og_type":"article","og_title":"Pol\u00edtica de cookies","og_description":"POL\u00cdTICA DE COOKIES Esta Web utiliza cookies propias y de terceros, tanto durante la sesi\u00f3n de navegaci\u00f3n como de forma permanente, para poder funcionar correctamente, obtener informaci\u00f3n sobre el tr\u00e1fico o recordar las acciones y preferencias de los usuarios para momentos posteriores. \u00bfQu\u00e9 son las cookies? Una cookie es un fichero que se descarga en [&hellip;]","og_url":"https:\/\/delvy.es\/politica-de-cookies\/","og_site_name":"Delvy","article_publisher":"https:\/\/www.facebook.com\/delvyasesores\/","article_modified_time":"2022-05-17T12:40:30+00:00","twitter_card":"summary_large_image","twitter_site":"@Delvy_Asesores","twitter_misc":{"Temps estimat de lectura":"6 minuts"},"schema":{"@context":"https:\/\/schema.org","@graph":[{"@type":"WebPage","@id":"https:\/\/delvy.es\/politica-de-cookies\/","url":"https:\/\/delvy.es\/politica-de-cookies\/","name":"Pol\u00edtica de cookies - Delvy","isPartOf":{"@id":"https:\/\/delvy.es\/#website"},"datePublished":"2013-11-05T16:06:45+00:00","dateModified":"2022-05-17T12:40:30+00:00","breadcrumb":{"@id":"https:\/\/delvy.es\/politica-de-cookies\/#breadcrumb"},"inLanguage":"ca","potentialAction":[{"@type":"ReadAction","target":["https:\/\/delvy.es\/politica-de-cookies\/"]}]},{"@type":"BreadcrumbList","@id":"https:\/\/delvy.es\/politica-de-cookies\/#breadcrumb","itemListElement":[{"@type":"ListItem","position":1,"name":"Portada","item":"https:\/\/delvy.es\/ca\/"},{"@type":"ListItem","position":2,"name":"Pol\u00edtica de cookies"}]},{"@type":"WebSite","@id":"https:\/\/delvy.es\/#website","url":"https:\/\/delvy.es\/","name":"Delvy","description":"Asesores Legales Delvy","publisher":{"@id":"https:\/\/delvy.es\/#organization"},"potentialAction":[{"@type":"SearchAction","target":{"@type":"EntryPoint","urlTemplate":"https:\/\/delvy.es\/?s={search_term_string}"},"query-input":{"@type":"PropertyValueSpecification","valueRequired":true,"valueName":"search_term_string"}}],"inLanguage":"ca"},{"@type":"Organization","@id":"https:\/\/delvy.es\/#organization","name":"Delvy","url":"https:\/\/delvy.es\/","logo":{"@type":"ImageObject","inLanguage":"ca","@id":"https:\/\/delvy.es\/#\/schema\/logo\/image\/","url":"https:\/\/delvy.es\/wp-content\/uploads\/2023\/11\/cropped-favicon-5.png","contentUrl":"https:\/\/delvy.es\/wp-content\/uploads\/2023\/11\/cropped-favicon-5.png","width":512,"height":512,"caption":"Delvy"},"image":{"@id":"https:\/\/delvy.es\/#\/schema\/logo\/image\/"},"sameAs":["https:\/\/www.facebook.com\/delvyasesores\/","https:\/\/x.com\/Delvy_Asesores"]}]}},"_links":{"self":[{"href":"https:\/\/delvy.es\/ca\/wp-json\/wp\/v2\/pages\/2145","targetHints":{"allow":["GET"]}}],"collection":[{"href":"https:\/\/delvy.es\/ca\/wp-json\/wp\/v2\/pages"}],"about":[{"href":"https:\/\/delvy.es\/ca\/wp-json\/wp\/v2\/types\/page"}],"author":[{"embeddable":true,"href":"https:\/\/delvy.es\/ca\/wp-json\/wp\/v2\/users\/10553"}],"replies":[{"embeddable":true,"href":"https:\/\/delvy.es\/ca\/wp-json\/wp\/v2\/comments?post=2145"}],"version-history":[{"count":0,"href":"https:\/\/delvy.es\/ca\/wp-json\/wp\/v2\/pages\/2145\/revisions"}],"wp:attachment":[{"href":"https:\/\/delvy.es\/ca\/wp-json\/wp\/v2\/media?parent=2145"}],"curies":[{"name":"wp","href":"https:\/\/api.w.org\/{rel}","templated":true}]}}