{"id":2142,"date":"2012-04-04T12:21:01","date_gmt":"2012-04-04T11:21:01","guid":{"rendered":"https:\/\/delvy.es\/?page_id=2142"},"modified":"2021-06-20T11:46:51","modified_gmt":"2021-06-20T10:46:51","slug":"condicions-dus","status":"publish","type":"page","link":"https:\/\/delvy.es\/ca\/condicions-dus\/","title":{"rendered":"Condicions d&#8217;\u00fas"},"content":{"rendered":"\t\t<div data-elementor-type=\"wp-page\" data-elementor-id=\"2142\" class=\"elementor elementor-2142 elementor-444\" data-elementor-settings=\"{&quot;element_pack_global_tooltip_width&quot;:{&quot;unit&quot;:&quot;px&quot;,&quot;size&quot;:&quot;&quot;,&quot;sizes&quot;:[]},&quot;element_pack_global_tooltip_width_tablet&quot;:{&quot;unit&quot;:&quot;px&quot;,&quot;size&quot;:&quot;&quot;,&quot;sizes&quot;:[]},&quot;element_pack_global_tooltip_width_mobile&quot;:{&quot;unit&quot;:&quot;px&quot;,&quot;size&quot;:&quot;&quot;,&quot;sizes&quot;:[]},&quot;element_pack_global_tooltip_padding&quot;:{&quot;unit&quot;:&quot;px&quot;,&quot;top&quot;:&quot;&quot;,&quot;right&quot;:&quot;&quot;,&quot;bottom&quot;:&quot;&quot;,&quot;left&quot;:&quot;&quot;,&quot;isLinked&quot;:true},&quot;element_pack_global_tooltip_padding_tablet&quot;:{&quot;unit&quot;:&quot;px&quot;,&quot;top&quot;:&quot;&quot;,&quot;right&quot;:&quot;&quot;,&quot;bottom&quot;:&quot;&quot;,&quot;left&quot;:&quot;&quot;,&quot;isLinked&quot;:true},&quot;element_pack_global_tooltip_padding_mobile&quot;:{&quot;unit&quot;:&quot;px&quot;,&quot;top&quot;:&quot;&quot;,&quot;right&quot;:&quot;&quot;,&quot;bottom&quot;:&quot;&quot;,&quot;left&quot;:&quot;&quot;,&quot;isLinked&quot;:true},&quot;element_pack_global_tooltip_border_radius&quot;:{&quot;unit&quot;:&quot;px&quot;,&quot;top&quot;:&quot;&quot;,&quot;right&quot;:&quot;&quot;,&quot;bottom&quot;:&quot;&quot;,&quot;left&quot;:&quot;&quot;,&quot;isLinked&quot;:true},&quot;element_pack_global_tooltip_border_radius_tablet&quot;:{&quot;unit&quot;:&quot;px&quot;,&quot;top&quot;:&quot;&quot;,&quot;right&quot;:&quot;&quot;,&quot;bottom&quot;:&quot;&quot;,&quot;left&quot;:&quot;&quot;,&quot;isLinked&quot;:true},&quot;element_pack_global_tooltip_border_radius_mobile&quot;:{&quot;unit&quot;:&quot;px&quot;,&quot;top&quot;:&quot;&quot;,&quot;right&quot;:&quot;&quot;,&quot;bottom&quot;:&quot;&quot;,&quot;left&quot;:&quot;&quot;,&quot;isLinked&quot;:true}}\" data-elementor-post-type=\"page\">\n\t\t\t\t\t\t<section class=\"elementor-section elementor-top-section elementor-element elementor-element-846029c elementor-section-boxed elementor-section-height-default elementor-section-height-default\" data-id=\"846029c\" data-element_type=\"section\" data-e-type=\"section\">\n\t\t\t\t\t\t<div class=\"elementor-container elementor-column-gap-default\">\n\t\t\t\t\t<div class=\"elementor-column elementor-col-100 elementor-top-column elementor-element elementor-element-688dd6e5\" data-id=\"688dd6e5\" data-element_type=\"column\" data-e-type=\"column\">\n\t\t\t<div class=\"elementor-widget-wrap elementor-element-populated\">\n\t\t\t\t\t\t<div class=\"elementor-element elementor-element-143d77a8 elementor-widget elementor-widget-text-editor\" data-id=\"143d77a8\" data-element_type=\"widget\" data-e-type=\"widget\" data-widget_type=\"text-editor.default\">\n\t\t\t\t<div class=\"elementor-widget-container\">\n\t\t\t\t\t\t\t\t\t<p style=\"text-align: justify;\"><strong>CONDICIONES DE USO DE LA WEB<\/strong><\/p><p style=\"text-align: justify;\">Las presentes condiciones generales de uso e informaci\u00f3n legal (en adelante <strong>Condiciones de Uso<\/strong>) regulan el uso y acceso al sitio web www.delvy.es (en adelante la <strong>Web<\/strong>) titularidad de <strong>Delvy Asesores, S.L.<\/strong> (en adelante <strong>Delvy Asesores<\/strong>) as\u00ed como los contenidos y servicios que la Web pone a disposici\u00f3n de sus Usuarios.<\/p><p style=\"text-align: justify;\">El acceso y el uso de esta Web implican el conocimiento y la aceptaci\u00f3n de las presentes Condiciones de Uso:<\/p><p style=\"text-align: justify;\"><strong>Informaci\u00f3n general<\/strong><\/p><p style=\"text-align: justify;\">En cumplimiento del art\u00edculo 10 de la Ley 34\/2002, de 11 de julio, de Servicios de la Sociedad de la Informaci\u00f3n y Comercio Electr\u00f3nico, se exponen los siguientes datos identificativos del titular de esta p\u00e1gina web:<\/p><p style=\"text-align: justify;\">Delvy Asesores, S.L., con NIF: B-65873473, Inscrita en el Registro Mercantil de Barcelona: Tomo 43362, Folio 31, Hoja 429044, Inscripci\u00f3n 1\u00aa. Con domicilio en Paseo de Gracia, 50, 5\u00aa Planta, 08007, Barcelona. Tel\u00e9fono: + 34 935185385 y correo electr\u00f3nico <a href=\"mailto:info@delvy.es\">info@delvy.es<\/a><\/p><p style=\"text-align: justify;\"><strong>Responsabilidades del Usuario<\/strong><\/p><p style=\"text-align: justify;\">El Usuario es completamente responsable del acceso y correcto uso de la Web con sujeci\u00f3n a la legalidad vigente, sea nacional o internacional, as\u00ed como a los principios de buena fe, a la moral, buenas costumbres y orden p\u00fablico. Y espec\u00edficamente, adquiere el compromiso de observar diligentemente las presentes condiciones de uso.<\/p><p style=\"text-align: justify;\">Los Usuarios se abstendr\u00e1n de usar los servicios y contenidos de la Web con fines o efectos il\u00edcitos y que sean lesivos de los derechos e intereses de terceros, o que de cualquier forma puedan da\u00f1ar, inutilizar, afectar o deteriorar la Web, sus contenidos y sus servicios. Asimismo, queda prohibido impedir la normal utilizaci\u00f3n o disfrute de la Web a otros Usuarios.<\/p><p style=\"text-align: justify;\">Quienes incumplan tales obligaciones responder\u00e1n de cualesquier perjuicio o da\u00f1o que ocasionen. <strong>Delvy Asesores <\/strong>no responder\u00e1 de ninguna consecuencia, da\u00f1o o perjuicio que pudieran derivarse de dicho acceso o uso il\u00edcito por parte de terceros.<\/p><p style=\"text-align: justify;\"><strong>Responsabilidad de Delvy Asesores<\/strong><\/p><p style=\"text-align: justify;\">El Usuario es responsable de contar con los servicios y equipos necesarios para la navegaci\u00f3n por Internet y para acceder a la Web<strong>. <\/strong>En caso de cualquier incidencia o dificultad para acceder a www.delvy.es, el Usuario puede informarlo a <strong>Delvy Asesores <\/strong>al correo electr\u00f3nico <a href=\"mailto:info@delvy.es\">info@delvy.es<\/a>, que proceder\u00e1 a analizar la incidencia y dar\u00e1 indicaciones al Usuario acerca de c\u00f3mo resolverla en el plazo m\u00e1s breve posible.<\/p><p style=\"text-align: justify;\"><strong>Delvy Asesores<\/strong> no responder\u00e1 en caso de interrupciones del servicio, errores de conexi\u00f3n, falta de disponibilidad o deficiencias en el servicio de acceso a Internet, ni por interrupciones de la red de Internet o por cualquier otra raz\u00f3n ajena al control de <strong>Delvy Asesores.<\/strong><\/p><p style=\"text-align: justify;\"><strong>Enlaces<\/strong><\/p><p style=\"text-align: justify;\"><strong>Delvy Asesores<\/strong> no asume responsabilidad alguna derivada de los contenidos enlazados (Links) que posibiliten, a trav\u00e9s del Sitio Web, el acceso al Usuario a prestaciones y servicios ofrecidos por terceros, siempre que sean ajenos a la misma. Por tanto, <strong>Delvy Asesores<\/strong> no se hace responsable ni de la informaci\u00f3n contenida en los mismos ni de cualesquiera efectos que pudieran derivarse de dicha informaci\u00f3n. Si cualquier Usuario o tercero observara que tales enlaces puedan ser contrarios a las leyes, la moral o el orden p\u00fablico, deber\u00e1 ponerlo en nuestro conocimiento a trav\u00e9s del correo electr\u00f3nico <a href=\"mailto:info@delvy.es\">info@delvy.es<\/a>.<\/p><p style=\"text-align: justify;\"><strong>Actualizaci\u00f3n y Modificaci\u00f3n de la Web<\/strong><\/p><p style=\"text-align: justify;\"><strong>Delvy Asesores<\/strong> se reserva el derecho de modificar, en cualquier momento y sin previo aviso los t\u00e9rminos de las presentes Condiciones de Uso.<\/p><p style=\"text-align: justify;\">Asimismo, <strong>Delvy Asesores <\/strong>se reserva la facultad de efectuar, en cualquier momento y sin necesidad de previo aviso, actualizaciones, modificaciones o eliminaci\u00f3n de informaci\u00f3n contenida en su p\u00e1gina web, en la configuraci\u00f3n y presentaci\u00f3n de \u00e9sta y de las condiciones de acceso, sin asumir responsabilidad alguna por ello.<\/p><p style=\"text-align: justify;\"><strong>Propiedad Intelectual<\/strong><\/p><p style=\"text-align: justify;\"><strong>Delvy Asesores<\/strong> es titular o licenciataria de todos los derechos de propiedad intelectual e industrial incluidos en el Sitio Web, as\u00ed como sobre los contenidos accesibles a trav\u00e9s de la misma.<\/p><p style=\"text-align: justify;\">Los derechos de propiedad intelectual de la p\u00e1gina web, as\u00ed como: textos, im\u00e1genes, dise\u00f1o gr\u00e1fico, estructura de navegaci\u00f3n, informaci\u00f3n y contenidos que se recogen en ella son titularidad de <strong>Delvy Asesores<\/strong>, a quien corresponde el ejercicio exclusivo de los derechos de explotaci\u00f3n de los mismos en cualquier forma y, en especial, los derechos de reproducci\u00f3n, distribuci\u00f3n, comunicaci\u00f3n p\u00fablica y transformaci\u00f3n, de conformidad con la legislaci\u00f3n espa\u00f1ola de derechos de propiedad intelectual e industrial.<\/p><p style=\"text-align: justify;\">La autorizaci\u00f3n al Usuario para el acceso a la Web no supone renuncia, transmisi\u00f3n, licencia o cesi\u00f3n total ni parcial sobre derechos de propiedad intelectual o industrial por parte de <strong>Delvy Asesores<\/strong>.<\/p><p style=\"text-align: justify;\"><strong>Legislaci\u00f3n Aplicable<\/strong><\/p><p style=\"text-align: justify;\">Las presentes condiciones de uso se regir\u00e1n por la legislaci\u00f3n espa\u00f1ola, que ser\u00e1 de aplicaci\u00f3n en lo no dispuesto en estas condiciones en materia de interpretaci\u00f3n, validez y ejecuci\u00f3n.<\/p><p style=\"text-align: justify;\">Ante cualquier controversia relativa a las presentes condiciones de uso, las partes se someten, con renuncia expresa a cualquier otro fuero, a los Juzgados y Tribunales de Barcelona.<\/p>\t\t\t\t\t\t\t\t<\/div>\n\t\t\t\t<\/div>\n\t\t\t\t\t<\/div>\n\t\t<\/div>\n\t\t\t\t\t<\/div>\n\t\t<\/section>\n\t\t\t\t<\/div>\n\t\t","protected":false},"excerpt":{"rendered":"<p>CONDICIONES DE USO DE LA WEB Las presentes condiciones generales de uso e informaci\u00f3n legal (en adelante Condiciones de Uso) regulan el uso y acceso al sitio web www.delvy.es (en adelante la Web) titularidad de Delvy Asesores, S.L. (en adelante Delvy Asesores) as\u00ed como los contenidos y servicios que la Web pone a disposici\u00f3n de [&hellip;]<\/p>\n","protected":false},"author":10553,"featured_media":0,"parent":0,"menu_order":97,"comment_status":"closed","ping_status":"closed","template":"elementor_header_footer","meta":{"_acf_changed":false,"rop_custom_images_group":[],"rop_custom_messages_group":[],"rop_publish_now":"initial","rop_publish_now_accounts":[],"rop_publish_now_history":[],"rop_publish_now_status":"pending","footnotes":""},"class_list":["post-2142","page","type-page","status-publish","hentry"],"acf":[],"yoast_head":"<!-- This site is optimized with the Yoast SEO Premium plugin v25.3.1 (Yoast SEO v27.3) - https:\/\/yoast.com\/product\/yoast-seo-premium-wordpress\/ -->\n<title>Condicions d&#039;\u00fas - Delvy<\/title>\n<meta name=\"robots\" content=\"index, follow, max-snippet:-1, max-image-preview:large, max-video-preview:-1\" \/>\n<link rel=\"canonical\" href=\"https:\/\/delvy.es\/condiciones-uso\/\" \/>\n<meta property=\"og:locale\" content=\"ca_ES\" \/>\n<meta property=\"og:type\" content=\"article\" \/>\n<meta property=\"og:title\" content=\"Condicions d&#039;\u00fas\" \/>\n<meta property=\"og:description\" content=\"CONDICIONES DE USO DE LA WEB Las presentes condiciones generales de uso e informaci\u00f3n legal (en adelante Condiciones de Uso) regulan el uso y acceso al sitio web www.delvy.es (en adelante la Web) titularidad de Delvy Asesores, S.L. (en adelante Delvy Asesores) as\u00ed como los contenidos y servicios que la Web pone a disposici\u00f3n de [&hellip;]\" \/>\n<meta property=\"og:url\" content=\"https:\/\/delvy.es\/condiciones-uso\/\" \/>\n<meta property=\"og:site_name\" content=\"Delvy\" \/>\n<meta property=\"article:publisher\" content=\"https:\/\/www.facebook.com\/delvyasesores\/\" \/>\n<meta property=\"article:modified_time\" content=\"2021-06-20T10:46:51+00:00\" \/>\n<meta name=\"twitter:card\" content=\"summary_large_image\" \/>\n<meta name=\"twitter:site\" content=\"@Delvy_Asesores\" \/>\n<meta name=\"twitter:label1\" content=\"Temps estimat de lectura\" \/>\n\t<meta name=\"twitter:data1\" content=\"4 minuts\" \/>\n<script type=\"application\/ld+json\" class=\"yoast-schema-graph\">{\"@context\":\"https:\\\/\\\/schema.org\",\"@graph\":[{\"@type\":\"WebPage\",\"@id\":\"https:\\\/\\\/delvy.es\\\/condiciones-uso\\\/\",\"url\":\"https:\\\/\\\/delvy.es\\\/condiciones-uso\\\/\",\"name\":\"Condicions d'\u00fas - Delvy\",\"isPartOf\":{\"@id\":\"https:\\\/\\\/delvy.es\\\/#website\"},\"datePublished\":\"2012-04-04T11:21:01+00:00\",\"dateModified\":\"2021-06-20T10:46:51+00:00\",\"breadcrumb\":{\"@id\":\"https:\\\/\\\/delvy.es\\\/condiciones-uso\\\/#breadcrumb\"},\"inLanguage\":\"ca\",\"potentialAction\":[{\"@type\":\"ReadAction\",\"target\":[\"https:\\\/\\\/delvy.es\\\/condiciones-uso\\\/\"]}]},{\"@type\":\"BreadcrumbList\",\"@id\":\"https:\\\/\\\/delvy.es\\\/condiciones-uso\\\/#breadcrumb\",\"itemListElement\":[{\"@type\":\"ListItem\",\"position\":1,\"name\":\"Portada\",\"item\":\"https:\\\/\\\/delvy.es\\\/ca\\\/\"},{\"@type\":\"ListItem\",\"position\":2,\"name\":\"Condicions d&#8217;\u00fas\"}]},{\"@type\":\"WebSite\",\"@id\":\"https:\\\/\\\/delvy.es\\\/#website\",\"url\":\"https:\\\/\\\/delvy.es\\\/\",\"name\":\"Delvy\",\"description\":\"Asesores Legales Delvy\",\"publisher\":{\"@id\":\"https:\\\/\\\/delvy.es\\\/#organization\"},\"potentialAction\":[{\"@type\":\"SearchAction\",\"target\":{\"@type\":\"EntryPoint\",\"urlTemplate\":\"https:\\\/\\\/delvy.es\\\/?s={search_term_string}\"},\"query-input\":{\"@type\":\"PropertyValueSpecification\",\"valueRequired\":true,\"valueName\":\"search_term_string\"}}],\"inLanguage\":\"ca\"},{\"@type\":\"Organization\",\"@id\":\"https:\\\/\\\/delvy.es\\\/#organization\",\"name\":\"Delvy\",\"url\":\"https:\\\/\\\/delvy.es\\\/\",\"logo\":{\"@type\":\"ImageObject\",\"inLanguage\":\"ca\",\"@id\":\"https:\\\/\\\/delvy.es\\\/#\\\/schema\\\/logo\\\/image\\\/\",\"url\":\"https:\\\/\\\/delvy.es\\\/wp-content\\\/uploads\\\/2023\\\/11\\\/cropped-favicon-5.png\",\"contentUrl\":\"https:\\\/\\\/delvy.es\\\/wp-content\\\/uploads\\\/2023\\\/11\\\/cropped-favicon-5.png\",\"width\":512,\"height\":512,\"caption\":\"Delvy\"},\"image\":{\"@id\":\"https:\\\/\\\/delvy.es\\\/#\\\/schema\\\/logo\\\/image\\\/\"},\"sameAs\":[\"https:\\\/\\\/www.facebook.com\\\/delvyasesores\\\/\",\"https:\\\/\\\/x.com\\\/Delvy_Asesores\"]}]}<\/script>\n<!-- \/ Yoast SEO Premium plugin. -->","yoast_head_json":{"title":"Condicions d'\u00fas - Delvy","robots":{"index":"index","follow":"follow","max-snippet":"max-snippet:-1","max-image-preview":"max-image-preview:large","max-video-preview":"max-video-preview:-1"},"canonical":"https:\/\/delvy.es\/condiciones-uso\/","og_locale":"ca_ES","og_type":"article","og_title":"Condicions d'\u00fas","og_description":"CONDICIONES DE USO DE LA WEB Las presentes condiciones generales de uso e informaci\u00f3n legal (en adelante Condiciones de Uso) regulan el uso y acceso al sitio web www.delvy.es (en adelante la Web) titularidad de Delvy Asesores, S.L. (en adelante Delvy Asesores) as\u00ed como los contenidos y servicios que la Web pone a disposici\u00f3n de [&hellip;]","og_url":"https:\/\/delvy.es\/condiciones-uso\/","og_site_name":"Delvy","article_publisher":"https:\/\/www.facebook.com\/delvyasesores\/","article_modified_time":"2021-06-20T10:46:51+00:00","twitter_card":"summary_large_image","twitter_site":"@Delvy_Asesores","twitter_misc":{"Temps estimat de lectura":"4 minuts"},"schema":{"@context":"https:\/\/schema.org","@graph":[{"@type":"WebPage","@id":"https:\/\/delvy.es\/condiciones-uso\/","url":"https:\/\/delvy.es\/condiciones-uso\/","name":"Condicions d'\u00fas - Delvy","isPartOf":{"@id":"https:\/\/delvy.es\/#website"},"datePublished":"2012-04-04T11:21:01+00:00","dateModified":"2021-06-20T10:46:51+00:00","breadcrumb":{"@id":"https:\/\/delvy.es\/condiciones-uso\/#breadcrumb"},"inLanguage":"ca","potentialAction":[{"@type":"ReadAction","target":["https:\/\/delvy.es\/condiciones-uso\/"]}]},{"@type":"BreadcrumbList","@id":"https:\/\/delvy.es\/condiciones-uso\/#breadcrumb","itemListElement":[{"@type":"ListItem","position":1,"name":"Portada","item":"https:\/\/delvy.es\/ca\/"},{"@type":"ListItem","position":2,"name":"Condicions d&#8217;\u00fas"}]},{"@type":"WebSite","@id":"https:\/\/delvy.es\/#website","url":"https:\/\/delvy.es\/","name":"Delvy","description":"Asesores Legales Delvy","publisher":{"@id":"https:\/\/delvy.es\/#organization"},"potentialAction":[{"@type":"SearchAction","target":{"@type":"EntryPoint","urlTemplate":"https:\/\/delvy.es\/?s={search_term_string}"},"query-input":{"@type":"PropertyValueSpecification","valueRequired":true,"valueName":"search_term_string"}}],"inLanguage":"ca"},{"@type":"Organization","@id":"https:\/\/delvy.es\/#organization","name":"Delvy","url":"https:\/\/delvy.es\/","logo":{"@type":"ImageObject","inLanguage":"ca","@id":"https:\/\/delvy.es\/#\/schema\/logo\/image\/","url":"https:\/\/delvy.es\/wp-content\/uploads\/2023\/11\/cropped-favicon-5.png","contentUrl":"https:\/\/delvy.es\/wp-content\/uploads\/2023\/11\/cropped-favicon-5.png","width":512,"height":512,"caption":"Delvy"},"image":{"@id":"https:\/\/delvy.es\/#\/schema\/logo\/image\/"},"sameAs":["https:\/\/www.facebook.com\/delvyasesores\/","https:\/\/x.com\/Delvy_Asesores"]}]}},"_links":{"self":[{"href":"https:\/\/delvy.es\/ca\/wp-json\/wp\/v2\/pages\/2142","targetHints":{"allow":["GET"]}}],"collection":[{"href":"https:\/\/delvy.es\/ca\/wp-json\/wp\/v2\/pages"}],"about":[{"href":"https:\/\/delvy.es\/ca\/wp-json\/wp\/v2\/types\/page"}],"author":[{"embeddable":true,"href":"https:\/\/delvy.es\/ca\/wp-json\/wp\/v2\/users\/10553"}],"replies":[{"embeddable":true,"href":"https:\/\/delvy.es\/ca\/wp-json\/wp\/v2\/comments?post=2142"}],"version-history":[{"count":0,"href":"https:\/\/delvy.es\/ca\/wp-json\/wp\/v2\/pages\/2142\/revisions"}],"wp:attachment":[{"href":"https:\/\/delvy.es\/ca\/wp-json\/wp\/v2\/media?parent=2142"}],"curies":[{"name":"wp","href":"https:\/\/api.w.org\/{rel}","templated":true}]}}