{"id":2139,"date":"2012-04-04T12:18:09","date_gmt":"2012-04-04T11:18:09","guid":{"rendered":"https:\/\/delvy.es\/?page_id=2139"},"modified":"2021-06-20T11:45:47","modified_gmt":"2021-06-20T10:45:47","slug":"politica-de-privacitat","status":"publish","type":"page","link":"https:\/\/delvy.es\/ca\/politica-de-privacitat\/","title":{"rendered":"Pol\u00edtica de Privacitat"},"content":{"rendered":"\t\t<div data-elementor-type=\"wp-page\" data-elementor-id=\"2139\" class=\"elementor elementor-2139 elementor-441\" data-elementor-settings=\"{&quot;element_pack_global_tooltip_width&quot;:{&quot;unit&quot;:&quot;px&quot;,&quot;size&quot;:&quot;&quot;,&quot;sizes&quot;:[]},&quot;element_pack_global_tooltip_width_tablet&quot;:{&quot;unit&quot;:&quot;px&quot;,&quot;size&quot;:&quot;&quot;,&quot;sizes&quot;:[]},&quot;element_pack_global_tooltip_width_mobile&quot;:{&quot;unit&quot;:&quot;px&quot;,&quot;size&quot;:&quot;&quot;,&quot;sizes&quot;:[]},&quot;element_pack_global_tooltip_padding&quot;:{&quot;unit&quot;:&quot;px&quot;,&quot;top&quot;:&quot;&quot;,&quot;right&quot;:&quot;&quot;,&quot;bottom&quot;:&quot;&quot;,&quot;left&quot;:&quot;&quot;,&quot;isLinked&quot;:true},&quot;element_pack_global_tooltip_padding_tablet&quot;:{&quot;unit&quot;:&quot;px&quot;,&quot;top&quot;:&quot;&quot;,&quot;right&quot;:&quot;&quot;,&quot;bottom&quot;:&quot;&quot;,&quot;left&quot;:&quot;&quot;,&quot;isLinked&quot;:true},&quot;element_pack_global_tooltip_padding_mobile&quot;:{&quot;unit&quot;:&quot;px&quot;,&quot;top&quot;:&quot;&quot;,&quot;right&quot;:&quot;&quot;,&quot;bottom&quot;:&quot;&quot;,&quot;left&quot;:&quot;&quot;,&quot;isLinked&quot;:true},&quot;element_pack_global_tooltip_border_radius&quot;:{&quot;unit&quot;:&quot;px&quot;,&quot;top&quot;:&quot;&quot;,&quot;right&quot;:&quot;&quot;,&quot;bottom&quot;:&quot;&quot;,&quot;left&quot;:&quot;&quot;,&quot;isLinked&quot;:true},&quot;element_pack_global_tooltip_border_radius_tablet&quot;:{&quot;unit&quot;:&quot;px&quot;,&quot;top&quot;:&quot;&quot;,&quot;right&quot;:&quot;&quot;,&quot;bottom&quot;:&quot;&quot;,&quot;left&quot;:&quot;&quot;,&quot;isLinked&quot;:true},&quot;element_pack_global_tooltip_border_radius_mobile&quot;:{&quot;unit&quot;:&quot;px&quot;,&quot;top&quot;:&quot;&quot;,&quot;right&quot;:&quot;&quot;,&quot;bottom&quot;:&quot;&quot;,&quot;left&quot;:&quot;&quot;,&quot;isLinked&quot;:true}}\" data-elementor-post-type=\"page\">\n\t\t\t\t\t\t<section class=\"elementor-section elementor-top-section elementor-element elementor-element-7334e5eb elementor-section-boxed elementor-section-height-default elementor-section-height-default\" data-id=\"7334e5eb\" data-element_type=\"section\" data-e-type=\"section\">\n\t\t\t\t\t\t<div class=\"elementor-container elementor-column-gap-default\">\n\t\t\t\t\t<div class=\"elementor-column elementor-col-100 elementor-top-column elementor-element elementor-element-21a9c121\" data-id=\"21a9c121\" data-element_type=\"column\" data-e-type=\"column\">\n\t\t\t<div class=\"elementor-widget-wrap elementor-element-populated\">\n\t\t\t\t\t\t<div class=\"elementor-element elementor-element-7e852e5a elementor-widget elementor-widget-text-editor\" data-id=\"7e852e5a\" data-element_type=\"widget\" data-e-type=\"widget\" data-widget_type=\"text-editor.default\">\n\t\t\t\t<div class=\"elementor-widget-container\">\n\t\t\t\t\t\t\t\t\t<p class=\"p3\"><span class=\"s1\"><b>POL\u00cdTICA DE PRIVACIDAD P\u00c1GINA WEB <\/b><\/span><\/p><p class=\"p5\"><span class=\"s1\">La confidencialidad y la seguridad son valores primordiales para DELVY ASESORES, S.L. y, en consecuencia, asumimos el compromiso de garantizar la privacidad del Usuario en todo momento y de no recabar informaci\u00f3n innecesaria. A continuaci\u00f3n, le proporcionamos toda la informaci\u00f3n necesaria sobre nuestra Pol\u00edtica de Privacidad en relaci\u00f3n con los Datos Personales que recabamos de usted, explic\u00e1ndole:<\/span><\/p><ul class=\"ul1\"><li class=\"li5\"><span class=\"s1\">Qui\u00e9n es el responsable del tratamiento de sus datos.<\/span><\/li><li class=\"li5\"><span class=\"s1\">Para qu\u00e9 finalidades recabamos los datos que le solicitamos.<\/span><\/li><li class=\"li5\"><span class=\"s1\">Cu\u00e1l es la legitimaci\u00f3n para su tratamiento.<\/span><\/li><li class=\"li5\"><span class=\"s1\">Durante cu\u00e1nto tiempo los conservamos.<\/span><\/li><li class=\"li5\"><span class=\"s1\">A qu\u00e9 destinatarios se comunican sus datos.<\/span><\/li><li class=\"li5\"><span class=\"s1\">Cu\u00e1les son sus derechos.<\/span><\/li><\/ul><p><b><\/b><span class=\"s1\"><b>1. RESPONSABLE DEL TRATAMIENTO<\/b><\/span><\/p><p class=\"p5\"><span class=\"s1\">DELVY ASESORES, S.L. <\/span><\/p><p class=\"p5\"><span class=\"s1\">B-65873473<\/span><\/p><p class=\"p5\"><span class=\"s1\">Paseo de Gracia, 50, 5\u00aa Planta <\/span><\/p><p class=\"p5\"><span class=\"s1\">08007 Barcelona<\/span><\/p><p class=\"p5\"><span class=\"s1\"><a href=\"mailto:info@delvy.es\">info@delvy.es<\/a><\/span><\/p><p class=\"p5\"><span class=\"s1\">En adelante \u201cDelvy\u201d, \u201cNosotros\u201d o el \u201cResponsable del Tratamiento\u201d.<\/span><\/p><p class=\"p5\"><span class=\"s1\">Esta pol\u00edtica de privacidad cubre todos los datos recopilados y utilizados por nosotros a trav\u00e9s de nuestra p\u00e1gina web <a href=\"https:\/\/delvy.es\"><span class=\"s3\">https:\/\/delvy.es<\/span><\/a> (en adelante, la Web o Delvy, indistintamente).<\/span><\/p><p><b><\/b><span class=\"s1\"><b>1. Datos personales<\/b><\/span><\/p><p class=\"p5\"><span class=\"s1\">Esta pol<\/span><span class=\"s4\">\u00ed<\/span><span class=\"s1\">tica de privacidad cubre todos los datos personales recopilados y utilizados por Delvy.<\/span><\/p><p class=\"p5\"><span class=\"s1\">Por el presente, el usuario (usted) garantiza que los Datos Personales proporcionados son ciertos y exactos y se compromete a notificar cualquier cambio o modificaci<\/span><span class=\"s4\">\u00f3<\/span><span class=\"s1\">n de los mismos. Cualquier p<\/span><span class=\"s4\">\u00e9<\/span><span class=\"s1\">rdida o da<\/span><span class=\"s4\">\u00f1<\/span><span class=\"s1\">o causado a la Web, al Responsable del Tratamiento o a cualquier tercero mediante la comunicaci<\/span><span class=\"s4\">\u00f3<\/span><span class=\"s1\">n de informaci<\/span><span class=\"s4\">\u00f3<\/span><span class=\"s1\">n err<\/span><span class=\"s4\">\u00f3<\/span><span class=\"s1\">nea, inexacta o incompleta en los formularios de registro, ser<\/span><span class=\"s4\">\u00e1<\/span><span class=\"s1\"> responsabilidad exclusiva del usuario.<\/span><\/p><p class=\"p5\"><span class=\"s1\">Podemos recabar o recibir sus datos a trav<\/span><span class=\"s4\">\u00e9<\/span><span class=\"s1\">s de nuestro sitio web. En algunos casos, usted nos facilita sus Datos Personales directamente (por ejemplo, cuando se pone en contacto con nosotros), o en otros casos los recabamos nosotros (por ejemplo, usando cookies para comprender c<\/span><span class=\"s4\">\u00f3<\/span><span class=\"s1\">mo usa nuestro sitio web).<\/span><\/p><p><b><\/b><span class=\"s1\"><b>2. Finalidades, legitimaci\u00f3n y conservaci\u00f3n de los tratamientos de los datos enviados a trav\u00e9s de:<\/b><\/span><\/p><p class=\"p5\"><span class=\"s1\"><b>FORMULARIO DE CONTACTO:<\/b><\/span><\/p><ul class=\"ul1\"><li class=\"li5\"><span class=\"s1\">Finalidad: Facilitarle un medio para que pueda ponerse en contacto con nosotros y contestar a sus solicitudes de informaci\u00f3n, as\u00ed como enviarle comunicaciones de nuestros productos, servicios y actividades, inclusive por medios electr\u00f3nicos, si marca la casilla de aceptaci\u00f3n.<\/span><\/li><li class=\"li5\"><span class=\"s1\">Legitimaci\u00f3n: El consentimiento del usuario al solicitarnos informaci\u00f3n a trav\u00e9s de nuestro formulario de contacto y al marcar la casilla de aceptaci\u00f3n de env\u00edo de informaci\u00f3n.<\/span><\/li><li class=\"li5\"><span class=\"s1\">Conservaci\u00f3n: Una vez resulta su solicitud por medio de nuestro formulario o contestada por correo electr\u00f3nico, si no ha generado un nuevo tratamiento, y en caso de haber aceptado recibir env\u00edos comerciales, hasta que solicite la baja de los mismos.<\/span><\/li><\/ul><p class=\"p5\"><span class=\"s1\"><b>ENV<\/b><\/span><span class=\"s4\"><b>\u00cd<\/b><\/span><span class=\"s1\"><b>O DE CORREOS ELECTR<\/b><\/span><span class=\"s4\"><b>\u00d3<\/b><\/span><span class=\"s1\"><b>NICOS:<\/b><\/span><\/p><ul class=\"ul1\"><li class=\"li5\"><span class=\"s1\">Finalidad: Contestar a sus solicitudes de informaci<\/span><span class=\"s4\">\u00f3<\/span><span class=\"s1\">n, atender a sus peticiones y responder sus consultas o dudas. En caso de recibir su Curr<\/span><span class=\"s4\">\u00ed<\/span><span class=\"s1\">culum Vitae, sus datos personales y curriculares podr<\/span><span class=\"s4\">\u00e1<\/span><span class=\"s1\">n formar parte de nuestras bases de datos para participar en nuestros procesos de selecci<\/span><span class=\"s4\">\u00f3<\/span><span class=\"s1\">n presentes y futuros.<\/span><\/li><li class=\"li5\"><span class=\"s1\">Legitimaci\u00f3n: El consentimiento del usuario al solicitarnos informaci\u00f3n a trav\u00e9s de la direcci\u00f3n de correo electr\u00f3nico o enviarnos sus datos y CV para participar en nuestros procesos de selecci<\/span><span class=\"s4\">\u00f3<\/span><span class=\"s1\">n.<\/span><\/li><li class=\"li5\"><span class=\"s1\">Conservaci<\/span><span class=\"s4\">\u00f3<\/span><span class=\"s1\">n: Una vez resulta contestada su petici<\/span><span class=\"s4\">\u00f3<\/span><span class=\"s1\">n por correo electr<\/span><span class=\"s4\">\u00f3<\/span><span class=\"s1\">nico, si no ha generado un nuevo tratamiento. En el caso de recibir su CV, sus datos podr<\/span><span class=\"s4\">\u00e1<\/span><span class=\"s1\">n ser conservados durante un a<\/span><span class=\"s4\">\u00f1<\/span><span class=\"s1\">o m<\/span><span class=\"s4\">\u00e1<\/span><span class=\"s1\">ximo para futuros procesos de selecci<\/span><span class=\"s4\">\u00f3<\/span><span class=\"s1\">n.<\/span><\/li><\/ul><p><b><\/b><span class=\"s1\"><b>3. Destinatarios de sus datos<\/b><\/span><\/p><p class=\"p5\"><span class=\"s1\">Los Datos Personales que recabamos de usted pueden ser tratados por miembros del personal de Delvy, sobre la base legal del inter<\/span><span class=\"s4\">\u00e9<\/span><span class=\"s1\">s leg<\/span><span class=\"s4\">\u00ed<\/span><span class=\"s1\">timo de la compa\u00f1\u00eda, sus datos personales podr<\/span><span class=\"s4\">\u00e1<\/span><span class=\"s1\">n ser comunicados a terceros que nos ayudan a la gesti<\/span><span class=\"s4\">\u00f3<\/span><span class=\"s1\">n de leads, proporcionar servicios de TI, como proveedores de plataforma, servicios de alojamiento, mantenimiento y soporte en nuestras bases de datos, as<\/span><span class=\"s4\">\u00ed<\/span><span class=\"s1\"> como en nuestro software y aplicaciones que pueden contener datos sobre usted.<\/span><\/p><p class=\"p5\"><span class=\"s1\">En cualquier caso, nos aseguraremos de que toda comunicaci<\/span><span class=\"s4\">\u00f3<\/span><span class=\"s1\">n de su informaci<\/span><span class=\"s4\">\u00f3<\/span><span class=\"s1\">n personal que realicemos nosotros o aquellos terceros con los que compartimos su informaci<\/span><span class=\"s4\">\u00f3<\/span><span class=\"s1\">n personal, cumplan con la legislaci<\/span><span class=\"s4\">\u00f3<\/span><span class=\"s1\">n que nos sea de aplicaci<\/span><span class=\"s4\">\u00f3<\/span><span class=\"s1\">n.<\/span><\/p><p><b><\/b><span class=\"s1\"><b>4. Derechos en relaci\u00f3n con sus datos personales<\/b><\/span><\/p><p class=\"p5\"><span class=\"s1\">Cualquier persona puede retirar su consentimiento en cualquier momento, cuando el mismo se haya otorgado para el tratamiento de sus datos. En ning<\/span><span class=\"s4\">\u00fa<\/span><span class=\"s1\">n caso, la retirada de este consentimiento condiciona la ejecuci<\/span><span class=\"s4\">\u00f3<\/span><span class=\"s1\">n del contrato de suscripci<\/span><span class=\"s4\">\u00f3<\/span><span class=\"s1\">n o las relaciones generadas con anterioridad.<\/span><\/p><p class=\"p5\"><span class=\"s1\">Igualmente, puede ejercer los siguientes derechos:<\/span><\/p><ul class=\"ul1\"><li class=\"li5\"><span class=\"s1\">Solicitar el acceso a sus datos personales o su rectificaci<\/span><span class=\"s4\">\u00f3<\/span><span class=\"s1\">n cuando sean inexactos.<\/span><\/li><li class=\"li5\"><span class=\"s1\">Solicitar su supresi<\/span><span class=\"s4\">\u00f3<\/span><span class=\"s1\">n cuando, entre otros motivos, los datos ya no sean necesarios para los fines para los que fueron recogidos.<\/span><\/li><li class=\"li5\"><span class=\"s1\">Solicitar la limitaci<\/span><span class=\"s4\">\u00f3<\/span><span class=\"s1\">n de su tratamiento en determinadas circunstancias.<\/span><\/li><li class=\"li5\"><span class=\"s1\">Solicitar la oposici<\/span><span class=\"s4\">\u00f3<\/span><span class=\"s1\">n al tratamiento de sus datos por motivos relacionados con su situaci<\/span><span class=\"s4\">\u00f3<\/span><span class=\"s1\">n particular.<\/span><\/li><li class=\"li5\"><span class=\"s1\">Solicitar la portabilidad de los datos en los casos previstos en la normativa.<\/span><\/li><\/ul><p class=\"p5\"><span class=\"s1\"><b>Otros derechos reconocidos en las normativas aplicables.<\/b><\/span><\/p><p class=\"p5\"><span class=\"s1\">D<\/span><span class=\"s4\">\u00f3<\/span><span class=\"s1\">nde y c<\/span><span class=\"s4\">\u00f3<\/span><span class=\"s1\">mo solicitar sus Derechos: Mediante un escrito dirigido a los responsables a la direcci<\/span><span class=\"s4\">\u00f3<\/span><span class=\"s1\">n postal o electr<\/span><span class=\"s4\">\u00f3<\/span><span class=\"s1\">nica (indicadas en el punto 1), indicando la referencia \u201cDatos Personales\u201d, especificando el derecho que se quiere ejercer y respecto a qu<\/span><span class=\"s4\">\u00e9<\/span><span class=\"s1\"> datos personales.<\/span><\/p><p class=\"p5\"><span class=\"s1\">En caso de divergencias con la empresa en relaci<\/span><span class=\"s4\">\u00f3<\/span><span class=\"s1\">n con el tratamiento de sus datos, puede presentar una reclamaci<\/span><span class=\"s4\">\u00f3<\/span><span class=\"s1\">n ante la Agencia de Protecci<\/span><span class=\"s4\">\u00f3<\/span><span class=\"s1\">n de Datos (<a href=\"http:\/\/www.agpd.es\"><span class=\"s3\">www.agpd.es<\/span><\/a>).<\/span><\/p><p><b><\/b><span class=\"s1\"><b>5. Seguridad de sus datos personales<\/b><\/span><\/p><p class=\"p5\"><span class=\"s1\">Con el objetivo de salvaguardar la seguridad de sus datos personales, le informamos que hemos adoptado todas las medidas de <\/span><span class=\"s4\">\u00ed<\/span><span class=\"s1\">ndole t<\/span><span class=\"s4\">\u00e9<\/span><span class=\"s1\">cnica y organizativas necesarias para garantizar la seguridad de los datos personales suministrados de su alteraci<\/span><span class=\"s4\">\u00f3<\/span><span class=\"s1\">n, p<\/span><span class=\"s4\">\u00e9<\/span><span class=\"s1\">rdida y tratamientos o accesos no autorizados.<\/span><\/p><p><b><\/b><span class=\"s1\"><b>6. Actualizaci\u00f3n de sus datos<\/b><\/span><\/p><p class=\"p5\"><span class=\"s1\">Es importante que para que podamos mantener sus datos personales actualizados, nos informe siempre que haya habido alguna modificaci<\/span><span class=\"s4\">\u00f3<\/span><span class=\"s1\">n en ellos, en caso contrario, no respondemos de la veracidad de los mismos.<\/span><\/p><p class=\"p5\"><span class=\"s1\">No nos hacemos responsables de la pol<\/span><span class=\"s4\">\u00ed<\/span><span class=\"s1\">tica de privacidad respecto a los datos personales que pueda facilitar a terceros por medio de los enlaces disponibles en nuestra p<\/span><span class=\"s4\">\u00e1<\/span><span class=\"s1\">gina web.<\/span><\/p><p><b><\/b><span class=\"s1\"><b>7. Contacto<\/b><\/span><\/p><p class=\"p5\"><span class=\"s1\">Si tiene cualquier duda o preocupaci<\/span><span class=\"s4\">\u00f3<\/span><span class=\"s1\">n acerca de la forma en que tratamos y usamos sus datos personales o desea ejercer cualquiera de los derechos anteriormente descritos, p<\/span><span class=\"s4\">\u00f3<\/span><span class=\"s1\">ngase en contacto con\u00a0<a href=\"mailto:info@delvy.es\"><span class=\"s3\">info@delvy.es<\/span><\/a>.<\/span><\/p><p><b><\/b><span class=\"s1\"><b>8. Cambios en la pol\u00edtica de privacidad<\/b><\/span><\/p><p class=\"p5\"><span class=\"s1\">La presente Pol\u00edtica de Privacidad puede ser modificada para adaptarla a los cambios que se produzca en nuestra Web, as\u00ed como modificaciones legislativas o jurisprudenciales sobre datos personales que vayan apareciendo, por lo que exige su lectura, cada vez que nos facilite sus datos a trav\u00e9s de esta p\u00e1gina web.<\/span><\/p>\t\t\t\t\t\t\t\t<\/div>\n\t\t\t\t<\/div>\n\t\t\t\t\t<\/div>\n\t\t<\/div>\n\t\t\t\t\t<\/div>\n\t\t<\/section>\n\t\t\t\t<\/div>\n\t\t","protected":false},"excerpt":{"rendered":"<p>POL\u00cdTICA DE PRIVACIDAD P\u00c1GINA WEB La confidencialidad y la seguridad son valores primordiales para DELVY ASESORES, S.L. y, en consecuencia, asumimos el compromiso de garantizar la privacidad del Usuario en todo momento y de no recabar informaci\u00f3n innecesaria. A continuaci\u00f3n, le proporcionamos toda la informaci\u00f3n necesaria sobre nuestra Pol\u00edtica de Privacidad en relaci\u00f3n con los [&hellip;]<\/p>\n","protected":false},"author":10553,"featured_media":0,"parent":0,"menu_order":96,"comment_status":"closed","ping_status":"closed","template":"elementor_header_footer","meta":{"_acf_changed":false,"rop_custom_images_group":[],"rop_custom_messages_group":[],"rop_publish_now":"initial","rop_publish_now_accounts":[],"rop_publish_now_history":[],"rop_publish_now_status":"pending","footnotes":""},"class_list":["post-2139","page","type-page","status-publish","hentry"],"acf":[],"yoast_head":"<!-- This site is optimized with the Yoast SEO Premium plugin v25.3.1 (Yoast SEO v27.3) - https:\/\/yoast.com\/product\/yoast-seo-premium-wordpress\/ -->\n<title>Pol\u00edtica de Privacitat | Delvy.es<\/title>\n<meta name=\"description\" content=\"Delvy Assessors, S.L., d&#039;ara endavant Delvy Assessors, d&#039;acord amb la legislaci\u00f3 vigent en mat\u00e8ria de protecci\u00f3 de dades de car\u00e0cter personal, informa als Usuaris de la seva web sobre la Pol\u00edtica de Privadesa i Protecci\u00f3 de Dades\" \/>\n<meta name=\"robots\" content=\"index, follow, max-snippet:-1, max-image-preview:large, max-video-preview:-1\" \/>\n<link rel=\"canonical\" href=\"https:\/\/delvy.es\/politica-privacidad\/\" \/>\n<meta property=\"og:locale\" content=\"ca_ES\" \/>\n<meta property=\"og:type\" content=\"article\" \/>\n<meta property=\"og:title\" content=\"Pol\u00edtica de Privacitat\" \/>\n<meta property=\"og:description\" content=\"Delvy Assessors, S.L., d&#039;ara endavant Delvy Assessors, d&#039;acord amb la legislaci\u00f3 vigent en mat\u00e8ria de protecci\u00f3 de dades de car\u00e0cter personal, informa als Usuaris de la seva web sobre la Pol\u00edtica de Privadesa i Protecci\u00f3 de Dades\" \/>\n<meta property=\"og:url\" content=\"https:\/\/delvy.es\/politica-privacidad\/\" \/>\n<meta property=\"og:site_name\" content=\"Delvy\" \/>\n<meta property=\"article:publisher\" content=\"https:\/\/www.facebook.com\/delvyasesores\/\" \/>\n<meta property=\"article:modified_time\" content=\"2021-06-20T10:45:47+00:00\" \/>\n<meta name=\"twitter:card\" content=\"summary_large_image\" \/>\n<meta name=\"twitter:site\" content=\"@Delvy_Asesores\" \/>\n<meta name=\"twitter:label1\" content=\"Temps estimat de lectura\" \/>\n\t<meta name=\"twitter:data1\" content=\"6 minuts\" \/>\n<script type=\"application\/ld+json\" class=\"yoast-schema-graph\">{\"@context\":\"https:\\\/\\\/schema.org\",\"@graph\":[{\"@type\":\"WebPage\",\"@id\":\"https:\\\/\\\/delvy.es\\\/politica-privacidad\\\/\",\"url\":\"https:\\\/\\\/delvy.es\\\/politica-privacidad\\\/\",\"name\":\"Pol\u00edtica de Privacitat | Delvy.es\",\"isPartOf\":{\"@id\":\"https:\\\/\\\/delvy.es\\\/#website\"},\"datePublished\":\"2012-04-04T11:18:09+00:00\",\"dateModified\":\"2021-06-20T10:45:47+00:00\",\"description\":\"Delvy Assessors, S.L., d'ara endavant Delvy Assessors, d'acord amb la legislaci\u00f3 vigent en mat\u00e8ria de protecci\u00f3 de dades de car\u00e0cter personal, informa als Usuaris de la seva web sobre la Pol\u00edtica de Privadesa i Protecci\u00f3 de Dades\",\"breadcrumb\":{\"@id\":\"https:\\\/\\\/delvy.es\\\/politica-privacidad\\\/#breadcrumb\"},\"inLanguage\":\"ca\",\"potentialAction\":[{\"@type\":\"ReadAction\",\"target\":[\"https:\\\/\\\/delvy.es\\\/politica-privacidad\\\/\"]}]},{\"@type\":\"BreadcrumbList\",\"@id\":\"https:\\\/\\\/delvy.es\\\/politica-privacidad\\\/#breadcrumb\",\"itemListElement\":[{\"@type\":\"ListItem\",\"position\":1,\"name\":\"Portada\",\"item\":\"https:\\\/\\\/delvy.es\\\/ca\\\/\"},{\"@type\":\"ListItem\",\"position\":2,\"name\":\"Pol\u00edtica de Privacitat\"}]},{\"@type\":\"WebSite\",\"@id\":\"https:\\\/\\\/delvy.es\\\/#website\",\"url\":\"https:\\\/\\\/delvy.es\\\/\",\"name\":\"Delvy\",\"description\":\"Asesores Legales Delvy\",\"publisher\":{\"@id\":\"https:\\\/\\\/delvy.es\\\/#organization\"},\"potentialAction\":[{\"@type\":\"SearchAction\",\"target\":{\"@type\":\"EntryPoint\",\"urlTemplate\":\"https:\\\/\\\/delvy.es\\\/?s={search_term_string}\"},\"query-input\":{\"@type\":\"PropertyValueSpecification\",\"valueRequired\":true,\"valueName\":\"search_term_string\"}}],\"inLanguage\":\"ca\"},{\"@type\":\"Organization\",\"@id\":\"https:\\\/\\\/delvy.es\\\/#organization\",\"name\":\"Delvy\",\"url\":\"https:\\\/\\\/delvy.es\\\/\",\"logo\":{\"@type\":\"ImageObject\",\"inLanguage\":\"ca\",\"@id\":\"https:\\\/\\\/delvy.es\\\/#\\\/schema\\\/logo\\\/image\\\/\",\"url\":\"https:\\\/\\\/delvy.es\\\/wp-content\\\/uploads\\\/2023\\\/11\\\/cropped-favicon-5.png\",\"contentUrl\":\"https:\\\/\\\/delvy.es\\\/wp-content\\\/uploads\\\/2023\\\/11\\\/cropped-favicon-5.png\",\"width\":512,\"height\":512,\"caption\":\"Delvy\"},\"image\":{\"@id\":\"https:\\\/\\\/delvy.es\\\/#\\\/schema\\\/logo\\\/image\\\/\"},\"sameAs\":[\"https:\\\/\\\/www.facebook.com\\\/delvyasesores\\\/\",\"https:\\\/\\\/x.com\\\/Delvy_Asesores\"]}]}<\/script>\n<!-- \/ Yoast SEO Premium plugin. -->","yoast_head_json":{"title":"Pol\u00edtica de Privacitat | Delvy.es","description":"Delvy Assessors, S.L., d'ara endavant Delvy Assessors, d'acord amb la legislaci\u00f3 vigent en mat\u00e8ria de protecci\u00f3 de dades de car\u00e0cter personal, informa als Usuaris de la seva web sobre la Pol\u00edtica de Privadesa i Protecci\u00f3 de Dades","robots":{"index":"index","follow":"follow","max-snippet":"max-snippet:-1","max-image-preview":"max-image-preview:large","max-video-preview":"max-video-preview:-1"},"canonical":"https:\/\/delvy.es\/politica-privacidad\/","og_locale":"ca_ES","og_type":"article","og_title":"Pol\u00edtica de Privacitat","og_description":"Delvy Assessors, S.L., d'ara endavant Delvy Assessors, d'acord amb la legislaci\u00f3 vigent en mat\u00e8ria de protecci\u00f3 de dades de car\u00e0cter personal, informa als Usuaris de la seva web sobre la Pol\u00edtica de Privadesa i Protecci\u00f3 de Dades","og_url":"https:\/\/delvy.es\/politica-privacidad\/","og_site_name":"Delvy","article_publisher":"https:\/\/www.facebook.com\/delvyasesores\/","article_modified_time":"2021-06-20T10:45:47+00:00","twitter_card":"summary_large_image","twitter_site":"@Delvy_Asesores","twitter_misc":{"Temps estimat de lectura":"6 minuts"},"schema":{"@context":"https:\/\/schema.org","@graph":[{"@type":"WebPage","@id":"https:\/\/delvy.es\/politica-privacidad\/","url":"https:\/\/delvy.es\/politica-privacidad\/","name":"Pol\u00edtica de Privacitat | Delvy.es","isPartOf":{"@id":"https:\/\/delvy.es\/#website"},"datePublished":"2012-04-04T11:18:09+00:00","dateModified":"2021-06-20T10:45:47+00:00","description":"Delvy Assessors, S.L., d'ara endavant Delvy Assessors, d'acord amb la legislaci\u00f3 vigent en mat\u00e8ria de protecci\u00f3 de dades de car\u00e0cter personal, informa als Usuaris de la seva web sobre la Pol\u00edtica de Privadesa i Protecci\u00f3 de Dades","breadcrumb":{"@id":"https:\/\/delvy.es\/politica-privacidad\/#breadcrumb"},"inLanguage":"ca","potentialAction":[{"@type":"ReadAction","target":["https:\/\/delvy.es\/politica-privacidad\/"]}]},{"@type":"BreadcrumbList","@id":"https:\/\/delvy.es\/politica-privacidad\/#breadcrumb","itemListElement":[{"@type":"ListItem","position":1,"name":"Portada","item":"https:\/\/delvy.es\/ca\/"},{"@type":"ListItem","position":2,"name":"Pol\u00edtica de Privacitat"}]},{"@type":"WebSite","@id":"https:\/\/delvy.es\/#website","url":"https:\/\/delvy.es\/","name":"Delvy","description":"Asesores Legales Delvy","publisher":{"@id":"https:\/\/delvy.es\/#organization"},"potentialAction":[{"@type":"SearchAction","target":{"@type":"EntryPoint","urlTemplate":"https:\/\/delvy.es\/?s={search_term_string}"},"query-input":{"@type":"PropertyValueSpecification","valueRequired":true,"valueName":"search_term_string"}}],"inLanguage":"ca"},{"@type":"Organization","@id":"https:\/\/delvy.es\/#organization","name":"Delvy","url":"https:\/\/delvy.es\/","logo":{"@type":"ImageObject","inLanguage":"ca","@id":"https:\/\/delvy.es\/#\/schema\/logo\/image\/","url":"https:\/\/delvy.es\/wp-content\/uploads\/2023\/11\/cropped-favicon-5.png","contentUrl":"https:\/\/delvy.es\/wp-content\/uploads\/2023\/11\/cropped-favicon-5.png","width":512,"height":512,"caption":"Delvy"},"image":{"@id":"https:\/\/delvy.es\/#\/schema\/logo\/image\/"},"sameAs":["https:\/\/www.facebook.com\/delvyasesores\/","https:\/\/x.com\/Delvy_Asesores"]}]}},"_links":{"self":[{"href":"https:\/\/delvy.es\/ca\/wp-json\/wp\/v2\/pages\/2139","targetHints":{"allow":["GET"]}}],"collection":[{"href":"https:\/\/delvy.es\/ca\/wp-json\/wp\/v2\/pages"}],"about":[{"href":"https:\/\/delvy.es\/ca\/wp-json\/wp\/v2\/types\/page"}],"author":[{"embeddable":true,"href":"https:\/\/delvy.es\/ca\/wp-json\/wp\/v2\/users\/10553"}],"replies":[{"embeddable":true,"href":"https:\/\/delvy.es\/ca\/wp-json\/wp\/v2\/comments?post=2139"}],"version-history":[{"count":0,"href":"https:\/\/delvy.es\/ca\/wp-json\/wp\/v2\/pages\/2139\/revisions"}],"wp:attachment":[{"href":"https:\/\/delvy.es\/ca\/wp-json\/wp\/v2\/media?parent=2139"}],"curies":[{"name":"wp","href":"https:\/\/api.w.org\/{rel}","templated":true}]}}